{"id":13832,"date":"2025-10-08T10:08:25","date_gmt":"2025-10-08T07:08:25","guid":{"rendered":"https:\/\/hairmagic.ee\/our-production\/"},"modified":"2026-04-21T12:33:30","modified_gmt":"2026-04-21T09:33:30","slug":"our-production","status":"publish","type":"page","link":"https:\/\/hairmagic.ee\/es\/our-production\/","title":{"rendered":"Nuestra producci\u00f3n"},"content":{"rendered":"<div class=\"wpb-content-wrapper\"><p>[vc_row full_width=&#8221;stretch_row_content_no_spaces&#8221;][vc_column]<div class=\"banner-area banner-5b30bfb98f050 autoplay-true\"><div class=\"banner-social-buttons\"><div><a href=\"https:\/\/www.facebook.com\/profile.php?id=61566490043508\" target=\"_blank\"><i class=\"fab fa-facebook\"><\/i> <span>Facebook<\/span><\/a><a href=\"https:\/\/l.facebook.com\/l.php?u=https%3A%2F%2Fwww.instagram.com%2Fhairmagicproduction%3Figsh%3DY2xtMXhwNXg4emF5%26fbclid%3DIwZXh0bgNhZW0CMTAAAR18D3vYgp49ue0NhxOOoyX3EypRRv6PkT-ZlBD74N2zawclKkwwlR27vgE_aem_9vybVGtO17v26yRDQUZ9rg&#038;h=AT3yLhUvzl3LAWSXk6G-vetdixQpe56R6vNisOiLbQTuOgLqTSBBSFOW586eiZ_CxNN-BfErEBEcvqlHCyMZUBnDBz_JaX0Fx-0hNKaDqttztwkmaDf9vg7EsJ0zeDUKAZ3d0Q\" target=\"_blank\"><i class=\"fab fa-instagram\"><\/i> <span>Instagram<\/span><\/a><\/div><\/div><div class=\"banner  fixed-height navigation-style1\" style=\"height: 410px;\"><div class=\"item banner-item-69fb20ed27880 bottom white\" style=\"background-image: url(https:\/\/hairmagic.ee\/wp-content\/uploads\/2024\/10\/header-image-hairmagic-1.jpg);\"><div class=\"overlay\"><\/div><div class=\"container\"><div class=\"cell\"><div class=\"sub-h\">Caracter\u00edsticas<\/div><div class=\"h\">F\u00e1brica de cabello eslavo<\/div><\/div><\/div><\/div><\/div><div class=\"slider-navigation slider-navigation-style1\">\r\n                    <div class=\"container\">\r\n                        <div class=\"count\"><\/div>\r\n                        <div class=\"line\"><div style=\"transition-duration: 5000ms;\"><\/div><\/div>\r\n                        <div class=\"arrows\">\r\n                            <div class=\"prev solid-arrow-collection-left-chevron-1\"><\/div>\r\n                            <div class=\"next solid-arrow-collection-right-chevron-1\"><\/div>\r\n                        <\/div>\r\n                    <\/div>\r\n                <\/div><\/div>[\/vc_column][\/vc_row][vc_row equal_height=&#8221;yes&#8221; css=&#8221;.vc_custom_1529923143630{padding-top: 85px !important;padding-bottom: 75px !important;}&#8221;][vc_column width=&#8221;1\/2&#8243; offset=&#8221;vc_col-lg-5&#8243; css=&#8221;.vc_custom_1529923170878{padding-top: 40px !important;padding-bottom: 10px !important;}&#8221;]<div class=\"pt-special-heading pt-special-heading-5b30c08237be9  wpb_animate_when_almost_visible wpb_fadeInLeft fadeInLeft tal decor-line-on-bottom\"><h6 class=\"sub-heading\">Caracter\u00edsticas<\/h6><h2 class=\"heading\">Hairmagic Production \u2013 Fabricante europeo de cabello eslavo | Hecho en Estonia<\/h2><\/div>[vc_column_text css_animation=&#8221;fadeInLeft&#8221; css=&#8221;&#8221;]<img fetchpriority=\"high\" decoding=\"async\" class=\"size-medium wp-image-12938\" src=\"https:\/\/hairmagic.ee\/wp-content\/uploads\/2025\/09\/IMG_20240827_090841_001-169x300.webp\" alt=\"Blondide juuste tootmine\" width=\"169\" height=\"300\" srcset=\"https:\/\/hairmagic.ee\/wp-content\/uploads\/2025\/09\/IMG_20240827_090841_001-169x300.webp 169w, https:\/\/hairmagic.ee\/wp-content\/uploads\/2025\/09\/IMG_20240827_090841_001-576x1024.webp 576w, https:\/\/hairmagic.ee\/wp-content\/uploads\/2025\/09\/IMG_20240827_090841_001-768x1365.webp 768w, https:\/\/hairmagic.ee\/wp-content\/uploads\/2025\/09\/IMG_20240827_090841_001-864x1536.webp 864w, https:\/\/hairmagic.ee\/wp-content\/uploads\/2025\/09\/IMG_20240827_090841_001-1152x2048.webp 1152w, https:\/\/hairmagic.ee\/wp-content\/uploads\/2025\/09\/IMG_20240827_090841_001-600x1067.webp 600w, https:\/\/hairmagic.ee\/wp-content\/uploads\/2025\/09\/IMG_20240827_090841_001.webp 1440w\" sizes=\"(max-width: 169px) 100vw, 169px\" \/><\/p>\n<p data-start=\"176\" data-end=\"508\"><strong>Hairmagic Production<\/strong> es un fabricante europeo de cabello eslavo con sede en Tallin, Estonia, especializado en cabello 100% Remy de un solo donante con la cut\u00edcula alineada y preservada.<\/p>\n<p><strong data-start=\"0\" data-end=\"76\" data-is-last-node=\"\" data-is-only-node=\"\">Presentamos nuestra exclusiva tecnolog\u00eda n\u00f3rdica de aclarado del cabello<\/strong><\/p>\n<div class=\"text-base my-auto mx-auto [--thread-content-margin:var(--thread-content-margin-xs,calc(var(--spacing)*4))] @w-sm\/main:[--thread-content-margin:var(--thread-content-margin-sm,calc(var(--spacing)*6))] @w-lg\/main:[--thread-content-margin:var(--thread-content-margin-lg,calc(var(--spacing)*16))] px-(--thread-content-margin)\">\n<div class=\"[--thread-content-max-width:40rem] @w-lg\/main:[--thread-content-max-width:48rem] mx-auto max-w-(--thread-content-max-width) flex-1 group\/turn-messages focus-visible:outline-hidden relative flex w-full min-w-0 flex-col agent-turn\">\n<div class=\"z-0 flex min-h-[46px] justify-start\">Nuestro proceso de aclarado controlado est\u00e1 desarrollado espec\u00edficamente para cabellos europeos de textura fina. Mediante una oxidaci\u00f3n gradual y concentraciones qu\u00edmicas cuidadosamente controladas, preservamos la estructura de la cut\u00edcula y la elasticidad de la fibra.<\/div>\n<\/div>\n<\/div>\n<p data-start=\"271\" data-end=\"473\">Se mantienen la estructura de la cut\u00edcula, la hidrataci\u00f3n, la elasticidad y la resistencia, al mismo tiempo que se logran tonos rubios y ceniza premium para extensiones y productos finales de alta gama.<\/p>\n<p data-start=\"475\" data-end=\"624\" data-is-last-node=\"\" data-is-only-node=\"\">Nuestra Tecnolog\u00eda N\u00f3rdica de Aclarado est\u00e1 dise\u00f1ada para extensiones de cabello europeas de nivel profesional que requieren un rendimiento duradero.<\/p>\n<p><img decoding=\"async\" class=\"size-medium wp-image-13363\" src=\"https:\/\/hairmagic.ee\/wp-content\/uploads\/2026\/02\/Screenshot_20260214_001137_Instagram-300x300.jpg\" alt=\"Blond bulk 1\" width=\"300\" height=\"300\" srcset=\"https:\/\/hairmagic.ee\/wp-content\/uploads\/2026\/02\/Screenshot_20260214_001137_Instagram-300x300.jpg 300w, https:\/\/hairmagic.ee\/wp-content\/uploads\/2026\/02\/Screenshot_20260214_001137_Instagram-1024x1024.jpg 1024w, https:\/\/hairmagic.ee\/wp-content\/uploads\/2026\/02\/Screenshot_20260214_001137_Instagram-150x150.jpg 150w, https:\/\/hairmagic.ee\/wp-content\/uploads\/2026\/02\/Screenshot_20260214_001137_Instagram-768x768.jpg 768w, https:\/\/hairmagic.ee\/wp-content\/uploads\/2026\/02\/Screenshot_20260214_001137_Instagram.jpg 1440w\" sizes=\"(max-width: 300px) 100vw, 300px\" \/><\/p>\n<p><strong data-start=\"0\" data-end=\"39\" data-is-last-node=\"\" data-is-only-node=\"\">\u00bfQu\u00e9 hace \u00fanica nuestra tecnolog\u00eda?<\/strong><\/p>\n<ul>\n<li data-start=\"0\" data-end=\"375\"><strong data-start=\"0\" data-end=\"22\">Suave pero eficaz:<\/strong> Nuestro proceso de aclarado est\u00e1 espec\u00edficamente adaptado a la naturaleza fina y suave del cabello eslavo. Utilizando un m\u00e9todo controlado y de bajo impacto, garantizamos que el cabello mantenga su hidrataci\u00f3n y elasticidad naturales durante todo el proceso. El resultado es un cabello aclarado de forma uniforme que conserva su suavidad y resistencia.<\/li>\n<li data-start=\"377\" data-end=\"674\"><strong data-start=\"377\" data-end=\"413\">Inspirado en el entorno n\u00f3rdico:<\/strong> Inspir\u00e1ndonos en la belleza natural del paisaje n\u00f3rdico, nuestra t\u00e9cnica reproduce los tonos fr\u00edos y suaves caracter\u00edsticos de los rubios escandinavos. Esto crea un acabado luminoso y natural que complementa perfectamente las pieles claras y de subtonos fr\u00edos.<\/li>\n<li data-start=\"676\" data-end=\"1026\"><strong data-start=\"676\" data-end=\"703\">Uso m\u00ednimo de qu\u00edmicos:<\/strong> A diferencia de los m\u00e9todos de decoloraci\u00f3n tradicionales, nuestra tecnolog\u00eda n\u00f3rdica utiliza concentraciones qu\u00edmicas reducidas para lograr tonos m\u00e1s claros sin comprometer la salud del cabello. El proceso es gradual y controlado, evitando da\u00f1os en la cut\u00edcula y manteniendo el brillo y la suavidad natural de cada fibra.<\/li>\n<li data-start=\"1028\" data-end=\"1146\">Buscamos minimizar el impacto ambiental mediante el uso controlado de qu\u00edmicos y pr\u00e1cticas de producci\u00f3n responsables.<\/li>\n<\/ul>\n<p><strong data-start=\"0\" data-end=\"56\" data-is-last-node=\"\" data-is-only-node=\"\">Un nuevo est\u00e1ndar en extensiones de cabello aclarado<\/strong><\/p>\n<p data-start=\"0\" data-end=\"275\">Nuestra Tecnolog\u00eda N\u00f3rdica de Aclarado nos permite crear extensiones de alta calidad que capturan la esencia de la belleza natural. El resultado es un cabello perfectamente aclarado, ideal para una amplia variedad de estilos, desde rubios suaves hasta delicados tonos ceniza.<\/p>\n<p data-start=\"277\" data-end=\"443\" data-is-last-node=\"\" data-is-only-node=\"\">Descubre la diferencia de nuestro proceso cuidadosamente desarrollado, donde la innovaci\u00f3n se une a la naturaleza para lograr un resultado verdaderamente excepcional.<\/p>\n<p><img decoding=\"async\" class=\"size-medium wp-image-13114\" src=\"https:\/\/hairmagic.ee\/wp-content\/uploads\/2025\/10\/Screenshot_20250505_110219_Gallery-300x210.jpg\" alt=\"Slavic bulk hair\" width=\"300\" height=\"210\" srcset=\"https:\/\/hairmagic.ee\/wp-content\/uploads\/2025\/10\/Screenshot_20250505_110219_Gallery-300x210.jpg 300w, https:\/\/hairmagic.ee\/wp-content\/uploads\/2025\/10\/Screenshot_20250505_110219_Gallery-1024x717.jpg 1024w, https:\/\/hairmagic.ee\/wp-content\/uploads\/2025\/10\/Screenshot_20250505_110219_Gallery-768x538.jpg 768w, https:\/\/hairmagic.ee\/wp-content\/uploads\/2025\/10\/Screenshot_20250505_110219_Gallery.jpg 1440w\" sizes=\"(max-width: 300px) 100vw, 300px\" \/><\/p>\n<p><strong data-start=\"0\" data-end=\"58\" data-is-last-node=\"\" data-is-only-node=\"\">Con ra\u00edces en Estonia, inspirado en la calidad n\u00f3rdica<\/strong><\/p>\n<div class=\"text-base my-auto mx-auto [--thread-content-margin:var(--thread-content-margin-xs,calc(var(--spacing)*4))] @w-sm\/main:[--thread-content-margin:var(--thread-content-margin-sm,calc(var(--spacing)*6))] @w-lg\/main:[--thread-content-margin:var(--thread-content-margin-lg,calc(var(--spacing)*16))] px-(--thread-content-margin)\">\n<div class=\"[--thread-content-max-width:40rem] @w-lg\/main:[--thread-content-max-width:48rem] mx-auto max-w-(--thread-content-max-width) flex-1 group\/turn-messages focus-visible:outline-hidden relative flex w-full min-w-0 flex-col agent-turn\">\n<div class=\"flex max-w-full flex-col gap-4 grow\">\n<div class=\"min-h-8 text-message relative flex w-full flex-col items-end gap-2 text-start break-words whitespace-normal outline-none keyboard-focused:focus-ring [.text-message+&amp;]:mt-1\" dir=\"auto\" data-message-author-role=\"assistant\" data-message-id=\"845972d1-0eda-40c1-aa97-cd2b7e27cff4\" data-message-model-slug=\"gpt-5-3\">\n<div class=\"flex w-full flex-col gap-1 empty:hidden\">\n<div class=\"markdown prose dark:prose-invert w-full wrap-break-word light markdown-new-styling\">\n<p data-start=\"0\" data-end=\"304\">Ubicada en el coraz\u00f3n de Estonia, nuestra empresa cuenta con una posici\u00f3n \u00fanica en la industria de las extensiones de cabello. Con acceso a recursos locales de alta calidad, incorporamos cabello estonio en nuestro proceso de producci\u00f3n, garantizando un suministro de cabello premium y de belleza natural.<\/p>\n<p data-start=\"306\" data-end=\"507\" data-is-last-node=\"\" data-is-only-node=\"\">El cabello estonio, conocido por su textura fina y versatilidad, se integra perfectamente con nuestra exclusiva tecnolog\u00eda n\u00f3rdica de aclarado, ofreciendo extensiones que se ven y se sienten naturales.<\/p>\n<\/div>\n<\/div>\n<\/div>\n<\/div>\n<\/div>\n<\/div>\n<div class=\"\" data-turn-id-container=\"request-69dda19d-7674-8384-9de7-1fe83cb7f61a-34\" data-is-intersecting=\"true\">\n<section class=\"text-token-text-primary w-full focus:outline-none [--shadow-height:45px] has-data-writing-block:pointer-events-none has-data-writing-block:-mt-(--shadow-height) has-data-writing-block:pt-(--shadow-height) [&amp;:has([data-writing-block])&gt;*]:pointer-events-auto R6Vx5W_threadScrollVars scroll-mb-[calc(var(--scroll-root-safe-area-inset-bottom,0px)+var(--thread-response-height))] scroll-mt-[calc(var(--header-height)+min(200px,max(70px,20svh)))]\" dir=\"auto\" data-turn-id=\"request-69dda19d-7674-8384-9de7-1fe83cb7f61a-34\" data-testid=\"conversation-turn-124\" data-scroll-anchor=\"false\" data-turn=\"assistant\">\n<div class=\"text-base my-auto mx-auto [--thread-content-margin:var(--thread-content-margin-xs,calc(var(--spacing)*4))] @w-sm\/main:[--thread-content-margin:var(--thread-content-margin-sm,calc(var(--spacing)*6))] @w-lg\/main:[--thread-content-margin:var(--thread-content-margin-lg,calc(var(--spacing)*16))] px-(--thread-content-margin)\">\n<div class=\"[--thread-content-max-width:40rem] @w-lg\/main:[--thread-content-max-width:48rem] mx-auto max-w-(--thread-content-max-width) flex-1 group\/turn-messages focus-visible:outline-hidden relative flex w-full min-w-0 flex-col agent-turn\">\n<div class=\"flex max-w-full flex-col gap-4 grow\">\n<div class=\"min-h-8 text-message relative flex w-full flex-col items-end gap-2 text-start break-words whitespace-normal outline-none keyboard-focused:focus-ring [.text-message+&amp;]:mt-1\" dir=\"auto\" data-message-author-role=\"assistant\" data-message-id=\"dfa5722b-b55b-47c2-a313-ffd24e23b157\" data-message-model-slug=\"gpt-5-3\">\n<div class=\"flex w-full flex-col gap-1 empty:hidden\">\n<div class=\"markdown prose dark:prose-invert w-full wrap-break-word light markdown-new-styling\">\n<p data-start=\"0\" data-end=\"63\" data-is-last-node=\"\" data-is-only-node=\"\"><strong data-start=\"0\" data-end=\"63\" data-is-last-node=\"\" data-is-only-node=\"\">\u00bfPor qu\u00e9 Estonia? Nuestra ventaja competitiva en el mercado<\/strong><\/p>\n<\/div>\n<\/div>\n<\/div>\n<\/div>\n<\/div>\n<\/div>\n<\/section>\n<\/div>\n<p data-start=\"0\" data-end=\"330\">La posici\u00f3n de Estonia entre el norte y el este de Europa proporciona acceso a cabello de donante naturalmente claro y de textura fina, que requiere un procesamiento m\u00ednimo. Al aprovechar estas ventajas regionales, podemos producir extensiones de calidad superior que cumplen con los m\u00e1s altos est\u00e1ndares de belleza y durabilidad.<\/p>\n<p data-start=\"332\" data-end=\"556\" data-is-last-node=\"\" data-is-only-node=\"\">Nuestra ubicaci\u00f3n estrat\u00e9gica en el norte de Europa nos permite combinar el abastecimiento regional de materia prima con estrictos est\u00e1ndares de producci\u00f3n de la Uni\u00f3n Europea y una fabricaci\u00f3n interna totalmente controlada.<\/p>\n<div class=\"\" data-turn-id-container=\"b0e9a3b9-3120-412d-afc4-5dafc8d1911a\" data-is-intersecting=\"true\"><strong data-start=\"0\" data-end=\"78\" data-is-last-node=\"\" data-is-only-node=\"\">Desde el procesamiento del cabello en bruto hasta los productos terminados<\/strong><\/div>\n<p data-start=\"0\" data-end=\"360\">Nuestra gama incluye diferentes m\u00e9todos de extensiones: extensiones de queratina, extensiones adhesivas (tape-in), cortinas cosidas a mano y genius wefts, cada uno elaborado con gran atenci\u00f3n al detalle. Tambi\u00e9n creamos pelucas y toppers a medida, siempre adaptados a las necesidades individuales, ya sea por razones m\u00e9dicas o simplemente para un nuevo estilo.<\/p>\n<p data-start=\"362\" data-end=\"530\">Tambi\u00e9n ofrecemos suministro al por mayor y fabricaci\u00f3n de marca privada para salones, distribuidores y socios internacionales que buscan una producci\u00f3n europea fiable.<\/p>\n<p data-start=\"532\" data-end=\"814\">La producci\u00f3n se realiza \u00edntegramente en Estonia, lo que nos permite utilizar con orgullo la etiqueta Made in EU. Esto garantiza un origen europeo aut\u00e9ntico, est\u00e1ndares de producci\u00f3n transparentes y una calidad controlada que nos diferencia de las alternativas de producci\u00f3n masiva.<\/p>\n<p data-start=\"816\" data-end=\"958\">Trabajamos exclusivamente con cabello 100% Remy de un solo donante, garantizando la alineaci\u00f3n de la cut\u00edcula y una durabilidad a largo plazo.<\/p>\n<p data-start=\"960\" data-end=\"1184\">En Estonia, las pelucas y los toppers pueden contar con hasta un 90% de apoyo estatal cuando se prescriben por motivos m\u00e9dicos, lo que hace que las pr\u00f3tesis capilares y pelucas sean m\u00e1s accesibles para quienes las necesitan.<\/p>\n<p data-start=\"1186\" data-end=\"1406\" data-is-last-node=\"\" data-is-only-node=\"\">Tanto si eres un sal\u00f3n, distribuidor o marca en busca de un fabricante fiable de extensiones capilares en la Uni\u00f3n Europea, cont\u00e1ctanos para precios al por mayor, opciones de marca privada y colaboraciones a largo plazo.<\/p>\n<p><img loading=\"lazy\" decoding=\"async\" class=\" wp-image-13117\" src=\"https:\/\/hairmagic.ee\/wp-content\/uploads\/2025\/10\/IMG_20241216_115221_296-187x300.jpg\" alt=\"To rebundle\" width=\"187\" height=\"300\" srcset=\"https:\/\/hairmagic.ee\/wp-content\/uploads\/2025\/10\/IMG_20241216_115221_296-187x300.jpg 187w, https:\/\/hairmagic.ee\/wp-content\/uploads\/2025\/10\/IMG_20241216_115221_296-639x1024.jpg 639w, https:\/\/hairmagic.ee\/wp-content\/uploads\/2025\/10\/IMG_20241216_115221_296-768x1230.jpg 768w, https:\/\/hairmagic.ee\/wp-content\/uploads\/2025\/10\/IMG_20241216_115221_296-959x1536.jpg 959w, https:\/\/hairmagic.ee\/wp-content\/uploads\/2025\/10\/IMG_20241216_115221_296-1279x2048.jpg 1279w, https:\/\/hairmagic.ee\/wp-content\/uploads\/2025\/10\/IMG_20241216_115221_296.jpg 1440w\" sizes=\"(max-width: 187px) 100vw, 187px\" \/><\/p>\n<p><img loading=\"lazy\" decoding=\"async\" class=\"size-medium wp-image-13111\" src=\"https:\/\/hairmagic.ee\/wp-content\/uploads\/2025\/10\/Screenshot_20250115_125010_Gallery-1-174x300.jpg\" alt=\"Bleaching\" width=\"174\" height=\"300\" srcset=\"https:\/\/hairmagic.ee\/wp-content\/uploads\/2025\/10\/Screenshot_20250115_125010_Gallery-1-174x300.jpg 174w, https:\/\/hairmagic.ee\/wp-content\/uploads\/2025\/10\/Screenshot_20250115_125010_Gallery-1-594x1024.jpg 594w, https:\/\/hairmagic.ee\/wp-content\/uploads\/2025\/10\/Screenshot_20250115_125010_Gallery-1-768x1325.jpg 768w, https:\/\/hairmagic.ee\/wp-content\/uploads\/2025\/10\/Screenshot_20250115_125010_Gallery-1-890x1536.jpg 890w, https:\/\/hairmagic.ee\/wp-content\/uploads\/2025\/10\/Screenshot_20250115_125010_Gallery-1-1187x2048.jpg 1187w, https:\/\/hairmagic.ee\/wp-content\/uploads\/2025\/10\/Screenshot_20250115_125010_Gallery-1.jpg 1440w\" sizes=\"(max-width: 174px) 100vw, 174px\" \/><\/p>\n<p><img loading=\"lazy\" decoding=\"async\" class=\"size-medium wp-image-13108\" src=\"https:\/\/hairmagic.ee\/wp-content\/uploads\/2025\/10\/Screenshot_20250115_124758_Gallery-170x300.jpg\" alt=\"Bleaching process\" width=\"170\" height=\"300\" srcset=\"https:\/\/hairmagic.ee\/wp-content\/uploads\/2025\/10\/Screenshot_20250115_124758_Gallery-170x300.jpg 170w, https:\/\/hairmagic.ee\/wp-content\/uploads\/2025\/10\/Screenshot_20250115_124758_Gallery-579x1024.jpg 579w, https:\/\/hairmagic.ee\/wp-content\/uploads\/2025\/10\/Screenshot_20250115_124758_Gallery-768x1358.jpg 768w, https:\/\/hairmagic.ee\/wp-content\/uploads\/2025\/10\/Screenshot_20250115_124758_Gallery-868x1536.jpg 868w, https:\/\/hairmagic.ee\/wp-content\/uploads\/2025\/10\/Screenshot_20250115_124758_Gallery-1158x2048.jpg 1158w, https:\/\/hairmagic.ee\/wp-content\/uploads\/2025\/10\/Screenshot_20250115_124758_Gallery.jpg 1439w\" sizes=\"(max-width: 170px) 100vw, 170px\" \/><\/p>\n<p><img loading=\"lazy\" decoding=\"async\" class=\"size-medium wp-image-13125\" src=\"https:\/\/hairmagic.ee\/wp-content\/uploads\/2025\/10\/20241014_151325-300x201.jpg\" alt=\"Our hair\" width=\"300\" height=\"201\" srcset=\"https:\/\/hairmagic.ee\/wp-content\/uploads\/2025\/10\/20241014_151325-300x201.jpg 300w, https:\/\/hairmagic.ee\/wp-content\/uploads\/2025\/10\/20241014_151325-1024x685.jpg 1024w, https:\/\/hairmagic.ee\/wp-content\/uploads\/2025\/10\/20241014_151325-768x513.jpg 768w, https:\/\/hairmagic.ee\/wp-content\/uploads\/2025\/10\/20241014_151325-1536x1027.jpg 1536w, https:\/\/hairmagic.ee\/wp-content\/uploads\/2025\/10\/20241014_151325-2048x1369.jpg 2048w\" sizes=\"(max-width: 300px) 100vw, 300px\" \/><img loading=\"lazy\" decoding=\"async\" class=\"size-medium wp-image-13120 alignleft\" src=\"https:\/\/hairmagic.ee\/wp-content\/uploads\/2025\/10\/InCollage_20240920_120619543-300x300.jpg\" alt=\"\" width=\"300\" height=\"300\" srcset=\"https:\/\/hairmagic.ee\/wp-content\/uploads\/2025\/10\/InCollage_20240920_120619543-300x300.jpg 300w, https:\/\/hairmagic.ee\/wp-content\/uploads\/2025\/10\/InCollage_20240920_120619543-1024x1024.jpg 1024w, https:\/\/hairmagic.ee\/wp-content\/uploads\/2025\/10\/InCollage_20240920_120619543-150x150.jpg 150w, https:\/\/hairmagic.ee\/wp-content\/uploads\/2025\/10\/InCollage_20240920_120619543-768x768.jpg 768w, https:\/\/hairmagic.ee\/wp-content\/uploads\/2025\/10\/InCollage_20240920_120619543-1536x1536.jpg 1536w, https:\/\/hairmagic.ee\/wp-content\/uploads\/2025\/10\/InCollage_20240920_120619543-2048x2048.jpg 2048w\" sizes=\"(max-width: 300px) 100vw, 300px\" \/>[\/vc_column_text][vc_row_inner disable_element=&#8221;yes&#8221;][vc_column_inner width=&#8221;1\/2&#8243;]<div class=\"benefit-item icon-box-in-row benefit-item-5b30c1017d6c6  wpb_animate_when_almost_visible wpb_fadeInLeft fadeInLeft\"><div class=\"count\">280<\/div><div class=\"heading\"><div class=\"cell\">finished<br \/>\nphotosessions<\/div><\/div><\/div>[\/vc_column_inner][vc_column_inner width=&#8221;1\/2&#8243;]<div class=\"benefit-item icon-box-in-row benefit-item-5b30c11032cda  wpb_animate_when_almost_visible wpb_fadeInLeft fadeInLeft\"><div class=\"count\">132<\/div><div class=\"heading\"><div class=\"cell\">pounds<br \/>\nof equipment<\/div><\/div><\/div>[\/vc_column_inner][\/vc_row_inner][vc_row_inner disable_element=&#8221;yes&#8221;][vc_column_inner width=&#8221;1\/2&#8243;]<div class=\"benefit-item icon-box-in-row benefit-item-  wpb_animate_when_almost_visible wpb_fadeInLeft fadeInLeft\"><div class=\"count\">253<\/div><div class=\"heading\"><div class=\"cell\">happy<br \/>\nclients<\/div><\/div><\/div>[\/vc_column_inner][vc_column_inner width=&#8221;1\/2&#8243;]<div class=\"benefit-item icon-box-in-row benefit-item-  wpb_animate_when_almost_visible wpb_fadeInLeft fadeInLeft\"><div class=\"count\">192<\/div><div class=\"heading\"><div class=\"cell\">studio<br \/>\nsessions<\/div><\/div><\/div>[\/vc_column_inner][\/vc_row_inner][\/vc_column][vc_column css_animation=&#8221;fadeInRight&#8221; width=&#8221;1\/2&#8243; offset=&#8221;vc_col-lg-offset-1&#8243; el_class=&#8221;side-img&#8221; css=&#8221;.vc_custom_1728676651306{padding-bottom: 300px !important;background-image: url(https:\/\/hairmagic.ee\/wp-content\/uploads\/2024\/10\/slavic-hair-hairmagic.jpg?id=2060) !important;background-position: center !important;background-repeat: no-repeat !important;background-size: cover !important;}&#8221;][\/vc_column][\/vc_row]<\/p>\n<\/div>","protected":false},"excerpt":{"rendered":"<p>[vc_row full_width=&#8221;stretch_row_content_no_spaces&#8221;][vc_column][\/vc_column][\/vc_row][vc_row equal_height=&#8221;yes&#8221; css=&#8221;.vc_custom_1529923143630{padding-top: 85px !important;padding-bottom: 75px !important;}&#8221;][vc_column width=&#8221;1\/2&#8243; offset=&#8221;vc_col-lg-5&#8243; css=&#8221;.vc_custom_1529923170878{padding-top: 40px !important;padding-bottom: 10px !important;}&#8221;][vc_column_text css_animation=&#8221;fadeInLeft&#8221; css=&#8221;&#8221;] Hairmagic Production es un fabricante europeo de cabello eslavo con sede en Tallin, Estonia, especializado en cabello 100% Remy de un solo donante con la cut\u00edcula alineada y preservada. Presentamos nuestra exclusiva tecnolog\u00eda n\u00f3rdica de aclarado del cabello [&hellip;]<\/p>\n","protected":false},"author":1,"featured_media":0,"parent":0,"menu_order":0,"comment_status":"closed","ping_status":"closed","template":"template-landing.php","meta":{"_acf_changed":false,"_monsterinsights_skip_tracking":false,"_monsterinsights_sitenote_active":false,"_monsterinsights_sitenote_note":"","_monsterinsights_sitenote_category":0,"footnotes":""},"class_list":["post-13832","page","type-page","status-publish","hentry"],"acf":[],"_links":{"self":[{"href":"https:\/\/hairmagic.ee\/es\/wp-json\/wp\/v2\/pages\/13832","targetHints":{"allow":["GET"]}}],"collection":[{"href":"https:\/\/hairmagic.ee\/es\/wp-json\/wp\/v2\/pages"}],"about":[{"href":"https:\/\/hairmagic.ee\/es\/wp-json\/wp\/v2\/types\/page"}],"author":[{"embeddable":true,"href":"https:\/\/hairmagic.ee\/es\/wp-json\/wp\/v2\/users\/1"}],"replies":[{"embeddable":true,"href":"https:\/\/hairmagic.ee\/es\/wp-json\/wp\/v2\/comments?post=13832"}],"version-history":[{"count":4,"href":"https:\/\/hairmagic.ee\/es\/wp-json\/wp\/v2\/pages\/13832\/revisions"}],"predecessor-version":[{"id":13986,"href":"https:\/\/hairmagic.ee\/es\/wp-json\/wp\/v2\/pages\/13832\/revisions\/13986"}],"wp:attachment":[{"href":"https:\/\/hairmagic.ee\/es\/wp-json\/wp\/v2\/media?parent=13832"}],"curies":[{"name":"wp","href":"https:\/\/api.w.org\/{rel}","templated":true}]}}