{"id":13838,"date":"2025-10-08T10:02:55","date_gmt":"2025-10-08T07:02:55","guid":{"rendered":"https:\/\/hairmagic.ee\/ponytails\/"},"modified":"2026-04-21T14:00:15","modified_gmt":"2026-04-21T11:00:15","slug":"ponytails","status":"publish","type":"page","link":"https:\/\/hairmagic.ee\/es\/our-hair-extensions\/ponytails\/","title":{"rendered":"Extensiones de coleta (ponytail)"},"content":{"rendered":"<div class=\"wpb-content-wrapper\"><p>[vc_row][vc_column][vc_column_text css=&#8221;&#8221;]<\/p>\n<p data-start=\"0\" data-end=\"56\"><strong data-start=\"0\" data-end=\"56\">Una soluci\u00f3n r\u00e1pida y eficaz para volumen y longitud<\/strong><\/p>\n<p data-start=\"58\" data-end=\"328\">Las extensiones de coleta (ponytail) de Hairmagic Production est\u00e1n elaboradas con cabello eslavo y estonio 100% Remy de un solo donante. Est\u00e1n dise\u00f1adas para quienes desean a\u00f1adir al instante longitud, densidad o un acabado m\u00e1s impactante sin una instalaci\u00f3n permanente.<\/p>\n<p data-start=\"330\" data-end=\"448\">La coleta se fija alrededor de tu propio cabello y se integra de forma natural para un resultado discreto y armonioso.<\/p>\n<p data-start=\"450\" data-end=\"613\" data-is-last-node=\"\" data-is-only-node=\"\">Todas las extensiones de coleta se fabrican en Estonia mediante un proceso de producci\u00f3n controlado, garantizando alta calidad del cabello y una fijaci\u00f3n duradera.<\/p>\n<p><img fetchpriority=\"high\" decoding=\"async\" class=\"size-medium wp-image-13136\" src=\"https:\/\/hairmagic.ee\/wp-content\/uploads\/2025\/10\/FB_IMG_1740592499614-300x300.jpg\" alt=\"Ponytail\" width=\"300\" height=\"300\" srcset=\"https:\/\/hairmagic.ee\/wp-content\/uploads\/2025\/10\/FB_IMG_1740592499614-300x300.jpg 300w, https:\/\/hairmagic.ee\/wp-content\/uploads\/2025\/10\/FB_IMG_1740592499614-1020x1024.jpg 1020w, https:\/\/hairmagic.ee\/wp-content\/uploads\/2025\/10\/FB_IMG_1740592499614-150x150.jpg 150w, https:\/\/hairmagic.ee\/wp-content\/uploads\/2025\/10\/FB_IMG_1740592499614-768x771.jpg 768w, https:\/\/hairmagic.ee\/wp-content\/uploads\/2025\/10\/FB_IMG_1740592499614.jpg 1440w\" sizes=\"(max-width: 300px) 100vw, 300px\" \/><\/p>\n<p data-start=\"0\" data-end=\"30\"><strong data-start=\"0\" data-end=\"30\">Natural y c\u00f3modo de llevar<\/strong><\/p>\n<p data-start=\"32\" data-end=\"233\">\u2022 Calidad 100% Remy de cabello eslavo<br data-start=\"69\" data-end=\"72\" \/>\u2022 Textura suave, sedosa y natural<br data-start=\"105\" data-end=\"108\" data-is-only-node=\"\" \/>\u2022 Construcci\u00f3n ligera<br data-start=\"129\" data-end=\"132\" \/>\u2022 No requiere fijaci\u00f3n permanente<br data-start=\"165\" data-end=\"168\" \/>\u2022 Adecuado tanto para uso diario como para ocasiones especiales<\/p>\n<p data-start=\"235\" data-end=\"336\" data-is-last-node=\"\" data-is-only-node=\"\">Cada coleta se termina cuidadosamente para garantizar un movimiento natural y una comodidad duradera.<\/p>\n<p><img decoding=\"async\" class=\"size-medium wp-image-13500\" src=\"https:\/\/hairmagic.ee\/wp-content\/uploads\/2026\/02\/InCollage_20251225_132822045-300x300.jpg\" alt=\"Ponisaba\" width=\"300\" height=\"300\" srcset=\"https:\/\/hairmagic.ee\/wp-content\/uploads\/2026\/02\/InCollage_20251225_132822045-300x300.jpg 300w, https:\/\/hairmagic.ee\/wp-content\/uploads\/2026\/02\/InCollage_20251225_132822045-1024x1024.jpg 1024w, https:\/\/hairmagic.ee\/wp-content\/uploads\/2026\/02\/InCollage_20251225_132822045-150x150.jpg 150w, https:\/\/hairmagic.ee\/wp-content\/uploads\/2026\/02\/InCollage_20251225_132822045-768x768.jpg 768w, https:\/\/hairmagic.ee\/wp-content\/uploads\/2026\/02\/InCollage_20251225_132822045-1536x1536.jpg 1536w, https:\/\/hairmagic.ee\/wp-content\/uploads\/2026\/02\/InCollage_20251225_132822045-2048x2048.jpg 2048w\" sizes=\"(max-width: 300px) 100vw, 300px\" \/><\/p>\n<p><img decoding=\"async\" class=\"size-medium wp-image-13504\" src=\"https:\/\/hairmagic.ee\/wp-content\/uploads\/2026\/02\/InCollage_20251225_132734983-300x300.jpg\" alt=\"Ponisaba\" width=\"300\" height=\"300\" srcset=\"https:\/\/hairmagic.ee\/wp-content\/uploads\/2026\/02\/InCollage_20251225_132734983-300x300.jpg 300w, https:\/\/hairmagic.ee\/wp-content\/uploads\/2026\/02\/InCollage_20251225_132734983-1024x1024.jpg 1024w, https:\/\/hairmagic.ee\/wp-content\/uploads\/2026\/02\/InCollage_20251225_132734983-150x150.jpg 150w, https:\/\/hairmagic.ee\/wp-content\/uploads\/2026\/02\/InCollage_20251225_132734983-768x768.jpg 768w, https:\/\/hairmagic.ee\/wp-content\/uploads\/2026\/02\/InCollage_20251225_132734983-1536x1536.jpg 1536w, https:\/\/hairmagic.ee\/wp-content\/uploads\/2026\/02\/InCollage_20251225_132734983-2048x2048.jpg 2048w\" sizes=\"(max-width: 300px) 100vw, 300px\" \/><\/p>\n<p data-start=\"0\" data-end=\"34\"><strong data-start=\"0\" data-end=\"34\">M\u00faltiples sistemas de fijaci\u00f3n<\/strong><\/p>\n<p data-start=\"36\" data-end=\"129\">Ofrecemos diferentes opciones de sujeci\u00f3n seg\u00fan el resultado deseado y la preferencia de uso:<\/p>\n<p data-start=\"131\" data-end=\"266\">\u2022 Coleta con clip (clip-in)<br data-start=\"158\" data-end=\"161\" \/>\u2022 Sujeci\u00f3n con banda el\u00e1stica<br data-start=\"190\" data-end=\"193\" \/>\u2022 Sistema de m\u00faltiples clips<br data-start=\"221\" data-end=\"224\" \/>\u2022 Coleta con cierre de velcro envolvente<\/p>\n<p data-start=\"268\" data-end=\"356\" data-is-last-node=\"\" data-is-only-node=\"\">Cada sistema est\u00e1 dise\u00f1ado para proporcionar una fijaci\u00f3n segura y una aplicaci\u00f3n f\u00e1cil.<\/p>\n<p><img loading=\"lazy\" decoding=\"async\" class=\"size-medium wp-image-13496\" src=\"https:\/\/hairmagic.ee\/wp-content\/uploads\/2026\/02\/InCollage_20251217_205325802-300x300.jpg\" alt=\"Ponisaba\" width=\"300\" height=\"300\" srcset=\"https:\/\/hairmagic.ee\/wp-content\/uploads\/2026\/02\/InCollage_20251217_205325802-300x300.jpg 300w, https:\/\/hairmagic.ee\/wp-content\/uploads\/2026\/02\/InCollage_20251217_205325802-1024x1024.jpg 1024w, https:\/\/hairmagic.ee\/wp-content\/uploads\/2026\/02\/InCollage_20251217_205325802-150x150.jpg 150w, https:\/\/hairmagic.ee\/wp-content\/uploads\/2026\/02\/InCollage_20251217_205325802-768x768.jpg 768w, https:\/\/hairmagic.ee\/wp-content\/uploads\/2026\/02\/InCollage_20251217_205325802-1536x1536.jpg 1536w, https:\/\/hairmagic.ee\/wp-content\/uploads\/2026\/02\/InCollage_20251217_205325802-2048x2048.jpg 2048w\" sizes=\"(max-width: 300px) 100vw, 300px\" \/><\/p>\n<p data-start=\"0\" data-end=\"23\"><strong data-start=\"0\" data-end=\"23\">Soluciones a medida<\/strong><\/p>\n<p data-start=\"25\" data-end=\"75\">Producimos extensiones de coleta (ponytail) seg\u00fan:<\/p>\n<p data-start=\"77\" data-end=\"128\">\u2022 Longitud<br data-start=\"87\" data-end=\"90\" \/>\u2022 Tono<br data-start=\"96\" data-end=\"99\" \/>\u2022 Peso<br data-start=\"105\" data-end=\"108\" \/>\u2022 Densidad deseada<\/p>\n<p data-start=\"130\" data-end=\"204\" data-is-last-node=\"\" data-is-only-node=\"\">Disponibles tanto modelos est\u00e1ndar como coletas totalmente personalizadas.<\/p>\n<p><img loading=\"lazy\" decoding=\"async\" class=\"size-medium wp-image-13514\" src=\"https:\/\/hairmagic.ee\/wp-content\/uploads\/2026\/02\/InCollage_20260130_123922313-300x300.jpg\" alt=\"Ponisaba\" width=\"300\" height=\"300\" srcset=\"https:\/\/hairmagic.ee\/wp-content\/uploads\/2026\/02\/InCollage_20260130_123922313-300x300.jpg 300w, https:\/\/hairmagic.ee\/wp-content\/uploads\/2026\/02\/InCollage_20260130_123922313-1024x1024.jpg 1024w, https:\/\/hairmagic.ee\/wp-content\/uploads\/2026\/02\/InCollage_20260130_123922313-150x150.jpg 150w, https:\/\/hairmagic.ee\/wp-content\/uploads\/2026\/02\/InCollage_20260130_123922313-768x768.jpg 768w, https:\/\/hairmagic.ee\/wp-content\/uploads\/2026\/02\/InCollage_20260130_123922313-1536x1536.jpg 1536w, https:\/\/hairmagic.ee\/wp-content\/uploads\/2026\/02\/InCollage_20260130_123922313-2048x2048.jpg 2048w\" sizes=\"(max-width: 300px) 100vw, 300px\" \/><\/p>\n<p data-start=\"0\" data-end=\"33\"><strong data-start=\"0\" data-end=\"33\">Para distribuidores y salones<\/strong><\/p>\n<p data-start=\"35\" data-end=\"106\">Suministramos extensiones de coleta (ponytail) para venta al por mayor:<\/p>\n<p data-start=\"108\" data-end=\"243\">\u2022 Fabricaci\u00f3n europea estable<br data-start=\"137\" data-end=\"140\" \/>\u2022 Producci\u00f3n en peque\u00f1os lotes<br data-start=\"170\" data-end=\"173\" \/>\u2022 Desarrollo de colores personalizados<br data-start=\"211\" data-end=\"214\" \/>\u2022 Opciones de marca privada<\/p>\n<p data-start=\"245\" data-end=\"395\" data-is-last-node=\"\" data-is-only-node=\"\">Si buscas extensiones de coleta europeas de alta calidad para tu sal\u00f3n o marca, cont\u00e1ctanos para precios al por mayor y oportunidades de colaboraci\u00f3n.<\/p>\n<p><img loading=\"lazy\" decoding=\"async\" class=\"size-medium wp-image-13183\" src=\"https:\/\/hairmagic.ee\/wp-content\/uploads\/2025\/10\/InCollage_20250708_160024233-300x300.jpg\" alt=\"Ponid\" width=\"300\" height=\"300\" srcset=\"https:\/\/hairmagic.ee\/wp-content\/uploads\/2025\/10\/InCollage_20250708_160024233-300x300.jpg 300w, https:\/\/hairmagic.ee\/wp-content\/uploads\/2025\/10\/InCollage_20250708_160024233-1024x1024.jpg 1024w, https:\/\/hairmagic.ee\/wp-content\/uploads\/2025\/10\/InCollage_20250708_160024233-150x150.jpg 150w, https:\/\/hairmagic.ee\/wp-content\/uploads\/2025\/10\/InCollage_20250708_160024233-768x768.jpg 768w, https:\/\/hairmagic.ee\/wp-content\/uploads\/2025\/10\/InCollage_20250708_160024233-1536x1536.jpg 1536w, https:\/\/hairmagic.ee\/wp-content\/uploads\/2025\/10\/InCollage_20250708_160024233-2048x2048.jpg 2048w\" sizes=\"(max-width: 300px) 100vw, 300px\" \/><\/p>\n<p data-start=\"0\" data-end=\"30\"><strong data-start=\"0\" data-end=\"30\">Para clientes individuales<\/strong><\/p>\n<p data-start=\"32\" data-end=\"259\" data-is-last-node=\"\" data-is-only-node=\"\">Las extensiones de coleta (ponytail) son una opci\u00f3n ideal para quienes buscan una transformaci\u00f3n r\u00e1pida y llamativa. El resultado es un peinado m\u00e1s voluminoso, largo y lujoso que puede aplicarse y retirarse seg\u00fan sea necesario.<\/p>\n<p><img loading=\"lazy\" decoding=\"async\" class=\"size-medium wp-image-13186\" src=\"https:\/\/hairmagic.ee\/wp-content\/uploads\/2025\/10\/InCollage_20250708_160723743-300x300.jpg\" alt=\"Ponisaba\" width=\"300\" height=\"300\" srcset=\"https:\/\/hairmagic.ee\/wp-content\/uploads\/2025\/10\/InCollage_20250708_160723743-300x300.jpg 300w, https:\/\/hairmagic.ee\/wp-content\/uploads\/2025\/10\/InCollage_20250708_160723743-1024x1024.jpg 1024w, https:\/\/hairmagic.ee\/wp-content\/uploads\/2025\/10\/InCollage_20250708_160723743-150x150.jpg 150w, https:\/\/hairmagic.ee\/wp-content\/uploads\/2025\/10\/InCollage_20250708_160723743-768x768.jpg 768w, https:\/\/hairmagic.ee\/wp-content\/uploads\/2025\/10\/InCollage_20250708_160723743-1536x1536.jpg 1536w, https:\/\/hairmagic.ee\/wp-content\/uploads\/2025\/10\/InCollage_20250708_160723743-2048x2048.jpg 2048w\" sizes=\"(max-width: 300px) 100vw, 300px\" \/>[\/vc_column_text][\/vc_column][\/vc_row]<\/p>\n<\/div>","protected":false},"excerpt":{"rendered":"<p>[vc_row][vc_column][vc_column_text css=&#8221;&#8221;] Una soluci\u00f3n r\u00e1pida y eficaz para volumen y longitud Las extensiones de coleta (ponytail) de Hairmagic Production est\u00e1n elaboradas con cabello eslavo y estonio 100% Remy de un solo donante. Est\u00e1n dise\u00f1adas para quienes desean a\u00f1adir al instante longitud, densidad o un acabado m\u00e1s impactante sin una instalaci\u00f3n permanente. La coleta se fija [&hellip;]<\/p>\n","protected":false},"author":1,"featured_media":0,"parent":13850,"menu_order":6,"comment_status":"closed","ping_status":"closed","template":"","meta":{"_acf_changed":false,"_monsterinsights_skip_tracking":false,"_monsterinsights_sitenote_active":false,"_monsterinsights_sitenote_note":"","_monsterinsights_sitenote_category":0,"footnotes":""},"class_list":["post-13838","page","type-page","status-publish","hentry"],"acf":[],"_links":{"self":[{"href":"https:\/\/hairmagic.ee\/es\/wp-json\/wp\/v2\/pages\/13838","targetHints":{"allow":["GET"]}}],"collection":[{"href":"https:\/\/hairmagic.ee\/es\/wp-json\/wp\/v2\/pages"}],"about":[{"href":"https:\/\/hairmagic.ee\/es\/wp-json\/wp\/v2\/types\/page"}],"author":[{"embeddable":true,"href":"https:\/\/hairmagic.ee\/es\/wp-json\/wp\/v2\/users\/1"}],"replies":[{"embeddable":true,"href":"https:\/\/hairmagic.ee\/es\/wp-json\/wp\/v2\/comments?post=13838"}],"version-history":[{"count":2,"href":"https:\/\/hairmagic.ee\/es\/wp-json\/wp\/v2\/pages\/13838\/revisions"}],"predecessor-version":[{"id":14027,"href":"https:\/\/hairmagic.ee\/es\/wp-json\/wp\/v2\/pages\/13838\/revisions\/14027"}],"up":[{"embeddable":true,"href":"https:\/\/hairmagic.ee\/es\/wp-json\/wp\/v2\/pages\/13850"}],"wp:attachment":[{"href":"https:\/\/hairmagic.ee\/es\/wp-json\/wp\/v2\/media?parent=13838"}],"curies":[{"name":"wp","href":"https:\/\/api.w.org\/{rel}","templated":true}]}}