{"id":13840,"date":"2025-10-08T10:02:31","date_gmt":"2025-10-08T07:02:31","guid":{"rendered":"https:\/\/hairmagic.ee\/clip-in-hair\/"},"modified":"2026-04-21T13:55:09","modified_gmt":"2026-04-21T10:55:09","slug":"clip-in-hair","status":"publish","type":"page","link":"https:\/\/hairmagic.ee\/es\/our-hair-extensions\/clip-in-hair\/","title":{"rendered":"Extensiones de clip-in"},"content":{"rendered":"<div class=\"wpb-content-wrapper\"><p>[vc_row][vc_column][vc_column_text css=&#8221;&#8221;]<\/p>\n<p data-start=\"0\" data-end=\"50\"><strong data-start=\"0\" data-end=\"50\">Una soluci\u00f3n temporal con resultados naturales<\/strong><\/p>\n<p data-start=\"52\" data-end=\"272\">Las extensiones de clip-in de Hairmagic Production est\u00e1n elaboradas con cabello eslavo y estonio 100% Remy de un solo donante. Est\u00e1n dise\u00f1adas para quienes desean a\u00f1adir longitud y volumen sin una instalaci\u00f3n permanente.<\/p>\n<p data-start=\"274\" data-end=\"449\" data-is-last-node=\"\" data-is-only-node=\"\">Las extensiones de clip-in se fijan con clips c\u00f3modos y pueden aplicarse y retirarse f\u00e1cilmente en casa. Son adecuadas tanto para el uso diario como para ocasiones especiales.<\/p>\n<p><img fetchpriority=\"high\" decoding=\"async\" class=\"size-medium wp-image-13194\" src=\"https:\/\/hairmagic.ee\/wp-content\/uploads\/2025\/10\/IMG_20250611_163913_275-300x300.webp\" alt=\"Clip-inid\" width=\"300\" height=\"300\" srcset=\"https:\/\/hairmagic.ee\/wp-content\/uploads\/2025\/10\/IMG_20250611_163913_275-300x300.webp 300w, https:\/\/hairmagic.ee\/wp-content\/uploads\/2025\/10\/IMG_20250611_163913_275-1024x1024.webp 1024w, https:\/\/hairmagic.ee\/wp-content\/uploads\/2025\/10\/IMG_20250611_163913_275-150x150.webp 150w, https:\/\/hairmagic.ee\/wp-content\/uploads\/2025\/10\/IMG_20250611_163913_275-768x768.webp 768w, https:\/\/hairmagic.ee\/wp-content\/uploads\/2025\/10\/IMG_20250611_163913_275.webp 1440w\" sizes=\"(max-width: 300px) 100vw, 300px\" \/><\/p>\n<p data-start=\"0\" data-end=\"20\"><strong data-start=\"0\" data-end=\"20\">Natural y c\u00f3modo<\/strong><\/p>\n<p data-start=\"22\" data-end=\"180\">\u2022 Calidad 100% Remy<br data-start=\"41\" data-end=\"44\" \/>\u2022 Textura suave, ligera y natural<br data-start=\"77\" data-end=\"80\" \/>\u2022 Especialmente adecuado para cabellos europeos finos y claros<br data-start=\"142\" data-end=\"145\" \/>\u2022 No requiere fijaci\u00f3n permanente<\/p>\n<p data-start=\"182\" data-end=\"315\">Cada set se fabrica en Estonia mediante un proceso de producci\u00f3n controlado, garantizando una calidad constante y un acabado preciso.<\/p>\n<p data-start=\"317\" data-end=\"334\"><strong data-start=\"317\" data-end=\"334\">Sets a medida<\/strong><\/p>\n<p data-start=\"336\" data-end=\"369\">Producimos sets de clip-in seg\u00fan:<\/p>\n<p data-start=\"371\" data-end=\"464\">\u2022 Longitud<br data-start=\"381\" data-end=\"384\" \/>\u2022 Ancho de secciones y n\u00famero de piezas<br data-start=\"423\" data-end=\"426\" \/>\u2022 Tono<br data-start=\"432\" data-end=\"435\" \/>\u2022 Peso<br data-start=\"441\" data-end=\"444\" \/>\u2022 Densidad deseada<\/p>\n<p data-start=\"466\" data-end=\"540\">Disponibles tanto sets est\u00e1ndar como soluciones totalmente personalizadas.<\/p>\n<p data-start=\"542\" data-end=\"575\"><strong data-start=\"542\" data-end=\"575\">Para distribuidores y salones<\/strong><\/p>\n<p data-start=\"577\" data-end=\"638\">Suministramos extensiones de clip-in para venta al por mayor:<\/p>\n<p data-start=\"640\" data-end=\"775\">\u2022 Fabricaci\u00f3n europea estable<br data-start=\"669\" data-end=\"672\" \/>\u2022 Producci\u00f3n en peque\u00f1os lotes<br data-start=\"702\" data-end=\"705\" \/>\u2022 Desarrollo de colores personalizados<br data-start=\"743\" data-end=\"746\" \/>\u2022 Opciones de marca privada<\/p>\n<p data-start=\"777\" data-end=\"925\">Si buscas extensiones clip-in europeas de alta calidad para tu sal\u00f3n o marca, cont\u00e1ctanos para precios al por mayor y oportunidades de colaboraci\u00f3n.<\/p>\n<p data-start=\"927\" data-end=\"957\"><strong data-start=\"927\" data-end=\"957\">Para clientes individuales<\/strong><\/p>\n<p data-start=\"959\" data-end=\"1161\">Las extensiones de clip-in son una opci\u00f3n ideal para quienes buscan una transformaci\u00f3n r\u00e1pida sin instalaci\u00f3n permanente. El resultado es un peinado natural, ligero y c\u00f3modo, adaptable a cada necesidad.<\/p>\n<p data-start=\"1163\" data-end=\"1352\" data-is-last-node=\"\" data-is-only-node=\"\">A diferencia de las extensiones permanentes, los sistemas clip-in no requieren mantenimiento regular en sal\u00f3n, lo que los convierte en una opci\u00f3n flexible y pr\u00e1ctica para uso independiente.<\/p>\n<p><img decoding=\"async\" class=\"size-medium wp-image-13132\" src=\"https:\/\/hairmagic.ee\/wp-content\/uploads\/2025\/10\/IMG_20250611_163913_228-300x300.webp\" alt=\"Clip-in\" width=\"300\" height=\"300\" srcset=\"https:\/\/hairmagic.ee\/wp-content\/uploads\/2025\/10\/IMG_20250611_163913_228-300x300.webp 300w, https:\/\/hairmagic.ee\/wp-content\/uploads\/2025\/10\/IMG_20250611_163913_228-1024x1024.webp 1024w, https:\/\/hairmagic.ee\/wp-content\/uploads\/2025\/10\/IMG_20250611_163913_228-150x150.webp 150w, https:\/\/hairmagic.ee\/wp-content\/uploads\/2025\/10\/IMG_20250611_163913_228-768x768.webp 768w, https:\/\/hairmagic.ee\/wp-content\/uploads\/2025\/10\/IMG_20250611_163913_228.webp 1440w\" sizes=\"(max-width: 300px) 100vw, 300px\" \/>[\/vc_column_text][\/vc_column][\/vc_row]<\/p>\n<\/div>","protected":false},"excerpt":{"rendered":"<p>[vc_row][vc_column][vc_column_text css=&#8221;&#8221;] Una soluci\u00f3n temporal con resultados naturales Las extensiones de clip-in de Hairmagic Production est\u00e1n elaboradas con cabello eslavo y estonio 100% Remy de un solo donante. Est\u00e1n dise\u00f1adas para quienes desean a\u00f1adir longitud y volumen sin una instalaci\u00f3n permanente. Las extensiones de clip-in se fijan con clips c\u00f3modos y pueden aplicarse y retirarse [&hellip;]<\/p>\n","protected":false},"author":1,"featured_media":0,"parent":13850,"menu_order":5,"comment_status":"closed","ping_status":"closed","template":"","meta":{"_acf_changed":false,"_monsterinsights_skip_tracking":false,"_monsterinsights_sitenote_active":false,"_monsterinsights_sitenote_note":"","_monsterinsights_sitenote_category":0,"footnotes":""},"class_list":["post-13840","page","type-page","status-publish","hentry"],"acf":[],"_links":{"self":[{"href":"https:\/\/hairmagic.ee\/es\/wp-json\/wp\/v2\/pages\/13840","targetHints":{"allow":["GET"]}}],"collection":[{"href":"https:\/\/hairmagic.ee\/es\/wp-json\/wp\/v2\/pages"}],"about":[{"href":"https:\/\/hairmagic.ee\/es\/wp-json\/wp\/v2\/types\/page"}],"author":[{"embeddable":true,"href":"https:\/\/hairmagic.ee\/es\/wp-json\/wp\/v2\/users\/1"}],"replies":[{"embeddable":true,"href":"https:\/\/hairmagic.ee\/es\/wp-json\/wp\/v2\/comments?post=13840"}],"version-history":[{"count":2,"href":"https:\/\/hairmagic.ee\/es\/wp-json\/wp\/v2\/pages\/13840\/revisions"}],"predecessor-version":[{"id":14019,"href":"https:\/\/hairmagic.ee\/es\/wp-json\/wp\/v2\/pages\/13840\/revisions\/14019"}],"up":[{"embeddable":true,"href":"https:\/\/hairmagic.ee\/es\/wp-json\/wp\/v2\/pages\/13850"}],"wp:attachment":[{"href":"https:\/\/hairmagic.ee\/es\/wp-json\/wp\/v2\/media?parent=13840"}],"curies":[{"name":"wp","href":"https:\/\/api.w.org\/{rel}","templated":true}]}}