{"id":13844,"date":"2025-09-30T11:40:00","date_gmt":"2025-09-30T08:40:00","guid":{"rendered":"https:\/\/hairmagic.ee\/tape-hair\/"},"modified":"2026-04-21T13:48:07","modified_gmt":"2026-04-21T10:48:07","slug":"tape-hair","status":"publish","type":"page","link":"https:\/\/hairmagic.ee\/es\/our-hair-extensions\/tape-hair\/","title":{"rendered":"Extensiones adhesivas (Tape-in)"},"content":{"rendered":"<div class=\"wpb-content-wrapper\"><p>[vc_row][vc_column][vc_column_text css=&#8221;&#8221;]<\/p>\n<div class=\"woocommerce-tabs wc-tabs-wrapper\">\n<div id=\"tab-description\" class=\"woocommerce-Tabs-panel woocommerce-Tabs-panel--description panel entry-content wc-tab\">\n<div class=\"site-content\">\n<div class=\"\" data-turn-id-container=\"request-69dda19d-7674-8384-9de7-1fe83cb7f61a-67\" data-is-intersecting=\"true\">\n<section class=\"text-token-text-primary w-full focus:outline-none [--shadow-height:45px] has-data-writing-block:pointer-events-none has-data-writing-block:-mt-(--shadow-height) has-data-writing-block:pt-(--shadow-height) [&amp;:has([data-writing-block])&gt;*]:pointer-events-auto R6Vx5W_threadScrollVars scroll-mb-[calc(var(--scroll-root-safe-area-inset-bottom,0px)+var(--thread-response-height))] scroll-mt-[calc(var(--header-height)+min(200px,max(70px,20svh)))]\" dir=\"auto\" data-turn-id=\"request-69dda19d-7674-8384-9de7-1fe83cb7f61a-67\" data-testid=\"conversation-turn-188\" data-scroll-anchor=\"false\" data-turn=\"assistant\">\n<div class=\"text-base my-auto mx-auto pb-10 [--thread-content-margin:var(--thread-content-margin-xs,calc(var(--spacing)*4))] @w-sm\/main:[--thread-content-margin:var(--thread-content-margin-sm,calc(var(--spacing)*6))] @w-lg\/main:[--thread-content-margin:var(--thread-content-margin-lg,calc(var(--spacing)*16))] px-(--thread-content-margin)\">\n<div class=\"[--thread-content-max-width:40rem] @w-lg\/main:[--thread-content-max-width:48rem] mx-auto max-w-(--thread-content-max-width) flex-1 group\/turn-messages focus-visible:outline-hidden relative flex w-full min-w-0 flex-col agent-turn\">\n<div class=\"flex max-w-full flex-col gap-4 grow\">\n<div class=\"min-h-8 text-message relative flex w-full flex-col items-end gap-2 text-start break-words whitespace-normal outline-none keyboard-focused:focus-ring [.text-message+&amp;]:mt-1\" dir=\"auto\" tabindex=\"0\" data-message-author-role=\"assistant\" data-message-id=\"d460dca2-5094-465c-9e03-389b6780422a\" data-message-model-slug=\"gpt-5-3\" data-turn-start-message=\"true\">\n<div class=\"flex w-full flex-col gap-1 empty:hidden\">\n<div class=\"markdown prose dark:prose-invert w-full wrap-break-word light markdown-new-styling\">\n<p data-start=\"0\" data-end=\"49\"><strong data-start=\"0\" data-end=\"49\">Fabricado en Estonia | Cabello eslavo europeo<\/strong><\/p>\n<p data-start=\"51\" data-end=\"263\" data-is-last-node=\"\" data-is-only-node=\"\">Todas las extensiones adhesivas (tape-in) de Hairmagic se producen en Estonia mediante un proceso de fabricaci\u00f3n interno controlado, con la misma atenci\u00f3n a la calidad del cabello y a la precisi\u00f3n de la fijaci\u00f3n.<\/p>\n<\/div>\n<\/div>\n<\/div>\n<\/div>\n<\/div>\n<\/div>\n<\/section>\n<\/div>\n<p><img fetchpriority=\"high\" decoding=\"async\" class=\"size-medium wp-image-13463\" src=\"https:\/\/hairmagic.ee\/wp-content\/uploads\/2026\/02\/20251112_134211-290x300.jpg\" alt=\"Teibid 1\" width=\"290\" height=\"300\" srcset=\"https:\/\/hairmagic.ee\/wp-content\/uploads\/2026\/02\/20251112_134211-290x300.jpg 290w, https:\/\/hairmagic.ee\/wp-content\/uploads\/2026\/02\/20251112_134211-991x1024.jpg 991w, https:\/\/hairmagic.ee\/wp-content\/uploads\/2026\/02\/20251112_134211-768x794.jpg 768w, https:\/\/hairmagic.ee\/wp-content\/uploads\/2026\/02\/20251112_134211-1487x1536.jpg 1487w, https:\/\/hairmagic.ee\/wp-content\/uploads\/2026\/02\/20251112_134211-1982x2048.jpg 1982w, https:\/\/hairmagic.ee\/wp-content\/uploads\/2026\/02\/20251112_134211.jpg 1984w\" sizes=\"(max-width: 290px) 100vw, 290px\" \/><\/p>\n<p data-start=\"0\" data-end=\"37\"><strong data-start=\"0\" data-end=\"37\">Desarrollado para uso profesional<\/strong><\/p>\n<p data-start=\"39\" data-end=\"304\">\u2022 Cabello eslavo 100% Remy<br data-start=\"65\" data-end=\"68\" \/>\u2022 Textura suave, ligera y natural<br data-start=\"101\" data-end=\"104\" \/>\u2022 Apto para m\u00faltiples reaplicaciones<br data-start=\"140\" data-end=\"143\" \/>\u2022 Fijaci\u00f3n fuerte: adhesivo de alta calidad que no se estira ni deja residuos excesivos<br data-start=\"230\" data-end=\"233\" \/>\u2022 Fabricaci\u00f3n a medida seg\u00fan longitud, peso, ancho y tono solicitados<\/p>\n<p data-start=\"306\" data-end=\"520\">Nuestras extensiones adhesivas (tape-in) est\u00e1n dise\u00f1adas para entornos profesionales de sal\u00f3n, donde la rapidez de aplicaci\u00f3n, los resultados consistentes y la satisfacci\u00f3n a largo plazo del cliente son esenciales.<\/p>\n<p data-start=\"522\" data-end=\"550\"><strong data-start=\"522\" data-end=\"550\">Adhesivo de grado m\u00e9dico<\/strong><\/p>\n<p data-start=\"552\" data-end=\"622\">Utilizamos adhesivo de doble cara de alta calidad de grado m\u00e9dico que:<\/p>\n<p data-start=\"624\" data-end=\"778\">\u2022 Proporciona una fijaci\u00f3n fuerte y estable<br data-start=\"667\" data-end=\"670\" \/>\u2022 No se estira ni deja residuos excesivos durante la retirada<br data-start=\"731\" data-end=\"734\" \/>\u2022 Permite una reaplicaci\u00f3n limpia y segura<\/p>\n<p data-start=\"780\" data-end=\"911\">La fuerza de fijaci\u00f3n y la flexibilidad est\u00e1n cuidadosamente equilibradas para garantizar durabilidad sin comprometer la comodidad.<\/p>\n<p data-start=\"913\" data-end=\"950\"><strong data-start=\"913\" data-end=\"950\">Disponible en m\u00faltiples variantes<\/strong><\/p>\n<p data-start=\"952\" data-end=\"1056\">Ofrecemos diferentes tipos de extensiones tape-in seg\u00fan la t\u00e9cnica de aplicaci\u00f3n y el resultado deseado:<\/p>\n<p data-start=\"1058\" data-end=\"1182\">\u2022 Extensiones tape-in cl\u00e1sicas<br data-start=\"1088\" data-end=\"1091\" \/>\u2022 Extensiones tape-in bio<br data-start=\"1116\" data-end=\"1119\" \/>\u2022 Extensiones tape-in mono<br data-start=\"1145\" data-end=\"1148\" \/>\u2022 Extensiones tape-in invisibles<\/p>\n<p data-start=\"1184\" data-end=\"1299\" data-is-last-node=\"\" data-is-only-node=\"\">Cada variante est\u00e1 desarrollada para adaptarse a m\u00e9todos de aplicaci\u00f3n espec\u00edficos y resultados visuales concretos.<\/p>\n<p><img decoding=\"async\" class=\"size-medium wp-image-13467\" src=\"https:\/\/hairmagic.ee\/wp-content\/uploads\/2026\/02\/20251030_112025-280x300.jpg\" alt=\"Teibid 2\" width=\"280\" height=\"300\" srcset=\"https:\/\/hairmagic.ee\/wp-content\/uploads\/2026\/02\/20251030_112025-280x300.jpg 280w, https:\/\/hairmagic.ee\/wp-content\/uploads\/2026\/02\/20251030_112025-955x1024.jpg 955w, https:\/\/hairmagic.ee\/wp-content\/uploads\/2026\/02\/20251030_112025-768x824.jpg 768w, https:\/\/hairmagic.ee\/wp-content\/uploads\/2026\/02\/20251030_112025-1432x1536.jpg 1432w, https:\/\/hairmagic.ee\/wp-content\/uploads\/2026\/02\/20251030_112025-1910x2048.jpg 1910w\" sizes=\"(max-width: 280px) 100vw, 280px\" \/><\/p>\n<p data-start=\"0\" data-end=\"39\"><strong data-start=\"0\" data-end=\"39\">Venta al por mayor y colaboraciones<\/strong><\/p>\n<p data-start=\"41\" data-end=\"165\">Suministramos extensiones adhesivas (tape-in) a salones, t\u00e9cnicos y distribuidores que buscan una producci\u00f3n europea fiable.<\/p>\n<p data-start=\"167\" data-end=\"177\">Ofrecemos:<\/p>\n<p data-start=\"179\" data-end=\"304\">\u2022 Precios al por mayor<br data-start=\"201\" data-end=\"204\" \/>\u2022 Producci\u00f3n en peque\u00f1os lotes<br data-start=\"234\" data-end=\"237\" \/>\u2022 Tonos y longitudes personalizados<br data-start=\"272\" data-end=\"275\" \/>\u2022 Opciones de marca privada<\/p>\n<p data-start=\"306\" data-end=\"475\">Si buscas un fabricante europeo de confianza con calidad constante y resultados probados en sal\u00f3n, cont\u00e1ctanos para precios al por mayor y oportunidades de colaboraci\u00f3n.<\/p>\n<p data-start=\"477\" data-end=\"507\"><strong data-start=\"477\" data-end=\"507\">Para clientes individuales<\/strong><\/p>\n<p data-start=\"509\" data-end=\"717\" data-is-last-node=\"\" data-is-only-node=\"\">Las extensiones tape-in son ideales para quienes buscan una soluci\u00f3n natural, ligera y de r\u00e1pida aplicaci\u00f3n. Para una mayor durabilidad y seguridad, recomendamos su instalaci\u00f3n por un profesional certificado.<\/p>\n<\/div>\n<\/div>\n<\/div>\n<div id=\"attachment_2006\" style=\"width: 1717px\" class=\"wp-caption aligncenter\"><img decoding=\"async\" aria-describedby=\"caption-attachment-2006\" class=\"size-full wp-image-2006\" src=\"https:\/\/hairmagic.ee\/wp-content\/uploads\/2024\/10\/DSC4774-scaled.jpg\" alt=\"Tape\" width=\"1707\" height=\"2560\" srcset=\"https:\/\/hairmagic.ee\/wp-content\/uploads\/2024\/10\/DSC4774-scaled.jpg 1707w, https:\/\/hairmagic.ee\/wp-content\/uploads\/2024\/10\/DSC4774-200x300.jpg 200w, https:\/\/hairmagic.ee\/wp-content\/uploads\/2024\/10\/DSC4774-683x1024.jpg 683w, https:\/\/hairmagic.ee\/wp-content\/uploads\/2024\/10\/DSC4774-768x1152.jpg 768w, https:\/\/hairmagic.ee\/wp-content\/uploads\/2024\/10\/DSC4774-1024x1536.jpg 1024w, https:\/\/hairmagic.ee\/wp-content\/uploads\/2024\/10\/DSC4774-1365x2048.jpg 1365w, https:\/\/hairmagic.ee\/wp-content\/uploads\/2024\/10\/DSC4774-600x900.jpg 600w\" sizes=\"(max-width: 1707px) 100vw, 1707px\" \/><p id=\"caption-attachment-2006\" class=\"wp-caption-text\">Tape<\/p><\/div>\n<p>[\/vc_column_text][\/vc_column][\/vc_row]<\/p>\n<\/div>","protected":false},"excerpt":{"rendered":"<p>[vc_row][vc_column][vc_column_text css=&#8221;&#8221;] Fabricado en Estonia | Cabello eslavo europeo Todas las extensiones adhesivas (tape-in) de Hairmagic se producen en Estonia mediante un proceso de fabricaci\u00f3n interno controlado, con la misma atenci\u00f3n a la calidad del cabello y a la precisi\u00f3n de la fijaci\u00f3n. Desarrollado para uso profesional \u2022 Cabello eslavo 100% Remy\u2022 Textura suave, ligera [&hellip;]<\/p>\n","protected":false},"author":1,"featured_media":0,"parent":13850,"menu_order":3,"comment_status":"closed","ping_status":"closed","template":"","meta":{"_acf_changed":false,"_monsterinsights_skip_tracking":false,"_monsterinsights_sitenote_active":false,"_monsterinsights_sitenote_note":"","_monsterinsights_sitenote_category":0,"footnotes":""},"class_list":["post-13844","page","type-page","status-publish","hentry"],"acf":[],"_links":{"self":[{"href":"https:\/\/hairmagic.ee\/es\/wp-json\/wp\/v2\/pages\/13844","targetHints":{"allow":["GET"]}}],"collection":[{"href":"https:\/\/hairmagic.ee\/es\/wp-json\/wp\/v2\/pages"}],"about":[{"href":"https:\/\/hairmagic.ee\/es\/wp-json\/wp\/v2\/types\/page"}],"author":[{"embeddable":true,"href":"https:\/\/hairmagic.ee\/es\/wp-json\/wp\/v2\/users\/1"}],"replies":[{"embeddable":true,"href":"https:\/\/hairmagic.ee\/es\/wp-json\/wp\/v2\/comments?post=13844"}],"version-history":[{"count":2,"href":"https:\/\/hairmagic.ee\/es\/wp-json\/wp\/v2\/pages\/13844\/revisions"}],"predecessor-version":[{"id":14009,"href":"https:\/\/hairmagic.ee\/es\/wp-json\/wp\/v2\/pages\/13844\/revisions\/14009"}],"up":[{"embeddable":true,"href":"https:\/\/hairmagic.ee\/es\/wp-json\/wp\/v2\/pages\/13850"}],"wp:attachment":[{"href":"https:\/\/hairmagic.ee\/es\/wp-json\/wp\/v2\/media?parent=13844"}],"curies":[{"name":"wp","href":"https:\/\/api.w.org\/{rel}","templated":true}]}}