{"id":13846,"date":"2025-09-30T11:37:44","date_gmt":"2025-09-30T08:37:44","guid":{"rendered":"https:\/\/hairmagic.ee\/keratin-tips\/"},"modified":"2026-04-21T13:44:42","modified_gmt":"2026-04-21T10:44:42","slug":"keratin-tips","status":"publish","type":"page","link":"https:\/\/hairmagic.ee\/es\/our-hair-extensions\/keratin-tips\/","title":{"rendered":"Extensiones de queratina"},"content":{"rendered":"<div class=\"wpb-content-wrapper\"><p>[vc_row][vc_column][vc_column_text css=&#8221;&#8221;]<\/p>\n<p data-start=\"0\" data-end=\"37\"><strong data-start=\"0\" data-end=\"37\">Soluci\u00f3n profesional para salones<\/strong><\/p>\n<p data-start=\"39\" data-end=\"290\">Las extensiones de queratina Hairmagic Production est\u00e1n elaboradas con cabello eslavo y estonio 100% Remy de un solo donante. Todas las mechas se elaboran a mano en Estonia, preservando la alineaci\u00f3n natural de la cut\u00edcula y la integridad de la fibra.<\/p>\n<p data-start=\"292\" data-end=\"485\" data-is-last-node=\"\" data-is-only-node=\"\">Utilizamos queratina italiana de alta calidad para garantizar una fijaci\u00f3n fuerte pero respetuosa con el cabello, permitiendo una aplicaci\u00f3n limpia y precisa en trabajos profesionales de sal\u00f3n.<\/p>\n<p data-start=\"585\" data-end=\"728\"><strong><img fetchpriority=\"high\" decoding=\"async\" class=\"size-medium wp-image-13453 alignnone\" src=\"https:\/\/hairmagic.ee\/wp-content\/uploads\/2026\/02\/Screenshot_20260214_125720_Instagram-1-300x300.jpg\" alt=\"\" width=\"300\" height=\"300\" srcset=\"https:\/\/hairmagic.ee\/wp-content\/uploads\/2026\/02\/Screenshot_20260214_125720_Instagram-1-300x300.jpg 300w, https:\/\/hairmagic.ee\/wp-content\/uploads\/2026\/02\/Screenshot_20260214_125720_Instagram-1-1024x1024.jpg 1024w, https:\/\/hairmagic.ee\/wp-content\/uploads\/2026\/02\/Screenshot_20260214_125720_Instagram-1-150x150.jpg 150w, https:\/\/hairmagic.ee\/wp-content\/uploads\/2026\/02\/Screenshot_20260214_125720_Instagram-1-768x768.jpg 768w, https:\/\/hairmagic.ee\/wp-content\/uploads\/2026\/02\/Screenshot_20260214_125720_Instagram-1.jpg 1440w\" sizes=\"(max-width: 300px) 100vw, 300px\" \/><\/strong><\/p>\n<p data-start=\"0\" data-end=\"44\"><strong data-start=\"0\" data-end=\"44\">Fabricado mediante un proceso controlado<\/strong><\/p>\n<p data-start=\"46\" data-end=\"254\">\u2022 Calidad 100% Remy con cut\u00edculas alineadas<br data-start=\"89\" data-end=\"92\" \/>\u2022 Procesamiento suave para mantener la elasticidad y el brillo<br data-start=\"154\" data-end=\"157\" data-is-only-node=\"\" \/>\u2022 Apto para m\u00faltiples reaplicaciones<br data-start=\"193\" data-end=\"196\" \/>\u2022 Disponible en pesos, longitudes y tonos personalizados<\/p>\n<p data-start=\"256\" data-end=\"385\" data-is-last-node=\"\" data-is-only-node=\"\">Cada punta de queratina est\u00e1 hecha a mano para garantizar una calidad de fijaci\u00f3n uniforme y un rendimiento fiable a largo plazo.<\/p>\n<p data-start=\"971\" data-end=\"1080\"><strong><img decoding=\"async\" class=\"size-medium wp-image-13457 alignnone\" src=\"https:\/\/hairmagic.ee\/wp-content\/uploads\/2026\/02\/InCollage_20260217_204758322-300x300.jpg\" alt=\"\" width=\"300\" height=\"300\" srcset=\"https:\/\/hairmagic.ee\/wp-content\/uploads\/2026\/02\/InCollage_20260217_204758322-300x300.jpg 300w, https:\/\/hairmagic.ee\/wp-content\/uploads\/2026\/02\/InCollage_20260217_204758322-1024x1024.jpg 1024w, https:\/\/hairmagic.ee\/wp-content\/uploads\/2026\/02\/InCollage_20260217_204758322-150x150.jpg 150w, https:\/\/hairmagic.ee\/wp-content\/uploads\/2026\/02\/InCollage_20260217_204758322-768x768.jpg 768w, https:\/\/hairmagic.ee\/wp-content\/uploads\/2026\/02\/InCollage_20260217_204758322-1536x1536.jpg 1536w, https:\/\/hairmagic.ee\/wp-content\/uploads\/2026\/02\/InCollage_20260217_204758322-2048x2048.jpg 2048w\" sizes=\"(max-width: 300px) 100vw, 300px\" \/><\/strong><\/p>\n<p data-start=\"0\" data-end=\"33\"><strong data-start=\"0\" data-end=\"33\">Dise\u00f1ado para uso profesional<\/strong><\/p>\n<p data-start=\"35\" data-end=\"320\">Nuestras extensiones de queratina han sido desarrolladas en colaboraci\u00f3n con peluqueros y especialistas en extensiones. El desarrollo de colores, el grosor de las mechas y la estructura de la fijaci\u00f3n se basan en la experiencia real en sal\u00f3n y en un conocimiento t\u00e9cnico a largo plazo.<\/p>\n<p data-start=\"322\" data-end=\"438\">El resultado es un m\u00e9todo de extensi\u00f3n natural, discreto y duradero, adecuado para clientes de salones de alta gama.<\/p>\n<p data-start=\"440\" data-end=\"470\"><strong data-start=\"440\" data-end=\"470\">Para clientes individuales<\/strong><\/p>\n<p data-start=\"472\" data-end=\"697\">Las extensiones de queratina son ideales para quienes buscan un resultado natural, duradero y sin uniones visibles. Para garantizar la m\u00e1xima seguridad y durabilidad, recomendamos su aplicaci\u00f3n por un profesional certificado.<\/p>\n<p data-start=\"699\" data-end=\"811\">Este m\u00e9todo ofrece una forma lujosa de a\u00f1adir longitud y volumen, manteniendo la comodidad y un aspecto natural.<\/p>\n<p data-start=\"813\" data-end=\"852\"><strong data-start=\"813\" data-end=\"852\">Venta al por mayor y colaboraciones<\/strong><\/p>\n<p data-start=\"854\" data-end=\"995\">Ofrecemos extensiones de queratina para salones, t\u00e9cnicos, distribuidores y socios internacionales que buscan una fabricaci\u00f3n europea fiable.<\/p>\n<p data-start=\"997\" data-end=\"1018\">Opciones disponibles:<\/p>\n<p data-start=\"1020\" data-end=\"1176\">\u2022 Pesos de mechas y tama\u00f1os de paquete personalizados<br data-start=\"1073\" data-end=\"1076\" \/>\u2022 Desarrollo de colores a medida<br data-start=\"1108\" data-end=\"1111\" \/>\u2022 Producci\u00f3n en peque\u00f1os lotes<br data-start=\"1141\" data-end=\"1144\" \/>\u2022 Fabricaci\u00f3n de marca privada<\/p>\n<p data-start=\"1178\" data-end=\"1268\">Los distribuidores registrados reciben precios al por mayor y condiciones de colaboraci\u00f3n.<\/p>\n<p data-start=\"1270\" data-end=\"1413\">Como fabricante europeo de cabello eslavo, toda la producci\u00f3n se realiza en Estonia bajo procesos controlados y est\u00e1ndares de calidad de la UE.<\/p>\n<p data-start=\"1415\" data-end=\"1522\" data-is-last-node=\"\" data-is-only-node=\"\">Para precios al por mayor, pedidos personalizados y colaboraciones a largo plazo, cont\u00e1ctanos directamente.<\/p>\n<div id=\"attachment_2003\" style=\"width: 1717px\" class=\"wp-caption aligncenter\"><img decoding=\"async\" aria-describedby=\"caption-attachment-2003\" class=\"wp-image-2003 size-full\" src=\"https:\/\/hairmagic.ee\/wp-content\/uploads\/2024\/10\/DSC4731-scaled.jpg\" alt=\"Keratin tips\" width=\"1707\" height=\"2560\" srcset=\"https:\/\/hairmagic.ee\/wp-content\/uploads\/2024\/10\/DSC4731-scaled.jpg 1707w, https:\/\/hairmagic.ee\/wp-content\/uploads\/2024\/10\/DSC4731-200x300.jpg 200w, https:\/\/hairmagic.ee\/wp-content\/uploads\/2024\/10\/DSC4731-683x1024.jpg 683w, https:\/\/hairmagic.ee\/wp-content\/uploads\/2024\/10\/DSC4731-768x1152.jpg 768w, https:\/\/hairmagic.ee\/wp-content\/uploads\/2024\/10\/DSC4731-1024x1536.jpg 1024w, https:\/\/hairmagic.ee\/wp-content\/uploads\/2024\/10\/DSC4731-1365x2048.jpg 1365w, https:\/\/hairmagic.ee\/wp-content\/uploads\/2024\/10\/DSC4731-600x900.jpg 600w\" sizes=\"(max-width: 1707px) 100vw, 1707px\" \/><p id=\"caption-attachment-2003\" class=\"wp-caption-text\">Keratin tips<\/p><\/div>\n<p>[\/vc_column_text][\/vc_column][\/vc_row]<\/p>\n<\/div>","protected":false},"excerpt":{"rendered":"<p>[vc_row][vc_column][vc_column_text css=&#8221;&#8221;] Soluci\u00f3n profesional para salones Las extensiones de queratina Hairmagic Production est\u00e1n elaboradas con cabello eslavo y estonio 100% Remy de un solo donante. Todas las mechas se elaboran a mano en Estonia, preservando la alineaci\u00f3n natural de la cut\u00edcula y la integridad de la fibra. Utilizamos queratina italiana de alta calidad para garantizar [&hellip;]<\/p>\n","protected":false},"author":1,"featured_media":0,"parent":13850,"menu_order":2,"comment_status":"closed","ping_status":"closed","template":"","meta":{"_acf_changed":false,"_monsterinsights_skip_tracking":false,"_monsterinsights_sitenote_active":false,"_monsterinsights_sitenote_note":"","_monsterinsights_sitenote_category":0,"footnotes":""},"class_list":["post-13846","page","type-page","status-publish","hentry"],"acf":[],"_links":{"self":[{"href":"https:\/\/hairmagic.ee\/es\/wp-json\/wp\/v2\/pages\/13846","targetHints":{"allow":["GET"]}}],"collection":[{"href":"https:\/\/hairmagic.ee\/es\/wp-json\/wp\/v2\/pages"}],"about":[{"href":"https:\/\/hairmagic.ee\/es\/wp-json\/wp\/v2\/types\/page"}],"author":[{"embeddable":true,"href":"https:\/\/hairmagic.ee\/es\/wp-json\/wp\/v2\/users\/1"}],"replies":[{"embeddable":true,"href":"https:\/\/hairmagic.ee\/es\/wp-json\/wp\/v2\/comments?post=13846"}],"version-history":[{"count":2,"href":"https:\/\/hairmagic.ee\/es\/wp-json\/wp\/v2\/pages\/13846\/revisions"}],"predecessor-version":[{"id":14006,"href":"https:\/\/hairmagic.ee\/es\/wp-json\/wp\/v2\/pages\/13846\/revisions\/14006"}],"up":[{"embeddable":true,"href":"https:\/\/hairmagic.ee\/es\/wp-json\/wp\/v2\/pages\/13850"}],"wp:attachment":[{"href":"https:\/\/hairmagic.ee\/es\/wp-json\/wp\/v2\/media?parent=13846"}],"curies":[{"name":"wp","href":"https:\/\/api.w.org\/{rel}","templated":true}]}}