{"id":13848,"date":"2025-09-30T11:35:39","date_gmt":"2025-09-30T08:35:39","guid":{"rendered":"https:\/\/hairmagic.ee\/bulk-hair\/"},"modified":"2026-04-21T13:36:03","modified_gmt":"2026-04-21T10:36:03","slug":"bulk-hair","status":"publish","type":"page","link":"https:\/\/hairmagic.ee\/es\/our-hair-extensions\/bulk-hair\/","title":{"rendered":"Cabello suelto te\u00f1ido (a granel)"},"content":{"rendered":"<div class=\"wpb-content-wrapper\"><p>[vc_row][vc_column][vc_column_text css=&#8221;&#8221;]<\/p>\n<p data-start=\"0\" data-end=\"288\">El cabello a granel se refiere a cabello suelto que no est\u00e1 unido a ninguna base, lo que lo hace ideal para la creaci\u00f3n de extensiones personalizadas. Se vende en paquetes y es perfecto para trenzado, cortinas cosidas a mano o para crear extensiones a medida como queratina o micro loops.<\/p>\n<p data-start=\"290\" data-end=\"564\" data-is-last-node=\"\" data-is-only-node=\"\">Su flexibilidad permite a los estilistas crear estilos \u00fanicos y adaptar las extensiones a las necesidades individuales. Gracias a su ca\u00edda natural, el cabello a granel es una opci\u00f3n muy popular para lograr resultados uniformes y naturales en una amplia variedad de peinados.<\/p>\n<p><img fetchpriority=\"high\" decoding=\"async\" class=\"size-medium wp-image-13437\" src=\"https:\/\/hairmagic.ee\/wp-content\/uploads\/2026\/02\/InCollage_20251220_112814478-300x300.jpg\" alt=\"Bulk red\" width=\"300\" height=\"300\" srcset=\"https:\/\/hairmagic.ee\/wp-content\/uploads\/2026\/02\/InCollage_20251220_112814478-300x300.jpg 300w, https:\/\/hairmagic.ee\/wp-content\/uploads\/2026\/02\/InCollage_20251220_112814478-1024x1024.jpg 1024w, https:\/\/hairmagic.ee\/wp-content\/uploads\/2026\/02\/InCollage_20251220_112814478-150x150.jpg 150w, https:\/\/hairmagic.ee\/wp-content\/uploads\/2026\/02\/InCollage_20251220_112814478-768x768.jpg 768w, https:\/\/hairmagic.ee\/wp-content\/uploads\/2026\/02\/InCollage_20251220_112814478-1536x1536.jpg 1536w, https:\/\/hairmagic.ee\/wp-content\/uploads\/2026\/02\/InCollage_20251220_112814478-2048x2048.jpg 2048w\" sizes=\"(max-width: 300px) 100vw, 300px\" \/><\/p>\n<p data-start=\"0\" data-end=\"48\"><strong data-start=\"0\" data-end=\"48\">Informaci\u00f3n para mayoristas y distribuidores<\/strong><\/p>\n<p data-start=\"50\" data-end=\"201\">Ofrecemos precios especiales al por mayor para salones registrados, distribuidores y marcas que buscan cabello eslavo europeo de alta calidad a granel.<\/p>\n<p data-start=\"203\" data-end=\"238\">Como fabricante europeo, ofrecemos:<\/p>\n<p data-start=\"240\" data-end=\"494\">\u2022 Cabello 100% Remy de un solo donante<br data-start=\"278\" data-end=\"281\" \/>\u2022 Calidad consistente entre lotes<br data-start=\"314\" data-end=\"317\" \/>\u2022 Desarrollo de colores personalizados<br data-start=\"355\" data-end=\"358\" \/>\u2022 Cantidades flexibles<br data-start=\"380\" data-end=\"383\" \/>\u2022 Producci\u00f3n en peque\u00f1os lotes con estricto control de calidad<br data-start=\"445\" data-end=\"448\" \/>\u2022 Fabricaci\u00f3n en la UE y origen transparente<\/p>\n<p data-start=\"496\" data-end=\"740\" data-is-last-node=\"\" data-is-only-node=\"\">Para solicitar ser distribuidor, env\u00eda los datos de tu empresa y tu informaci\u00f3n de contacto a trav\u00e9s de nuestro formulario o por correo electr\u00f3nico. Nuestro equipo revisar\u00e1 tu solicitud y te proporcionar\u00e1 las condiciones y precios al por mayor.<\/p>\n<p><img decoding=\"async\" class=\"size-medium wp-image-13363\" src=\"https:\/\/hairmagic.ee\/wp-content\/uploads\/2026\/02\/Screenshot_20260214_001137_Instagram-300x300.jpg\" alt=\"Blond bulk 1\" width=\"300\" height=\"300\" srcset=\"https:\/\/hairmagic.ee\/wp-content\/uploads\/2026\/02\/Screenshot_20260214_001137_Instagram-300x300.jpg 300w, https:\/\/hairmagic.ee\/wp-content\/uploads\/2026\/02\/Screenshot_20260214_001137_Instagram-1024x1024.jpg 1024w, https:\/\/hairmagic.ee\/wp-content\/uploads\/2026\/02\/Screenshot_20260214_001137_Instagram-150x150.jpg 150w, https:\/\/hairmagic.ee\/wp-content\/uploads\/2026\/02\/Screenshot_20260214_001137_Instagram-768x768.jpg 768w, https:\/\/hairmagic.ee\/wp-content\/uploads\/2026\/02\/Screenshot_20260214_001137_Instagram.jpg 1440w\" sizes=\"(max-width: 300px) 100vw, 300px\" \/><\/p>\n<p data-start=\"0\" data-end=\"43\"><strong data-start=\"0\" data-end=\"43\">Pedidos personalizados y disponibilidad<\/strong><\/p>\n<p data-start=\"45\" data-end=\"166\">El cabello a granel est\u00e1 disponible en tonos naturales, as\u00ed como en rubios, cenizas y otros tonos desarrollados a medida.<\/p>\n<p data-start=\"168\" data-end=\"311\">Para consultar la disponibilidad actual, las cantidades m\u00ednimas de pedido y solicitudes de producci\u00f3n personalizadas, cont\u00e1ctanos directamente.<\/p>\n<p data-start=\"313\" data-end=\"459\" data-is-last-node=\"\" data-is-only-node=\"\">Damos la bienvenida a colaboraciones a largo plazo con salones, distribuidores y marcas de marca privada que buscan una producci\u00f3n europea fiable.<\/p>\n<div id=\"attachment_12989\" style=\"width: 1450px\" class=\"wp-caption aligncenter\"><img decoding=\"async\" aria-describedby=\"caption-attachment-12989\" class=\"size-full wp-image-12989\" src=\"https:\/\/hairmagic.ee\/wp-content\/uploads\/2025\/10\/FB_IMG_1740592564883.jpg\" alt=\"Bulk hair\" width=\"1440\" height=\"1605\" srcset=\"https:\/\/hairmagic.ee\/wp-content\/uploads\/2025\/10\/FB_IMG_1740592564883.jpg 1440w, https:\/\/hairmagic.ee\/wp-content\/uploads\/2025\/10\/FB_IMG_1740592564883-269x300.jpg 269w, https:\/\/hairmagic.ee\/wp-content\/uploads\/2025\/10\/FB_IMG_1740592564883-919x1024.jpg 919w, https:\/\/hairmagic.ee\/wp-content\/uploads\/2025\/10\/FB_IMG_1740592564883-768x856.jpg 768w, https:\/\/hairmagic.ee\/wp-content\/uploads\/2025\/10\/FB_IMG_1740592564883-1378x1536.jpg 1378w, https:\/\/hairmagic.ee\/wp-content\/uploads\/2025\/10\/FB_IMG_1740592564883-600x669.jpg 600w\" sizes=\"(max-width: 1440px) 100vw, 1440px\" \/><p id=\"caption-attachment-12989\" class=\"wp-caption-text\">Bulk hair<\/p><\/div>\n<p>[\/vc_column_text][\/vc_column][\/vc_row]<\/p>\n<\/div>","protected":false},"excerpt":{"rendered":"<p>[vc_row][vc_column][vc_column_text css=&#8221;&#8221;] El cabello a granel se refiere a cabello suelto que no est\u00e1 unido a ninguna base, lo que lo hace ideal para la creaci\u00f3n de extensiones personalizadas. Se vende en paquetes y es perfecto para trenzado, cortinas cosidas a mano o para crear extensiones a medida como queratina o micro loops. Su flexibilidad [&hellip;]<\/p>\n","protected":false},"author":1,"featured_media":0,"parent":13850,"menu_order":1,"comment_status":"closed","ping_status":"closed","template":"","meta":{"_acf_changed":false,"_monsterinsights_skip_tracking":false,"_monsterinsights_sitenote_active":false,"_monsterinsights_sitenote_note":"","_monsterinsights_sitenote_category":0,"footnotes":""},"class_list":["post-13848","page","type-page","status-publish","hentry"],"acf":[],"_links":{"self":[{"href":"https:\/\/hairmagic.ee\/es\/wp-json\/wp\/v2\/pages\/13848","targetHints":{"allow":["GET"]}}],"collection":[{"href":"https:\/\/hairmagic.ee\/es\/wp-json\/wp\/v2\/pages"}],"about":[{"href":"https:\/\/hairmagic.ee\/es\/wp-json\/wp\/v2\/types\/page"}],"author":[{"embeddable":true,"href":"https:\/\/hairmagic.ee\/es\/wp-json\/wp\/v2\/users\/1"}],"replies":[{"embeddable":true,"href":"https:\/\/hairmagic.ee\/es\/wp-json\/wp\/v2\/comments?post=13848"}],"version-history":[{"count":3,"href":"https:\/\/hairmagic.ee\/es\/wp-json\/wp\/v2\/pages\/13848\/revisions"}],"predecessor-version":[{"id":14003,"href":"https:\/\/hairmagic.ee\/es\/wp-json\/wp\/v2\/pages\/13848\/revisions\/14003"}],"up":[{"embeddable":true,"href":"https:\/\/hairmagic.ee\/es\/wp-json\/wp\/v2\/pages\/13850"}],"wp:attachment":[{"href":"https:\/\/hairmagic.ee\/es\/wp-json\/wp\/v2\/media?parent=13848"}],"curies":[{"name":"wp","href":"https:\/\/api.w.org\/{rel}","templated":true}]}}