{"id":13850,"date":"2025-09-30T11:35:17","date_gmt":"2025-09-30T08:35:17","guid":{"rendered":"https:\/\/hairmagic.ee\/our-hair-extensions\/"},"modified":"2026-04-21T12:49:35","modified_gmt":"2026-04-21T09:49:35","slug":"our-hair-extensions","status":"publish","type":"page","link":"https:\/\/hairmagic.ee\/es\/our-hair-extensions\/","title":{"rendered":"Nuestras extensiones de cabello"},"content":{"rendered":"<div class=\"wpb-content-wrapper\"><p>[vc_row full_width=&#8221;stretch_row_content_no_spaces&#8221;][vc_column]<div class=\"banner-area banner-5b30bfb98f050 autoplay-true\"><div class=\"banner-social-buttons\"><div><a href=\"https:\/\/www.facebook.com\/profile.php?id=61566490043508\" target=\"_blank\"><i class=\"fab fa-facebook\"><\/i> <span>Facebook<\/span><\/a><a href=\"https:\/\/l.facebook.com\/l.php?u=https%3A%2F%2Fwww.instagram.com%2Fhairmagicproduction%3Figsh%3DY2xtMXhwNXg4emF5%26fbclid%3DIwZXh0bgNhZW0CMTAAAR18D3vYgp49ue0NhxOOoyX3EypRRv6PkT-ZlBD74N2zawclKkwwlR27vgE_aem_9vybVGtO17v26yRDQUZ9rg&#038;h=AT3yLhUvzl3LAWSXk6G-vetdixQpe56R6vNisOiLbQTuOgLqTSBBSFOW586eiZ_CxNN-BfErEBEcvqlHCyMZUBnDBz_JaX0Fx-0hNKaDqttztwkmaDf9vg7EsJ0zeDUKAZ3d0Q\" target=\"_blank\"><i class=\"fab fa-instagram\"><\/i> <span>Instagram<\/span><\/a><\/div><\/div><div class=\"banner  fixed-height navigation-style1\" style=\"height: 410px;\"><div class=\"item banner-item-69fb21305bc2a bottom white\" style=\"background-image: url(https:\/\/hairmagic.ee\/wp-content\/uploads\/2024\/10\/header-image-hairmagic-1.jpg);\"><div class=\"overlay\"><\/div><div class=\"container\"><div class=\"cell\"><div class=\"sub-h\">Caracter\u00edsticas<\/div><div class=\"h\">Extensiones de cabello fabricadas en Estonia<\/div><\/div><\/div><\/div><\/div><div class=\"slider-navigation slider-navigation-style1\">\r\n                    <div class=\"container\">\r\n                        <div class=\"count\"><\/div>\r\n                        <div class=\"line\"><div style=\"transition-duration: 5000ms;\"><\/div><\/div>\r\n                        <div class=\"arrows\">\r\n                            <div class=\"prev solid-arrow-collection-left-chevron-1\"><\/div>\r\n                            <div class=\"next solid-arrow-collection-right-chevron-1\"><\/div>\r\n                        <\/div>\r\n                    <\/div>\r\n                <\/div><\/div>[\/vc_column][\/vc_row][vc_row equal_height=&#8221;yes&#8221; css=&#8221;.vc_custom_1529923143630{padding-top: 85px !important;padding-bottom: 75px !important;}&#8221;][vc_column width=&#8221;1\/2&#8243; offset=&#8221;vc_col-lg-5&#8243; css=&#8221;.vc_custom_1529923170878{padding-top: 40px !important;padding-bottom: 10px !important;}&#8221;]<div class=\"pt-special-heading pt-special-heading-5b30c08237be9  wpb_animate_when_almost_visible wpb_fadeInLeft fadeInLeft tal decor-line-on-bottom\"><h6 class=\"sub-heading\">Caracter\u00edsticas<\/h6><h2 class=\"heading\">Por qu\u00e9 elegir las extensiones Hairmagic<\/h2><\/div>[vc_column_text css_animation=&#8221;fadeInLeft&#8221; css=&#8221;&#8221;]<\/p>\n<p data-start=\"0\" data-end=\"292\">Las extensiones de cabello Hairmagic Production est\u00e1n elaboradas con cabello eslavo 100% natural Remy de un solo donante. Gracias a nuestra producci\u00f3n interna controlada y a nuestra suave tecnolog\u00eda n\u00f3rdica de aclarado, el cabello conserva su estructura natural, elasticidad y textura sedosa.<\/p>\n<p data-start=\"294\" data-end=\"545\" data-is-last-node=\"\" data-is-only-node=\"\">Nuestras extensiones est\u00e1n desarrolladas para uso profesional, garantizando movimiento natural, resultados consistentes y durabilidad a largo plazo. Tambi\u00e9n son ideales para clientes exigentes que valoran la calidad, la comodidad y un aspecto natural.<\/p>\n<p><img fetchpriority=\"high\" decoding=\"async\" class=\"size-medium wp-image-13397\" src=\"https:\/\/hairmagic.ee\/wp-content\/uploads\/2026\/02\/Screenshot_20260214_125720_Instagram-300x300.jpg\" alt=\"Slaavi keratiinsalgud\" width=\"300\" height=\"300\" srcset=\"https:\/\/hairmagic.ee\/wp-content\/uploads\/2026\/02\/Screenshot_20260214_125720_Instagram-300x300.jpg 300w, https:\/\/hairmagic.ee\/wp-content\/uploads\/2026\/02\/Screenshot_20260214_125720_Instagram-1024x1024.jpg 1024w, https:\/\/hairmagic.ee\/wp-content\/uploads\/2026\/02\/Screenshot_20260214_125720_Instagram-150x150.jpg 150w, https:\/\/hairmagic.ee\/wp-content\/uploads\/2026\/02\/Screenshot_20260214_125720_Instagram-768x768.jpg 768w, https:\/\/hairmagic.ee\/wp-content\/uploads\/2026\/02\/Screenshot_20260214_125720_Instagram.jpg 1440w\" sizes=\"(max-width: 300px) 100vw, 300px\" \/><\/p>\n<p data-start=\"176\" data-end=\"508\"><strong>\u00bfQu\u00e9 hace que nuestro cabello sea diferente?<\/strong><\/p>\n<div class=\"\" data-turn-id-container=\"request-69dda19d-7674-8384-9de7-1fe83cb7f61a-52\" data-is-intersecting=\"true\">\n<section class=\"text-token-text-primary w-full focus:outline-none [--shadow-height:45px] has-data-writing-block:pointer-events-none has-data-writing-block:-mt-(--shadow-height) has-data-writing-block:pt-(--shadow-height) [&amp;:has([data-writing-block])&gt;*]:pointer-events-auto R6Vx5W_threadScrollVars scroll-mb-[calc(var(--scroll-root-safe-area-inset-bottom,0px)+var(--thread-response-height))] scroll-mt-[calc(var(--header-height)+min(200px,max(70px,20svh)))]\" dir=\"auto\" data-turn-id=\"request-69dda19d-7674-8384-9de7-1fe83cb7f61a-52\" data-testid=\"conversation-turn-158\" data-scroll-anchor=\"false\" data-turn=\"assistant\">\n<div class=\"text-base my-auto mx-auto pb-10 [--thread-content-margin:var(--thread-content-margin-xs,calc(var(--spacing)*4))] @w-sm\/main:[--thread-content-margin:var(--thread-content-margin-sm,calc(var(--spacing)*6))] @w-lg\/main:[--thread-content-margin:var(--thread-content-margin-lg,calc(var(--spacing)*16))] px-(--thread-content-margin)\">\n<div class=\"[--thread-content-max-width:40rem] @w-lg\/main:[--thread-content-max-width:48rem] mx-auto max-w-(--thread-content-max-width) flex-1 group\/turn-messages focus-visible:outline-hidden relative flex w-full min-w-0 flex-col agent-turn\">\n<div class=\"flex max-w-full flex-col gap-4 grow\">\n<div class=\"min-h-8 text-message relative flex w-full flex-col items-end gap-2 text-start break-words whitespace-normal outline-none keyboard-focused:focus-ring [.text-message+&amp;]:mt-1\" dir=\"auto\" tabindex=\"0\" data-message-author-role=\"assistant\" data-message-id=\"93ce5a53-b193-4c72-9246-b8ccd4cefceb\" data-message-model-slug=\"gpt-5-3\" data-turn-start-message=\"true\">\n<div class=\"flex w-full flex-col gap-1 empty:hidden\">\n<div class=\"markdown prose dark:prose-invert w-full wrap-break-word light markdown-new-styling\">\n<p data-start=\"0\" data-end=\"372\" data-is-last-node=\"\" data-is-only-node=\"\">\u2022 Calidad 100% Remy con alineaci\u00f3n de cut\u00edcula preservada<br data-start=\"57\" data-end=\"60\" \/>\u2022 Cabello de un solo donante para un movimiento natural y textura aut\u00e9ntica<br data-start=\"135\" data-end=\"138\" \/>\u2022 Procesamiento suave y tecnolog\u00eda de aclarado controlado<br data-start=\"195\" data-end=\"198\" \/>\u2022 Ligero de forma natural, suave y con textura sedosa<br data-start=\"251\" data-end=\"254\" \/>\u2022 Especialmente adecuado para cabellos europeos finos y claros<br data-start=\"316\" data-end=\"319\" \/>\u2022 Reutilizable y duradero en uso profesional en sal\u00f3n<\/p>\n<\/div>\n<\/div>\n<\/div>\n<\/div>\n<\/div>\n<\/div>\n<\/section>\n<\/div>\n<p data-start=\"1331\" data-end=\"1416\">Nuestro objetivo no es la producci\u00f3n en masa, sino la calidad controlada y la precisi\u00f3n en cada lote.<\/p>\n<p><img decoding=\"async\" class=\"size-medium wp-image-13125\" src=\"https:\/\/hairmagic.ee\/wp-content\/uploads\/2025\/10\/20241014_151325-300x201.jpg\" alt=\"Our hair\" width=\"300\" height=\"201\" srcset=\"https:\/\/hairmagic.ee\/wp-content\/uploads\/2025\/10\/20241014_151325-300x201.jpg 300w, https:\/\/hairmagic.ee\/wp-content\/uploads\/2025\/10\/20241014_151325-1024x685.jpg 1024w, https:\/\/hairmagic.ee\/wp-content\/uploads\/2025\/10\/20241014_151325-768x513.jpg 768w, https:\/\/hairmagic.ee\/wp-content\/uploads\/2025\/10\/20241014_151325-1536x1027.jpg 1536w, https:\/\/hairmagic.ee\/wp-content\/uploads\/2025\/10\/20241014_151325-2048x1369.jpg 2048w\" sizes=\"(max-width: 300px) 100vw, 300px\" \/><\/p>\n<p data-start=\"1331\" data-end=\"1416\"><strong>Disponible en m\u00faltiples m\u00e9todos de aplicaci\u00f3n<\/strong><\/p>\n<p data-start=\"0\" data-end=\"180\">Ofrecemos extensiones de cabello eslavo europeo en una variedad de sistemas de aplicaci\u00f3n, proporcionando soluciones flexibles para salones, distribuidores y clientes individuales:<\/p>\n<p data-start=\"182\" data-end=\"369\">\u2022 Extensiones adhesivas (tape-in)<br data-start=\"215\" data-end=\"218\" \/>\u2022 Extensiones de queratina<br data-start=\"244\" data-end=\"247\" \/>\u2022 Cortinas cosidas a mano<br data-start=\"272\" data-end=\"275\" \/>\u2022 Genius wefts<br data-start=\"289\" data-end=\"292\" \/>\u2022 Sets de clip-in<br data-start=\"309\" data-end=\"312\" \/>\u2022 Extensiones tipo coleta<br data-start=\"337\" data-end=\"340\" \/>\u2022 Soluciones personalizadas<\/p>\n<p data-start=\"371\" data-end=\"468\">La informaci\u00f3n detallada sobre cada m\u00e9todo se puede encontrar en las subp\u00e1ginas correspondientes.<\/p>\n<p data-start=\"470\" data-end=\"522\"><strong data-start=\"470\" data-end=\"522\">Dise\u00f1ado para profesionales y clientes exigentes<\/strong><\/p>\n<p data-start=\"524\" data-end=\"823\">Nuestras extensiones han sido desarrolladas en colaboraci\u00f3n con peluqueros y especialistas en extensiones. Las decisiones de producci\u00f3n, los tonos de color y las texturas se basan en la experiencia real en sal\u00f3n y en un conocimiento pr\u00e1ctico acumulado a lo largo de los a\u00f1os en la industria capilar.<\/p>\n<p data-start=\"825\" data-end=\"998\">Si buscas extensiones europeas premium en las que puedas confiar para tus clientes o para uso diario, las extensiones Hairmagic est\u00e1n creadas exactamente para ese prop\u00f3sito.<\/p>\n<p data-start=\"1000\" data-end=\"1038\"><strong data-start=\"1000\" data-end=\"1038\">Venta al por mayor y marca privada<\/strong><\/p>\n<p data-start=\"1040\" data-end=\"1200\">Ofrecemos suministro al por mayor y fabricaci\u00f3n de marca privada para salones, distribuidores y socios internacionales que buscan una producci\u00f3n europea fiable.<\/p>\n<p data-start=\"1202\" data-end=\"1369\">Todas las extensiones se fabrican internamente en Estonia, garantizando calidad constante, procesos controlados y una cooperaci\u00f3n a largo plazo basada en la confianza.<\/p>\n<p data-start=\"1371\" data-end=\"1464\" data-is-last-node=\"\" data-is-only-node=\"\">Para precios al por mayor, pedidos personalizados y colaboraciones, cont\u00e1ctanos directamente.<\/p>\n<p>[\/vc_column_text][vc_row_inner disable_element=&#8221;yes&#8221;][vc_column_inner width=&#8221;1\/2&#8243;]<div class=\"benefit-item icon-box-in-row benefit-item-5b30c1017d6c6  wpb_animate_when_almost_visible wpb_fadeInLeft fadeInLeft\"><div class=\"count\">280<\/div><div class=\"heading\"><div class=\"cell\">finished<br \/>\nphotosessions<\/div><\/div><\/div>[\/vc_column_inner][vc_column_inner width=&#8221;1\/2&#8243;]<div class=\"benefit-item icon-box-in-row benefit-item-5b30c11032cda  wpb_animate_when_almost_visible wpb_fadeInLeft fadeInLeft\"><div class=\"count\">132<\/div><div class=\"heading\"><div class=\"cell\">pounds<br \/>\nof equipment<\/div><\/div><\/div>[\/vc_column_inner][\/vc_row_inner][vc_row_inner disable_element=&#8221;yes&#8221;][vc_column_inner width=&#8221;1\/2&#8243;]<div class=\"benefit-item icon-box-in-row benefit-item-  wpb_animate_when_almost_visible wpb_fadeInLeft fadeInLeft\"><div class=\"count\">253<\/div><div class=\"heading\"><div class=\"cell\">happy<br \/>\nclients<\/div><\/div><\/div>[\/vc_column_inner][vc_column_inner width=&#8221;1\/2&#8243;]<div class=\"benefit-item icon-box-in-row benefit-item-  wpb_animate_when_almost_visible wpb_fadeInLeft fadeInLeft\"><div class=\"count\">192<\/div><div class=\"heading\"><div class=\"cell\">studio<br \/>\nsessions<\/div><\/div><\/div>[\/vc_column_inner][\/vc_row_inner][\/vc_column][vc_column css_animation=&#8221;fadeInRight&#8221; width=&#8221;1\/2&#8243; offset=&#8221;vc_col-lg-offset-1&#8243; el_class=&#8221;side-img&#8221; css=&#8221;.vc_custom_1728676651306{padding-bottom: 300px !important;background-image: url(https:\/\/hairmagic.ee\/wp-content\/uploads\/2024\/10\/slavic-hair-hairmagic.jpg?id=2060) !important;background-position: center !important;background-repeat: no-repeat !important;background-size: cover !important;}&#8221;][\/vc_column][\/vc_row]<\/p>\n<\/div>","protected":false},"excerpt":{"rendered":"<p>[vc_row full_width=&#8221;stretch_row_content_no_spaces&#8221;][vc_column][\/vc_column][\/vc_row][vc_row equal_height=&#8221;yes&#8221; css=&#8221;.vc_custom_1529923143630{padding-top: 85px !important;padding-bottom: 75px !important;}&#8221;][vc_column width=&#8221;1\/2&#8243; offset=&#8221;vc_col-lg-5&#8243; css=&#8221;.vc_custom_1529923170878{padding-top: 40px !important;padding-bottom: 10px !important;}&#8221;][vc_column_text css_animation=&#8221;fadeInLeft&#8221; css=&#8221;&#8221;] Las extensiones de cabello Hairmagic Production est\u00e1n elaboradas con cabello eslavo 100% natural Remy de un solo donante. Gracias a nuestra producci\u00f3n interna controlada y a nuestra suave tecnolog\u00eda n\u00f3rdica de aclarado, el cabello conserva su estructura natural, [&hellip;]<\/p>\n","protected":false},"author":1,"featured_media":0,"parent":0,"menu_order":0,"comment_status":"closed","ping_status":"closed","template":"","meta":{"_acf_changed":false,"_monsterinsights_skip_tracking":false,"_monsterinsights_sitenote_active":false,"_monsterinsights_sitenote_note":"","_monsterinsights_sitenote_category":0,"footnotes":""},"class_list":["post-13850","page","type-page","status-publish","hentry"],"acf":[],"_links":{"self":[{"href":"https:\/\/hairmagic.ee\/es\/wp-json\/wp\/v2\/pages\/13850","targetHints":{"allow":["GET"]}}],"collection":[{"href":"https:\/\/hairmagic.ee\/es\/wp-json\/wp\/v2\/pages"}],"about":[{"href":"https:\/\/hairmagic.ee\/es\/wp-json\/wp\/v2\/types\/page"}],"author":[{"embeddable":true,"href":"https:\/\/hairmagic.ee\/es\/wp-json\/wp\/v2\/users\/1"}],"replies":[{"embeddable":true,"href":"https:\/\/hairmagic.ee\/es\/wp-json\/wp\/v2\/comments?post=13850"}],"version-history":[{"count":2,"href":"https:\/\/hairmagic.ee\/es\/wp-json\/wp\/v2\/pages\/13850\/revisions"}],"predecessor-version":[{"id":13997,"href":"https:\/\/hairmagic.ee\/es\/wp-json\/wp\/v2\/pages\/13850\/revisions\/13997"}],"wp:attachment":[{"href":"https:\/\/hairmagic.ee\/es\/wp-json\/wp\/v2\/media?parent=13850"}],"curies":[{"name":"wp","href":"https:\/\/api.w.org\/{rel}","templated":true}]}}