{"id":13855,"date":"2024-10-11T15:37:16","date_gmt":"2024-10-11T12:37:16","guid":{"rendered":"https:\/\/hairmagic.ee\/slavic-hair\/"},"modified":"2026-04-21T12:40:43","modified_gmt":"2026-04-21T09:40:43","slug":"slavic-hair","status":"publish","type":"page","link":"https:\/\/hairmagic.ee\/es\/slavic-hair\/","title":{"rendered":"Cabello eslavo"},"content":{"rendered":"<div class=\"wpb-content-wrapper\"><p>[vc_row full_width=&#8221;stretch_row_content_no_spaces&#8221;][vc_column]<div class=\"banner-area banner-5b30bfb98f050 autoplay-true\"><div class=\"banner-social-buttons\"><div><a href=\"https:\/\/www.facebook.com\/profile.php?id=61566490043508\" target=\"_blank\"><i class=\"fab fa-facebook\"><\/i> <span>Facebook<\/span><\/a><a href=\"https:\/\/l.facebook.com\/l.php?u=https%3A%2F%2Fwww.instagram.com%2Fhairmagicproduction%3Figsh%3DY2xtMXhwNXg4emF5%26fbclid%3DIwZXh0bgNhZW0CMTAAAR18D3vYgp49ue0NhxOOoyX3EypRRv6PkT-ZlBD74N2zawclKkwwlR27vgE_aem_9vybVGtO17v26yRDQUZ9rg&#038;h=AT3yLhUvzl3LAWSXk6G-vetdixQpe56R6vNisOiLbQTuOgLqTSBBSFOW586eiZ_CxNN-BfErEBEcvqlHCyMZUBnDBz_JaX0Fx-0hNKaDqttztwkmaDf9vg7EsJ0zeDUKAZ3d0Q\" target=\"_blank\"><i class=\"fab fa-instagram\"><\/i> <span>Instagram<\/span><\/a><\/div><\/div><div class=\"banner  fixed-height navigation-style1\" style=\"height: 410px;\"><div class=\"item banner-item-69fb21404a344 bottom white\" style=\"background-image: url(https:\/\/hairmagic.ee\/wp-content\/uploads\/2024\/10\/header-image-hairmagic-1.jpg);\"><div class=\"overlay\"><\/div><div class=\"container\"><div class=\"cell\"><div class=\"sub-h\">Caracter\u00edsticas<\/div><div class=\"h\">Ventajas del cabello eslavo<\/div><\/div><\/div><\/div><\/div><div class=\"slider-navigation slider-navigation-style1\">\r\n                    <div class=\"container\">\r\n                        <div class=\"count\"><\/div>\r\n                        <div class=\"line\"><div style=\"transition-duration: 5000ms;\"><\/div><\/div>\r\n                        <div class=\"arrows\">\r\n                            <div class=\"prev solid-arrow-collection-left-chevron-1\"><\/div>\r\n                            <div class=\"next solid-arrow-collection-right-chevron-1\"><\/div>\r\n                        <\/div>\r\n                    <\/div>\r\n                <\/div><\/div>[\/vc_column][\/vc_row][vc_row equal_height=&#8221;yes&#8221; css=&#8221;.vc_custom_1529923143630{padding-top: 85px !important;padding-bottom: 75px !important;}&#8221;][vc_column width=&#8221;1\/2&#8243; offset=&#8221;vc_col-lg-5&#8243; css=&#8221;.vc_custom_1529923170878{padding-top: 40px !important;padding-bottom: 10px !important;}&#8221;]<div class=\"pt-special-heading pt-special-heading-5b30c08237be9  wpb_animate_when_almost_visible wpb_fadeInLeft fadeInLeft tal decor-line-on-bottom\"><h6 class=\"sub-heading\">Caracter\u00edsticas<\/h6><h2 class=\"heading\">Por qu\u00e9 elegir cabello eslavo<\/h2><\/div>[vc_column_text css_animation=&#8221;fadeInLeft&#8221; css=&#8221;&#8221;]<img fetchpriority=\"high\" decoding=\"async\" class=\"size-medium wp-image-13359\" src=\"https:\/\/hairmagic.ee\/wp-content\/uploads\/2026\/02\/InCollage_20251024_155619372-300x300.jpg\" alt=\"Eesti juuksed 2\" width=\"300\" height=\"300\" srcset=\"https:\/\/hairmagic.ee\/wp-content\/uploads\/2026\/02\/InCollage_20251024_155619372-300x300.jpg 300w, https:\/\/hairmagic.ee\/wp-content\/uploads\/2026\/02\/InCollage_20251024_155619372-1024x1024.jpg 1024w, https:\/\/hairmagic.ee\/wp-content\/uploads\/2026\/02\/InCollage_20251024_155619372-150x150.jpg 150w, https:\/\/hairmagic.ee\/wp-content\/uploads\/2026\/02\/InCollage_20251024_155619372-768x768.jpg 768w, https:\/\/hairmagic.ee\/wp-content\/uploads\/2026\/02\/InCollage_20251024_155619372-1536x1536.jpg 1536w, https:\/\/hairmagic.ee\/wp-content\/uploads\/2026\/02\/InCollage_20251024_155619372-2048x2048.jpg 2048w\" sizes=\"(max-width: 300px) 100vw, 300px\" \/><\/p>\n<p data-start=\"0\" data-end=\"270\">El cabello eslavo es considerado una de las materias primas m\u00e1s demandadas para extensiones de cabello Remy premium. El cabello eslavo europeo se valora por su textura fina, su movimiento natural y su excelente compatibilidad con una amplia variedad de tipos de cabello.<\/p>\n<p data-start=\"272\" data-end=\"434\" data-is-last-node=\"\" data-is-only-node=\"\">Procedente del este y norte de Europa, el cabello eslavo destaca por sus cualidades \u00fanicas, que se integran perfectamente con diferentes tipos de cabello natural.<\/p>\n<p data-start=\"0\" data-end=\"20\"><strong data-start=\"0\" data-end=\"20\">Caracter\u00edsticas:<\/strong><\/p>\n<ul>\n<li><strong data-start=\"22\" data-end=\"47\">Textura fina y suave:<\/strong> Fibras naturalmente finas con baja densidad de cut\u00edcula. Excelente alineaci\u00f3n de cut\u00edcula en cabello de calidad Remy.<\/li>\n<li><strong data-start=\"167\" data-end=\"197\">Tonos naturalmente claros:<\/strong> Con una gama de tonos naturalmente m\u00e1s claros \u2014como rubios, casta\u00f1os claros y cenizas suaves\u2014 el cabello eslavo requiere un procesamiento m\u00ednimo. Esto permite lograr colores vibrantes y duraderos, manteniendo la salud y el brillo natural del cabello. La pigmentaci\u00f3n clara reduce la necesidad de decoloraciones agresivas, preservando la integridad de la cut\u00edcula y el rendimiento a largo plazo.<\/li>\n<li><strong data-start=\"594\" data-end=\"623\">Durabilidad y longevidad:<\/strong> Gracias a su resistencia y al m\u00ednimo procesamiento qu\u00edmico, el cabello eslavo mantiene su calidad con el tiempo. Con el cuidado adecuado, estas extensiones pueden reutilizarse y peinarse repetidamente, convirti\u00e9ndose en una inversi\u00f3n duradera. En entornos profesionales de sal\u00f3n, las extensiones Remy de alta calidad pueden reutilizarse varias veces.<\/li>\n<li><strong data-start=\"976\" data-end=\"1011\">Opciones de peinado vers\u00e1tiles:<\/strong> Ya sea liso, ondulado o rizado, el cabello eslavo se adapta perfectamente a distintos estilos. Su textura natural facilita conseguir el resultado deseado con facilidad.<\/li>\n<\/ul>\n<p><strong>La elecci\u00f3n premium para extensiones<\/strong><\/p>\n<p><img decoding=\"async\" class=\"size-medium wp-image-13355\" src=\"https:\/\/hairmagic.ee\/wp-content\/uploads\/2026\/02\/InCollage_20251024_155444783-300x300.jpg\" alt=\"Eesti juuksed 1\" width=\"300\" height=\"300\" srcset=\"https:\/\/hairmagic.ee\/wp-content\/uploads\/2026\/02\/InCollage_20251024_155444783-300x300.jpg 300w, https:\/\/hairmagic.ee\/wp-content\/uploads\/2026\/02\/InCollage_20251024_155444783-1024x1024.jpg 1024w, https:\/\/hairmagic.ee\/wp-content\/uploads\/2026\/02\/InCollage_20251024_155444783-150x150.jpg 150w, https:\/\/hairmagic.ee\/wp-content\/uploads\/2026\/02\/InCollage_20251024_155444783-768x768.jpg 768w, https:\/\/hairmagic.ee\/wp-content\/uploads\/2026\/02\/InCollage_20251024_155444783-1536x1536.jpg 1536w, https:\/\/hairmagic.ee\/wp-content\/uploads\/2026\/02\/InCollage_20251024_155444783-2048x2048.jpg 2048w\" sizes=\"(max-width: 300px) 100vw, 300px\" \/><\/p>\n<div class=\"\" data-turn-id-container=\"request-69dda19d-7674-8384-9de7-1fe83cb7f61a-45\" data-is-intersecting=\"true\">\n<section class=\"text-token-text-primary w-full focus:outline-none [--shadow-height:45px] has-data-writing-block:pointer-events-none has-data-writing-block:-mt-(--shadow-height) has-data-writing-block:pt-(--shadow-height) [&amp;:has([data-writing-block])&gt;*]:pointer-events-auto R6Vx5W_threadScrollVars scroll-mb-[calc(var(--scroll-root-safe-area-inset-bottom,0px)+var(--thread-response-height))] scroll-mt-[calc(var(--header-height)+min(200px,max(70px,20svh)))]\" dir=\"auto\" data-turn-id=\"request-69dda19d-7674-8384-9de7-1fe83cb7f61a-45\" data-testid=\"conversation-turn-146\" data-scroll-anchor=\"false\" data-turn=\"assistant\">\n<div class=\"text-base my-auto mx-auto pb-10 [--thread-content-margin:var(--thread-content-margin-xs,calc(var(--spacing)*4))] @w-sm\/main:[--thread-content-margin:var(--thread-content-margin-sm,calc(var(--spacing)*6))] @w-lg\/main:[--thread-content-margin:var(--thread-content-margin-lg,calc(var(--spacing)*16))] px-(--thread-content-margin)\">\n<div class=\"[--thread-content-max-width:40rem] @w-lg\/main:[--thread-content-max-width:48rem] mx-auto max-w-(--thread-content-max-width) flex-1 group\/turn-messages focus-visible:outline-hidden relative flex w-full min-w-0 flex-col agent-turn\">\n<div class=\"flex max-w-full flex-col gap-4 grow\">\n<div class=\"min-h-8 text-message relative flex w-full flex-col items-end gap-2 text-start break-words whitespace-normal outline-none keyboard-focused:focus-ring [.text-message+&amp;]:mt-1\" dir=\"auto\" tabindex=\"0\" data-message-author-role=\"assistant\" data-message-id=\"8c54bf50-8f5a-42a6-b120-e83e349cb9f2\" data-message-model-slug=\"gpt-5-3\" data-turn-start-message=\"true\">\n<div class=\"flex w-full flex-col gap-1 empty:hidden\">\n<div class=\"markdown prose dark:prose-invert w-full wrap-break-word light markdown-new-styling\">\n<p data-start=\"0\" data-end=\"184\">Trabajamos exclusivamente con cabello eslavo 100% Remy de un solo donante. Todas las cut\u00edculas se mantienen alineadas para garantizar suavidad, m\u00ednimo enredo y un rendimiento duradero.<\/p>\n<p data-start=\"186\" data-end=\"451\">Nuestras extensiones de cabello eslavo se obtienen de forma \u00e9tica y se tratan con el m\u00e1ximo cuidado para preservar su integridad natural. Cada mech\u00f3n es seleccionado a mano para asegurar la m\u00e1s alta calidad, logrando una integraci\u00f3n perfecta y un resultado natural.<\/p>\n<p data-start=\"453\" data-end=\"659\" data-is-last-node=\"\" data-is-only-node=\"\">El cabello eslavo Remy ofrece una integraci\u00f3n superior, gran durabilidad y resultados naturales, lo que lo convierte en la opci\u00f3n preferida por especialistas en extensiones y salones premium en toda Europa.<\/p>\n<\/div>\n<\/div>\n<\/div>\n<\/div>\n<\/div>\n<\/div>\n<\/section>\n<\/div>\n<p><img decoding=\"async\" class=\"size-medium wp-image-13367\" src=\"https:\/\/hairmagic.ee\/wp-content\/uploads\/2026\/02\/20250221_112606-235x300.jpg\" alt=\"Eesti juuksed 3\" width=\"235\" height=\"300\" srcset=\"https:\/\/hairmagic.ee\/wp-content\/uploads\/2026\/02\/20250221_112606-235x300.jpg 235w, https:\/\/hairmagic.ee\/wp-content\/uploads\/2026\/02\/20250221_112606-802x1024.jpg 802w, https:\/\/hairmagic.ee\/wp-content\/uploads\/2026\/02\/20250221_112606-768x980.jpg 768w, https:\/\/hairmagic.ee\/wp-content\/uploads\/2026\/02\/20250221_112606-1204x1536.jpg 1204w, https:\/\/hairmagic.ee\/wp-content\/uploads\/2026\/02\/20250221_112606-1605x2048.jpg 1605w, https:\/\/hairmagic.ee\/wp-content\/uploads\/2026\/02\/20250221_112606-scaled.jpg 2006w\" sizes=\"(max-width: 235px) 100vw, 235px\" \/>[\/vc_column_text][vc_row_inner disable_element=&#8221;yes&#8221;][vc_column_inner width=&#8221;1\/2&#8243;]<div class=\"benefit-item icon-box-in-row benefit-item-5b30c1017d6c6  wpb_animate_when_almost_visible wpb_fadeInLeft fadeInLeft\"><div class=\"count\">280<\/div><div class=\"heading\"><div class=\"cell\">finished<br \/>\nphotosessions<\/div><\/div><\/div>[\/vc_column_inner][vc_column_inner width=&#8221;1\/2&#8243;]<div class=\"benefit-item icon-box-in-row benefit-item-5b30c11032cda  wpb_animate_when_almost_visible wpb_fadeInLeft fadeInLeft\"><div class=\"count\">132<\/div><div class=\"heading\"><div class=\"cell\">pounds<br \/>\nof equipment<\/div><\/div><\/div>[\/vc_column_inner][\/vc_row_inner][vc_row_inner disable_element=&#8221;yes&#8221;][vc_column_inner width=&#8221;1\/2&#8243;]<div class=\"benefit-item icon-box-in-row benefit-item-  wpb_animate_when_almost_visible wpb_fadeInLeft fadeInLeft\"><div class=\"count\">253<\/div><div class=\"heading\"><div class=\"cell\">happy<br \/>\nclients<\/div><\/div><\/div>[\/vc_column_inner][vc_column_inner width=&#8221;1\/2&#8243;]<div class=\"benefit-item icon-box-in-row benefit-item-  wpb_animate_when_almost_visible wpb_fadeInLeft fadeInLeft\"><div class=\"count\">192<\/div><div class=\"heading\"><div class=\"cell\">studio<br \/>\nsessions<\/div><\/div><\/div>[\/vc_column_inner][\/vc_row_inner][\/vc_column][vc_column css_animation=&#8221;fadeInRight&#8221; width=&#8221;1\/2&#8243; offset=&#8221;vc_col-lg-offset-1&#8243; el_class=&#8221;side-img&#8221; css=&#8221;.vc_custom_1728676651306{padding-bottom: 300px !important;background-image: url(https:\/\/hairmagic.ee\/wp-content\/uploads\/2024\/10\/slavic-hair-hairmagic.jpg?id=2060) !important;background-position: center !important;background-repeat: no-repeat !important;background-size: cover !important;}&#8221;][\/vc_column][\/vc_row]<\/p>\n<\/div>","protected":false},"excerpt":{"rendered":"<p>[vc_row full_width=&#8221;stretch_row_content_no_spaces&#8221;][vc_column][\/vc_column][\/vc_row][vc_row equal_height=&#8221;yes&#8221; css=&#8221;.vc_custom_1529923143630{padding-top: 85px !important;padding-bottom: 75px !important;}&#8221;][vc_column width=&#8221;1\/2&#8243; offset=&#8221;vc_col-lg-5&#8243; css=&#8221;.vc_custom_1529923170878{padding-top: 40px !important;padding-bottom: 10px !important;}&#8221;][vc_column_text css_animation=&#8221;fadeInLeft&#8221; css=&#8221;&#8221;] El cabello eslavo es considerado una de las materias primas m\u00e1s demandadas para extensiones de cabello Remy premium. El cabello eslavo europeo se valora por su textura fina, su movimiento natural y su excelente compatibilidad con una amplia [&hellip;]<\/p>\n","protected":false},"author":1,"featured_media":0,"parent":0,"menu_order":0,"comment_status":"closed","ping_status":"closed","template":"template-landing.php","meta":{"_acf_changed":false,"_monsterinsights_skip_tracking":false,"_monsterinsights_sitenote_active":false,"_monsterinsights_sitenote_note":"","_monsterinsights_sitenote_category":0,"footnotes":""},"class_list":["post-13855","page","type-page","status-publish","hentry"],"acf":[],"_links":{"self":[{"href":"https:\/\/hairmagic.ee\/es\/wp-json\/wp\/v2\/pages\/13855","targetHints":{"allow":["GET"]}}],"collection":[{"href":"https:\/\/hairmagic.ee\/es\/wp-json\/wp\/v2\/pages"}],"about":[{"href":"https:\/\/hairmagic.ee\/es\/wp-json\/wp\/v2\/types\/page"}],"author":[{"embeddable":true,"href":"https:\/\/hairmagic.ee\/es\/wp-json\/wp\/v2\/users\/1"}],"replies":[{"embeddable":true,"href":"https:\/\/hairmagic.ee\/es\/wp-json\/wp\/v2\/comments?post=13855"}],"version-history":[{"count":2,"href":"https:\/\/hairmagic.ee\/es\/wp-json\/wp\/v2\/pages\/13855\/revisions"}],"predecessor-version":[{"id":13994,"href":"https:\/\/hairmagic.ee\/es\/wp-json\/wp\/v2\/pages\/13855\/revisions\/13994"}],"wp:attachment":[{"href":"https:\/\/hairmagic.ee\/es\/wp-json\/wp\/v2\/media?parent=13855"}],"curies":[{"name":"wp","href":"https:\/\/api.w.org\/{rel}","templated":true}]}}