{"id":13864,"date":"2018-06-06T13:48:49","date_gmt":"2018-06-06T10:48:49","guid":{"rendered":"https:\/\/hairmagic.ee\/about-us\/"},"modified":"2026-04-14T05:34:32","modified_gmt":"2026-04-14T02:34:32","slug":"about-us","status":"publish","type":"page","link":"https:\/\/hairmagic.ee\/es\/about-us\/","title":{"rendered":"Sobre nosotros"},"content":{"rendered":"<div class=\"wpb-content-wrapper\"><p>[vc_row full_width=&#8221;stretch_row_content_no_spaces&#8221;][vc_column]<div class=\"banner-area banner-5b30bfb98f050 autoplay-true\"><div class=\"banner-social-buttons\"><div><a href=\"https:\/\/www.facebook.com\/profile.php?id=61566490043508\" target=\"_blank\"><i class=\"fab fa-facebook\"><\/i> <span>Facebook<\/span><\/a><a href=\"https:\/\/l.facebook.com\/l.php?u=https%3A%2F%2Fwww.instagram.com%2Fhairmagicproduction%3Figsh%3DY2xtMXhwNXg4emF5%26fbclid%3DIwZXh0bgNhZW0CMTAAAR18D3vYgp49ue0NhxOOoyX3EypRRv6PkT-ZlBD74N2zawclKkwwlR27vgE_aem_9vybVGtO17v26yRDQUZ9rg&#038;h=AT3yLhUvzl3LAWSXk6G-vetdixQpe56R6vNisOiLbQTuOgLqTSBBSFOW586eiZ_CxNN-BfErEBEcvqlHCyMZUBnDBz_JaX0Fx-0hNKaDqttztwkmaDf9vg7EsJ0zeDUKAZ3d0Q\" target=\"_blank\"><i class=\"fab fa-instagram\"><\/i> <span>Instagram<\/span><\/a><\/div><\/div><div class=\"banner  fixed-height navigation-style1\" style=\"height: 410px;\"><div class=\"item banner-item-69fb21209232c bottom white\" style=\"background-image: url(https:\/\/hairmagic.ee\/wp-content\/uploads\/2024\/10\/header-image-hairmagic-1.jpg);\"><div class=\"overlay\"><\/div><div class=\"container\"><div class=\"cell\"><div class=\"sub-h\">Caracter\u00edsticas<\/div><div class=\"h\">Hairmagic Production<\/div><\/div><\/div><\/div><\/div><div class=\"slider-navigation slider-navigation-style1\">\r\n                    <div class=\"container\">\r\n                        <div class=\"count\"><\/div>\r\n                        <div class=\"line\"><div style=\"transition-duration: 5000ms;\"><\/div><\/div>\r\n                        <div class=\"arrows\">\r\n                            <div class=\"prev solid-arrow-collection-left-chevron-1\"><\/div>\r\n                            <div class=\"next solid-arrow-collection-right-chevron-1\"><\/div>\r\n                        <\/div>\r\n                    <\/div>\r\n                <\/div><\/div>[\/vc_column][\/vc_row][vc_row equal_height=&#8221;yes&#8221; css=&#8221;.vc_custom_1529923143630{padding-top: 85px !important;padding-bottom: 75px !important;}&#8221;][vc_column width=&#8221;1\/2&#8243; offset=&#8221;vc_col-lg-5&#8243; css=&#8221;.vc_custom_1529923170878{padding-top: 40px !important;padding-bottom: 10px !important;}&#8221;]<div class=\"pt-special-heading pt-special-heading-5b30c08237be9  wpb_animate_when_almost_visible wpb_fadeInLeft fadeInLeft tal decor-line-on-bottom\"><h6 class=\"sub-heading\">Qui\u00e9nes somos<\/h6><h2 class=\"heading\">Sobre nosotros<\/h2><\/div>[vc_column_text css_animation=&#8221;fadeInLeft&#8221; css=&#8221;&#8221;]<\/p>\n<h3 data-start=\"53\" data-end=\"132\"><strong>\u00a1Bienvenido a la p\u00e1gina web de una f\u00e1brica de producci\u00f3n de cabello eslavo con sede en Tallin!<\/strong><\/h3>\n<p data-start=\"0\" data-end=\"259\">Hairmagic es un fabricante europeo de cabello eslavo con sede en Tallin, Estonia. Nos especializamos en el procesamiento de cabello eslavo 100% natural Remy de donante \u00fanico y en la producci\u00f3n de extensiones y productos capilares premium para uso profesional.<\/p>\n<p data-start=\"261\" data-end=\"503\">Todo el desarrollo, control de calidad y fabricaci\u00f3n se llevan a cabo localmente en nuestra propia planta de producci\u00f3n en Tallin, lo que garantiza transparencia, consistencia y est\u00e1ndares de producci\u00f3n controlados dentro de la Uni\u00f3n Europea.<\/p>\n<p data-start=\"505\" data-end=\"720\">Trabajamos exclusivamente con cabello de calidad Remy 100% natural de donante \u00fanico. Nuestra actividad abarca toda la cadena de valor: desde la materia prima sin tratar hasta mechones sueltos y productos terminados.<\/p>\n<p data-start=\"722\" data-end=\"765\" data-is-last-node=\"\" data-is-only-node=\"\">Todos los productos se fabrican en Estonia.<\/p>\n<p><img fetchpriority=\"high\" decoding=\"async\" class=\"size-medium wp-image-13306\" src=\"https:\/\/hairmagic.ee\/wp-content\/uploads\/2026\/02\/Krissu-kodukale-200x300.png\" alt=\"Kristiina Kalev\" width=\"200\" height=\"300\" srcset=\"https:\/\/hairmagic.ee\/wp-content\/uploads\/2026\/02\/Krissu-kodukale-200x300.png 200w, https:\/\/hairmagic.ee\/wp-content\/uploads\/2026\/02\/Krissu-kodukale-683x1024.png 683w, https:\/\/hairmagic.ee\/wp-content\/uploads\/2026\/02\/Krissu-kodukale-768x1152.png 768w, https:\/\/hairmagic.ee\/wp-content\/uploads\/2026\/02\/Krissu-kodukale.png 1024w\" sizes=\"(max-width: 200px) 100vw, 200px\" \/><\/p>\n<p data-start=\"0\" data-end=\"309\">Hairmagic fue fundada y est\u00e1 dirigida por <span class=\"hover:entity-accent entity-underline inline cursor-pointer align-baseline\"><span class=\"whitespace-normal\">Kristiina Kalev<\/span><\/span>, quien ha estado activa en la industria capilar desde 1999. Su amplia experiencia pr\u00e1ctica en peluquer\u00eda, trabajo en sal\u00f3n, tecnolog\u00edas de extensiones y desarrollo de productos ha creado una base s\u00f3lida para la producci\u00f3n actual.<\/p>\n<p data-start=\"311\" data-end=\"462\" data-is-last-node=\"\" data-is-only-node=\"\">Hairmagic es una empresa de producci\u00f3n independiente donde el desarrollo, el control de calidad y las decisiones de fabricaci\u00f3n se realizan localmente.<\/p>\n<hr \/>\n<h4><strong>Qu\u00e9 hacemos<\/strong><\/h4>\n<p><strong>Cabello eslavo y estonio sin tratar<\/strong><\/p>\n<p>Ofrecemos cabello eslavo natural sin tratar en sus tonos originales. La materia prima es adecuada para un procesamiento profesional posterior, coloraci\u00f3n y fabricaci\u00f3n de productos.<\/p>\n<p><strong>Mechones sueltos te\u00f1idos<\/strong><\/p>\n<p>Producimos mechones sueltos te\u00f1idos de alta calidad, incluidos rubios sedosos y tonos personalizados. Estos mechones son adecuados para fabricantes, profesionales del cabello y marcas que crean sus propias extensiones, pelucas u otros productos capilares.<\/p>\n<p><strong data-start=\"0\" data-end=\"39\" data-is-last-node=\"\" data-is-only-node=\"\">Fabricaci\u00f3n de productos terminados<\/strong><\/p>\n<p data-start=\"1631\" data-end=\"1713\">Fabricamos una amplia gama de productos terminados elaborados con cabello eslavo, incluyendo:<\/p>\n<ul>\n<li data-start=\"1715\" data-end=\"1737\">\n<p data-start=\"1717\" data-end=\"1737\">extensiones adhesivas (tape-in)<\/p>\n<\/li>\n<li data-start=\"1738\" data-end=\"1765\">\n<p data-start=\"1740\" data-end=\"1765\">extensiones de queratina<\/p>\n<\/li>\n<li data-start=\"1766\" data-end=\"1800\">\n<p data-start=\"1768\" data-end=\"1800\">cortinas cosidas a mano y genius wefts<\/p>\n<\/li>\n<li data-start=\"1801\" data-end=\"1817\">\n<p data-start=\"1803\" data-end=\"1817\">sets de clip-in<\/p>\n<\/li>\n<li data-start=\"1818\" data-end=\"1841\">\n<p data-start=\"1820\" data-end=\"1841\">extensiones tipo coleta<\/p>\n<\/li>\n<li data-start=\"1842\" data-end=\"1862\">\n<p data-start=\"1844\" data-end=\"1862\">pelucas y toppers<\/p>\n<\/li>\n<li data-start=\"1863\" data-end=\"1880\">\n<p data-start=\"1865\" data-end=\"1880\">pedidos personalizados<\/p>\n<\/li>\n<\/ul>\n<p data-start=\"1882\" data-end=\"1956\">Nuestros productos est\u00e1n desarrollados tanto para uso profesional como para clientes individuales, garantizando durabilidad y resultados naturales.<\/p>\n<hr \/>\n<h4><strong data-start=\"0\" data-end=\"23\" data-is-last-node=\"\" data-is-only-node=\"\">Nuestros principios<\/strong><\/h4>\n<p data-start=\"1982\" data-end=\"2183\">\u2022 Cabello eslavo 100% natural<\/p>\n<p data-start=\"1982\" data-end=\"2183\">\u2022 Calidad Remy y cabello de un solo donante<\/p>\n<p data-start=\"1982\" data-end=\"2183\">\u2022 Proceso de producci\u00f3n controlado<\/p>\n<p data-start=\"1982\" data-end=\"2183\">\u2022 Fabricaci\u00f3n local en Tallin, Uni\u00f3n Europea<\/p>\n<p data-start=\"1982\" data-end=\"2183\">\u2022 Colaboraci\u00f3n a largo plazo con profesionales<\/p>\n<p data-start=\"2185\" data-end=\"2381\">Hairmagic combina experiencia pr\u00e1ctica, conocimiento t\u00e9cnico y precisi\u00f3n est\u00e9tica para ofrecer materia prima de cabello eslavo premium y extensiones capilares tanto al mercado estonio como internacional.<\/p>\n<hr \/>\n<p>Trabajamos con profesionales que valoran la calidad, la estabilidad y una producci\u00f3n europea transparente.<\/p>\n<p><strong>Cont\u00e1ctanos para solicitar m\u00e1s informaci\u00f3n, precios o oportunidades de colaboraci\u00f3n.<\/strong>[\/vc_column_text][vc_row_inner disable_element=&#8221;yes&#8221;][vc_column_inner width=&#8221;1\/2&#8243;]<div class=\"benefit-item icon-box-in-row benefit-item-5b30c1017d6c6  wpb_animate_when_almost_visible wpb_fadeInLeft fadeInLeft\"><div class=\"count\">280<\/div><div class=\"heading\"><div class=\"cell\">finished<br \/>\nphotosessions<\/div><\/div><\/div>[\/vc_column_inner][vc_column_inner width=&#8221;1\/2&#8243;]<div class=\"benefit-item icon-box-in-row benefit-item-5b30c11032cda  wpb_animate_when_almost_visible wpb_fadeInLeft fadeInLeft\"><div class=\"count\">132<\/div><div class=\"heading\"><div class=\"cell\">pounds<br \/>\nof equipment<\/div><\/div><\/div>[\/vc_column_inner][\/vc_row_inner][vc_row_inner disable_element=&#8221;yes&#8221;][vc_column_inner width=&#8221;1\/2&#8243;]<div class=\"benefit-item icon-box-in-row benefit-item-  wpb_animate_when_almost_visible wpb_fadeInLeft fadeInLeft\"><div class=\"count\">253<\/div><div class=\"heading\"><div class=\"cell\">happy<br \/>\nclients<\/div><\/div><\/div>[\/vc_column_inner][vc_column_inner width=&#8221;1\/2&#8243;]<div class=\"benefit-item icon-box-in-row benefit-item-  wpb_animate_when_almost_visible wpb_fadeInLeft fadeInLeft\"><div class=\"count\">192<\/div><div class=\"heading\"><div class=\"cell\">studio<br \/>\nsessions<\/div><\/div><\/div>[\/vc_column_inner][\/vc_row_inner][\/vc_column][vc_column css_animation=&#8221;fadeInRight&#8221; width=&#8221;1\/2&#8243; offset=&#8221;vc_col-lg-offset-1&#8243; el_class=&#8221;side-img&#8221; css=&#8221;.vc_custom_1728581130539{padding-bottom: 300px !important;background-image: url(https:\/\/hairmagic.ee\/wp-content\/uploads\/2024\/10\/DSC4744-scaled.jpg?id=1985) !important;background-position: center !important;background-repeat: no-repeat !important;background-size: cover !important;}&#8221;][\/vc_column][\/vc_row][vc_row disable_element=&#8221;yes&#8221; css=&#8221;.vc_custom_1728236008031{padding-bottom: 55px !important;}&#8221;][vc_column]<div class=\"categories-grid row gap-on  wpb_animate_when_almost_visible wpb_fadeInUp fadeInUp\"><div class=\"categories-grid-item col-xs-12 col-sm-4 col-md-3\"><a href=\"#\" style=\"background-image: url(https:\/\/hairmagic.ee\/wp-content\/uploads\/2024\/10\/Example-hair-1-1024x1024.jpg);\" target=\"_self\"><span>make up<\/span><\/a><\/div><div class=\"categories-grid-item col-xs-12 col-sm-4 col-md-3\"><a href=\"#\" style=\"background-image: url(https:\/\/hairmagic.ee\/wp-content\/uploads\/2018\/06\/portrait2.jpg);\" target=\"_self\"><span>photography<\/span><\/a><\/div><div class=\"categories-grid-item col-xs-12 col-sm-4 col-md-3\"><a href=\"#\" style=\"background-image: url(https:\/\/hairmagic.ee\/wp-content\/uploads\/2018\/06\/portrait3.jpg);\" target=\"_self\"><span>hairstyling<\/span><\/a><\/div><div class=\"categories-grid-item col-xs-12 col-sm-4 col-md-3\"><a href=\"#\" style=\"background-image: url(https:\/\/hairmagic.ee\/wp-content\/uploads\/2018\/06\/portrait4.jpg);\" target=\"_self\"><span>screenwriting<\/span><\/a><\/div><\/div>[\/vc_column][\/vc_row][vc_row][vc_column]        <div class=\"project-grid-page\">\r\n            <div class=\"post-gallery-grid row popup-gallery\">\r\n                                                        \r\n                                                    <div class=\"col-xs-12 col-sm-4 col-md-3 grid popup-item\"><a href=\"https:\/\/hairmagic.ee\/wp-content\/uploads\/2024\/10\/DSC4795-scaled.jpg\" data-size=\"2560x1707\" style=\"background-image: url(https:\/\/hairmagic.ee\/wp-content\/uploads\/2024\/10\/DSC4795-scaled.jpg)\"><\/a><\/div>\r\n                        \r\n                                                        \r\n                                                    <div class=\"col-xs-12 col-sm-4 col-md-3 grid popup-item\"><a href=\"https:\/\/hairmagic.ee\/wp-content\/uploads\/2025\/10\/Screenshot_20250115_124758_Gallery.jpg\" data-size=\"1439x2545\" style=\"background-image: url(https:\/\/hairmagic.ee\/wp-content\/uploads\/2025\/10\/Screenshot_20250115_124758_Gallery.jpg)\"><\/a><\/div>\r\n                        \r\n                                                        \r\n                                                    <div class=\"col-xs-12 col-sm-4 col-md-3 grid popup-item\"><a href=\"https:\/\/hairmagic.ee\/wp-content\/uploads\/2025\/10\/Screenshot_20250115_125010_Gallery-1.jpg\" data-size=\"1440x2484\" style=\"background-image: url(https:\/\/hairmagic.ee\/wp-content\/uploads\/2025\/10\/Screenshot_20250115_125010_Gallery-1.jpg)\"><\/a><\/div>\r\n                        \r\n                                                        \r\n                                                    <div class=\"col-xs-12 col-sm-4 col-md-3 grid popup-item\"><a href=\"https:\/\/hairmagic.ee\/wp-content\/uploads\/2025\/10\/Screenshot_20250505_110219_Gallery.jpg\" data-size=\"1440x1008\" style=\"background-image: url(https:\/\/hairmagic.ee\/wp-content\/uploads\/2025\/10\/Screenshot_20250505_110219_Gallery.jpg)\"><\/a><\/div>\r\n                        \r\n                            <\/div>\r\n                    <\/div>\r\n        [\/vc_column][\/vc_row][vc_row css=&#8221;.vc_custom_1529927522457{padding-bottom: 30px !important;}&#8221;][vc_column css_animation=&#8221;fadeInLeft&#8221;]<div class=\"pt-special-heading pt-special-heading-5b30cbf95e9be  tal decor-line-on-bottom\"><h6 class=\"sub-heading\">Lo que dicen nuestros clientes<\/h6><h2 class=\"heading\">Testimonios<\/h2><\/div><div class=\"testimonials-type2 testimonials-5b30cc0a6026a style2 \"><div class=\"testimonial-item-type2\"><div class=\"h-i\"><span><\/span><span><\/span><span><\/span><span><\/span><\/div><div class=\"avatar\"><div style=\"background-image: url(https:\/\/hairmagic.ee\/wp-content\/uploads\/2026\/02\/Screenshot_20260213_231404_Instagram-241x300.jpg);\"><\/div><\/div><div class=\"quote\">As a hair professional, it is important for me that the material I use is high quality and durable.<br \/>\nWhen I install Hairmagic extensions, I know my clients will still be satisfied long after the appointment.<\/div><div class=\"bottom\"><h6>Maria Kanter<\/h6><div class=\"post\">Hair extension specialist<\/div><\/div><\/div><div class=\"testimonial-item-type2\"><div class=\"h-i\"><span><\/span><span><\/span><span><\/span><span><\/span><\/div><div class=\"avatar\"><div style=\"background-image: url(https:\/\/hairmagic.ee\/wp-content\/uploads\/2026\/02\/Screenshot_20260213_231634_Facebook-300x200.jpg);\"><\/div><\/div><div class=\"quote\">From the very first installation, you can feel the quality of true Slavic hair.<br \/>\nThe texture is silky and the final result looks natural and refined.<\/div><div class=\"bottom\"><h6>Annely Nimmer<\/h6><div class=\"post\">Hairdresser, colorist<\/div><\/div><\/div><div class=\"testimonial-item-type2\"><div class=\"h-i\"><span><\/span><span><\/span><span><\/span><span><\/span><\/div><div class=\"avatar\"><div style=\"background-image: url(https:\/\/hairmagic.ee\/wp-content\/uploads\/2026\/02\/Screenshot_20260213_231520_Instagram-240x300.jpg);\"><\/div><\/div><div class=\"quote\">It\u2019s always a pleasure working with Hairmagic.<br \/>\nThe wefts are consistently produced to a high standard and delivered with very short lead times.<\/div><div class=\"bottom\"><h6>Mariliis J\u00f5geva<\/h6><div class=\"post\">Singer, hairdresser, hair extension specialist<\/div><\/div><\/div><div class=\"testimonial-item-type2\"><div class=\"h-i\"><span><\/span><span><\/span><span><\/span><span><\/span><\/div><div class=\"avatar\"><div style=\"background-image: url(https:\/\/hairmagic.ee\/wp-content\/uploads\/2024\/10\/generic-4-300x275.png);\"><\/div><\/div><div class=\"quote\">I ordered halo extensions made from Estonian hair, and they turned out exactly as I had hoped \u2013 lightweight and comfortable.<br \/>\nI wear them every day \ud83d\ude42<\/div><div class=\"bottom\"><h6>Keidi Hein<\/h6><div class=\"post\">Designer<\/div><\/div><\/div><\/div>[\/vc_column][\/vc_row]<\/p>\n<\/div>","protected":false},"excerpt":{"rendered":"<p>[vc_row full_width=&#8221;stretch_row_content_no_spaces&#8221;][vc_column][\/vc_column][\/vc_row][vc_row equal_height=&#8221;yes&#8221; css=&#8221;.vc_custom_1529923143630{padding-top: 85px !important;padding-bottom: 75px !important;}&#8221;][vc_column width=&#8221;1\/2&#8243; offset=&#8221;vc_col-lg-5&#8243; css=&#8221;.vc_custom_1529923170878{padding-top: 40px !important;padding-bottom: 10px !important;}&#8221;][vc_column_text css_animation=&#8221;fadeInLeft&#8221; css=&#8221;&#8221;] \u00a1Bienvenido a la p\u00e1gina web de una f\u00e1brica de producci\u00f3n de cabello eslavo con sede en Tallin! Hairmagic es un fabricante europeo de cabello eslavo con sede en Tallin, Estonia. Nos especializamos en el procesamiento de cabello eslavo [&hellip;]<\/p>\n","protected":false},"author":1,"featured_media":0,"parent":0,"menu_order":0,"comment_status":"closed","ping_status":"closed","template":"template-landing.php","meta":{"_acf_changed":false,"_monsterinsights_skip_tracking":false,"_monsterinsights_sitenote_active":false,"_monsterinsights_sitenote_note":"","_monsterinsights_sitenote_category":0,"footnotes":""},"class_list":["post-13864","page","type-page","status-publish","hentry"],"acf":[],"_links":{"self":[{"href":"https:\/\/hairmagic.ee\/es\/wp-json\/wp\/v2\/pages\/13864","targetHints":{"allow":["GET"]}}],"collection":[{"href":"https:\/\/hairmagic.ee\/es\/wp-json\/wp\/v2\/pages"}],"about":[{"href":"https:\/\/hairmagic.ee\/es\/wp-json\/wp\/v2\/types\/page"}],"author":[{"embeddable":true,"href":"https:\/\/hairmagic.ee\/es\/wp-json\/wp\/v2\/users\/1"}],"replies":[{"embeddable":true,"href":"https:\/\/hairmagic.ee\/es\/wp-json\/wp\/v2\/comments?post=13864"}],"version-history":[{"count":6,"href":"https:\/\/hairmagic.ee\/es\/wp-json\/wp\/v2\/pages\/13864\/revisions"}],"predecessor-version":[{"id":13963,"href":"https:\/\/hairmagic.ee\/es\/wp-json\/wp\/v2\/pages\/13864\/revisions\/13963"}],"wp:attachment":[{"href":"https:\/\/hairmagic.ee\/es\/wp-json\/wp\/v2\/media?parent=13864"}],"curies":[{"name":"wp","href":"https:\/\/api.w.org\/{rel}","templated":true}]}}