{"id":12840,"date":"2025-10-08T10:10:53","date_gmt":"2025-10-08T07:10:53","guid":{"rendered":"https:\/\/hairmagic.ee\/?page_id=12840"},"modified":"2026-01-12T10:35:57","modified_gmt":"2026-01-12T07:35:57","slug":"ostame-juukseid","status":"publish","type":"page","link":"https:\/\/hairmagic.ee\/et\/ostame-juukseid\/","title":{"rendered":"Ostame juukseid"},"content":{"rendered":"<div class=\"wpb-content-wrapper\"><p>[vc_row css=&#8221;.vc_custom_1760509333376{padding-top: 130px !important;}&#8221;][vc_column][vc_column_text css=&#8221;&#8221;]<\/p>\n<h3><strong>JUUSTE ANNETAMINE JA KOKKUOST<\/strong><\/h3>\n<p>Ostame juukseid parukate valmistamiseks.<\/p>\n<p>Kui soovite enda pikad juuksed maha l\u00f5igata, \u00e4rge visake raha pr\u00fcgikasti, vaid m\u00fc\u00fcge v\u00f5i annetage see pats meile. L\u00f5ikust on v\u00f5imalik teostada ka meie esindussalongis &#8211; Cybercat ilusalong, Paldsiki mnt 3, Tallinn. L\u00f5ikuseks meie salongis saate aja broneerida helistades meie juuksurile 522 1515 (Irena).<\/p>\n<p>Ostame juukseid vastavalt nende kaalule hinnaga 0.20 \u2013 1.20 \u20ac \/ 1g. Juuste hind s\u00f5ltub nende v\u00e4limusest ja pikkusest. Rohkem hinnas on heledamad, pikemad ja v\u00e4hem kahjustatud juuksed.<\/p>\n<p>Parukate valmistamiseks sobivad ilusad ja terved juuksed, mis on v\u00e4hemalt 35 cm pikkused. Sobivad nii meeste, kui naiste omad, mis v\u00f5ivad olla nii v\u00e4rvitud, kui ka v\u00e4rvimata v\u00f5i hoopis hallid juuksed.<\/p>\n<p>Juuksed peavad olema patsikummiga kinnitatud enne l\u00f5ikamist nii, et k\u00f5ik patsis olevad karvad oleksid algse kasvusuunaga.<\/p>\n<p>Juuste ost toimub nii Cybercat salongis koha peal kui posti teel. Kui saadate meile pildi \u00e4ra l\u00f5igatud patsist, saame selle \u00e4ra hinnata ja raha saabub teieni panga\u00fclekandega. Postiga saab juuksed saata Tallinna Viru bussiterminali pakiautomaati (Omniva v\u00f5i DPD) tel. 50 86 806. M\u00e4rkige pakile kindlasti ka oma nimi ja kontaktandmed.<\/p>\n<p>Ait\u00e4h, et aitad aidata![\/vc_column_text][\/vc_column][\/vc_row][vc_row css=&#8221;.vc_custom_1760249798401{padding-top: 30px !important;padding-bottom: 30px !important;}&#8221;][vc_column width=&#8221;1\/4&#8243;][\/vc_column][vc_column width=&#8221;1\/2&#8243;]\n<div class=\"wpcf7 no-js\" id=\"wpcf7-f13222-o1\" lang=\"et\" dir=\"ltr\" data-wpcf7-id=\"13222\">\n<div class=\"screen-reader-response\"><p role=\"status\" aria-live=\"polite\" aria-atomic=\"true\"><\/p> <ul><\/ul><\/div>\n<form action=\"\/et\/wp-json\/wp\/v2\/pages\/12840#wpcf7-f13222-o1\" method=\"post\" class=\"wpcf7-form init\" aria-label=\"Contact form\" novalidate=\"novalidate\" data-status=\"init\">\n<fieldset class=\"hidden-fields-container\"><input type=\"hidden\" name=\"_wpcf7\" value=\"13222\" \/><input type=\"hidden\" name=\"_wpcf7_version\" value=\"6.1.2\" \/><input type=\"hidden\" name=\"_wpcf7_locale\" value=\"et\" \/><input type=\"hidden\" name=\"_wpcf7_unit_tag\" value=\"wpcf7-f13222-o1\" \/><input type=\"hidden\" name=\"_wpcf7_container_post\" value=\"0\" \/><input type=\"hidden\" name=\"_wpcf7_posted_data_hash\" value=\"\" \/>\n<\/fieldset>\n<div class=\"contact-form row\">\n\t<div class=\"col-xs-12 col-sm-6\">\n\t\t<p><label for=\"\">Nimi<\/label><span class=\"wpcf7-form-control-wrap\" data-name=\"f-name\"><input size=\"40\" maxlength=\"400\" class=\"wpcf7-form-control wpcf7-text style1\" aria-invalid=\"false\" value=\"\" type=\"text\" name=\"f-name\" \/><\/span>\n\t\t<\/p>\n\t<\/div>\n\t<div class=\"col-xs-12 col-sm-6\">\n\t\t<p><label for=\"\">E-posti aadress<\/label><span class=\"wpcf7-form-control-wrap\" data-name=\"f-mail\"><input size=\"40\" maxlength=\"400\" class=\"wpcf7-form-control wpcf7-text style1\" aria-invalid=\"false\" value=\"\" type=\"text\" name=\"f-mail\" \/><\/span>\n\t\t<\/p>\n\t<\/div>\n\t<div class=\"col-xs-12\">\n\t\t<p><label for=\"\">S\u00f5num<\/label><span class=\"wpcf7-form-control-wrap\" data-name=\"f-text\"><textarea cols=\"40\" rows=\"4\" maxlength=\"2000\" class=\"wpcf7-form-control wpcf7-textarea style1\" aria-invalid=\"false\" name=\"f-text\"><\/textarea><\/span>\n\t\t<\/p>\n\t<\/div>\n\t<div class=\"col-xs-12\">\n\t\t<p><label for=\"\">Lisa pildid<\/label><br \/>\n<span class=\"wpcf7-form-control-wrap\" data-name=\"mfile-field\"><input size=\"40\" class=\"wpcf7-form-control wpcf7-drag-n-drop-file d-none\" aria-invalid=\"false\" type=\"file\" multiple=\"multiple\" data-name=\"mfile-field\" data-limit=\"10000000\" data-id=\"13222\" data-version=\"free version 1.3.9.1\" accept=\".\" \/><\/span>\n\t\t<\/p>\n\t<\/div>\n\t<div class=\"col-xs-12\">\n\t\t<p><input class=\"wpcf7-form-control wpcf7-submit has-spinner button-style2\" type=\"submit\" value=\"Saada\" \/>\n\t\t<\/p>\n\t<\/div>\n<\/div><div class=\"wpcf7-response-output\" aria-hidden=\"true\"><\/div>\n<\/form>\n<\/div>\n[\/vc_column][vc_column width=&#8221;1\/4&#8243;][\/vc_column][\/vc_row]<\/p>\n<\/div>","protected":false},"excerpt":{"rendered":"<p>[vc_row css=&#8221;.vc_custom_1760509333376{padding-top: 130px !important;}&#8221;][vc_column][vc_column_text css=&#8221;&#8221;] JUUSTE ANNETAMINE JA KOKKUOST Ostame juukseid parukate valmistamiseks. Kui soovite enda pikad juuksed maha l\u00f5igata, \u00e4rge visake raha pr\u00fcgikasti, vaid m\u00fc\u00fcge v\u00f5i annetage see pats meile. L\u00f5ikust on v\u00f5imalik teostada ka meie esindussalongis &#8211; Cybercat ilusalong, Paldsiki mnt 3, Tallinn. L\u00f5ikuseks meie salongis saate aja broneerida helistades meie juuksurile 522 [&hellip;]<\/p>\n","protected":false},"author":1,"featured_media":0,"parent":0,"menu_order":0,"comment_status":"closed","ping_status":"closed","template":"template-landing.php","meta":{"_acf_changed":false,"_monsterinsights_skip_tracking":false,"_monsterinsights_sitenote_active":false,"_monsterinsights_sitenote_note":"","_monsterinsights_sitenote_category":0,"footnotes":""},"class_list":["post-12840","page","type-page","status-publish","hentry"],"acf":[],"_links":{"self":[{"href":"https:\/\/hairmagic.ee\/et\/wp-json\/wp\/v2\/pages\/12840","targetHints":{"allow":["GET"]}}],"collection":[{"href":"https:\/\/hairmagic.ee\/et\/wp-json\/wp\/v2\/pages"}],"about":[{"href":"https:\/\/hairmagic.ee\/et\/wp-json\/wp\/v2\/types\/page"}],"author":[{"embeddable":true,"href":"https:\/\/hairmagic.ee\/et\/wp-json\/wp\/v2\/users\/1"}],"replies":[{"embeddable":true,"href":"https:\/\/hairmagic.ee\/et\/wp-json\/wp\/v2\/comments?post=12840"}],"version-history":[{"count":14,"href":"https:\/\/hairmagic.ee\/et\/wp-json\/wp\/v2\/pages\/12840\/revisions"}],"predecessor-version":[{"id":13240,"href":"https:\/\/hairmagic.ee\/et\/wp-json\/wp\/v2\/pages\/12840\/revisions\/13240"}],"wp:attachment":[{"href":"https:\/\/hairmagic.ee\/et\/wp-json\/wp\/v2\/media?parent=12840"}],"curies":[{"name":"wp","href":"https:\/\/api.w.org\/{rel}","templated":true}]}}