{"id":12868,"date":"2025-10-08T10:05:41","date_gmt":"2025-10-08T07:05:41","guid":{"rendered":"https:\/\/hairmagic.ee\/?page_id=12868"},"modified":"2026-02-22T13:07:11","modified_gmt":"2026-02-22T10:07:11","slug":"parukad-ja-topperid","status":"publish","type":"page","link":"https:\/\/hairmagic.ee\/et\/parukad-ja-topperid\/","title":{"rendered":"Parukad ja topperid"},"content":{"rendered":"<div class=\"wpb-content-wrapper\"><p>[vc_row full_width=&#8221;stretch_row_content_no_spaces&#8221;][vc_column]<div class=\"banner-area banner-5b30bfb98f050 autoplay-true\"><div class=\"banner-social-buttons\"><div><a href=\"https:\/\/www.facebook.com\/profile.php?id=61566490043508\" target=\"_blank\"><i class=\"fab fa-facebook\"><\/i> <span>Facebook<\/span><\/a><a href=\"https:\/\/l.facebook.com\/l.php?u=https%3A%2F%2Fwww.instagram.com%2Fhairmagicproduction%3Figsh%3DY2xtMXhwNXg4emF5%26fbclid%3DIwZXh0bgNhZW0CMTAAAR18D3vYgp49ue0NhxOOoyX3EypRRv6PkT-ZlBD74N2zawclKkwwlR27vgE_aem_9vybVGtO17v26yRDQUZ9rg&#038;h=AT3yLhUvzl3LAWSXk6G-vetdixQpe56R6vNisOiLbQTuOgLqTSBBSFOW586eiZ_CxNN-BfErEBEcvqlHCyMZUBnDBz_JaX0Fx-0hNKaDqttztwkmaDf9vg7EsJ0zeDUKAZ3d0Q\" target=\"_blank\"><i class=\"fab fa-instagram\"><\/i> <span>Instagram<\/span><\/a><\/div><\/div><div class=\"banner  fixed-height navigation-style1\" style=\"height: 410px;\"><div class=\"item banner-item-69ec9838bfcf3 bottom white\" style=\"background-image: url(https:\/\/hairmagic.ee\/wp-content\/uploads\/2024\/10\/header-image-hairmagic-1.jpg);\"><div class=\"overlay\"><\/div><div class=\"container\"><div class=\"cell\"><div class=\"sub-h\">Naistele ja meestele<\/div><div class=\"h\">Parukad ja topperid<\/div><\/div><\/div><\/div><\/div><div class=\"slider-navigation slider-navigation-style1\">\r\n                    <div class=\"container\">\r\n                        <div class=\"count\"><\/div>\r\n                        <div class=\"line\"><div style=\"transition-duration: 5000ms;\"><\/div><\/div>\r\n                        <div class=\"arrows\">\r\n                            <div class=\"prev solid-arrow-collection-left-chevron-1\"><\/div>\r\n                            <div class=\"next solid-arrow-collection-right-chevron-1\"><\/div>\r\n                        <\/div>\r\n                    <\/div>\r\n                <\/div><\/div>[\/vc_column][\/vc_row][vc_row equal_height=&#8221;yes&#8221; css=&#8221;.vc_custom_1529923143630{padding-top: 85px !important;padding-bottom: 75px !important;}&#8221;][vc_column width=&#8221;1\/2&#8243; offset=&#8221;vc_col-lg-5&#8243; css=&#8221;.vc_custom_1529923170878{padding-top: 40px !important;padding-bottom: 10px !important;}&#8221;]<div class=\"pt-special-heading pt-special-heading-5b30c08237be9  wpb_animate_when_almost_visible wpb_fadeInLeft fadeInLeft tal decor-line-on-bottom\"><h6 class=\"sub-heading\">Tutvustame<\/h6><h2 class=\"heading\">Parukad ja topperid<\/h2><\/div>[vc_column_text css_animation=&#8221;fadeInLeft&#8221; css=&#8221;&#8221;]<img fetchpriority=\"high\" decoding=\"async\" class=\"wp-image-12871 \" style=\"font-weight: bold;\" src=\"https:\/\/hairmagic.ee\/wp-content\/uploads\/2025\/06\/Parukas-naine-kollaas.webp\" alt=\"Parukas-naine-kollaas\" width=\"292\" height=\"292\" \/><\/p>\n<h3>Individuaalselt valmistatud parukad ja topperid<\/h3>\n<p>Parukas ei ole pelgalt toode \u2013 see on sageli seotud millegi palju s\u00fcgavama: enesetunde, kindlustunde ja ilu taastamisega. Meie juures valmivad parukad ja topperid\u00a0 alati k\u00e4sit\u00f6\u00f6na ja armastusega, l\u00e4htudes iga inimese isiklikust vajadusest ja soovist. Olgu see meditsiinilise p\u00f5hjuse t\u00f5ttu v\u00f5i lihtsalt soov vahetada stiili \u2013 meie jaoks on oluline, et tulemus oleks loomulik, ilus ja mugav. Parukaid valmistatakse nii naistele, meestele kui ka lastele.<\/p>\n<p>Parukate, juukseproteeside ja topperite valmistamisel kasutame kvaliteetseid naturaalseid slaavi juukseid, millest suure osa oleme kogunud Eestis kohalikelt doonoritelt. Kohalik tooraine annab meie parukatele \u00e4\u00e4rmiselt naturaalse v\u00e4limuse. Slaavi juuksed on kergesti hooldatavad ja neid on t\u00f6\u00f6tlemata kujul saadaval kaunites heledates toonides, nagu blondid, heledad pruunid ja tuhkjad varjundid. Kuna juuksed vajavad minimaalselt t\u00f6\u00f6tlemist, s\u00e4ilitavad need oma loomuliku tervise ja s\u00e4ra, olles kauakestvad ka siis, kui neid vajadusel helestada v\u00f5i v\u00e4rvida.<\/p>\n<p>K\u00f5iki meie tooteid on v\u00f5imalik osta ka <strong>j\u00e4relmaksuga<\/strong>.<\/p>\n<p><img decoding=\"async\" class=\"size-medium wp-image-13560\" src=\"https:\/\/hairmagic.ee\/wp-content\/uploads\/2026\/02\/IMG_20260210_212603_436-300x300.webp\" alt=\"parukas\" width=\"300\" height=\"300\" srcset=\"https:\/\/hairmagic.ee\/wp-content\/uploads\/2026\/02\/IMG_20260210_212603_436-300x300.webp 300w, https:\/\/hairmagic.ee\/wp-content\/uploads\/2026\/02\/IMG_20260210_212603_436-1024x1024.webp 1024w, https:\/\/hairmagic.ee\/wp-content\/uploads\/2026\/02\/IMG_20260210_212603_436-150x150.webp 150w, https:\/\/hairmagic.ee\/wp-content\/uploads\/2026\/02\/IMG_20260210_212603_436-768x768.webp 768w, https:\/\/hairmagic.ee\/wp-content\/uploads\/2026\/02\/IMG_20260210_212603_436.webp 1440w\" sizes=\"(max-width: 300px) 100vw, 300px\" \/><\/p>\n<hr \/>\n<p><img decoding=\"async\" class=\"wp-image-12908 \" style=\"font-weight: bold;\" src=\"https:\/\/hairmagic.ee\/wp-content\/uploads\/2025\/06\/sotskindlustus_vapp_est_blue-01.jpg\" alt=\"sotskindlustus_vapp_est_blue-01\" width=\"439\" height=\"99\" \/><\/p>\n<p><strong>JUUKSEPROTEES<\/strong><\/p>\n<p>Valmistame individuaalseid pea m\u00f5\u00f5tude j\u00e4rgi valmistatud meditsiinilisi parukaid ja juukseproteese, mis sobivad ulatusliku juuksekao (n\u00e4iteks <em>alopecia areata<\/em>) korral. Meie parukad ja juukseprotesid on k\u00e4sit\u00f6\u00f6na Eestis valmistatud, pakkudes loomulikku ja mugavat tulemust igap\u00e4evaseks kandmiseks.<\/p>\n<p>Meie juures saab arstit\u00f5endi olemasolul kasutada parukate, juukseproteeside ja topperite ostmiseks riiklikku toetust. <strong>Riiklik 90%-line toetus taodeldakse l\u00e4bi sotsiaalkindlustusuameti (SKA).<\/strong><\/p>\n<p><strong style=\"font-size: 16px;\">Riiklik toetus<\/strong><\/p>\n<p>Kui vajad parukat tervislikel p\u00f5hjustel (n\u00e4iteks v\u00e4hiravi, alopeetsia vms), on v\u00f5imalik seda riikliku toetusega tellida. Selleks:<\/p>\n<p>V\u00f5ta \u00fchendust oma arstiga ja k\u00fcsi arstit\u00f5endit. Siis saad tulla meie juurde ja tellida oma paruka. Kui sa ei ole kindel, kuidas t\u00e4pselt see protsess k\u00e4ib, aitame sind samm-sammult ja n\u00f5ustame hea meelega.<\/p>\n<p>Kui sul on k\u00fcsimusi v\u00f5i soovid tulla konsultatsioonile, v\u00f5ta julgelt \u00fchendust. Iga lugu on erinev \u2013 ja meie eesm\u00e4rk on aidata sul tunda end j\u00e4lle iseendana.<\/p>\n<p>Alates 1. jaanuar 2025 on k\u00f5ikidel isikutel, kellel esineb\u00a0 ulatuslike kolletega v\u00f5i t\u00e4ielik alopeetsia v\u00f5i peanaha armistumisega seotud ulatuslik juuksetus (va juuste h\u00f5renemise ja androgeense alopeetsia korral) v\u00f5imalik saada juukseproteese ja parukaid riigipoolse soodustusega 90% juukseproteesi hinnast. H\u00fcvitise saamiseks v\u00f5ta \u00fchendust nahaarstiga ja k\u00fcsi arstit\u00f5endit juuste t\u00e4ieliku puudumise ehk alopeetsia kohta. Korduvt\u00f5endit v\u00e4ljastab ka perearst. Kui t\u00f5end k\u00e4es tulge meie salongi Tallinnas konsultatsioonile.<\/p>\n<p>Juukseproteesi v\u00f5i paruka vajaduse tuvastamise ja abivahendi t\u00f5endi v\u00e4ljastamise \u00f5igus ja p\u00e4devus on naha- ja suguhaiguste arstil (dermatoveneroloogil), kes on tuvastanud inimesel ulatuslike kolletega v\u00f5i t\u00e4ieliku alopeetsia v\u00f5i peanaha armistumisega seotud ulatusliku juuksetuse (v.a juuste h\u00f5renemine ja androgeenne alopeetsia). Korduva t\u00f5endi v\u00f5ib v\u00e4ljastada perearst. Riigi 90% soodustusega on v\u00f5imalik soetada kahe aasta jooksul \u00fcks juukseprotees v\u00f5i parukas.<\/p>\n<p><em>(https:\/\/sotsiaalkindlustusamet.ee\/puue-ja-hoolekanne\/abivahendid\/abivahendi-vajajale )<\/em><\/p>\n<hr \/>\n<p><img loading=\"lazy\" decoding=\"async\" class=\"size-full wp-image-12951\" src=\"https:\/\/hairmagic.ee\/wp-content\/uploads\/2025\/09\/InCollage_20250919_234531036-scaled.jpg\" alt=\"Paruka triibutamine\" width=\"2560\" height=\"2560\" srcset=\"https:\/\/hairmagic.ee\/wp-content\/uploads\/2025\/09\/InCollage_20250919_234531036-scaled.jpg 2560w, https:\/\/hairmagic.ee\/wp-content\/uploads\/2025\/09\/InCollage_20250919_234531036-300x300.jpg 300w, https:\/\/hairmagic.ee\/wp-content\/uploads\/2025\/09\/InCollage_20250919_234531036-1024x1024.jpg 1024w, https:\/\/hairmagic.ee\/wp-content\/uploads\/2025\/09\/InCollage_20250919_234531036-150x150.jpg 150w, https:\/\/hairmagic.ee\/wp-content\/uploads\/2025\/09\/InCollage_20250919_234531036-768x768.jpg 768w, https:\/\/hairmagic.ee\/wp-content\/uploads\/2025\/09\/InCollage_20250919_234531036-1536x1536.jpg 1536w, https:\/\/hairmagic.ee\/wp-content\/uploads\/2025\/09\/InCollage_20250919_234531036-2048x2048.jpg 2048w, https:\/\/hairmagic.ee\/wp-content\/uploads\/2025\/09\/InCollage_20250919_234531036-600x600.jpg 600w, https:\/\/hairmagic.ee\/wp-content\/uploads\/2025\/09\/InCollage_20250919_234531036-100x100.jpg 100w, https:\/\/hairmagic.ee\/wp-content\/uploads\/2025\/09\/InCollage_20250919_234531036-50x50.jpg 50w\" sizes=\"(max-width: 2560px) 100vw, 2560px\" \/><\/p>\n<p><strong>Personaalne l\u00e4henemine<\/strong><\/p>\n<p>Meie tugevuseks on t\u00e4iesti individuaalsed tellimused ning personaalne l\u00e4henemine \u2013 ei mingit masstoodangut. Kui tuled meie juurde, alustame sellest, et kuulame su \u00e4ra. R\u00e4\u00e4gime, mida sa vajad, mida ootad ning milline lahendus on sobivaim. Konsultatsioonid viiakse kliendile diskreetsuse tagamiseks l\u00e4bi privaatselt eraldi ruumis.<\/p>\n<p>Kui tellid meilt personaalse paruka, juukseproteesi v\u00f5i topperi, siis:<\/p>\n<ul>\n<li>Tallinna kesklinnas l\u00e4biviidava konsultatsiooni k\u00e4igus v\u00f5tame pea m\u00f5\u00f5dud. Kui kohale tulemine ei ole v\u00f5imalik, siis \u00f5petame, kuidas ise pead m\u00f5\u00f5ta;<\/li>\n<li>valmistame peast t\u00e4pse \u0161ablooni, mille j\u00e4rgi saab alusm\u00fctsi v\u00f5i v\u00f5rkp\u00f5hja teha;<\/li>\n<li>valime koos sobiva juuksepikkuse, v\u00e4rvi, struktuuri ja vajadusel teeme ka toonimised v\u00f5i triibutamised;<\/li>\n<li>parukad valmistame Eestis k\u00e4sit\u00f6\u00f6na, s\u00f5lmides juuksekarvad \u00fckshaaval parukav\u00f5rgule, tagamaks v\u00f5imalikult loomuliku tulemuse;<\/li>\n<li>kasutame personaalselt kohandatud hingavaid ja mugavaid parukap\u00f5hjasid, millele on vajadusel lisatud PU-\u00e4\u00e4r, siidikiht (<em>silk lace<\/em>), eesmine v\u00f5rk (<em>front lace<\/em>), monofilament v\u00f5rk v\u00f5i HD-v\u00f5rk, kummipaelad suuruse muutmiseks.V\u00f5imalik on tellida ka t\u00e4ielikult PU-ga kaetud p\u00f5hjaga parukaid (vaakumparukas);<\/li>\n<li>anname alati kaasa ka mannekeenipea paruka hoidmiseks ja juhised hoolduseks ning paigalduseks;<\/li>\n<li>parukate valmistamisel kasutame naturaalseid slaavi juukseid.<\/li>\n<li><strong>NB! V\u00f5imalik on ka kasutada kliendilt endalt varasemalt mahal\u00f5igatud juukseid. <\/strong>Kui sul on teada, et juuksed langevad kindlasti tulevikus (nt ravi tagaj\u00e4rjel) v\u00e4lja, siis on m\u00f5istlik oma juuksed juba ennatlikult tulevase paruka tarbeks \u00e4ra l\u00f5igata.<\/li>\n<li><strong>Paruka v\u00f5i topperi valmistamine v\u00f5tab aega 1,5 \u2013 3 kuud, <\/strong>seega on m\u00f5istlik parukas tellida v\u00f5imalikult vara \u00e4ra, juhul, kui selle vajadus on ette teada. Siis saab vajaduse tekkides juba kiiremini seda kandma hakata.<\/li>\n<li>meie juurest on v\u00f5imalik kaasa osta spetisaalseid parukatele m\u00f5eldud tooteid \u2013 hooldusvahendid, parukaliimid ja -teibid.<\/li>\n<\/ul>\n<p><img loading=\"lazy\" decoding=\"async\" class=\"size-medium wp-image-13564\" src=\"https:\/\/hairmagic.ee\/wp-content\/uploads\/2026\/02\/InCollage_20260128_190000363-300x300.jpg\" alt=\"parukas\" width=\"300\" height=\"300\" srcset=\"https:\/\/hairmagic.ee\/wp-content\/uploads\/2026\/02\/InCollage_20260128_190000363-300x300.jpg 300w, https:\/\/hairmagic.ee\/wp-content\/uploads\/2026\/02\/InCollage_20260128_190000363-1024x1024.jpg 1024w, https:\/\/hairmagic.ee\/wp-content\/uploads\/2026\/02\/InCollage_20260128_190000363-150x150.jpg 150w, https:\/\/hairmagic.ee\/wp-content\/uploads\/2026\/02\/InCollage_20260128_190000363-768x768.jpg 768w, https:\/\/hairmagic.ee\/wp-content\/uploads\/2026\/02\/InCollage_20260128_190000363-1536x1536.jpg 1536w, https:\/\/hairmagic.ee\/wp-content\/uploads\/2026\/02\/InCollage_20260128_190000363-2048x2048.jpg 2048w\" sizes=\"(max-width: 300px) 100vw, 300px\" \/><\/p>\n<p><strong>Parukate hind<\/strong> s\u00f5ltub juuste pikkusest:<\/p>\n<ul>\n<li>kuni 30 cm 1850\u20ac<\/li>\n<li>40 &#8211; 50 cm 1900\u20ac<\/li>\n<li>51 &#8211; 60 cm 2000\u20ac<\/li>\n<li>61 &#8211; 70 cm 2200\u20ac<\/li>\n<li>71 &#8211; 80 cm 2500\u20ac<\/li>\n<\/ul>\n<p><strong>Parukalahendused teatritele ja produktsioonidele<\/strong><\/p>\n<p data-start=\"954\" data-end=\"1060\">Hairmagic Production valmistab parukaid professionaalseks kasutuseks <strong>teatrites<\/strong>, <strong>filmides<\/strong> ja lavastustes. Valmistame parukaid <strong>cosplay<\/strong>-artistidele, grimmeerijatele, kost\u00fc\u00fcmikunstnikele ning teatri- ja filmiproduktsioonidele.<\/p>\n<p data-start=\"1062\" data-end=\"1235\">Iga parukas s\u00fcnnib koost\u00f6\u00f6s tellijaga, arvestades visuaalset ideed, ajastut, karakterit ja tehnilisi n\u00f5udeid. Parukad kohandatakse vastavalt rollile, karakterile ja kandmistingimustele. V\u00f5imalik on tellida nii loomuliku v\u00e4limusega kui ka stiliseeritud ja karakterip\u00f5hiseid lahendusi.<\/p>\n<p data-start=\"1237\" data-end=\"1360\">Tugev konstruktsioon, kindel kinnituss\u00fcsteem ja kvaliteetne juuksematerjal tagavad vastupidavuse ka intensiivsel kasutusel.<\/p>\n<p data-start=\"1237\" data-end=\"1360\">Oleme avatud koost\u00f6\u00f6le produktsiooniettev\u00f5tete, teatrite ja kost\u00fc\u00fcmiosakondadega.<\/p>\n<p><img loading=\"lazy\" decoding=\"async\" class=\"size-medium wp-image-13568\" src=\"https:\/\/hairmagic.ee\/wp-content\/uploads\/2026\/02\/InCollage_20251215_132335191-300x300.jpg\" alt=\"cosplay\" width=\"300\" height=\"300\" srcset=\"https:\/\/hairmagic.ee\/wp-content\/uploads\/2026\/02\/InCollage_20251215_132335191-300x300.jpg 300w, https:\/\/hairmagic.ee\/wp-content\/uploads\/2026\/02\/InCollage_20251215_132335191-1024x1024.jpg 1024w, https:\/\/hairmagic.ee\/wp-content\/uploads\/2026\/02\/InCollage_20251215_132335191-150x150.jpg 150w, https:\/\/hairmagic.ee\/wp-content\/uploads\/2026\/02\/InCollage_20251215_132335191-768x768.jpg 768w, https:\/\/hairmagic.ee\/wp-content\/uploads\/2026\/02\/InCollage_20251215_132335191-1536x1536.jpg 1536w, https:\/\/hairmagic.ee\/wp-content\/uploads\/2026\/02\/InCollage_20251215_132335191-2048x2048.jpg 2048w\" sizes=\"(max-width: 300px) 100vw, 300px\" \/><\/p>\n<p><img loading=\"lazy\" decoding=\"async\" class=\"size-medium wp-image-13572\" src=\"https:\/\/hairmagic.ee\/wp-content\/uploads\/2026\/02\/InCollage_20251215_132455891-300x300.jpg\" alt=\"cosplay\" width=\"300\" height=\"300\" srcset=\"https:\/\/hairmagic.ee\/wp-content\/uploads\/2026\/02\/InCollage_20251215_132455891-300x300.jpg 300w, https:\/\/hairmagic.ee\/wp-content\/uploads\/2026\/02\/InCollage_20251215_132455891-1024x1024.jpg 1024w, https:\/\/hairmagic.ee\/wp-content\/uploads\/2026\/02\/InCollage_20251215_132455891-150x150.jpg 150w, https:\/\/hairmagic.ee\/wp-content\/uploads\/2026\/02\/InCollage_20251215_132455891-768x768.jpg 768w, https:\/\/hairmagic.ee\/wp-content\/uploads\/2026\/02\/InCollage_20251215_132455891-1536x1536.jpg 1536w, https:\/\/hairmagic.ee\/wp-content\/uploads\/2026\/02\/InCollage_20251215_132455891-2048x2048.jpg 2048w\" sizes=\"(max-width: 300px) 100vw, 300px\" \/><\/p>\n<hr \/>\n<p><img loading=\"lazy\" decoding=\"async\" class=\"wp-image-12884 \" style=\"font-weight: bold;\" src=\"https:\/\/hairmagic.ee\/wp-content\/uploads\/2025\/06\/Parukas-remont.jpg\" alt=\"Parukas-remont\" width=\"201\" height=\"373\" \/><\/p>\n<p><strong>Parukate hooldus ja parandusteenused<\/strong><\/p>\n<p>Lisaks valmistamisele pakume ka:<\/p>\n<ul>\n<li>parukate hooldust: Paruka pesemine, vormi taastamine ja juuste v\u00e4rskendamine;<\/li>\n<li>parukate parandust: Kahjustatud v\u00f5i kulunud kohtade parandamine, remont, asendamine v\u00f5i juuste lisamine;<\/li>\n<\/ul>\n<p><img loading=\"lazy\" decoding=\"async\" class=\"size-medium wp-image-13556\" src=\"https:\/\/hairmagic.ee\/wp-content\/uploads\/2026\/02\/InCollage_20260127_160216374-300x300.jpg\" alt=\"remont\" width=\"300\" height=\"300\" srcset=\"https:\/\/hairmagic.ee\/wp-content\/uploads\/2026\/02\/InCollage_20260127_160216374-300x300.jpg 300w, https:\/\/hairmagic.ee\/wp-content\/uploads\/2026\/02\/InCollage_20260127_160216374-1024x1024.jpg 1024w, https:\/\/hairmagic.ee\/wp-content\/uploads\/2026\/02\/InCollage_20260127_160216374-150x150.jpg 150w, https:\/\/hairmagic.ee\/wp-content\/uploads\/2026\/02\/InCollage_20260127_160216374-768x768.jpg 768w, https:\/\/hairmagic.ee\/wp-content\/uploads\/2026\/02\/InCollage_20260127_160216374-1536x1536.jpg 1536w, https:\/\/hairmagic.ee\/wp-content\/uploads\/2026\/02\/InCollage_20260127_160216374-2048x2048.jpg 2048w\" sizes=\"(max-width: 300px) 100vw, 300px\" \/><\/p>\n<hr \/>\n<p><img loading=\"lazy\" decoding=\"async\" class=\"size-full wp-image-12955\" src=\"https:\/\/hairmagic.ee\/wp-content\/uploads\/2025\/09\/InCollage_20250817_140320656-scaled.jpg\" alt=\"Naiste topper-enne ja p\u00e4rast\" width=\"2560\" height=\"2560\" srcset=\"https:\/\/hairmagic.ee\/wp-content\/uploads\/2025\/09\/InCollage_20250817_140320656-scaled.jpg 2560w, https:\/\/hairmagic.ee\/wp-content\/uploads\/2025\/09\/InCollage_20250817_140320656-300x300.jpg 300w, https:\/\/hairmagic.ee\/wp-content\/uploads\/2025\/09\/InCollage_20250817_140320656-1024x1024.jpg 1024w, https:\/\/hairmagic.ee\/wp-content\/uploads\/2025\/09\/InCollage_20250817_140320656-150x150.jpg 150w, https:\/\/hairmagic.ee\/wp-content\/uploads\/2025\/09\/InCollage_20250817_140320656-768x768.jpg 768w, https:\/\/hairmagic.ee\/wp-content\/uploads\/2025\/09\/InCollage_20250817_140320656-1536x1536.jpg 1536w, https:\/\/hairmagic.ee\/wp-content\/uploads\/2025\/09\/InCollage_20250817_140320656-2048x2048.jpg 2048w, https:\/\/hairmagic.ee\/wp-content\/uploads\/2025\/09\/InCollage_20250817_140320656-600x600.jpg 600w, https:\/\/hairmagic.ee\/wp-content\/uploads\/2025\/09\/InCollage_20250817_140320656-100x100.jpg 100w, https:\/\/hairmagic.ee\/wp-content\/uploads\/2025\/09\/InCollage_20250817_140320656-50x50.jpg 50w\" sizes=\"(max-width: 2560px) 100vw, 2560px\" \/><\/p>\n<p><strong>Naiste topper<\/strong><\/p>\n<p>Naiste topper on hea lahendus, kui t\u00e4isparukas on liiast, kuid oma juustel j\u00e4\u00e4b pealmisel kihil tihedust v\u00f5i vol\u00fc\u00fcmi puudu. Topper kinnitatakse clip-in klambrite v\u00f5i juuksel\u00f5ksudega enda juustesse nii, et see katab juuste pealmise kihi, kuid alumised juuksed j\u00e4\u00e4vad vabaks. Topperit on lihtne igap\u00e4evaselt ise paigaldada ja eemaldada. Kuna me valmistame topperid igale kliendile personaalselt valitud juustest, siis on seda v\u00e4ga mugav kanda ja soengusse s\u00e4ttida. Eritellimusel valminud topper \u00fchildub ideaalselt enda loomulike juustega. Vajadusel teostame l\u00f5ikuse v\u00f5i juuste v\u00e4rvimise koos topperiga.<\/p>\n<p><strong>Naiste topperite hind<\/strong> j\u00e4\u00e4b 500 &#8211; 750\u20ac vahele.<\/p>\n<hr \/>\n<p><img loading=\"lazy\" decoding=\"async\" class=\"wp-image-12905 \" style=\"font-weight: bold;\" src=\"https:\/\/hairmagic.ee\/wp-content\/uploads\/2025\/06\/InCollage_20250528_184808491.jpg\" alt=\"Topper-man\" width=\"324\" height=\"324\" \/><\/p>\n<p><strong>MEESTELE<\/strong>, kes on m\u00e4rganud pealael juuste h\u00f5renemist v\u00f5i kiilasp\u00e4isust, pakume loomuliku v\u00e4limusega liimitavaid toppereid, mis taastavad juuksepinna visuaalselt kiiresti ja m\u00e4rkamatult. Topper on diskreetne lahendus, mis annab tagasi enesekindluse \u2013 ilma kirurgilise sekkumiseta. \u00d5igesti paigaldatuna on see ohutu ja t\u00e4iesti eristamatu p\u00e4ris oma juustest.<\/p>\n<div dir=\"auto\">\n<p>Meie valikus on naturaalsetest juustest topperid, mis kinnitatakse spetsiaalse meditsiinilise liimi v\u00f5i teibiga otse peanahale. Topper sulandub sujuvalt olemasolevate juustega ja p\u00fcsib kindlalt kuni j\u00e4rgmise hoolduseni.<\/p>\n<\/div>\n<ul>\n<li dir=\"auto\">topper paigaldatakse puhastatud ja kaitsvate ainetega eelt\u00f6\u00f6deldud peanahale spetsiaalse liimi v\u00f5i teibiga;<\/li>\n<li dir=\"auto\">iga paigaldus sisaldab alati ka sobivat l\u00f5ikust ja viimistlust, et tulemus oleks loomulik ja isikup\u00e4rane;<\/li>\n<li dir=\"auto\">soovitame igap\u00e4evaseks kandmiseks v\u00e4hemalt kahte topperit \u2013 nii saab \u00fche hooldusse j\u00e4tta ja teise kohe asemele panna;<\/li>\n<li dir=\"auto\">hooldusintervall on keskmiselt iga 3\u20136 n\u00e4dala tagant, olenevalt kandja naha ja eluviisi erip\u00e4radest;<\/li>\n<li dir=\"auto\">topperit ei eemaldata iga p\u00e4ev \u2013 see j\u00e4\u00e4b p\u00e4he kuni hoolduseni;<\/li>\n<li dir=\"auto\">kandmine on mugav, kui j\u00e4rgida hooldussoovitusi;<\/li>\n<li dir=\"auto\">topper ei ole igavene \u2013 tavaliselt kestab see 6\u201312 kuud, s\u00f5ltuvalt hooldusest ja kasutamisest;<\/li>\n<li dir=\"auto\">paigaldust ja eemaldamist peaks tegema professionaal, et kaitsta oma peanahka ja tagada parim tulemus.<\/li>\n<\/ul>\n<div dir=\"auto\">Soovid teada, kas topper sobib ka sulle? V\u00f5ta meiega \u00fchendust ja broneeri isiklik konsultatsioon, kus hindame olukorda ja selgitame erinevad v\u00f5imalused. Aitame valida sobiva suurusega topperi, juuste v\u00e4rvi ja l\u00f5ikuse.<\/div>\n<div dir=\"auto\"><\/div>\n<div dir=\"auto\"><strong>Meeste topperite hind<\/strong> j\u00e4\u00e4b 300 &#8211; 750\u20ac vahele.<\/div>\n<div dir=\"auto\"><\/div>\n<hr \/>\n<p>&nbsp;<\/p>\n<p>&nbsp;<\/p>\n<hr \/>\n<p>[\/vc_column_text][vc_row_inner disable_element=&#8221;yes&#8221;][vc_column_inner width=&#8221;1\/2&#8243;]<div class=\"benefit-item icon-box-in-row benefit-item-5b30c1017d6c6  wpb_animate_when_almost_visible wpb_fadeInLeft fadeInLeft\"><div class=\"count\">280<\/div><div class=\"heading\"><div class=\"cell\">finished<br \/>\nphotosessions<\/div><\/div><\/div>[\/vc_column_inner][vc_column_inner width=&#8221;1\/2&#8243;]<div class=\"benefit-item icon-box-in-row benefit-item-5b30c11032cda  wpb_animate_when_almost_visible wpb_fadeInLeft fadeInLeft\"><div class=\"count\">132<\/div><div class=\"heading\"><div class=\"cell\">pounds<br \/>\nof equipment<\/div><\/div><\/div>[\/vc_column_inner][\/vc_row_inner][vc_row_inner disable_element=&#8221;yes&#8221;][vc_column_inner width=&#8221;1\/2&#8243;]<div class=\"benefit-item icon-box-in-row benefit-item-  wpb_animate_when_almost_visible wpb_fadeInLeft fadeInLeft\"><div class=\"count\">253<\/div><div class=\"heading\"><div class=\"cell\">happy<br \/>\nclients<\/div><\/div><\/div>[\/vc_column_inner][vc_column_inner width=&#8221;1\/2&#8243;]<div class=\"benefit-item icon-box-in-row benefit-item-  wpb_animate_when_almost_visible wpb_fadeInLeft fadeInLeft\"><div class=\"count\">192<\/div><div class=\"heading\"><div class=\"cell\">studio<br \/>\nsessions<\/div><\/div><\/div>[\/vc_column_inner][\/vc_row_inner][\/vc_column][vc_column css_animation=&#8221;fadeInRight&#8221; width=&#8221;1\/2&#8243; offset=&#8221;vc_col-lg-offset-1&#8243; el_class=&#8221;side-img&#8221; css=&#8221;.vc_custom_1728676651306{padding-bottom: 300px !important;background-image: url(https:\/\/hairmagic.ee\/wp-content\/uploads\/2024\/10\/slavic-hair-hairmagic.jpg?id=2060) !important;background-position: center !important;background-repeat: no-repeat !important;background-size: cover !important;}&#8221;][\/vc_column][\/vc_row]<\/p>\n<\/div>","protected":false},"excerpt":{"rendered":"<p>[vc_row full_width=&#8221;stretch_row_content_no_spaces&#8221;][vc_column][\/vc_column][\/vc_row][vc_row equal_height=&#8221;yes&#8221; css=&#8221;.vc_custom_1529923143630{padding-top: 85px !important;padding-bottom: 75px !important;}&#8221;][vc_column width=&#8221;1\/2&#8243; offset=&#8221;vc_col-lg-5&#8243; css=&#8221;.vc_custom_1529923170878{padding-top: 40px !important;padding-bottom: 10px !important;}&#8221;][vc_column_text css_animation=&#8221;fadeInLeft&#8221; css=&#8221;&#8221;] Individuaalselt valmistatud parukad ja topperid Parukas ei ole pelgalt toode \u2013 see on sageli seotud millegi palju s\u00fcgavama: enesetunde, kindlustunde ja ilu taastamisega. Meie juures valmivad parukad ja topperid\u00a0 alati k\u00e4sit\u00f6\u00f6na ja armastusega, l\u00e4htudes iga inimese isiklikust vajadusest [&hellip;]<\/p>\n","protected":false},"author":1,"featured_media":0,"parent":0,"menu_order":0,"comment_status":"closed","ping_status":"closed","template":"template-landing.php","meta":{"_acf_changed":false,"_monsterinsights_skip_tracking":false,"_monsterinsights_sitenote_active":false,"_monsterinsights_sitenote_note":"","_monsterinsights_sitenote_category":0,"footnotes":""},"class_list":["post-12868","page","type-page","status-publish","hentry"],"acf":[],"_links":{"self":[{"href":"https:\/\/hairmagic.ee\/et\/wp-json\/wp\/v2\/pages\/12868","targetHints":{"allow":["GET"]}}],"collection":[{"href":"https:\/\/hairmagic.ee\/et\/wp-json\/wp\/v2\/pages"}],"about":[{"href":"https:\/\/hairmagic.ee\/et\/wp-json\/wp\/v2\/types\/page"}],"author":[{"embeddable":true,"href":"https:\/\/hairmagic.ee\/et\/wp-json\/wp\/v2\/users\/1"}],"replies":[{"embeddable":true,"href":"https:\/\/hairmagic.ee\/et\/wp-json\/wp\/v2\/comments?post=12868"}],"version-history":[{"count":28,"href":"https:\/\/hairmagic.ee\/et\/wp-json\/wp\/v2\/pages\/12868\/revisions"}],"predecessor-version":[{"id":13581,"href":"https:\/\/hairmagic.ee\/et\/wp-json\/wp\/v2\/pages\/12868\/revisions\/13581"}],"wp:attachment":[{"href":"https:\/\/hairmagic.ee\/et\/wp-json\/wp\/v2\/media?parent=12868"}],"curies":[{"name":"wp","href":"https:\/\/api.w.org\/{rel}","templated":true}]}}