{"id":13014,"date":"2025-09-30T11:35:17","date_gmt":"2025-09-30T08:35:17","guid":{"rendered":"https:\/\/hairmagic.ee\/our-hair\/"},"modified":"2026-02-14T14:06:07","modified_gmt":"2026-02-14T11:06:07","slug":"juuksepikendused","status":"publish","type":"page","link":"https:\/\/hairmagic.ee\/et\/juuksepikendused\/","title":{"rendered":"Juuksepikendused"},"content":{"rendered":"<div class=\"wpb-content-wrapper\"><p>[vc_row full_width=&#8221;stretch_row_content_no_spaces&#8221;][vc_column]<div class=\"banner-area banner-5b30bfb98f050 autoplay-true\"><div class=\"banner-social-buttons\"><div><a href=\"https:\/\/www.facebook.com\/profile.php?id=61566490043508\" target=\"_blank\"><i class=\"fab fa-facebook\"><\/i> <span>Facebook<\/span><\/a><a href=\"https:\/\/l.facebook.com\/l.php?u=https%3A%2F%2Fwww.instagram.com%2Fhairmagicproduction%3Figsh%3DY2xtMXhwNXg4emF5%26fbclid%3DIwZXh0bgNhZW0CMTAAAR18D3vYgp49ue0NhxOOoyX3EypRRv6PkT-ZlBD74N2zawclKkwwlR27vgE_aem_9vybVGtO17v26yRDQUZ9rg&#038;h=AT3yLhUvzl3LAWSXk6G-vetdixQpe56R6vNisOiLbQTuOgLqTSBBSFOW586eiZ_CxNN-BfErEBEcvqlHCyMZUBnDBz_JaX0Fx-0hNKaDqttztwkmaDf9vg7EsJ0zeDUKAZ3d0Q\" target=\"_blank\"><i class=\"fab fa-instagram\"><\/i> <span>Instagram<\/span><\/a><\/div><\/div><div class=\"banner  fixed-height navigation-style1\" style=\"height: 410px;\"><div class=\"item banner-item-69db7a817bfe0 bottom white\" style=\"background-image: url(https:\/\/hairmagic.ee\/wp-content\/uploads\/2024\/10\/header-image-hairmagic-1.jpg);\"><div class=\"overlay\"><\/div><div class=\"container\"><div class=\"cell\"><div class=\"sub-h\">Featuring<\/div><div class=\"h\">Meie juuksepikendused<\/div><\/div><\/div><\/div><\/div><div class=\"slider-navigation slider-navigation-style1\">\r\n                    <div class=\"container\">\r\n                        <div class=\"count\"><\/div>\r\n                        <div class=\"line\"><div style=\"transition-duration: 5000ms;\"><\/div><\/div>\r\n                        <div class=\"arrows\">\r\n                            <div class=\"prev solid-arrow-collection-left-chevron-1\"><\/div>\r\n                            <div class=\"next solid-arrow-collection-right-chevron-1\"><\/div>\r\n                        <\/div>\r\n                    <\/div>\r\n                <\/div><\/div>[\/vc_column][\/vc_row][vc_row equal_height=&#8221;yes&#8221; css=&#8221;.vc_custom_1529923143630{padding-top: 85px !important;padding-bottom: 75px !important;}&#8221;][vc_column width=&#8221;1\/2&#8243; offset=&#8221;vc_col-lg-5&#8243; css=&#8221;.vc_custom_1529923170878{padding-top: 40px !important;padding-bottom: 10px !important;}&#8221;]<div class=\"pt-special-heading pt-special-heading-5b30c08237be9  wpb_animate_when_almost_visible wpb_fadeInLeft fadeInLeft tal decor-line-on-bottom\"><h6 class=\"sub-heading\">Features<\/h6><h2 class=\"heading\">Miks valida meie juuksed<\/h2><\/div>[vc_column_text css_animation=&#8221;fadeInLeft&#8221; css=&#8221;&#8221;]<\/p>\n<h3 data-start=\"83\" data-end=\"130\">Hairmagic Production juuksepikendused \u2013 valmistatud Eestis<\/h3>\n<p data-start=\"265\" data-end=\"519\">Hairmagic juuksepikendused on valmistatud 100% naturaalsest remi kvaliteediga <em>single donor<\/em> slaavi juustest. T\u00e4nu kontrollitud tootmisprotsessile ja \u00f5rnale helestamistehnoloogiale s\u00e4ilitavad juuksed oma loomuliku struktuuri, elastsuse ja siidise tekstuuri.<\/p>\n<p><img fetchpriority=\"high\" decoding=\"async\" class=\"size-medium wp-image-13396\" src=\"https:\/\/hairmagic.ee\/wp-content\/uploads\/2026\/02\/Screenshot_20260214_125720_Instagram-300x300.jpg\" alt=\"Slaavi keratiinsalgud\" width=\"300\" height=\"300\" srcset=\"https:\/\/hairmagic.ee\/wp-content\/uploads\/2026\/02\/Screenshot_20260214_125720_Instagram-300x300.jpg 300w, https:\/\/hairmagic.ee\/wp-content\/uploads\/2026\/02\/Screenshot_20260214_125720_Instagram-1024x1024.jpg 1024w, https:\/\/hairmagic.ee\/wp-content\/uploads\/2026\/02\/Screenshot_20260214_125720_Instagram-150x150.jpg 150w, https:\/\/hairmagic.ee\/wp-content\/uploads\/2026\/02\/Screenshot_20260214_125720_Instagram-768x768.jpg 768w, https:\/\/hairmagic.ee\/wp-content\/uploads\/2026\/02\/Screenshot_20260214_125720_Instagram.jpg 1440w\" sizes=\"(max-width: 300px) 100vw, 300px\" \/><\/p>\n<p data-start=\"521\" data-end=\"758\">Meie pikendused on loodud professionaalseks kasutuseks \u2013 tagades loomuliku langevuse, \u00fchtlase tulemuse ja pikaajalise vastupidavuse. Need sobivad n\u00f5udlikule l\u00f5pptarbijale, kes hindab kvaliteeti, mugavust ja naturaalset v\u00e4limust.<\/p>\n<p data-start=\"521\" data-end=\"758\"><strong>Mis eristab meie juukseid?<\/strong><\/p>\n<ul data-start=\"796\" data-end=\"1122\">\n<li data-start=\"796\" data-end=\"841\">\n<p data-start=\"798\" data-end=\"841\">100% remi kvaliteet ja s\u00e4ilinud kutiikul<\/p>\n<\/li>\n<li data-start=\"842\" data-end=\"896\">\n<p data-start=\"844\" data-end=\"896\">Single donor juuksed \u2013 loomulik liikuvus ja tekstuur<\/p>\n<\/li>\n<li data-start=\"897\" data-end=\"952\">\n<p data-start=\"899\" data-end=\"952\">\u00d5rn t\u00f6\u00f6tlemine ja kontrollitud helestamistehnoloogia<\/p>\n<\/li>\n<li data-start=\"953\" data-end=\"1002\">\n<p data-start=\"955\" data-end=\"1002\">Loomulikult kerge, pehme ja siidine tunne<\/p>\n<\/li>\n<li data-start=\"1003\" data-end=\"1064\">\n<p data-start=\"1005\" data-end=\"1064\">Sobivad eriti h\u00e4sti peenemale ja heledamale juukset\u00fc\u00fcbile<\/p>\n<\/li>\n<li data-start=\"1065\" data-end=\"1122\">\n<p data-start=\"1067\" data-end=\"1122\">Taaskasutatavad ja vastupidavad professionaalses t\u00f6\u00f6s<\/p>\n<\/li>\n<\/ul>\n<p data-start=\"1124\" data-end=\"1217\">Meie eesm\u00e4rk ei ole mass-tootmine, vaid kontrollitud kvaliteet ja detailit\u00e4psus igas partiis.<\/p>\n<p data-start=\"1124\" data-end=\"1217\"><strong>Saadaval erinevates kinnitustehnoloogiates<\/strong><\/p>\n<p data-start=\"1271\" data-end=\"1406\">Pakume slaavi juuksepikendusi mitmete erinevate kinnitustega, et leida sobiv lahendus nii salongidele kui ka individuaalsetele klientidele:<\/p>\n<ul data-start=\"1408\" data-end=\"1570\">\n<li data-start=\"1408\" data-end=\"1423\">\n<p data-start=\"1410\" data-end=\"1423\">Teipsalgud<\/p>\n<\/li>\n<li data-start=\"1424\" data-end=\"1446\">\n<p data-start=\"1426\" data-end=\"1446\">Keratiinpikendused<\/p>\n<\/li>\n<li data-start=\"1447\" data-end=\"1491\">\n<p data-start=\"1449\" data-end=\"1491\">K\u00e4sitsi punutud tressid<\/p>\n<\/li>\n<li data-start=\"1492\" data-end=\"1507\">\n<p data-start=\"1494\" data-end=\"1507\">Genius tressid<\/p>\n<\/li>\n<li data-start=\"1508\" data-end=\"1530\">\n<p data-start=\"1510\" data-end=\"1530\">Clip-in komplektid<\/p>\n<\/li>\n<li data-start=\"1531\" data-end=\"1544\">\n<p data-start=\"1533\" data-end=\"1544\">Ponisabad<\/p>\n<\/li>\n<li data-start=\"1545\" data-end=\"1570\">\n<p data-start=\"1547\" data-end=\"1570\">Eritellimuslahendused<\/p>\n<\/li>\n<\/ul>\n<p data-start=\"1572\" data-end=\"1642\">Iga kinnitust\u00fc\u00fcbi kohta leiad t\u00e4psema info vastavalt alamlehelt.<\/p>\n<p data-start=\"1696\" data-end=\"1901\"><strong>Professionaalidele ja n\u00f5udlikutele klientidele<\/strong><\/p>\n<p data-start=\"1696\" data-end=\"1901\">Meie juuksed on loodud koost\u00f6\u00f6s juuksurite ja pikenduste spetsialistidega. Tootmisotsused, v\u00e4rvitoonid ja tekstuurid p\u00f5hinevad reaalsel salongikogemusel ning pikaajalisel praktilisel t\u00f6\u00f6l juuksevaldkonnas.<\/p>\n<p data-start=\"1903\" data-end=\"2074\">Kui otsid kvaliteetseid juuksepikendusi, mida saad oma klientidele kindlustundega paigaldada v\u00f5i pikendusi, mida kannad ise igap\u00e4evaselt, siis Hairmagic juuksepikendused on loodud just selleks.<\/p>\n<p>[\/vc_column_text][vc_row_inner disable_element=&#8221;yes&#8221;][vc_column_inner width=&#8221;1\/2&#8243;]<div class=\"benefit-item icon-box-in-row benefit-item-5b30c1017d6c6  wpb_animate_when_almost_visible wpb_fadeInLeft fadeInLeft\"><div class=\"count\">280<\/div><div class=\"heading\"><div class=\"cell\">finished<br \/>\nphotosessions<\/div><\/div><\/div>[\/vc_column_inner][vc_column_inner width=&#8221;1\/2&#8243;]<div class=\"benefit-item icon-box-in-row benefit-item-5b30c11032cda  wpb_animate_when_almost_visible wpb_fadeInLeft fadeInLeft\"><div class=\"count\">132<\/div><div class=\"heading\"><div class=\"cell\">pounds<br \/>\nof equipment<\/div><\/div><\/div>[\/vc_column_inner][\/vc_row_inner][vc_row_inner disable_element=&#8221;yes&#8221;][vc_column_inner width=&#8221;1\/2&#8243;]<div class=\"benefit-item icon-box-in-row benefit-item-  wpb_animate_when_almost_visible wpb_fadeInLeft fadeInLeft\"><div class=\"count\">253<\/div><div class=\"heading\"><div class=\"cell\">happy<br \/>\nclients<\/div><\/div><\/div>[\/vc_column_inner][vc_column_inner width=&#8221;1\/2&#8243;]<div class=\"benefit-item icon-box-in-row benefit-item-  wpb_animate_when_almost_visible wpb_fadeInLeft fadeInLeft\"><div class=\"count\">192<\/div><div class=\"heading\"><div class=\"cell\">studio<br \/>\nsessions<\/div><\/div><\/div>[\/vc_column_inner][\/vc_row_inner][\/vc_column][vc_column css_animation=&#8221;fadeInRight&#8221; width=&#8221;1\/2&#8243; offset=&#8221;vc_col-lg-offset-1&#8243; el_class=&#8221;side-img&#8221; css=&#8221;.vc_custom_1728676651306{padding-bottom: 300px !important;background-image: url(https:\/\/hairmagic.ee\/wp-content\/uploads\/2024\/10\/slavic-hair-hairmagic.jpg?id=2060) !important;background-position: center !important;background-repeat: no-repeat !important;background-size: cover !important;}&#8221;][\/vc_column][\/vc_row]<\/p>\n<\/div>","protected":false},"excerpt":{"rendered":"<p>[vc_row full_width=&#8221;stretch_row_content_no_spaces&#8221;][vc_column][\/vc_column][\/vc_row][vc_row equal_height=&#8221;yes&#8221; css=&#8221;.vc_custom_1529923143630{padding-top: 85px !important;padding-bottom: 75px !important;}&#8221;][vc_column width=&#8221;1\/2&#8243; offset=&#8221;vc_col-lg-5&#8243; css=&#8221;.vc_custom_1529923170878{padding-top: 40px !important;padding-bottom: 10px !important;}&#8221;][vc_column_text css_animation=&#8221;fadeInLeft&#8221; css=&#8221;&#8221;] Hairmagic Production juuksepikendused \u2013 valmistatud Eestis Hairmagic juuksepikendused on valmistatud 100% naturaalsest remi kvaliteediga single donor slaavi juustest. T\u00e4nu kontrollitud tootmisprotsessile ja \u00f5rnale helestamistehnoloogiale s\u00e4ilitavad juuksed oma loomuliku struktuuri, elastsuse ja siidise tekstuuri. Meie pikendused on loodud professionaalseks [&hellip;]<\/p>\n","protected":false},"author":1,"featured_media":0,"parent":0,"menu_order":0,"comment_status":"closed","ping_status":"closed","template":"","meta":{"_acf_changed":false,"_monsterinsights_skip_tracking":false,"_monsterinsights_sitenote_active":false,"_monsterinsights_sitenote_note":"","_monsterinsights_sitenote_category":0,"footnotes":""},"class_list":["post-13014","page","type-page","status-publish","hentry"],"acf":[],"_links":{"self":[{"href":"https:\/\/hairmagic.ee\/et\/wp-json\/wp\/v2\/pages\/13014","targetHints":{"allow":["GET"]}}],"collection":[{"href":"https:\/\/hairmagic.ee\/et\/wp-json\/wp\/v2\/pages"}],"about":[{"href":"https:\/\/hairmagic.ee\/et\/wp-json\/wp\/v2\/types\/page"}],"author":[{"embeddable":true,"href":"https:\/\/hairmagic.ee\/et\/wp-json\/wp\/v2\/users\/1"}],"replies":[{"embeddable":true,"href":"https:\/\/hairmagic.ee\/et\/wp-json\/wp\/v2\/comments?post=13014"}],"version-history":[{"count":7,"href":"https:\/\/hairmagic.ee\/et\/wp-json\/wp\/v2\/pages\/13014\/revisions"}],"predecessor-version":[{"id":13411,"href":"https:\/\/hairmagic.ee\/et\/wp-json\/wp\/v2\/pages\/13014\/revisions\/13411"}],"wp:attachment":[{"href":"https:\/\/hairmagic.ee\/et\/wp-json\/wp\/v2\/media?parent=13014"}],"curies":[{"name":"wp","href":"https:\/\/api.w.org\/{rel}","templated":true}]}}