{"id":13015,"date":"2025-09-30T11:35:39","date_gmt":"2025-09-30T08:35:39","guid":{"rendered":"https:\/\/hairmagic.ee\/our-hair\/bulk-hair\/"},"modified":"2026-02-17T21:10:20","modified_gmt":"2026-02-17T18:10:20","slug":"lahtised-patsid","status":"publish","type":"page","link":"https:\/\/hairmagic.ee\/et\/juuksepikendused\/lahtised-patsid\/","title":{"rendered":"Lahtised patsid"},"content":{"rendered":"<div class=\"wpb-content-wrapper\"><p>[vc_row][vc_column][vc_column_text css=&#8221;&#8221;]<\/p>\n<p data-start=\"71\" data-end=\"723\">Lahtised patsid ehk juuksed ilma kinnitusteta. See teeb neist ideaalse materjali <strong data-start=\"183\" data-end=\"232\">eritellimusel juuksepikenduste valmistamiseks<\/strong>.\u00a0 Lahtiseid juukseid kasutatakse sageli <strong data-start=\"295\" data-end=\"354\">parukate valmistamiseks, tresside punumiseks<\/strong> v\u00f5i <strong>keratiinsalkude<\/strong> valmistamiseks. T\u00e4nu oma paindlikkusele v\u00f5imaldavad lahtised patsid spetsialistidel luua unikaalseid lahendusi ja kohandada pikendusi vastavalt iga kliendi vajadusele.<\/p>\n<p><img fetchpriority=\"high\" decoding=\"async\" class=\"size-medium wp-image-13438\" src=\"https:\/\/hairmagic.ee\/wp-content\/uploads\/2026\/02\/InCollage_20251220_112814478-300x300.jpg\" alt=\"Bulk red\" width=\"300\" height=\"300\" srcset=\"https:\/\/hairmagic.ee\/wp-content\/uploads\/2026\/02\/InCollage_20251220_112814478-300x300.jpg 300w, https:\/\/hairmagic.ee\/wp-content\/uploads\/2026\/02\/InCollage_20251220_112814478-1024x1024.jpg 1024w, https:\/\/hairmagic.ee\/wp-content\/uploads\/2026\/02\/InCollage_20251220_112814478-150x150.jpg 150w, https:\/\/hairmagic.ee\/wp-content\/uploads\/2026\/02\/InCollage_20251220_112814478-768x768.jpg 768w, https:\/\/hairmagic.ee\/wp-content\/uploads\/2026\/02\/InCollage_20251220_112814478-1536x1536.jpg 1536w, https:\/\/hairmagic.ee\/wp-content\/uploads\/2026\/02\/InCollage_20251220_112814478-2048x2048.jpg 2048w\" sizes=\"(max-width: 300px) 100vw, 300px\" \/><\/p>\n<p data-start=\"985\" data-end=\"1075\">Lahtine pats v\u00f5imaldab t\u00e4ielikku kontrolli l\u00f5pptulemuse \u00fcle. Spetsialist saab ise m\u00e4\u00e4rata:<\/p>\n<p data-start=\"1077\" data-end=\"1180\">\u2022 salkude kaalu ja jaotuse<br data-start=\"1103\" data-end=\"1106\" \/>\u2022 kinnitustehnoloogia<br data-start=\"1127\" data-end=\"1130\" \/>\u2022 v\u00e4rvitoonide miksimise<br data-start=\"1152\" data-end=\"1155\" \/>\u2022 tiheduse ja tekstuuri<\/p>\n<p data-start=\"1182\" data-end=\"1337\">See teeb lahtisest patsist paindliku ja kuluefektiivse lahenduse tootjatele ning edasim\u00fc\u00fcjatele, kes soovivad pakkuda oma br\u00e4ndi all valmistatud pikendusi.<\/p>\n<p><img decoding=\"async\" class=\"size-medium wp-image-13362\" src=\"https:\/\/hairmagic.ee\/wp-content\/uploads\/2026\/02\/Screenshot_20260214_001137_Instagram-300x300.jpg\" alt=\"Blond bulk 1\" width=\"300\" height=\"300\" srcset=\"https:\/\/hairmagic.ee\/wp-content\/uploads\/2026\/02\/Screenshot_20260214_001137_Instagram-300x300.jpg 300w, https:\/\/hairmagic.ee\/wp-content\/uploads\/2026\/02\/Screenshot_20260214_001137_Instagram-1024x1024.jpg 1024w, https:\/\/hairmagic.ee\/wp-content\/uploads\/2026\/02\/Screenshot_20260214_001137_Instagram-150x150.jpg 150w, https:\/\/hairmagic.ee\/wp-content\/uploads\/2026\/02\/Screenshot_20260214_001137_Instagram-768x768.jpg 768w, https:\/\/hairmagic.ee\/wp-content\/uploads\/2026\/02\/Screenshot_20260214_001137_Instagram.jpg 1440w\" sizes=\"(max-width: 300px) 100vw, 300px\" \/><\/p>\n<p data-start=\"725\" data-end=\"877\"><strong>Edasim\u00fc\u00fcjatele pakume soodushinda<\/strong>. Edasim\u00fc\u00fcjaks registreerimiseks palume saata oma kontaktandmed ja ettev\u00f5tte info kontaktivormi v\u00f5i e-posti teel.<\/p>\n<p data-start=\"879\" data-end=\"993\">Saadavuse ja eritellimuste kohta k\u00fcsi lisainfot. Tellimiseks saada meile p\u00e4ring kontaktivormi v\u00f5i e-posti kaudu.<\/p>\n<p><img decoding=\"async\" class=\"size-full wp-image-12989\" src=\"https:\/\/hairmagic.ee\/wp-content\/uploads\/2025\/10\/FB_IMG_1740592564883.jpg\" alt=\"Bulk hair\" width=\"1440\" height=\"1605\" srcset=\"https:\/\/hairmagic.ee\/wp-content\/uploads\/2025\/10\/FB_IMG_1740592564883.jpg 1440w, https:\/\/hairmagic.ee\/wp-content\/uploads\/2025\/10\/FB_IMG_1740592564883-269x300.jpg 269w, https:\/\/hairmagic.ee\/wp-content\/uploads\/2025\/10\/FB_IMG_1740592564883-919x1024.jpg 919w, https:\/\/hairmagic.ee\/wp-content\/uploads\/2025\/10\/FB_IMG_1740592564883-768x856.jpg 768w, https:\/\/hairmagic.ee\/wp-content\/uploads\/2025\/10\/FB_IMG_1740592564883-1378x1536.jpg 1378w, https:\/\/hairmagic.ee\/wp-content\/uploads\/2025\/10\/FB_IMG_1740592564883-600x669.jpg 600w\" sizes=\"(max-width: 1440px) 100vw, 1440px\" \/>[\/vc_column_text][\/vc_column][\/vc_row]<\/p>\n<\/div>","protected":false},"excerpt":{"rendered":"<p>[vc_row][vc_column][vc_column_text css=&#8221;&#8221;] Lahtised patsid ehk juuksed ilma kinnitusteta. See teeb neist ideaalse materjali eritellimusel juuksepikenduste valmistamiseks.\u00a0 Lahtiseid juukseid kasutatakse sageli parukate valmistamiseks, tresside punumiseks v\u00f5i keratiinsalkude valmistamiseks. T\u00e4nu oma paindlikkusele v\u00f5imaldavad lahtised patsid spetsialistidel luua unikaalseid lahendusi ja kohandada pikendusi vastavalt iga kliendi vajadusele. Lahtine pats v\u00f5imaldab t\u00e4ielikku kontrolli l\u00f5pptulemuse \u00fcle. Spetsialist saab ise m\u00e4\u00e4rata: [&hellip;]<\/p>\n","protected":false},"author":1,"featured_media":0,"parent":13014,"menu_order":1,"comment_status":"closed","ping_status":"closed","template":"","meta":{"_acf_changed":false,"_monsterinsights_skip_tracking":false,"_monsterinsights_sitenote_active":false,"_monsterinsights_sitenote_note":"","_monsterinsights_sitenote_category":0,"footnotes":""},"class_list":["post-13015","page","type-page","status-publish","hentry"],"acf":[],"_links":{"self":[{"href":"https:\/\/hairmagic.ee\/et\/wp-json\/wp\/v2\/pages\/13015","targetHints":{"allow":["GET"]}}],"collection":[{"href":"https:\/\/hairmagic.ee\/et\/wp-json\/wp\/v2\/pages"}],"about":[{"href":"https:\/\/hairmagic.ee\/et\/wp-json\/wp\/v2\/types\/page"}],"author":[{"embeddable":true,"href":"https:\/\/hairmagic.ee\/et\/wp-json\/wp\/v2\/users\/1"}],"replies":[{"embeddable":true,"href":"https:\/\/hairmagic.ee\/et\/wp-json\/wp\/v2\/comments?post=13015"}],"version-history":[{"count":4,"href":"https:\/\/hairmagic.ee\/et\/wp-json\/wp\/v2\/pages\/13015\/revisions"}],"predecessor-version":[{"id":13452,"href":"https:\/\/hairmagic.ee\/et\/wp-json\/wp\/v2\/pages\/13015\/revisions\/13452"}],"up":[{"embeddable":true,"href":"https:\/\/hairmagic.ee\/et\/wp-json\/wp\/v2\/pages\/13014"}],"wp:attachment":[{"href":"https:\/\/hairmagic.ee\/et\/wp-json\/wp\/v2\/media?parent=13015"}],"curies":[{"name":"wp","href":"https:\/\/api.w.org\/{rel}","templated":true}]}}