{"id":13016,"date":"2025-09-30T11:37:44","date_gmt":"2025-09-30T08:37:44","guid":{"rendered":"https:\/\/hairmagic.ee\/our-hair\/keratin-tips\/"},"modified":"2026-02-14T18:20:18","modified_gmt":"2026-02-14T15:20:18","slug":"keratiin","status":"publish","type":"page","link":"https:\/\/hairmagic.ee\/et\/juuksepikendused\/keratiin\/","title":{"rendered":"Keratiinpikendused"},"content":{"rendered":"<div class=\"wpb-content-wrapper\"><p>[vc_row][vc_column][vc_column_text css=&#8221;&#8221;]<\/p>\n<p data-start=\"426\" data-end=\"644\"><strong>Professionaalne lahendus salongidele<\/strong><\/p>\n<p data-start=\"426\" data-end=\"644\">Hairmagic Production <strong>keratiinjuuksepikendused<\/strong> on valmistatud 100% Remy-kvaliteediga slaavi ja Eesti doonorjuustest. K\u00f5ik keratiinsalgud toodetakse Eestis k\u00e4sitsi, s\u00e4ilitades juuste loomuliku kutiikuli ja kiustruktuuri.<\/p>\n<p data-start=\"646\" data-end=\"788\">Kasutame kvaliteetset <strong>Itaalia keratiini<\/strong>, mis tagab tugeva, kuid juukses\u00f5braliku kinnituse ning puhta ja t\u00e4pse paigalduse professionaalses salongit\u00f6\u00f6s.<\/p>\n<p data-start=\"646\" data-end=\"788\">Toodetud kontrollitud protsessis<\/p>\n<p data-start=\"832\" data-end=\"1062\">\u2022 Juuksed on \u00fchesuunalise kutiikuliga (Remy quality)<br data-start=\"884\" data-end=\"887\" \/>\u2022 \u00d5rn t\u00f6\u00f6tlemine s\u00e4ilitab elastsuse ja l\u00e4ike<br data-start=\"931\" data-end=\"934\" \/>\u2022 Sobib korduvaks kasutamiseks<br data-start=\"999\" data-end=\"1002\" \/>\u2022 V\u00f5imalik tellida vastavalt soovitud kaalule, pikkusele ja toonile<\/p>\n<p data-start=\"1064\" data-end=\"1165\">Keratiinkinnitused valmistatakse k\u00e4sitsi, mis v\u00f5imaldab hoida kinnituse kvaliteedi stabiilsena.<\/p>\n<p data-start=\"1199\" data-end=\"1302\"><strong>Koost\u00f6\u00f6 edasim\u00fc\u00fcjatele<\/strong><\/p>\n<p data-start=\"1199\" data-end=\"1302\">Pakume keratiinjuuksepikendusi professionaalsetele juuksuritele ja paigaldajatele. V\u00f5imalik on tellida:<\/p>\n<ul>\n<li>erineva kaaluga ja valitud salkude arvuga komplekte<\/li>\n<li>individuaalseid v\u00e4rvitoone<\/li>\n<li>eritellimusel lahendusi<\/li>\n<\/ul>\n<p data-start=\"1412\" data-end=\"1463\">Registreeritud edasim\u00fc\u00fcjatele kehtivad edasim\u00fc\u00fcjate hinnad. Lisainfoks v\u00f5tke \u00fchendust.<\/p>\n<p data-start=\"1412\" data-end=\"1463\"><strong>Individuaalsele kliendile<\/strong><\/p>\n<p data-start=\"1412\" data-end=\"1463\">Keratiinjuuksepikendused sobivad neile, kes soovivad loomulikku, p\u00fcsivat ja diskreetset tulemust. Soovitame paigalduse teostada sertifitseeritud spetsialisti poolt, et tagada juuste maksimaalne ohutus, mugavus ja kestvus.<\/p>\n<p data-start=\"75\" data-end=\"329\"><strong data-start=\"75\" data-end=\"104\">Keratiin-juuksepikendused<\/strong> on luksuslik valik, kui soovid oma juustele lisada pikkust ja vol\u00fc\u00fcmi. Meie keratiinsalgud on Eestis k\u00e4sitsi valmistatud. Kasutame vaid k\u00f5rgeima kvaliteediga meie tehases toodetud slaavi juukseid ning tugevat <strong>Itaalia keratiini<\/strong>, et tulemus oleks loomulik, kerge ja mugav.<\/p>\n<p data-start=\"75\" data-end=\"329\">See on ideaalne lahendus neile, kes soovivad stiilset muutust \u2013 nautige kauneid, lopsakaid ja luksuslikke juukseid, mis toovad esile teie loomuliku ilu ja annavad enesekindlust igas olukorras!<\/p>\n<p><img fetchpriority=\"high\" decoding=\"async\" class=\"size-full wp-image-2003\" src=\"https:\/\/hairmagic.ee\/wp-content\/uploads\/2024\/10\/DSC4731-scaled.jpg\" alt=\"Keratine tips\" width=\"1707\" height=\"2560\" srcset=\"https:\/\/hairmagic.ee\/wp-content\/uploads\/2024\/10\/DSC4731-scaled.jpg 1707w, https:\/\/hairmagic.ee\/wp-content\/uploads\/2024\/10\/DSC4731-200x300.jpg 200w, https:\/\/hairmagic.ee\/wp-content\/uploads\/2024\/10\/DSC4731-683x1024.jpg 683w, https:\/\/hairmagic.ee\/wp-content\/uploads\/2024\/10\/DSC4731-768x1152.jpg 768w, https:\/\/hairmagic.ee\/wp-content\/uploads\/2024\/10\/DSC4731-1024x1536.jpg 1024w, https:\/\/hairmagic.ee\/wp-content\/uploads\/2024\/10\/DSC4731-1365x2048.jpg 1365w, https:\/\/hairmagic.ee\/wp-content\/uploads\/2024\/10\/DSC4731-600x900.jpg 600w\" sizes=\"(max-width: 1707px) 100vw, 1707px\" \/>[\/vc_column_text][\/vc_column][\/vc_row]<\/p>\n<\/div>","protected":false},"excerpt":{"rendered":"<p>[vc_row][vc_column][vc_column_text css=&#8221;&#8221;] Professionaalne lahendus salongidele Hairmagic Production keratiinjuuksepikendused on valmistatud 100% Remy-kvaliteediga slaavi ja Eesti doonorjuustest. K\u00f5ik keratiinsalgud toodetakse Eestis k\u00e4sitsi, s\u00e4ilitades juuste loomuliku kutiikuli ja kiustruktuuri. Kasutame kvaliteetset Itaalia keratiini, mis tagab tugeva, kuid juukses\u00f5braliku kinnituse ning puhta ja t\u00e4pse paigalduse professionaalses salongit\u00f6\u00f6s. Toodetud kontrollitud protsessis \u2022 Juuksed on \u00fchesuunalise kutiikuliga (Remy quality)\u2022 \u00d5rn [&hellip;]<\/p>\n","protected":false},"author":1,"featured_media":0,"parent":13014,"menu_order":2,"comment_status":"closed","ping_status":"closed","template":"","meta":{"_acf_changed":false,"_monsterinsights_skip_tracking":false,"_monsterinsights_sitenote_active":false,"_monsterinsights_sitenote_note":"","_monsterinsights_sitenote_category":0,"footnotes":""},"class_list":["post-13016","page","type-page","status-publish","hentry"],"acf":[],"_links":{"self":[{"href":"https:\/\/hairmagic.ee\/et\/wp-json\/wp\/v2\/pages\/13016","targetHints":{"allow":["GET"]}}],"collection":[{"href":"https:\/\/hairmagic.ee\/et\/wp-json\/wp\/v2\/pages"}],"about":[{"href":"https:\/\/hairmagic.ee\/et\/wp-json\/wp\/v2\/types\/page"}],"author":[{"embeddable":true,"href":"https:\/\/hairmagic.ee\/et\/wp-json\/wp\/v2\/users\/1"}],"replies":[{"embeddable":true,"href":"https:\/\/hairmagic.ee\/et\/wp-json\/wp\/v2\/comments?post=13016"}],"version-history":[{"count":6,"href":"https:\/\/hairmagic.ee\/et\/wp-json\/wp\/v2\/pages\/13016\/revisions"}],"predecessor-version":[{"id":13420,"href":"https:\/\/hairmagic.ee\/et\/wp-json\/wp\/v2\/pages\/13016\/revisions\/13420"}],"up":[{"embeddable":true,"href":"https:\/\/hairmagic.ee\/et\/wp-json\/wp\/v2\/pages\/13014"}],"wp:attachment":[{"href":"https:\/\/hairmagic.ee\/et\/wp-json\/wp\/v2\/media?parent=13016"}],"curies":[{"name":"wp","href":"https:\/\/api.w.org\/{rel}","templated":true}]}}