{"id":13017,"date":"2025-09-30T11:40:00","date_gmt":"2025-09-30T08:40:00","guid":{"rendered":"https:\/\/hairmagic.ee\/our-hair\/tape-hair\/"},"modified":"2026-02-17T22:25:16","modified_gmt":"2026-02-17T19:25:16","slug":"teip","status":"publish","type":"page","link":"https:\/\/hairmagic.ee\/et\/juuksepikendused\/teip\/","title":{"rendered":"Teip-pikendused"},"content":{"rendered":"<div class=\"wpb-content-wrapper\"><p>[vc_row][vc_column][vc_column_text css=&#8221;&#8221;]<\/p>\n<div class=\"woocommerce-tabs wc-tabs-wrapper\">\n<div id=\"tab-description\" class=\"woocommerce-Tabs-panel woocommerce-Tabs-panel--description panel entry-content wc-tab\">\n<div class=\"site-content\">\n<h3 data-start=\"42\" data-end=\"94\">Professionaalne lahendus salongidele ja edasim\u00fc\u00fcjatele<\/h3>\n<p data-start=\"423\" data-end=\"641\">Hairmagic Production teip-pikendused on valmistatud 100% Remy single donor slaavi ja Eesti doonorjuustest. S\u00e4ilitame juuste loomuliku kutiikuli suuna, et tagada sile pind, loomulik langevus ja pikaajaline vastupidavus.<\/p>\n<p data-start=\"643\" data-end=\"783\">K\u00f5ik teipsalgud valmistatakse Eestis kontrollitud tootmisprotsessis, p\u00f6\u00f6rates t\u00e4helepanu nii juukse kvaliteedile kui ka kinnituse t\u00e4psusele.<\/p>\n<p><img fetchpriority=\"high\" decoding=\"async\" class=\"size-medium wp-image-13462\" src=\"https:\/\/hairmagic.ee\/wp-content\/uploads\/2026\/02\/20251112_134211-290x300.jpg\" alt=\"Teibid 1\" width=\"290\" height=\"300\" srcset=\"https:\/\/hairmagic.ee\/wp-content\/uploads\/2026\/02\/20251112_134211-290x300.jpg 290w, https:\/\/hairmagic.ee\/wp-content\/uploads\/2026\/02\/20251112_134211-991x1024.jpg 991w, https:\/\/hairmagic.ee\/wp-content\/uploads\/2026\/02\/20251112_134211-768x794.jpg 768w, https:\/\/hairmagic.ee\/wp-content\/uploads\/2026\/02\/20251112_134211-1487x1536.jpg 1487w, https:\/\/hairmagic.ee\/wp-content\/uploads\/2026\/02\/20251112_134211-1982x2048.jpg 1982w, https:\/\/hairmagic.ee\/wp-content\/uploads\/2026\/02\/20251112_134211.jpg 1984w\" sizes=\"(max-width: 290px) 100vw, 290px\" \/><\/p>\n<p data-start=\"643\" data-end=\"783\"><strong>Toodetud professionaalseks kasutuseks<\/strong><\/p>\n<\/div>\n<p data-start=\"832\" data-end=\"1037\">\u2022 100% Remy kvaliteediga slaavi juuksed<br data-start=\"875\" data-end=\"878\" \/>\u2022 Pehme, kerge ja loomulik tekstuur<br data-start=\"913\" data-end=\"916\" \/>\u2022 Sobivad korduvaks paigalduseks<br data-start=\"944\" data-end=\"947\" \/>\u2022 Tugv kinnitus. Kvaliteetne teip, mis ei veni ega j\u00e4ta juukseid kleepuvaks<br data-start=\"979\" data-end=\"982\" \/>\u2022 Valmistame salgud vastavalt tellitud pikkuse, kaalu, laiuse ja v\u00e4rvitooniga<\/p>\n<p data-start=\"1039\" data-end=\"1203\">Meie teipsalgud on loodud salongikeskkonnas kasutamiseks, kus oluline on kiire paigaldus, stabiilne tulemus ja klientide rahulolu ka pikema kandmisperioodi jooksul.<\/p>\n<p data-start=\"1039\" data-end=\"1203\"><strong>Meditsiinilise klassi teip<\/strong><\/p>\n<p data-start=\"1241\" data-end=\"1308\">Kasutame kvaliteetset meditsiinilise klassi kahepoolset teipi, mis:<\/p>\n<ul data-start=\"1310\" data-end=\"1441\">\n<li data-start=\"1310\" data-end=\"1349\">\n<p data-start=\"1312\" data-end=\"1349\">tagab tugeva ja stabiilse kinnituse<\/p>\n<\/li>\n<li data-start=\"1350\" data-end=\"1398\">\n<p data-start=\"1352\" data-end=\"1398\">ei veni ega j\u00e4ta eemaldamisel liigset kleepuvat j\u00e4\u00e4ki<\/p>\n<\/li>\n<li data-start=\"1399\" data-end=\"1441\">\n<p data-start=\"1401\" data-end=\"1441\">v\u00f5imaldab ohutut ja puhast eemaldamist<\/p>\n<\/li>\n<\/ul>\n<p data-start=\"1443\" data-end=\"1535\">Kinnituse tugevus ja painduvus on tasakaalus, et tagada nii vastupidavus kui kandmismugavus.<\/p>\n<p><img decoding=\"async\" class=\"size-medium wp-image-13466\" src=\"https:\/\/hairmagic.ee\/wp-content\/uploads\/2026\/02\/20251030_112025-280x300.jpg\" alt=\"Teibid 2\" width=\"280\" height=\"300\" srcset=\"https:\/\/hairmagic.ee\/wp-content\/uploads\/2026\/02\/20251030_112025-280x300.jpg 280w, https:\/\/hairmagic.ee\/wp-content\/uploads\/2026\/02\/20251030_112025-955x1024.jpg 955w, https:\/\/hairmagic.ee\/wp-content\/uploads\/2026\/02\/20251030_112025-768x824.jpg 768w, https:\/\/hairmagic.ee\/wp-content\/uploads\/2026\/02\/20251030_112025-1432x1536.jpg 1432w, https:\/\/hairmagic.ee\/wp-content\/uploads\/2026\/02\/20251030_112025-1910x2048.jpg 1910w\" sizes=\"(max-width: 280px) 100vw, 280px\" \/><\/p>\n<p data-start=\"1443\" data-end=\"1535\"><strong>Saadaval erinevates lahendustes<\/strong><\/p>\n<\/div>\n<p data-start=\"1578\" data-end=\"1633\">Pakume mitut t\u00fc\u00fcpi teip-pikendusi vastavalt vajadusele:<\/p>\n<p data-start=\"1635\" data-end=\"1713\">\u2022 Klassikalised teipsalgud<br data-start=\"1661\" data-end=\"1664\" \/>\u2022 Bioteibid<br data-start=\"1675\" data-end=\"1678\" \/>\u2022 Monoteibid<br data-start=\"1690\" data-end=\"1693\" \/>\u2022 Invisible teibid<\/p>\n<p data-start=\"1715\" data-end=\"1796\">Iga t\u00fc\u00fcp on loodud erineva paigaldustehnika ja soovitud tulemuse jaoks.<\/p>\n<p data-start=\"1715\" data-end=\"1796\"><strong>Koost\u00f6\u00f6 edasim\u00fc\u00fcjatele<\/strong><\/p>\n<p data-start=\"1830\" data-end=\"1898\">Pakume teip-pikendusi salongidele, paigaldajatele ja edasim\u00fc\u00fcjatele:<\/p>\n<ul data-start=\"1900\" data-end=\"2012\">\n<li data-start=\"1900\" data-end=\"1921\">\n<p data-start=\"1902\" data-end=\"1921\">hulgim\u00fc\u00fcgi hinnad<\/p>\n<\/li>\n<li data-start=\"1922\" data-end=\"1951\">\n<p data-start=\"1924\" data-end=\"1951\">v\u00e4ikese partiiga tootmine<\/p>\n<\/li>\n<li data-start=\"1952\" data-end=\"1985\">\n<p data-start=\"1954\" data-end=\"1985\">kohandatud toonid ja pikkused<\/p>\n<\/li>\n<li data-start=\"1986\" data-end=\"2012\">\n<p data-start=\"1988\" data-end=\"2012\"><em>private label<\/em> v\u00f5imalus<\/p>\n<\/li>\n<\/ul>\n<p data-start=\"2014\" data-end=\"2167\">Kui otsite usaldusv\u00e4\u00e4rset Euroopa tootjat, kelle teipsalgud on stabiilse kvaliteediga ja professionaalses t\u00f6\u00f6s korduvalt testitud, v\u00f5tke meiega \u00fchendust.<\/p>\n<p data-start=\"2014\" data-end=\"2167\"><strong>Individuaalkliendile<\/strong><\/p>\n<p data-start=\"2014\" data-end=\"2167\">Teip-pikendused sobivad neile, kes soovivad loomulikku, kerget ja kiirelt paigaldatavat lahendust. Soovitame paigalduse teostada sertifitseeritud spetsialisti poolt, et tagada juuste maksimaalne kestvus ja ohutus.<\/p>\n<\/div>\n<p><img decoding=\"async\" class=\"size-full wp-image-2006\" src=\"https:\/\/hairmagic.ee\/wp-content\/uploads\/2024\/10\/DSC4774-scaled.jpg\" alt=\"Tape\" width=\"1707\" height=\"2560\" srcset=\"https:\/\/hairmagic.ee\/wp-content\/uploads\/2024\/10\/DSC4774-scaled.jpg 1707w, https:\/\/hairmagic.ee\/wp-content\/uploads\/2024\/10\/DSC4774-200x300.jpg 200w, https:\/\/hairmagic.ee\/wp-content\/uploads\/2024\/10\/DSC4774-683x1024.jpg 683w, https:\/\/hairmagic.ee\/wp-content\/uploads\/2024\/10\/DSC4774-768x1152.jpg 768w, https:\/\/hairmagic.ee\/wp-content\/uploads\/2024\/10\/DSC4774-1024x1536.jpg 1024w, https:\/\/hairmagic.ee\/wp-content\/uploads\/2024\/10\/DSC4774-1365x2048.jpg 1365w, https:\/\/hairmagic.ee\/wp-content\/uploads\/2024\/10\/DSC4774-600x900.jpg 600w\" sizes=\"(max-width: 1707px) 100vw, 1707px\" \/>[\/vc_column_text][\/vc_column][\/vc_row]<\/p>\n<\/div>","protected":false},"excerpt":{"rendered":"<p>[vc_row][vc_column][vc_column_text css=&#8221;&#8221;] Professionaalne lahendus salongidele ja edasim\u00fc\u00fcjatele Hairmagic Production teip-pikendused on valmistatud 100% Remy single donor slaavi ja Eesti doonorjuustest. S\u00e4ilitame juuste loomuliku kutiikuli suuna, et tagada sile pind, loomulik langevus ja pikaajaline vastupidavus. K\u00f5ik teipsalgud valmistatakse Eestis kontrollitud tootmisprotsessis, p\u00f6\u00f6rates t\u00e4helepanu nii juukse kvaliteedile kui ka kinnituse t\u00e4psusele. Toodetud professionaalseks kasutuseks \u2022 100% Remy [&hellip;]<\/p>\n","protected":false},"author":1,"featured_media":0,"parent":13014,"menu_order":3,"comment_status":"closed","ping_status":"closed","template":"","meta":{"_acf_changed":false,"_monsterinsights_skip_tracking":false,"_monsterinsights_sitenote_active":false,"_monsterinsights_sitenote_note":"","_monsterinsights_sitenote_category":0,"footnotes":""},"class_list":["post-13017","page","type-page","status-publish","hentry"],"acf":[],"_links":{"self":[{"href":"https:\/\/hairmagic.ee\/et\/wp-json\/wp\/v2\/pages\/13017","targetHints":{"allow":["GET"]}}],"collection":[{"href":"https:\/\/hairmagic.ee\/et\/wp-json\/wp\/v2\/pages"}],"about":[{"href":"https:\/\/hairmagic.ee\/et\/wp-json\/wp\/v2\/types\/page"}],"author":[{"embeddable":true,"href":"https:\/\/hairmagic.ee\/et\/wp-json\/wp\/v2\/users\/1"}],"replies":[{"embeddable":true,"href":"https:\/\/hairmagic.ee\/et\/wp-json\/wp\/v2\/comments?post=13017"}],"version-history":[{"count":3,"href":"https:\/\/hairmagic.ee\/et\/wp-json\/wp\/v2\/pages\/13017\/revisions"}],"predecessor-version":[{"id":13472,"href":"https:\/\/hairmagic.ee\/et\/wp-json\/wp\/v2\/pages\/13017\/revisions\/13472"}],"up":[{"embeddable":true,"href":"https:\/\/hairmagic.ee\/et\/wp-json\/wp\/v2\/pages\/13014"}],"wp:attachment":[{"href":"https:\/\/hairmagic.ee\/et\/wp-json\/wp\/v2\/media?parent=13017"}],"curies":[{"name":"wp","href":"https:\/\/api.w.org\/{rel}","templated":true}]}}