{"id":13070,"date":"2025-10-08T10:13:02","date_gmt":"2025-10-08T07:13:02","guid":{"rendered":"https:\/\/hairmagic.ee\/other-products-2\/"},"modified":"2025-10-09T14:23:38","modified_gmt":"2025-10-09T11:23:38","slug":"tooted","status":"publish","type":"page","link":"https:\/\/hairmagic.ee\/et\/tooted\/","title":{"rendered":"Seotud tooted"},"content":{"rendered":"<div class=\"wpb-content-wrapper\"><p>[vc_row full_width=&#8221;stretch_row_content_no_spaces&#8221;][vc_column]<div class=\"banner-area banner-5b30bfb98f050 autoplay-true\"><div class=\"banner-social-buttons\"><div><a href=\"https:\/\/www.facebook.com\/profile.php?id=61566490043508\" target=\"_blank\"><i class=\"fab fa-facebook\"><\/i> <span>Facebook<\/span><\/a><a href=\"https:\/\/l.facebook.com\/l.php?u=https%3A%2F%2Fwww.instagram.com%2Fhairmagicproduction%3Figsh%3DY2xtMXhwNXg4emF5%26fbclid%3DIwZXh0bgNhZW0CMTAAAR18D3vYgp49ue0NhxOOoyX3EypRRv6PkT-ZlBD74N2zawclKkwwlR27vgE_aem_9vybVGtO17v26yRDQUZ9rg&#038;h=AT3yLhUvzl3LAWSXk6G-vetdixQpe56R6vNisOiLbQTuOgLqTSBBSFOW586eiZ_CxNN-BfErEBEcvqlHCyMZUBnDBz_JaX0Fx-0hNKaDqttztwkmaDf9vg7EsJ0zeDUKAZ3d0Q\" target=\"_blank\"><i class=\"fab fa-instagram\"><\/i> <span>Instagram<\/span><\/a><\/div><\/div><div class=\"banner  fixed-height navigation-style1\" style=\"height: 410px;\"><div class=\"item banner-item-69db7b37d65eb bottom white\" style=\"background-image: url(https:\/\/hairmagic.ee\/wp-content\/uploads\/2024\/10\/header-image-hairmagic-1.jpg);\"><div class=\"overlay\"><\/div><div class=\"container\"><div class=\"cell\"><div class=\"sub-h\">Featuring<\/div><div class=\"h\">T\u00f6\u00f6vahendid juuksepikenduste spetsialistile<\/div><\/div><\/div><\/div><\/div><div class=\"slider-navigation slider-navigation-style1\">\r\n                    <div class=\"container\">\r\n                        <div class=\"count\"><\/div>\r\n                        <div class=\"line\"><div style=\"transition-duration: 5000ms;\"><\/div><\/div>\r\n                        <div class=\"arrows\">\r\n                            <div class=\"prev solid-arrow-collection-left-chevron-1\"><\/div>\r\n                            <div class=\"next solid-arrow-collection-right-chevron-1\"><\/div>\r\n                        <\/div>\r\n                    <\/div>\r\n                <\/div><\/div>[\/vc_column][\/vc_row][vc_row equal_height=&#8221;yes&#8221; css=&#8221;.vc_custom_1529923143630{padding-top: 85px !important;padding-bottom: 75px !important;}&#8221;][vc_column width=&#8221;1\/2&#8243; offset=&#8221;vc_col-lg-5&#8243; css=&#8221;.vc_custom_1529923170878{padding-top: 40px !important;padding-bottom: 10px !important;}&#8221;]<div class=\"pt-special-heading pt-special-heading-5b30c08237be9  wpb_animate_when_almost_visible wpb_fadeInLeft fadeInLeft tal decor-line-on-bottom\"><h6 class=\"sub-heading\">Features<\/h6><h2 class=\"heading\">K\u00f5ik vajalik, et saavutada t\u00e4iuslikud juuksepikendused<\/h2><\/div>[vc_column_text css_animation=&#8221;fadeInLeft&#8221; css=&#8221;&#8221;]<\/p>\n<p data-start=\"37\" data-end=\"205\"><strong data-start=\"37\" data-end=\"76\">Juuksepikenduste eemaldamise tangid<\/strong><br data-start=\"76\" data-end=\"79\" \/>Professionaalsed tangid, mis on m\u00f5eldud keratiin- v\u00f5i tresspikenduste ohutuks eemaldamiseks ilma oma juukseid kahjustamata.<\/p>\n<p><img fetchpriority=\"high\" decoding=\"async\" class=\"size-medium wp-image-4047\" src=\"https:\/\/hairmagic.ee\/wp-content\/uploads\/2024\/10\/DSC4807-200x300.jpg\" alt=\"Pliers\" width=\"200\" height=\"300\" srcset=\"https:\/\/hairmagic.ee\/wp-content\/uploads\/2024\/10\/DSC4807-200x300.jpg 200w, https:\/\/hairmagic.ee\/wp-content\/uploads\/2024\/10\/DSC4807-683x1024.jpg 683w, https:\/\/hairmagic.ee\/wp-content\/uploads\/2024\/10\/DSC4807-768x1152.jpg 768w, https:\/\/hairmagic.ee\/wp-content\/uploads\/2024\/10\/DSC4807-1024x1536.jpg 1024w, https:\/\/hairmagic.ee\/wp-content\/uploads\/2024\/10\/DSC4807-1365x2048.jpg 1365w, https:\/\/hairmagic.ee\/wp-content\/uploads\/2024\/10\/DSC4807-600x900.jpg 600w, https:\/\/hairmagic.ee\/wp-content\/uploads\/2024\/10\/DSC4807-scaled.jpg 1707w\" sizes=\"(max-width: 200px) 100vw, 200px\" \/><\/p>\n<p data-start=\"207\" data-end=\"361\"><strong data-start=\"207\" data-end=\"272\">Kapseldustangid<\/strong><br data-start=\"272\" data-end=\"275\" \/>T\u00f6\u00f6kindlad tangid keratiinpikenduste otste valmistamiseks ehk kapseldamiseks.<\/p>\n<p><img decoding=\"async\" class=\"size-medium wp-image-4053\" src=\"https:\/\/hairmagic.ee\/wp-content\/uploads\/2024\/10\/DSC4806-200x300.jpg\" alt=\"Keratin Capsuling Pliers\" width=\"200\" height=\"300\" srcset=\"https:\/\/hairmagic.ee\/wp-content\/uploads\/2024\/10\/DSC4806-200x300.jpg 200w, https:\/\/hairmagic.ee\/wp-content\/uploads\/2024\/10\/DSC4806-683x1024.jpg 683w, https:\/\/hairmagic.ee\/wp-content\/uploads\/2024\/10\/DSC4806-768x1152.jpg 768w, https:\/\/hairmagic.ee\/wp-content\/uploads\/2024\/10\/DSC4806-1024x1536.jpg 1024w, https:\/\/hairmagic.ee\/wp-content\/uploads\/2024\/10\/DSC4806-1365x2048.jpg 1365w, https:\/\/hairmagic.ee\/wp-content\/uploads\/2024\/10\/DSC4806-600x900.jpg 600w, https:\/\/hairmagic.ee\/wp-content\/uploads\/2024\/10\/DSC4806-scaled.jpg 1707w\" sizes=\"(max-width: 200px) 100vw, 200px\" \/><\/p>\n<p data-start=\"363\" data-end=\"546\"><strong data-start=\"363\" data-end=\"415\">Elektrilised paigaldustangid, erinevad suurused<\/strong><br data-start=\"415\" data-end=\"418\" \/>Kuumad paigaldustangid keratiinsalkude kinnitamiseks. Saadaval erinevad suurused, et sobida erinevatele paigaldustehnikatele.<\/p>\n<p><img decoding=\"async\" class=\"size-medium wp-image-4062\" src=\"https:\/\/hairmagic.ee\/wp-content\/uploads\/2024\/10\/DSC4801-200x300.jpg\" alt=\"Connector-5\" width=\"200\" height=\"300\" srcset=\"https:\/\/hairmagic.ee\/wp-content\/uploads\/2024\/10\/DSC4801-200x300.jpg 200w, https:\/\/hairmagic.ee\/wp-content\/uploads\/2024\/10\/DSC4801-683x1024.jpg 683w, https:\/\/hairmagic.ee\/wp-content\/uploads\/2024\/10\/DSC4801-768x1152.jpg 768w, https:\/\/hairmagic.ee\/wp-content\/uploads\/2024\/10\/DSC4801-1024x1536.jpg 1024w, https:\/\/hairmagic.ee\/wp-content\/uploads\/2024\/10\/DSC4801-1365x2048.jpg 1365w, https:\/\/hairmagic.ee\/wp-content\/uploads\/2024\/10\/DSC4801-600x900.jpg 600w, https:\/\/hairmagic.ee\/wp-content\/uploads\/2024\/10\/DSC4801-scaled.jpg 1707w\" sizes=\"(max-width: 200px) 100vw, 200px\" \/><\/p>\n<p><img loading=\"lazy\" decoding=\"async\" class=\"size-medium wp-image-4050\" src=\"https:\/\/hairmagic.ee\/wp-content\/uploads\/2024\/10\/DSC4804-200x300.jpg\" alt=\"Connector-3\" width=\"200\" height=\"300\" srcset=\"https:\/\/hairmagic.ee\/wp-content\/uploads\/2024\/10\/DSC4804-200x300.jpg 200w, https:\/\/hairmagic.ee\/wp-content\/uploads\/2024\/10\/DSC4804-683x1024.jpg 683w, https:\/\/hairmagic.ee\/wp-content\/uploads\/2024\/10\/DSC4804-768x1152.jpg 768w, https:\/\/hairmagic.ee\/wp-content\/uploads\/2024\/10\/DSC4804-1024x1536.jpg 1024w, https:\/\/hairmagic.ee\/wp-content\/uploads\/2024\/10\/DSC4804-1365x2048.jpg 1365w, https:\/\/hairmagic.ee\/wp-content\/uploads\/2024\/10\/DSC4804-600x900.jpg 600w, https:\/\/hairmagic.ee\/wp-content\/uploads\/2024\/10\/DSC4804-scaled.jpg 1707w\" sizes=\"(max-width: 200px) 100vw, 200px\" \/><\/p>\n<p><img loading=\"lazy\" decoding=\"async\" class=\"size-medium wp-image-4041\" src=\"https:\/\/hairmagic.ee\/wp-content\/uploads\/2024\/10\/DSC4802-200x300.jpg\" alt=\"Connector-6\" width=\"200\" height=\"300\" srcset=\"https:\/\/hairmagic.ee\/wp-content\/uploads\/2024\/10\/DSC4802-200x300.jpg 200w, https:\/\/hairmagic.ee\/wp-content\/uploads\/2024\/10\/DSC4802-683x1024.jpg 683w, https:\/\/hairmagic.ee\/wp-content\/uploads\/2024\/10\/DSC4802-768x1152.jpg 768w, https:\/\/hairmagic.ee\/wp-content\/uploads\/2024\/10\/DSC4802-1024x1536.jpg 1024w, https:\/\/hairmagic.ee\/wp-content\/uploads\/2024\/10\/DSC4802-1365x2048.jpg 1365w, https:\/\/hairmagic.ee\/wp-content\/uploads\/2024\/10\/DSC4802-600x900.jpg 600w, https:\/\/hairmagic.ee\/wp-content\/uploads\/2024\/10\/DSC4802-scaled.jpg 1707w\" sizes=\"(max-width: 200px) 100vw, 200px\" \/><\/p>\n<p data-start=\"548\" data-end=\"681\"><strong data-start=\"548\" data-end=\"587\">Eraldusr\u00f5ngas juuksepikendustele<\/strong><br data-start=\"587\" data-end=\"590\" \/>Kaitser\u00f5ngas, mis eraldab oma juuksed keratiini kinnitamisel ja hoiab \u00e4ra kuumakahjustused.<\/p>\n<p><img loading=\"lazy\" decoding=\"async\" class=\"size-medium wp-image-6623\" src=\"https:\/\/hairmagic.ee\/wp-content\/uploads\/2024\/10\/heatprotection-300x272.png\" alt=\"heat protection shields\" width=\"300\" height=\"272\" srcset=\"https:\/\/hairmagic.ee\/wp-content\/uploads\/2024\/10\/heatprotection-300x272.png 300w, https:\/\/hairmagic.ee\/wp-content\/uploads\/2024\/10\/heatprotection.png 398w\" sizes=\"(max-width: 300px) 100vw, 300px\" \/><\/p>\n<p data-start=\"683\" data-end=\"826\"><strong data-start=\"683\" data-end=\"728\">Juuksepikenduste eemaldusvedelik (100 ml)<\/strong><br data-start=\"728\" data-end=\"731\" \/>\u00d5rn lahusti keratiini v\u00f5i teipkinnituse eemaldamiseks, muutes t\u00f6\u00f6 kiireks ja ohutuks.<\/p>\n<p><img loading=\"lazy\" decoding=\"async\" class=\"size-medium wp-image-6627\" src=\"https:\/\/hairmagic.ee\/wp-content\/uploads\/2024\/10\/Screenshot_20241025_075828_Gallery-226x300.jpg\" alt=\"Removal solution 100 ml\" width=\"226\" height=\"300\" srcset=\"https:\/\/hairmagic.ee\/wp-content\/uploads\/2024\/10\/Screenshot_20241025_075828_Gallery-226x300.jpg 226w, https:\/\/hairmagic.ee\/wp-content\/uploads\/2024\/10\/Screenshot_20241025_075828_Gallery-770x1024.jpg 770w, https:\/\/hairmagic.ee\/wp-content\/uploads\/2024\/10\/Screenshot_20241025_075828_Gallery-768x1021.jpg 768w, https:\/\/hairmagic.ee\/wp-content\/uploads\/2024\/10\/Screenshot_20241025_075828_Gallery-1155x1536.jpg 1155w, https:\/\/hairmagic.ee\/wp-content\/uploads\/2024\/10\/Screenshot_20241025_075828_Gallery-600x798.jpg 600w, https:\/\/hairmagic.ee\/wp-content\/uploads\/2024\/10\/Screenshot_20241025_075828_Gallery.jpg 1438w\" sizes=\"(max-width: 226px) 100vw, 226px\" \/><\/p>\n<p data-start=\"828\" data-end=\"983\"><strong data-start=\"828\" data-end=\"856\">Keratiinigraanulid (1 g)<\/strong><br data-start=\"856\" data-end=\"859\" \/>K\u00f5rgekvaliteetsed keratiinigraanulid salkude uuesti keratiinimiseks, hooldusteks v\u00f5i salkude valmistamiseks. Saadaval erinevad v\u00e4rvid &#8211; l\u00e4bipaistev, erinevad pruunid, punane, must v\u00f5i teie poolt eritellimusel valitud v\u00e4rvitooni.<\/p>\n<p><img loading=\"lazy\" decoding=\"async\" class=\"size-medium wp-image-1621\" src=\"https:\/\/hairmagic.ee\/wp-content\/uploads\/2024\/10\/keratine-1-300x200.jpg\" alt=\"Keratine\" width=\"300\" height=\"200\" srcset=\"https:\/\/hairmagic.ee\/wp-content\/uploads\/2024\/10\/keratine-1-300x200.jpg 300w, https:\/\/hairmagic.ee\/wp-content\/uploads\/2024\/10\/keratine-1-1024x683.jpg 1024w, https:\/\/hairmagic.ee\/wp-content\/uploads\/2024\/10\/keratine-1-768x512.jpg 768w, https:\/\/hairmagic.ee\/wp-content\/uploads\/2024\/10\/keratine-1-1536x1024.jpg 1536w, https:\/\/hairmagic.ee\/wp-content\/uploads\/2024\/10\/keratine-1-2048x1365.jpg 2048w, https:\/\/hairmagic.ee\/wp-content\/uploads\/2024\/10\/keratine-1-600x400.jpg 600w\" sizes=\"(max-width: 300px) 100vw, 300px\" \/><\/p>\n<p><img loading=\"lazy\" decoding=\"async\" class=\"size-medium wp-image-1681\" src=\"https:\/\/hairmagic.ee\/wp-content\/uploads\/2024\/10\/Keratine-brown-200x300.jpg\" alt=\"Keratine brown\" width=\"200\" height=\"300\" srcset=\"https:\/\/hairmagic.ee\/wp-content\/uploads\/2024\/10\/Keratine-brown-200x300.jpg 200w, https:\/\/hairmagic.ee\/wp-content\/uploads\/2024\/10\/Keratine-brown-683x1024.jpg 683w, https:\/\/hairmagic.ee\/wp-content\/uploads\/2024\/10\/Keratine-brown-768x1152.jpg 768w, https:\/\/hairmagic.ee\/wp-content\/uploads\/2024\/10\/Keratine-brown-1024x1536.jpg 1024w, https:\/\/hairmagic.ee\/wp-content\/uploads\/2024\/10\/Keratine-brown-1365x2048.jpg 1365w, https:\/\/hairmagic.ee\/wp-content\/uploads\/2024\/10\/Keratine-brown-600x900.jpg 600w, https:\/\/hairmagic.ee\/wp-content\/uploads\/2024\/10\/Keratine-brown-scaled.jpg 1707w\" sizes=\"(max-width: 200px) 100vw, 200px\" \/><\/p>\n<p><img loading=\"lazy\" decoding=\"async\" class=\"size-medium wp-image-1684\" src=\"https:\/\/hairmagic.ee\/wp-content\/uploads\/2024\/10\/Keratine-black-200x300.jpg\" alt=\"Keratine black\" width=\"200\" height=\"300\" srcset=\"https:\/\/hairmagic.ee\/wp-content\/uploads\/2024\/10\/Keratine-black-200x300.jpg 200w, https:\/\/hairmagic.ee\/wp-content\/uploads\/2024\/10\/Keratine-black-683x1024.jpg 683w, https:\/\/hairmagic.ee\/wp-content\/uploads\/2024\/10\/Keratine-black-768x1152.jpg 768w, https:\/\/hairmagic.ee\/wp-content\/uploads\/2024\/10\/Keratine-black-1024x1536.jpg 1024w, https:\/\/hairmagic.ee\/wp-content\/uploads\/2024\/10\/Keratine-black-1365x2048.jpg 1365w, https:\/\/hairmagic.ee\/wp-content\/uploads\/2024\/10\/Keratine-black-600x900.jpg 600w, https:\/\/hairmagic.ee\/wp-content\/uploads\/2024\/10\/Keratine-black-scaled.jpg 1707w\" sizes=\"(max-width: 200px) 100vw, 200px\" \/><\/p>\n<p><img loading=\"lazy\" decoding=\"async\" class=\"size-medium wp-image-1627\" src=\"https:\/\/hairmagic.ee\/wp-content\/uploads\/2024\/10\/DSC4685-200x300.jpg\" alt=\"Kaeratine\" width=\"200\" height=\"300\" srcset=\"https:\/\/hairmagic.ee\/wp-content\/uploads\/2024\/10\/DSC4685-200x300.jpg 200w, https:\/\/hairmagic.ee\/wp-content\/uploads\/2024\/10\/DSC4685-683x1024.jpg 683w, https:\/\/hairmagic.ee\/wp-content\/uploads\/2024\/10\/DSC4685-768x1152.jpg 768w, https:\/\/hairmagic.ee\/wp-content\/uploads\/2024\/10\/DSC4685-1024x1536.jpg 1024w, https:\/\/hairmagic.ee\/wp-content\/uploads\/2024\/10\/DSC4685-1365x2048.jpg 1365w, https:\/\/hairmagic.ee\/wp-content\/uploads\/2024\/10\/DSC4685-600x900.jpg 600w, https:\/\/hairmagic.ee\/wp-content\/uploads\/2024\/10\/DSC4685-scaled.jpg 1707w\" sizes=\"(max-width: 200px) 100vw, 200px\" \/><\/p>\n<p><img loading=\"lazy\" decoding=\"async\" class=\"size-medium wp-image-6619\" src=\"https:\/\/hairmagic.ee\/wp-content\/uploads\/2024\/10\/Screenshot_20241024_213949_Gallery2-205x300.jpg\" alt=\"Light brown\" width=\"205\" height=\"300\" srcset=\"https:\/\/hairmagic.ee\/wp-content\/uploads\/2024\/10\/Screenshot_20241024_213949_Gallery2-205x300.jpg 205w, https:\/\/hairmagic.ee\/wp-content\/uploads\/2024\/10\/Screenshot_20241024_213949_Gallery2-700x1024.jpg 700w, https:\/\/hairmagic.ee\/wp-content\/uploads\/2024\/10\/Screenshot_20241024_213949_Gallery2-768x1123.jpg 768w, https:\/\/hairmagic.ee\/wp-content\/uploads\/2024\/10\/Screenshot_20241024_213949_Gallery2-1050x1536.jpg 1050w, https:\/\/hairmagic.ee\/wp-content\/uploads\/2024\/10\/Screenshot_20241024_213949_Gallery2-1400x2048.jpg 1400w, https:\/\/hairmagic.ee\/wp-content\/uploads\/2024\/10\/Screenshot_20241024_213949_Gallery2-600x878.jpg 600w, https:\/\/hairmagic.ee\/wp-content\/uploads\/2024\/10\/Screenshot_20241024_213949_Gallery2.jpg 1440w\" sizes=\"(max-width: 205px) 100vw, 205px\" \/><\/p>\n<p data-start=\"985\" data-end=\"1138\"><strong data-start=\"985\" data-end=\"1010\">Puidust kraas<\/strong><br data-start=\"1010\" data-end=\"1013\" \/>Professionaalne puidust kraas juustele salkude ettevalmistamiseks.<\/p>\n<p><img loading=\"lazy\" decoding=\"async\" class=\"size-medium wp-image-6648\" src=\"https:\/\/hairmagic.ee\/wp-content\/uploads\/2024\/10\/drawingmat-300x241.png\" alt=\"Drawind mat\" width=\"300\" height=\"241\" srcset=\"https:\/\/hairmagic.ee\/wp-content\/uploads\/2024\/10\/drawingmat-300x241.png 300w, https:\/\/hairmagic.ee\/wp-content\/uploads\/2024\/10\/drawingmat-600x483.png 600w, https:\/\/hairmagic.ee\/wp-content\/uploads\/2024\/10\/drawingmat.png 634w\" sizes=\"(max-width: 300px) 100vw, 300px\" \/><\/p>\n<p data-start=\"1140\" data-end=\"1256\"><strong data-start=\"1140\" data-end=\"1161\">Metallotsaga kamm<\/strong><br data-start=\"1161\" data-end=\"1164\" \/>Vastupidav kamm metallsabaga, ideaalne juuste jaotamiseks pikenduste paigaldamisel.<\/p>\n<p><img loading=\"lazy\" decoding=\"async\" class=\"size-medium wp-image-4035\" src=\"https:\/\/hairmagic.ee\/wp-content\/uploads\/2024\/10\/DSC4805-200x300.jpg\" alt=\"Comb\" width=\"200\" height=\"300\" srcset=\"https:\/\/hairmagic.ee\/wp-content\/uploads\/2024\/10\/DSC4805-200x300.jpg 200w, https:\/\/hairmagic.ee\/wp-content\/uploads\/2024\/10\/DSC4805-683x1024.jpg 683w, https:\/\/hairmagic.ee\/wp-content\/uploads\/2024\/10\/DSC4805-768x1152.jpg 768w, https:\/\/hairmagic.ee\/wp-content\/uploads\/2024\/10\/DSC4805-1024x1536.jpg 1024w, https:\/\/hairmagic.ee\/wp-content\/uploads\/2024\/10\/DSC4805-1365x2048.jpg 1365w, https:\/\/hairmagic.ee\/wp-content\/uploads\/2024\/10\/DSC4805-600x900.jpg 600w, https:\/\/hairmagic.ee\/wp-content\/uploads\/2024\/10\/DSC4805-scaled.jpg 1707w\" sizes=\"(max-width: 200px) 100vw, 200px\" \/><\/p>\n<p data-start=\"1258\" data-end=\"1394\"><strong data-start=\"1258\" data-end=\"1300\">Metallist juukseklambrid (10 tk pakis)<\/strong><br data-start=\"1300\" data-end=\"1303\" \/>Professionaalsed klambrid, mis hoiavad juukseid t\u00f6\u00f6 k\u00e4igus kindlalt paigal.<\/p>\n<p><img loading=\"lazy\" decoding=\"async\" class=\"size-medium wp-image-6639\" src=\"https:\/\/hairmagic.ee\/wp-content\/uploads\/2024\/10\/20241024_102110-225x300.jpg\" alt=\"Clipper\" width=\"225\" height=\"300\" srcset=\"https:\/\/hairmagic.ee\/wp-content\/uploads\/2024\/10\/20241024_102110-225x300.jpg 225w, https:\/\/hairmagic.ee\/wp-content\/uploads\/2024\/10\/20241024_102110-768x1024.jpg 768w, https:\/\/hairmagic.ee\/wp-content\/uploads\/2024\/10\/20241024_102110-1152x1536.jpg 1152w, https:\/\/hairmagic.ee\/wp-content\/uploads\/2024\/10\/20241024_102110-1536x2048.jpg 1536w, https:\/\/hairmagic.ee\/wp-content\/uploads\/2024\/10\/20241024_102110-600x800.jpg 600w, https:\/\/hairmagic.ee\/wp-content\/uploads\/2024\/10\/20241024_102110-scaled.jpg 1920w\" sizes=\"(max-width: 225px) 100vw, 225px\" \/><\/p>\n<p data-start=\"1396\" data-end=\"1543\"><strong data-start=\"1396\" data-end=\"1433\">Juuksepikenduste hoidjaga k\u00e4ru<\/strong><br data-start=\"1433\" data-end=\"1436\" \/>Liikuv k\u00e4ru t\u00f6\u00f6riistade, juuksesalkude ja tarvikute mugavaks hoiustamiseks ja organiseerimiseks salongis.<\/p>\n<p><img loading=\"lazy\" decoding=\"async\" class=\"size-medium wp-image-6644\" src=\"https:\/\/hairmagic.ee\/wp-content\/uploads\/2024\/10\/trolley-266x300.png\" alt=\"Trolley\" width=\"266\" height=\"300\" srcset=\"https:\/\/hairmagic.ee\/wp-content\/uploads\/2024\/10\/trolley-266x300.png 266w, https:\/\/hairmagic.ee\/wp-content\/uploads\/2024\/10\/trolley-600x677.png 600w, https:\/\/hairmagic.ee\/wp-content\/uploads\/2024\/10\/trolley.png 651w\" sizes=\"(max-width: 266px) 100vw, 266px\" \/><\/p>\n<p data-start=\"1545\" data-end=\"1670\"><strong data-start=\"1545\" data-end=\"1577\">Silikoonist kuumakindel matt<\/strong><br data-start=\"1577\" data-end=\"1580\" \/>Kuumakindel silikoonmatt, kuhu saab paigaldamise ajal ohutult asetada kuumad t\u00f6\u00f6riistad.<\/p>\n<p><img loading=\"lazy\" decoding=\"async\" class=\"size-medium wp-image-6631\" src=\"https:\/\/hairmagic.ee\/wp-content\/uploads\/2024\/10\/20241024_101502-225x300.jpg\" alt=\"Silicone mat\" width=\"225\" height=\"300\" srcset=\"https:\/\/hairmagic.ee\/wp-content\/uploads\/2024\/10\/20241024_101502-225x300.jpg 225w, https:\/\/hairmagic.ee\/wp-content\/uploads\/2024\/10\/20241024_101502-768x1024.jpg 768w, https:\/\/hairmagic.ee\/wp-content\/uploads\/2024\/10\/20241024_101502-1152x1536.jpg 1152w, https:\/\/hairmagic.ee\/wp-content\/uploads\/2024\/10\/20241024_101502-1536x2048.jpg 1536w, https:\/\/hairmagic.ee\/wp-content\/uploads\/2024\/10\/20241024_101502-600x800.jpg 600w, https:\/\/hairmagic.ee\/wp-content\/uploads\/2024\/10\/20241024_101502-scaled.jpg 1920w\" sizes=\"(max-width: 225px) 100vw, 225px\" \/><\/p>\n<p data-start=\"1672\" data-end=\"1794\"><strong data-start=\"1672\" data-end=\"1715\">Juuksepikenduste teip, kahepoolne (5 m)<\/strong><br data-start=\"1715\" data-end=\"1718\" \/>Tugev, kahepoolne professionaalne teibirull teippikenduste paigaldamiseks. Ei veni ega j\u00e4ta kleepuvat kihti.<\/p>\n<p><img loading=\"lazy\" decoding=\"async\" class=\"size-medium wp-image-13153\" src=\"https:\/\/hairmagic.ee\/wp-content\/uploads\/2025\/10\/IMG_20250729_200735_364-169x300.webp\" alt=\"Teip\" width=\"169\" height=\"300\" srcset=\"https:\/\/hairmagic.ee\/wp-content\/uploads\/2025\/10\/IMG_20250729_200735_364-169x300.webp 169w, https:\/\/hairmagic.ee\/wp-content\/uploads\/2025\/10\/IMG_20250729_200735_364-576x1024.webp 576w, https:\/\/hairmagic.ee\/wp-content\/uploads\/2025\/10\/IMG_20250729_200735_364-768x1365.webp 768w, https:\/\/hairmagic.ee\/wp-content\/uploads\/2025\/10\/IMG_20250729_200735_364-864x1536.webp 864w, https:\/\/hairmagic.ee\/wp-content\/uploads\/2025\/10\/IMG_20250729_200735_364-1152x2048.webp 1152w, https:\/\/hairmagic.ee\/wp-content\/uploads\/2025\/10\/IMG_20250729_200735_364.webp 1440w\" sizes=\"(max-width: 169px) 100vw, 169px\" \/>[\/vc_column_text][vc_row_inner disable_element=&#8221;yes&#8221;][vc_column_inner width=&#8221;1\/2&#8243;]<div class=\"benefit-item icon-box-in-row benefit-item-5b30c1017d6c6  wpb_animate_when_almost_visible wpb_fadeInLeft fadeInLeft\"><div class=\"count\">280<\/div><div class=\"heading\"><div class=\"cell\">finished photosessions<\/div><\/div><\/div>[\/vc_column_inner][vc_column_inner width=&#8221;1\/2&#8243;]<div class=\"benefit-item icon-box-in-row benefit-item-5b30c11032cda  wpb_animate_when_almost_visible wpb_fadeInLeft fadeInLeft\"><div class=\"count\">132<\/div><div class=\"heading\"><div class=\"cell\">pounds of equipment<\/div><\/div><\/div>[\/vc_column_inner][\/vc_row_inner][vc_row_inner disable_element=&#8221;yes&#8221;][vc_column_inner width=&#8221;1\/2&#8243;]<div class=\"benefit-item icon-box-in-row benefit-item-  wpb_animate_when_almost_visible wpb_fadeInLeft fadeInLeft\"><div class=\"count\">253<\/div><div class=\"heading\"><div class=\"cell\">happy clients<\/div><\/div><\/div>[\/vc_column_inner][vc_column_inner width=&#8221;1\/2&#8243;]<div class=\"benefit-item icon-box-in-row benefit-item-  wpb_animate_when_almost_visible wpb_fadeInLeft fadeInLeft\"><div class=\"count\">192<\/div><div class=\"heading\"><div class=\"cell\">studio sessions<\/div><\/div><\/div>[\/vc_column_inner][\/vc_row_inner][\/vc_column][vc_column css_animation=&#8221;fadeInRight&#8221; width=&#8221;1\/2&#8243; offset=&#8221;vc_col-lg-offset-1&#8243; el_class=&#8221;side-img&#8221; css=&#8221;.vc_custom_1728676651306{padding-bottom: 300px !important;background-image: url(https:\/\/hairmagic.ee\/wp-content\/uploads\/2024\/10\/slavic-hair-hairmagic.jpg?id=2060) !important;background-position: center !important;background-repeat: no-repeat !important;background-size: cover !important;}&#8221;][\/vc_column][\/vc_row]<\/p>\n<\/div>","protected":false},"excerpt":{"rendered":"<p>[vc_row full_width=&#8221;stretch_row_content_no_spaces&#8221;][vc_column][\/vc_column][\/vc_row][vc_row equal_height=&#8221;yes&#8221; css=&#8221;.vc_custom_1529923143630{padding-top: 85px !important;padding-bottom: 75px !important;}&#8221;][vc_column width=&#8221;1\/2&#8243; offset=&#8221;vc_col-lg-5&#8243; css=&#8221;.vc_custom_1529923170878{padding-top: 40px !important;padding-bottom: 10px !important;}&#8221;][vc_column_text css_animation=&#8221;fadeInLeft&#8221; css=&#8221;&#8221;] Juuksepikenduste eemaldamise tangidProfessionaalsed tangid, mis on m\u00f5eldud keratiin- v\u00f5i tresspikenduste ohutuks eemaldamiseks ilma oma juukseid kahjustamata. KapseldustangidT\u00f6\u00f6kindlad tangid keratiinpikenduste otste valmistamiseks ehk kapseldamiseks. Elektrilised paigaldustangid, erinevad suurusedKuumad paigaldustangid keratiinsalkude kinnitamiseks. Saadaval erinevad suurused, et sobida erinevatele paigaldustehnikatele. Eraldusr\u00f5ngas [&hellip;]<\/p>\n","protected":false},"author":1,"featured_media":0,"parent":0,"menu_order":0,"comment_status":"closed","ping_status":"closed","template":"","meta":{"_acf_changed":false,"_monsterinsights_skip_tracking":false,"_monsterinsights_sitenote_active":false,"_monsterinsights_sitenote_note":"","_monsterinsights_sitenote_category":0,"footnotes":""},"class_list":["post-13070","page","type-page","status-publish","hentry"],"acf":[],"_links":{"self":[{"href":"https:\/\/hairmagic.ee\/et\/wp-json\/wp\/v2\/pages\/13070","targetHints":{"allow":["GET"]}}],"collection":[{"href":"https:\/\/hairmagic.ee\/et\/wp-json\/wp\/v2\/pages"}],"about":[{"href":"https:\/\/hairmagic.ee\/et\/wp-json\/wp\/v2\/types\/page"}],"author":[{"embeddable":true,"href":"https:\/\/hairmagic.ee\/et\/wp-json\/wp\/v2\/users\/1"}],"replies":[{"embeddable":true,"href":"https:\/\/hairmagic.ee\/et\/wp-json\/wp\/v2\/comments?post=13070"}],"version-history":[{"count":7,"href":"https:\/\/hairmagic.ee\/et\/wp-json\/wp\/v2\/pages\/13070\/revisions"}],"predecessor-version":[{"id":13159,"href":"https:\/\/hairmagic.ee\/et\/wp-json\/wp\/v2\/pages\/13070\/revisions\/13159"}],"wp:attachment":[{"href":"https:\/\/hairmagic.ee\/et\/wp-json\/wp\/v2\/media?parent=13070"}],"curies":[{"name":"wp","href":"https:\/\/api.w.org\/{rel}","templated":true}]}}