{"id":13077,"date":"2025-10-08T10:02:31","date_gmt":"2025-10-08T07:02:31","guid":{"rendered":"https:\/\/hairmagic.ee\/meie-juuksed\/clip-in-hair\/"},"modified":"2026-02-20T23:09:12","modified_gmt":"2026-02-20T20:09:12","slug":"clip-in","status":"publish","type":"page","link":"https:\/\/hairmagic.ee\/et\/juuksepikendused\/clip-in\/","title":{"rendered":"Clip-in juuksepikendused"},"content":{"rendered":"<div class=\"wpb-content-wrapper\"><p>[vc_row][vc_column][vc_column_text css=&#8221;&#8221;]<\/p>\n<p data-start=\"415\" data-end=\"626\"><strong>Ajutine lahendus loomuliku tulemusega<\/strong><\/p>\n<p data-start=\"415\" data-end=\"626\"><strong>Hairmagic Production clip-in juuksepikendused<\/strong> on valmistatud 100% Remy single donor slaavi ja Eesti doonorjuustest. Need on loodud neile, kes soovivad lisada juustele pikkust ja vol\u00fc\u00fcmi ilma p\u00fcsiva paigalduseta.<\/p>\n<p data-start=\"628\" data-end=\"800\">Clip-in pikendused kinnituvad mugavate klambritega ning on kergesti ise paigaldatavad ja eemaldatavad. Need sobivad nii igap\u00e4evaseks kasutuseks kui ka eriliseks s\u00fcndmuseks.<\/p>\n<p data-start=\"628\" data-end=\"800\"><strong>Loomulik ja mugav lahendus<\/strong><\/p>\n<p data-start=\"846\" data-end=\"1055\">\u2022 100% Remy kvaliteet<br data-start=\"889\" data-end=\"892\" \/>\u2022 Pehme, kerge ja loomulik tekstuur<br data-start=\"961\" data-end=\"964\" \/>\u2022 Sobivad eriti h\u00e4sti peenemale ja heledamale juukset\u00fc\u00fcbile<br data-start=\"1023\" data-end=\"1026\" \/>\u2022 Ei vaja p\u00fcsivat kinnitust<\/p>\n<p data-start=\"1057\" data-end=\"1168\">Iga komplekt valmistatakse Eestis kontrollitud tootmisprotsessis, tagades \u00fchtlase kvaliteedi ja detailit\u00e4psuse.<\/p>\n<p data-start=\"1057\" data-end=\"1168\"><strong>Individuaalsed komplektid<\/strong><\/p>\n<p data-start=\"1205\" data-end=\"1253\">Valmistame clip-in komplekte vastavalt tellitud:<\/p>\n<ul data-start=\"1255\" data-end=\"1316\">\n<li data-start=\"1255\" data-end=\"1268\">\n<p data-start=\"1257\" data-end=\"1268\">pikkusele<\/p>\n<\/li>\n<li data-start=\"1255\" data-end=\"1268\">osade laiusele ja arvule<\/li>\n<li data-start=\"1269\" data-end=\"1280\">\n<p data-start=\"1271\" data-end=\"1280\">toonile<\/p>\n<\/li>\n<li data-start=\"1281\" data-end=\"1292\">\n<p data-start=\"1283\" data-end=\"1292\">kaalule<\/p>\n<\/li>\n<li data-start=\"1293\" data-end=\"1316\">\n<p data-start=\"1295\" data-end=\"1316\">soovitud tihedusele<\/p>\n<\/li>\n<\/ul>\n<p data-start=\"1318\" data-end=\"1393\">V\u00f5imalik on tellida nii standardkomplekte kui ka individuaalseid lahendusi.<\/p>\n<p data-start=\"1318\" data-end=\"1393\"><strong>Edasim\u00fc\u00fcjatele ja salongidele<\/strong><\/p>\n<p data-start=\"1434\" data-end=\"1475\">Pakume clip-in pikendusi ka hulgi- ja edasim\u00fc\u00fcgiks:<\/p>\n<ul data-start=\"1477\" data-end=\"1586\">\n<li data-start=\"1477\" data-end=\"1507\">\n<p data-start=\"1479\" data-end=\"1507\">stabiilne Euroopa tootmine<\/p>\n<\/li>\n<li data-start=\"1508\" data-end=\"1537\">\n<p data-start=\"1510\" data-end=\"1537\">v\u00e4ikese partiiga tootmine<\/p>\n<\/li>\n<li data-start=\"1538\" data-end=\"1559\">\n<p data-start=\"1540\" data-end=\"1559\">kohandatud toonid<\/p>\n<\/li>\n<li data-start=\"1560\" data-end=\"1586\">\n<p data-start=\"1562\" data-end=\"1586\">private label v\u00f5imalus<\/p>\n<\/li>\n<\/ul>\n<p data-start=\"1588\" data-end=\"1691\">Kui otsite kvaliteetseid Euroopa clip-in pikendusi oma salongi v\u00f5i br\u00e4ndi jaoks, v\u00f5tke meiega \u00fchendust.<\/p>\n<p data-start=\"1588\" data-end=\"1691\"><strong>Individuaalkliendile<\/strong><\/p>\n<p data-start=\"1588\" data-end=\"1691\">Clip-in pikendused on ideaalne valik neile, kes soovivad kiiret muutust ilma p\u00fcsiva paigalduseta. Tulemuseks on loomulikult sulanduv, kerge ja mugav soeng, mida saab ise vastavalt soovile kanda. Clip-in pikendused ei vaja p\u00fcsivat kinnitust ega regulaarset hoolduspaigaldust salongis. See teeb neist praktilise ja paindliku valiku neile, kes soovivad soengut ise vastavalt vajadusele muuta.<\/p>\n<p><img fetchpriority=\"high\" decoding=\"async\" class=\"size-medium wp-image-13133\" src=\"https:\/\/hairmagic.ee\/wp-content\/uploads\/2025\/10\/IMG_20250611_163913_228-300x300.webp\" alt=\"Clip-in\" width=\"300\" height=\"300\" srcset=\"https:\/\/hairmagic.ee\/wp-content\/uploads\/2025\/10\/IMG_20250611_163913_228-300x300.webp 300w, https:\/\/hairmagic.ee\/wp-content\/uploads\/2025\/10\/IMG_20250611_163913_228-1024x1024.webp 1024w, https:\/\/hairmagic.ee\/wp-content\/uploads\/2025\/10\/IMG_20250611_163913_228-150x150.webp 150w, https:\/\/hairmagic.ee\/wp-content\/uploads\/2025\/10\/IMG_20250611_163913_228-768x768.webp 768w, https:\/\/hairmagic.ee\/wp-content\/uploads\/2025\/10\/IMG_20250611_163913_228.webp 1440w\" sizes=\"(max-width: 300px) 100vw, 300px\" \/><\/p>\n<p><img decoding=\"async\" class=\"size-medium wp-image-13193\" src=\"https:\/\/hairmagic.ee\/wp-content\/uploads\/2025\/10\/IMG_20250611_163913_275-300x300.webp\" alt=\"Clip-inid\" width=\"300\" height=\"300\" srcset=\"https:\/\/hairmagic.ee\/wp-content\/uploads\/2025\/10\/IMG_20250611_163913_275-300x300.webp 300w, https:\/\/hairmagic.ee\/wp-content\/uploads\/2025\/10\/IMG_20250611_163913_275-1024x1024.webp 1024w, https:\/\/hairmagic.ee\/wp-content\/uploads\/2025\/10\/IMG_20250611_163913_275-150x150.webp 150w, https:\/\/hairmagic.ee\/wp-content\/uploads\/2025\/10\/IMG_20250611_163913_275-768x768.webp 768w, https:\/\/hairmagic.ee\/wp-content\/uploads\/2025\/10\/IMG_20250611_163913_275.webp 1440w\" sizes=\"(max-width: 300px) 100vw, 300px\" \/>[\/vc_column_text][\/vc_column][\/vc_row]<\/p>\n<\/div>","protected":false},"excerpt":{"rendered":"<p>[vc_row][vc_column][vc_column_text css=&#8221;&#8221;] Ajutine lahendus loomuliku tulemusega Hairmagic Production clip-in juuksepikendused on valmistatud 100% Remy single donor slaavi ja Eesti doonorjuustest. Need on loodud neile, kes soovivad lisada juustele pikkust ja vol\u00fc\u00fcmi ilma p\u00fcsiva paigalduseta. Clip-in pikendused kinnituvad mugavate klambritega ning on kergesti ise paigaldatavad ja eemaldatavad. Need sobivad nii igap\u00e4evaseks kasutuseks kui ka eriliseks s\u00fcndmuseks. [&hellip;]<\/p>\n","protected":false},"author":1,"featured_media":0,"parent":13014,"menu_order":5,"comment_status":"closed","ping_status":"closed","template":"","meta":{"_acf_changed":false,"_monsterinsights_skip_tracking":false,"_monsterinsights_sitenote_active":false,"_monsterinsights_sitenote_note":"","_monsterinsights_sitenote_category":0,"footnotes":""},"class_list":["post-13077","page","type-page","status-publish","hentry"],"acf":[],"_links":{"self":[{"href":"https:\/\/hairmagic.ee\/et\/wp-json\/wp\/v2\/pages\/13077","targetHints":{"allow":["GET"]}}],"collection":[{"href":"https:\/\/hairmagic.ee\/et\/wp-json\/wp\/v2\/pages"}],"about":[{"href":"https:\/\/hairmagic.ee\/et\/wp-json\/wp\/v2\/types\/page"}],"author":[{"embeddable":true,"href":"https:\/\/hairmagic.ee\/et\/wp-json\/wp\/v2\/users\/1"}],"replies":[{"embeddable":true,"href":"https:\/\/hairmagic.ee\/et\/wp-json\/wp\/v2\/comments?post=13077"}],"version-history":[{"count":6,"href":"https:\/\/hairmagic.ee\/et\/wp-json\/wp\/v2\/pages\/13077\/revisions"}],"predecessor-version":[{"id":13491,"href":"https:\/\/hairmagic.ee\/et\/wp-json\/wp\/v2\/pages\/13077\/revisions\/13491"}],"up":[{"embeddable":true,"href":"https:\/\/hairmagic.ee\/et\/wp-json\/wp\/v2\/pages\/13014"}],"wp:attachment":[{"href":"https:\/\/hairmagic.ee\/et\/wp-json\/wp\/v2\/media?parent=13077"}],"curies":[{"name":"wp","href":"https:\/\/api.w.org\/{rel}","templated":true}]}}