{"id":13078,"date":"2025-10-08T10:02:55","date_gmt":"2025-10-08T07:02:55","guid":{"rendered":"https:\/\/hairmagic.ee\/meie-juuksed\/ponytails\/"},"modified":"2026-02-22T11:44:21","modified_gmt":"2026-02-22T08:44:21","slug":"ponisabad","status":"publish","type":"page","link":"https:\/\/hairmagic.ee\/et\/juuksepikendused\/ponisabad\/","title":{"rendered":"Ponisabad"},"content":{"rendered":"<div class=\"wpb-content-wrapper\"><p>[vc_row][vc_column][vc_column_text css=&#8221;&#8221;]<\/p>\n<p data-start=\"267\" data-end=\"496\"><strong>Kiire ja efektne lahendus vol\u00fc\u00fcmi ja pikkuse lisamiseks<\/strong><\/p>\n<p data-start=\"267\" data-end=\"496\"><strong>Hairmagic Production ponisabad<\/strong> on valmistatud 100% Remy single donor slaavi ja Eesti doonorjuustest. Need on loodud neile, kes soovivad hetkega lisada juustele pikkust, tihedust v\u00f5i efektset l\u00f5pptulemust ilma p\u00fcsiva paigalduseta.<\/p>\n<p data-start=\"498\" data-end=\"592\">Ponisaba kinnitub enda patsi \u00fcmber ning sulandub loomulike juustega \u00fchtlaselt ja diskreetselt.<\/p>\n<p data-start=\"594\" data-end=\"739\">K\u00f5ik ponisabad valmistatakse Eestis kontrollitud tootmisprotsessis, p\u00f6\u00f6rates t\u00e4helepanu nii juukse kvaliteedile kui ka kinnituse vastupidavusele.<\/p>\n<p><img fetchpriority=\"high\" decoding=\"async\" class=\"size-medium wp-image-13137\" src=\"https:\/\/hairmagic.ee\/wp-content\/uploads\/2025\/10\/FB_IMG_1740592499614-300x300.jpg\" alt=\"Ponytail\" width=\"300\" height=\"300\" srcset=\"https:\/\/hairmagic.ee\/wp-content\/uploads\/2025\/10\/FB_IMG_1740592499614-300x300.jpg 300w, https:\/\/hairmagic.ee\/wp-content\/uploads\/2025\/10\/FB_IMG_1740592499614-1020x1024.jpg 1020w, https:\/\/hairmagic.ee\/wp-content\/uploads\/2025\/10\/FB_IMG_1740592499614-150x150.jpg 150w, https:\/\/hairmagic.ee\/wp-content\/uploads\/2025\/10\/FB_IMG_1740592499614-768x771.jpg 768w, https:\/\/hairmagic.ee\/wp-content\/uploads\/2025\/10\/FB_IMG_1740592499614.jpg 1440w\" sizes=\"(max-width: 300px) 100vw, 300px\" \/><\/p>\n<p data-start=\"594\" data-end=\"739\"><strong>Loomulik ja mugav kanda<\/strong><\/p>\n<p data-start=\"594\" data-end=\"739\">\u2022 100% Slaavi Remy kvaliteet<br data-start=\"817\" data-end=\"820\" \/>\u2022 Pehme, siidine ja loomulik tekstuur<br data-start=\"857\" data-end=\"860\" \/>\u2022 Kerge konstruktsioon<br data-start=\"882\" data-end=\"885\" \/>\u2022 Ei vaja p\u00fcsivat kinnitust<br data-start=\"912\" data-end=\"915\" \/>\u2022 Sobivad nii igap\u00e4evaseks kandmiseks kui ka eriliseks s\u00fcndmuseks<\/p>\n<p><img decoding=\"async\" class=\"size-medium wp-image-13495\" src=\"https:\/\/hairmagic.ee\/wp-content\/uploads\/2026\/02\/InCollage_20251217_205325802-300x300.jpg\" alt=\"Ponisaba\" width=\"300\" height=\"300\" srcset=\"https:\/\/hairmagic.ee\/wp-content\/uploads\/2026\/02\/InCollage_20251217_205325802-300x300.jpg 300w, https:\/\/hairmagic.ee\/wp-content\/uploads\/2026\/02\/InCollage_20251217_205325802-1024x1024.jpg 1024w, https:\/\/hairmagic.ee\/wp-content\/uploads\/2026\/02\/InCollage_20251217_205325802-150x150.jpg 150w, https:\/\/hairmagic.ee\/wp-content\/uploads\/2026\/02\/InCollage_20251217_205325802-768x768.jpg 768w, https:\/\/hairmagic.ee\/wp-content\/uploads\/2026\/02\/InCollage_20251217_205325802-1536x1536.jpg 1536w, https:\/\/hairmagic.ee\/wp-content\/uploads\/2026\/02\/InCollage_20251217_205325802-2048x2048.jpg 2048w\" sizes=\"(max-width: 300px) 100vw, 300px\" \/><\/p>\n<p data-start=\"1114\" data-end=\"1189\"><strong>Erinevad kinnituss\u00fcsteemid<\/strong><\/p>\n<p data-start=\"1114\" data-end=\"1189\">Pakume mitut kinnitust\u00fc\u00fcpi vastavalt soovitud tulemusele ja kandmisviisile:<\/p>\n<p data-start=\"1191\" data-end=\"1320\">\u2022 Klambriga kinnituv ponisaba<br data-start=\"1220\" data-end=\"1223\" \/>\u2022 Kummipaelaga kinnituv lahendus<br data-start=\"1255\" data-end=\"1258\" \/>\u2022 Klippidega s\u00fcsteem<br data-start=\"1278\" data-end=\"1281\" \/>\u2022 Takjapaelaga (<em>wrap-around<\/em>) ponisaba<\/p>\n<p data-start=\"1322\" data-end=\"1392\">Iga s\u00fcsteem on loodud tagama stabiilse kinnituse ja lihtsa paigalduse.<\/p>\n<p><img decoding=\"async\" class=\"size-medium wp-image-13182\" src=\"https:\/\/hairmagic.ee\/wp-content\/uploads\/2025\/10\/InCollage_20250708_160024233-300x300.jpg\" alt=\"Ponid\" width=\"300\" height=\"300\" srcset=\"https:\/\/hairmagic.ee\/wp-content\/uploads\/2025\/10\/InCollage_20250708_160024233-300x300.jpg 300w, https:\/\/hairmagic.ee\/wp-content\/uploads\/2025\/10\/InCollage_20250708_160024233-1024x1024.jpg 1024w, https:\/\/hairmagic.ee\/wp-content\/uploads\/2025\/10\/InCollage_20250708_160024233-150x150.jpg 150w, https:\/\/hairmagic.ee\/wp-content\/uploads\/2025\/10\/InCollage_20250708_160024233-768x768.jpg 768w, https:\/\/hairmagic.ee\/wp-content\/uploads\/2025\/10\/InCollage_20250708_160024233-1536x1536.jpg 1536w, https:\/\/hairmagic.ee\/wp-content\/uploads\/2025\/10\/InCollage_20250708_160024233-2048x2048.jpg 2048w\" sizes=\"(max-width: 300px) 100vw, 300px\" \/><\/p>\n<p data-start=\"1429\" data-end=\"1471\"><strong>Individuaalsed lahendused<\/strong><\/p>\n<p data-start=\"1429\" data-end=\"1471\">Valmistame ponisabasid vastavalt tellitud:<\/p>\n<ul data-start=\"1473\" data-end=\"1534\">\n<li data-start=\"1473\" data-end=\"1486\">\n<p data-start=\"1475\" data-end=\"1486\">pikkusele<\/p>\n<\/li>\n<li data-start=\"1487\" data-end=\"1498\">\n<p data-start=\"1489\" data-end=\"1498\">toonile<\/p>\n<\/li>\n<li data-start=\"1499\" data-end=\"1510\">\n<p data-start=\"1501\" data-end=\"1510\">kaalule<\/p>\n<\/li>\n<li data-start=\"1511\" data-end=\"1534\">\n<p data-start=\"1513\" data-end=\"1534\">soovitud tihedusele<\/p>\n<\/li>\n<\/ul>\n<p data-start=\"1536\" data-end=\"1622\">V\u00f5imalik on tellida nii standardlahendusi kui ka personaalselt kohandatud ponisabasid.<\/p>\n<p><img loading=\"lazy\" decoding=\"async\" class=\"size-medium wp-image-13499\" src=\"https:\/\/hairmagic.ee\/wp-content\/uploads\/2026\/02\/InCollage_20251225_132822045-300x300.jpg\" alt=\"Ponisaba\" width=\"300\" height=\"300\" srcset=\"https:\/\/hairmagic.ee\/wp-content\/uploads\/2026\/02\/InCollage_20251225_132822045-300x300.jpg 300w, https:\/\/hairmagic.ee\/wp-content\/uploads\/2026\/02\/InCollage_20251225_132822045-1024x1024.jpg 1024w, https:\/\/hairmagic.ee\/wp-content\/uploads\/2026\/02\/InCollage_20251225_132822045-150x150.jpg 150w, https:\/\/hairmagic.ee\/wp-content\/uploads\/2026\/02\/InCollage_20251225_132822045-768x768.jpg 768w, https:\/\/hairmagic.ee\/wp-content\/uploads\/2026\/02\/InCollage_20251225_132822045-1536x1536.jpg 1536w, https:\/\/hairmagic.ee\/wp-content\/uploads\/2026\/02\/InCollage_20251225_132822045-2048x2048.jpg 2048w\" sizes=\"(max-width: 300px) 100vw, 300px\" \/><\/p>\n<p data-start=\"1536\" data-end=\"1622\"><strong>Edasim\u00fc\u00fcjatele ja salongidele<\/strong><\/p>\n<p data-start=\"1663\" data-end=\"1698\">Pakume ponisabasid ka hulgim\u00fc\u00fcgiks:<\/p>\n<ul data-start=\"1700\" data-end=\"1809\">\n<li data-start=\"1700\" data-end=\"1730\">\n<p data-start=\"1702\" data-end=\"1730\">stabiilne Euroopa tootmine<\/p>\n<\/li>\n<li data-start=\"1731\" data-end=\"1760\">\n<p data-start=\"1733\" data-end=\"1760\">v\u00e4ikese partiiga tootmine<\/p>\n<\/li>\n<li data-start=\"1761\" data-end=\"1782\">\n<p data-start=\"1763\" data-end=\"1782\">kohandatud toonid<\/p>\n<\/li>\n<li data-start=\"1783\" data-end=\"1809\">\n<p data-start=\"1785\" data-end=\"1809\">private label v\u00f5imalus<\/p>\n<\/li>\n<\/ul>\n<p data-start=\"1811\" data-end=\"1908\">Kui otsite kvaliteetseid Euroopa ponisabasid oma salongi v\u00f5i br\u00e4ndi jaoks, v\u00f5tke meiega \u00fchendust.<\/p>\n<p><img loading=\"lazy\" decoding=\"async\" class=\"size-medium wp-image-13503\" src=\"https:\/\/hairmagic.ee\/wp-content\/uploads\/2026\/02\/InCollage_20251225_132734983-300x300.jpg\" alt=\"Ponisaba\" width=\"300\" height=\"300\" srcset=\"https:\/\/hairmagic.ee\/wp-content\/uploads\/2026\/02\/InCollage_20251225_132734983-300x300.jpg 300w, https:\/\/hairmagic.ee\/wp-content\/uploads\/2026\/02\/InCollage_20251225_132734983-1024x1024.jpg 1024w, https:\/\/hairmagic.ee\/wp-content\/uploads\/2026\/02\/InCollage_20251225_132734983-150x150.jpg 150w, https:\/\/hairmagic.ee\/wp-content\/uploads\/2026\/02\/InCollage_20251225_132734983-768x768.jpg 768w, https:\/\/hairmagic.ee\/wp-content\/uploads\/2026\/02\/InCollage_20251225_132734983-1536x1536.jpg 1536w, https:\/\/hairmagic.ee\/wp-content\/uploads\/2026\/02\/InCollage_20251225_132734983-2048x2048.jpg 2048w\" sizes=\"(max-width: 300px) 100vw, 300px\" \/><\/p>\n<p><img loading=\"lazy\" decoding=\"async\" class=\"size-medium wp-image-13513\" src=\"https:\/\/hairmagic.ee\/wp-content\/uploads\/2026\/02\/InCollage_20260130_123922313-300x300.jpg\" alt=\"Ponisaba\" width=\"300\" height=\"300\" srcset=\"https:\/\/hairmagic.ee\/wp-content\/uploads\/2026\/02\/InCollage_20260130_123922313-300x300.jpg 300w, https:\/\/hairmagic.ee\/wp-content\/uploads\/2026\/02\/InCollage_20260130_123922313-1024x1024.jpg 1024w, https:\/\/hairmagic.ee\/wp-content\/uploads\/2026\/02\/InCollage_20260130_123922313-150x150.jpg 150w, https:\/\/hairmagic.ee\/wp-content\/uploads\/2026\/02\/InCollage_20260130_123922313-768x768.jpg 768w, https:\/\/hairmagic.ee\/wp-content\/uploads\/2026\/02\/InCollage_20260130_123922313-1536x1536.jpg 1536w, https:\/\/hairmagic.ee\/wp-content\/uploads\/2026\/02\/InCollage_20260130_123922313-2048x2048.jpg 2048w\" sizes=\"(max-width: 300px) 100vw, 300px\" \/><\/p>\n<p data-start=\"1811\" data-end=\"1908\"><strong>Individuaalkliendile<\/strong><\/p>\n<p data-start=\"1811\" data-end=\"1908\">Ponisaba on ideaalne valik neile, kes soovivad kiiret ja silmapaistvat muutust. Tulemuseks on vol\u00fc\u00fcmikam, pikem ja luksuslikum soeng, mida saab ise vastavalt vajadusele kinnitada ja eemaldada.<\/p>\n<p><img loading=\"lazy\" decoding=\"async\" class=\"size-medium wp-image-13185\" src=\"https:\/\/hairmagic.ee\/wp-content\/uploads\/2025\/10\/InCollage_20250708_160723743-300x300.jpg\" alt=\"Ponisaba\" width=\"300\" height=\"300\" srcset=\"https:\/\/hairmagic.ee\/wp-content\/uploads\/2025\/10\/InCollage_20250708_160723743-300x300.jpg 300w, https:\/\/hairmagic.ee\/wp-content\/uploads\/2025\/10\/InCollage_20250708_160723743-1024x1024.jpg 1024w, https:\/\/hairmagic.ee\/wp-content\/uploads\/2025\/10\/InCollage_20250708_160723743-150x150.jpg 150w, https:\/\/hairmagic.ee\/wp-content\/uploads\/2025\/10\/InCollage_20250708_160723743-768x768.jpg 768w, https:\/\/hairmagic.ee\/wp-content\/uploads\/2025\/10\/InCollage_20250708_160723743-1536x1536.jpg 1536w, https:\/\/hairmagic.ee\/wp-content\/uploads\/2025\/10\/InCollage_20250708_160723743-2048x2048.jpg 2048w\" sizes=\"(max-width: 300px) 100vw, 300px\" \/>[\/vc_column_text][\/vc_column][\/vc_row]<\/p>\n<\/div>","protected":false},"excerpt":{"rendered":"<p>[vc_row][vc_column][vc_column_text css=&#8221;&#8221;] Kiire ja efektne lahendus vol\u00fc\u00fcmi ja pikkuse lisamiseks Hairmagic Production ponisabad on valmistatud 100% Remy single donor slaavi ja Eesti doonorjuustest. Need on loodud neile, kes soovivad hetkega lisada juustele pikkust, tihedust v\u00f5i efektset l\u00f5pptulemust ilma p\u00fcsiva paigalduseta. Ponisaba kinnitub enda patsi \u00fcmber ning sulandub loomulike juustega \u00fchtlaselt ja diskreetselt. K\u00f5ik ponisabad valmistatakse [&hellip;]<\/p>\n","protected":false},"author":1,"featured_media":0,"parent":13014,"menu_order":6,"comment_status":"closed","ping_status":"closed","template":"","meta":{"_acf_changed":false,"_monsterinsights_skip_tracking":false,"_monsterinsights_sitenote_active":false,"_monsterinsights_sitenote_note":"","_monsterinsights_sitenote_category":0,"footnotes":""},"class_list":["post-13078","page","type-page","status-publish","hentry"],"acf":[],"_links":{"self":[{"href":"https:\/\/hairmagic.ee\/et\/wp-json\/wp\/v2\/pages\/13078","targetHints":{"allow":["GET"]}}],"collection":[{"href":"https:\/\/hairmagic.ee\/et\/wp-json\/wp\/v2\/pages"}],"about":[{"href":"https:\/\/hairmagic.ee\/et\/wp-json\/wp\/v2\/types\/page"}],"author":[{"embeddable":true,"href":"https:\/\/hairmagic.ee\/et\/wp-json\/wp\/v2\/users\/1"}],"replies":[{"embeddable":true,"href":"https:\/\/hairmagic.ee\/et\/wp-json\/wp\/v2\/comments?post=13078"}],"version-history":[{"count":7,"href":"https:\/\/hairmagic.ee\/et\/wp-json\/wp\/v2\/pages\/13078\/revisions"}],"predecessor-version":[{"id":13522,"href":"https:\/\/hairmagic.ee\/et\/wp-json\/wp\/v2\/pages\/13078\/revisions\/13522"}],"up":[{"embeddable":true,"href":"https:\/\/hairmagic.ee\/et\/wp-json\/wp\/v2\/pages\/13014"}],"wp:attachment":[{"href":"https:\/\/hairmagic.ee\/et\/wp-json\/wp\/v2\/media?parent=13078"}],"curies":[{"name":"wp","href":"https:\/\/api.w.org\/{rel}","templated":true}]}}