{"id":13079,"date":"2025-10-08T10:05:05","date_gmt":"2025-10-08T07:05:05","guid":{"rendered":"https:\/\/hairmagic.ee\/meie-juuksed\/halo-hair\/"},"modified":"2026-02-22T12:16:37","modified_gmt":"2026-02-22T09:16:37","slug":"halod","status":"publish","type":"page","link":"https:\/\/hairmagic.ee\/et\/juuksepikendused\/halod\/","title":{"rendered":"Halo juuksepikendused"},"content":{"rendered":"<div class=\"wpb-content-wrapper\"><p>[vc_row][vc_column][vc_column_text css=&#8221;&#8221;]<\/p>\n<p data-start=\"375\" data-end=\"612\"><strong>Lihtne ja \u00f5rn lahendus pikkuse ja tiheduse lisamiseks<\/strong><\/p>\n<p data-start=\"375\" data-end=\"612\"><strong>Hairmagic Production halo juuksepikendused<\/strong> on valmistatud 100% Remy single donor slaavi ja Eesti doonorjuustest. Need on loodud neile, kes soovivad kiiresti lisada juustele pikkust ja mahtu ilma p\u00fcsiva kinnituse v\u00f5i keemilise t\u00f6\u00f6tluseta.<\/p>\n<p data-start=\"614\" data-end=\"748\">Halo pikendus kinnitub peene ja diskreetse l\u00e4bipaistva tamiili abil, mis asetub loomulikult juuste alla ning j\u00e4\u00e4b kandmisel m\u00e4rkamatuks. Soovi korral lisame ka mugavad clip-in klambrid.<\/p>\n<p><img fetchpriority=\"high\" decoding=\"async\" class=\"size-medium wp-image-13528\" src=\"https:\/\/hairmagic.ee\/wp-content\/uploads\/2026\/02\/InCollage_20260107_190813720-300x300.jpg\" alt=\"halo\" width=\"300\" height=\"300\" srcset=\"https:\/\/hairmagic.ee\/wp-content\/uploads\/2026\/02\/InCollage_20260107_190813720-300x300.jpg 300w, https:\/\/hairmagic.ee\/wp-content\/uploads\/2026\/02\/InCollage_20260107_190813720-1024x1024.jpg 1024w, https:\/\/hairmagic.ee\/wp-content\/uploads\/2026\/02\/InCollage_20260107_190813720-150x150.jpg 150w, https:\/\/hairmagic.ee\/wp-content\/uploads\/2026\/02\/InCollage_20260107_190813720-768x768.jpg 768w, https:\/\/hairmagic.ee\/wp-content\/uploads\/2026\/02\/InCollage_20260107_190813720-1536x1536.jpg 1536w, https:\/\/hairmagic.ee\/wp-content\/uploads\/2026\/02\/InCollage_20260107_190813720-2048x2048.jpg 2048w\" sizes=\"(max-width: 300px) 100vw, 300px\" \/><\/p>\n<p data-start=\"614\" data-end=\"748\"><strong>Kiire paigaldus ja loomulik tulemus<\/strong><\/p>\n<p data-start=\"795\" data-end=\"1017\">\u2022 Paigaldus ja eemaldamine v\u00f5tab vaid m\u00f5ne minuti<br data-start=\"844\" data-end=\"847\" \/>\u2022 Ei vaja liimi, teipi ega kuumt\u00f6\u00f6tlust<br data-start=\"886\" data-end=\"889\" \/>\u2022 Ei koorma oma juukseid ega peanahka<br data-start=\"926\" data-end=\"929\" \/>\u2022 Kerge ja mugav igap\u00e4evaseks kandmiseks<br data-start=\"969\" data-end=\"972\" \/>\u2022 Sobib nii pikkuse kui tiheduse lisamiseks<\/p>\n<p data-start=\"1019\" data-end=\"1125\">Halo s\u00fcsteem v\u00f5imaldab soengut ise kiiresti muuta, s\u00e4ilitades samas loomuliku v\u00e4limuse ja mugavuse.<\/p>\n<p><img decoding=\"async\" class=\"size-medium wp-image-13532\" src=\"https:\/\/hairmagic.ee\/wp-content\/uploads\/2026\/02\/InCollage_20251224_120304902-300x300.jpg\" alt=\"halo\" width=\"300\" height=\"300\" srcset=\"https:\/\/hairmagic.ee\/wp-content\/uploads\/2026\/02\/InCollage_20251224_120304902-300x300.jpg 300w, https:\/\/hairmagic.ee\/wp-content\/uploads\/2026\/02\/InCollage_20251224_120304902-1024x1024.jpg 1024w, https:\/\/hairmagic.ee\/wp-content\/uploads\/2026\/02\/InCollage_20251224_120304902-150x150.jpg 150w, https:\/\/hairmagic.ee\/wp-content\/uploads\/2026\/02\/InCollage_20251224_120304902-768x768.jpg 768w, https:\/\/hairmagic.ee\/wp-content\/uploads\/2026\/02\/InCollage_20251224_120304902-1536x1536.jpg 1536w, https:\/\/hairmagic.ee\/wp-content\/uploads\/2026\/02\/InCollage_20251224_120304902-2048x2048.jpg 2048w\" sizes=\"(max-width: 300px) 100vw, 300px\" \/><\/p>\n<p data-start=\"1019\" data-end=\"1125\"><strong>Valmistatud Eestis<\/strong><\/p>\n<p data-start=\"1155\" data-end=\"1296\">K\u00f5ik meie halo pikendused valmistatakse Eestis kontrollitud tootmisprotsessis, p\u00f6\u00f6rates t\u00e4helepanu juuste kvaliteedile, tihedusele ja tasakaalule.<\/p>\n<p data-start=\"1298\" data-end=\"1418\">Kasutame ainult hoolikalt valitud slaavi ja Eesti p\u00e4ritolu Remy juukseid, et tagada pehme, siidine ja loomulik langevus.<\/p>\n<p><img decoding=\"async\" class=\"size-medium wp-image-13540\" src=\"https:\/\/hairmagic.ee\/wp-content\/uploads\/2026\/02\/InCollage_20260222_103331172-300x300.jpg\" alt=\"halo\" width=\"300\" height=\"300\" srcset=\"https:\/\/hairmagic.ee\/wp-content\/uploads\/2026\/02\/InCollage_20260222_103331172-300x300.jpg 300w, https:\/\/hairmagic.ee\/wp-content\/uploads\/2026\/02\/InCollage_20260222_103331172-1024x1024.jpg 1024w, https:\/\/hairmagic.ee\/wp-content\/uploads\/2026\/02\/InCollage_20260222_103331172-150x150.jpg 150w, https:\/\/hairmagic.ee\/wp-content\/uploads\/2026\/02\/InCollage_20260222_103331172-768x768.jpg 768w, https:\/\/hairmagic.ee\/wp-content\/uploads\/2026\/02\/InCollage_20260222_103331172-1536x1536.jpg 1536w, https:\/\/hairmagic.ee\/wp-content\/uploads\/2026\/02\/InCollage_20260222_103331172-2048x2048.jpg 2048w\" sizes=\"(max-width: 300px) 100vw, 300px\" \/><\/p>\n<p data-start=\"1298\" data-end=\"1418\"><strong>Individuaalsed lahendused<\/strong><\/p>\n<p data-start=\"1455\" data-end=\"1500\">Valmistame halo pikendusi vastavalt tellitud:<\/p>\n<ul data-start=\"1502\" data-end=\"1563\">\n<li data-start=\"1502\" data-end=\"1515\">\n<p data-start=\"1504\" data-end=\"1515\">pikkusele ja laiusele<\/p>\n<\/li>\n<li data-start=\"1516\" data-end=\"1527\">\n<p data-start=\"1518\" data-end=\"1527\">toonile<\/p>\n<\/li>\n<li data-start=\"1528\" data-end=\"1539\">\n<p data-start=\"1530\" data-end=\"1539\">kaalule<\/p>\n<\/li>\n<li data-start=\"1540\" data-end=\"1563\">\n<p data-start=\"1542\" data-end=\"1563\">soovitud tihedusele<\/p>\n<\/li>\n<li data-start=\"1540\" data-end=\"1563\">klippidega v\u00f5i ilma<\/li>\n<\/ul>\n<p data-start=\"1565\" data-end=\"1653\">V\u00f5imalik on tellida nii standardlahendusi kui ka personaalselt kohandatud halo s\u00fcsteeme.<\/p>\n<p><img loading=\"lazy\" decoding=\"async\" class=\"size-medium wp-image-13536\" src=\"https:\/\/hairmagic.ee\/wp-content\/uploads\/2026\/02\/InCollage_20251224_120316420-300x300.jpg\" alt=\"halo\" width=\"300\" height=\"300\" srcset=\"https:\/\/hairmagic.ee\/wp-content\/uploads\/2026\/02\/InCollage_20251224_120316420-300x300.jpg 300w, https:\/\/hairmagic.ee\/wp-content\/uploads\/2026\/02\/InCollage_20251224_120316420-1024x1024.jpg 1024w, https:\/\/hairmagic.ee\/wp-content\/uploads\/2026\/02\/InCollage_20251224_120316420-150x150.jpg 150w, https:\/\/hairmagic.ee\/wp-content\/uploads\/2026\/02\/InCollage_20251224_120316420-768x768.jpg 768w, https:\/\/hairmagic.ee\/wp-content\/uploads\/2026\/02\/InCollage_20251224_120316420-1536x1536.jpg 1536w, https:\/\/hairmagic.ee\/wp-content\/uploads\/2026\/02\/InCollage_20251224_120316420-2048x2048.jpg 2048w\" sizes=\"(max-width: 300px) 100vw, 300px\" \/><\/p>\n<p data-start=\"1565\" data-end=\"1653\"><strong>Individuaalkliendile<\/strong><\/p>\n<p data-start=\"1565\" data-end=\"1653\">Halo juuksepikendused on ideaalne valik neile, kes soovivad ajutist ja \u00f5rna lahendust ilma salongikohustuseta. Need v\u00f5imaldavad nautida pikemaid ja tihedamaid juukseid igal ajal, ilma p\u00fcsiva paigalduseta.<\/p>\n<p>&nbsp;<\/p>\n<p><img loading=\"lazy\" decoding=\"async\" class=\"size-medium wp-image-13544\" src=\"https:\/\/hairmagic.ee\/wp-content\/uploads\/2026\/02\/Messenger_creation_B38E2C05-BACB-4F50-AC1F-CCD372A388C9-225x300.jpeg\" alt=\"halo\" width=\"225\" height=\"300\" srcset=\"https:\/\/hairmagic.ee\/wp-content\/uploads\/2026\/02\/Messenger_creation_B38E2C05-BACB-4F50-AC1F-CCD372A388C9-225x300.jpeg 225w, https:\/\/hairmagic.ee\/wp-content\/uploads\/2026\/02\/Messenger_creation_B38E2C05-BACB-4F50-AC1F-CCD372A388C9-768x1024.jpeg 768w, https:\/\/hairmagic.ee\/wp-content\/uploads\/2026\/02\/Messenger_creation_B38E2C05-BACB-4F50-AC1F-CCD372A388C9-1152x1536.jpeg 1152w, https:\/\/hairmagic.ee\/wp-content\/uploads\/2026\/02\/Messenger_creation_B38E2C05-BACB-4F50-AC1F-CCD372A388C9.jpeg 1536w\" sizes=\"(max-width: 225px) 100vw, 225px\" \/><\/p>\n<p><img loading=\"lazy\" decoding=\"async\" class=\"size-medium wp-image-13141\" src=\"https:\/\/hairmagic.ee\/wp-content\/uploads\/2025\/10\/InCollage_20250713_142119597-300x300.jpg\" alt=\"Halo\" width=\"300\" height=\"300\" srcset=\"https:\/\/hairmagic.ee\/wp-content\/uploads\/2025\/10\/InCollage_20250713_142119597-300x300.jpg 300w, https:\/\/hairmagic.ee\/wp-content\/uploads\/2025\/10\/InCollage_20250713_142119597-1024x1024.jpg 1024w, https:\/\/hairmagic.ee\/wp-content\/uploads\/2025\/10\/InCollage_20250713_142119597-150x150.jpg 150w, https:\/\/hairmagic.ee\/wp-content\/uploads\/2025\/10\/InCollage_20250713_142119597-768x768.jpg 768w, https:\/\/hairmagic.ee\/wp-content\/uploads\/2025\/10\/InCollage_20250713_142119597-1536x1536.jpg 1536w, https:\/\/hairmagic.ee\/wp-content\/uploads\/2025\/10\/InCollage_20250713_142119597-2048x2048.jpg 2048w\" sizes=\"(max-width: 300px) 100vw, 300px\" \/>[\/vc_column_text][\/vc_column][\/vc_row]<\/p>\n<\/div>","protected":false},"excerpt":{"rendered":"<p>[vc_row][vc_column][vc_column_text css=&#8221;&#8221;] Lihtne ja \u00f5rn lahendus pikkuse ja tiheduse lisamiseks Hairmagic Production halo juuksepikendused on valmistatud 100% Remy single donor slaavi ja Eesti doonorjuustest. Need on loodud neile, kes soovivad kiiresti lisada juustele pikkust ja mahtu ilma p\u00fcsiva kinnituse v\u00f5i keemilise t\u00f6\u00f6tluseta. Halo pikendus kinnitub peene ja diskreetse l\u00e4bipaistva tamiili abil, mis asetub loomulikult juuste [&hellip;]<\/p>\n","protected":false},"author":1,"featured_media":0,"parent":13014,"menu_order":7,"comment_status":"closed","ping_status":"closed","template":"","meta":{"_acf_changed":false,"_monsterinsights_skip_tracking":false,"_monsterinsights_sitenote_active":false,"_monsterinsights_sitenote_note":"","_monsterinsights_sitenote_category":0,"footnotes":""},"class_list":["post-13079","page","type-page","status-publish","hentry"],"acf":[],"_links":{"self":[{"href":"https:\/\/hairmagic.ee\/et\/wp-json\/wp\/v2\/pages\/13079","targetHints":{"allow":["GET"]}}],"collection":[{"href":"https:\/\/hairmagic.ee\/et\/wp-json\/wp\/v2\/pages"}],"about":[{"href":"https:\/\/hairmagic.ee\/et\/wp-json\/wp\/v2\/types\/page"}],"author":[{"embeddable":true,"href":"https:\/\/hairmagic.ee\/et\/wp-json\/wp\/v2\/users\/1"}],"replies":[{"embeddable":true,"href":"https:\/\/hairmagic.ee\/et\/wp-json\/wp\/v2\/comments?post=13079"}],"version-history":[{"count":6,"href":"https:\/\/hairmagic.ee\/et\/wp-json\/wp\/v2\/pages\/13079\/revisions"}],"predecessor-version":[{"id":13553,"href":"https:\/\/hairmagic.ee\/et\/wp-json\/wp\/v2\/pages\/13079\/revisions\/13553"}],"up":[{"embeddable":true,"href":"https:\/\/hairmagic.ee\/et\/wp-json\/wp\/v2\/pages\/13014"}],"wp:attachment":[{"href":"https:\/\/hairmagic.ee\/et\/wp-json\/wp\/v2\/media?parent=13079"}],"curies":[{"name":"wp","href":"https:\/\/api.w.org\/{rel}","templated":true}]}}