{"id":13080,"date":"2025-10-08T10:08:25","date_gmt":"2025-10-08T07:08:25","guid":{"rendered":"https:\/\/hairmagic.ee\/our-production\/"},"modified":"2026-02-17T19:20:13","modified_gmt":"2026-02-17T16:20:13","slug":"tootmine","status":"publish","type":"page","link":"https:\/\/hairmagic.ee\/et\/tootmine\/","title":{"rendered":"Meie tootmine"},"content":{"rendered":"<div class=\"wpb-content-wrapper\"><p>[vc_row full_width=&#8221;stretch_row_content_no_spaces&#8221;][vc_column]<div class=\"banner-area banner-5b30bfb98f050 autoplay-true\"><div class=\"banner-social-buttons\"><div><a href=\"https:\/\/www.facebook.com\/profile.php?id=61566490043508\" target=\"_blank\"><i class=\"fab fa-facebook\"><\/i> <span>Facebook<\/span><\/a><a href=\"https:\/\/l.facebook.com\/l.php?u=https%3A%2F%2Fwww.instagram.com%2Fhairmagicproduction%3Figsh%3DY2xtMXhwNXg4emF5%26fbclid%3DIwZXh0bgNhZW0CMTAAAR18D3vYgp49ue0NhxOOoyX3EypRRv6PkT-ZlBD74N2zawclKkwwlR27vgE_aem_9vybVGtO17v26yRDQUZ9rg&#038;h=AT3yLhUvzl3LAWSXk6G-vetdixQpe56R6vNisOiLbQTuOgLqTSBBSFOW586eiZ_CxNN-BfErEBEcvqlHCyMZUBnDBz_JaX0Fx-0hNKaDqttztwkmaDf9vg7EsJ0zeDUKAZ3d0Q\" target=\"_blank\"><i class=\"fab fa-instagram\"><\/i> <span>Instagram<\/span><\/a><\/div><\/div><div class=\"banner  fixed-height navigation-style1\" style=\"height: 410px;\"><div class=\"item banner-item-69db970838c33 bottom white\" style=\"background-image: url(https:\/\/hairmagic.ee\/wp-content\/uploads\/2024\/10\/header-image-hairmagic-1.jpg);\"><div class=\"overlay\"><\/div><div class=\"container\"><div class=\"cell\"><div class=\"sub-h\">Featuring<\/div><div class=\"h\">Hairmagic Production \u2013 slaavi juuste tootja Euroopas<\/div><\/div><\/div><\/div><\/div><div class=\"slider-navigation slider-navigation-style1\">\r\n                    <div class=\"container\">\r\n                        <div class=\"count\"><\/div>\r\n                        <div class=\"line\"><div style=\"transition-duration: 5000ms;\"><\/div><\/div>\r\n                        <div class=\"arrows\">\r\n                            <div class=\"prev solid-arrow-collection-left-chevron-1\"><\/div>\r\n                            <div class=\"next solid-arrow-collection-right-chevron-1\"><\/div>\r\n                        <\/div>\r\n                    <\/div>\r\n                <\/div><\/div>[\/vc_column][\/vc_row][vc_row equal_height=&#8221;yes&#8221; css=&#8221;.vc_custom_1529923143630{padding-top: 85px !important;padding-bottom: 75px !important;}&#8221;][vc_column width=&#8221;1\/2&#8243; offset=&#8221;vc_col-lg-5&#8243; css=&#8221;.vc_custom_1529923170878{padding-top: 40px !important;padding-bottom: 10px !important;}&#8221;]<div class=\"pt-special-heading pt-special-heading-5b30c08237be9  wpb_animate_when_almost_visible wpb_fadeInLeft fadeInLeft tal decor-line-on-bottom\"><h6 class=\"sub-heading\">Features<\/h6><h2 class=\"heading\">Toodetud Eestis<\/h2><\/div>[vc_column_text css_animation=&#8221;fadeInLeft&#8221; css=&#8221;&#8221;]<img fetchpriority=\"high\" decoding=\"async\" class=\"size-medium wp-image-12937\" src=\"https:\/\/hairmagic.ee\/wp-content\/uploads\/2025\/09\/IMG_20240827_090841_001-169x300.webp\" alt=\"Blondide juuste tootmine\" width=\"169\" height=\"300\" srcset=\"https:\/\/hairmagic.ee\/wp-content\/uploads\/2025\/09\/IMG_20240827_090841_001-169x300.webp 169w, https:\/\/hairmagic.ee\/wp-content\/uploads\/2025\/09\/IMG_20240827_090841_001-576x1024.webp 576w, https:\/\/hairmagic.ee\/wp-content\/uploads\/2025\/09\/IMG_20240827_090841_001-768x1365.webp 768w, https:\/\/hairmagic.ee\/wp-content\/uploads\/2025\/09\/IMG_20240827_090841_001-864x1536.webp 864w, https:\/\/hairmagic.ee\/wp-content\/uploads\/2025\/09\/IMG_20240827_090841_001-1152x2048.webp 1152w, https:\/\/hairmagic.ee\/wp-content\/uploads\/2025\/09\/IMG_20240827_090841_001-600x1067.webp 600w, https:\/\/hairmagic.ee\/wp-content\/uploads\/2025\/09\/IMG_20240827_090841_001.webp 1440w\" sizes=\"(max-width: 169px) 100vw, 169px\" \/><\/p>\n<p data-start=\"177\" data-end=\"541\"><strong data-start=\"177\" data-end=\"201\">Hairmagic Production<\/strong> on Eestis, Tallinnas asuv slaavi juuksepikenduste tehas. Oleme spetsialiseerunud k\u00f5rgekvaliteediliste slaavi ja Eesti p\u00e4ritalu juuste t\u00f6\u00f6tlemisele ning nendest valmistatud juuksepikenduste, parukate ja topperite tootmisele. K\u00f5ik meie juuksetooted s\u00fcnnivad Eestis k\u00e4sit\u00f6\u00f6na, tagades loomuliku v\u00e4limuse, mugava kandmise ja kauakestva tulemuse.<\/p>\n<p data-start=\"543\" data-end=\"888\"><strong>Meie eksklusiivne <em>Nordic Hair Lightening<\/em> tehnoloogia<\/strong><\/p>\n<p data-start=\"847\" data-end=\"968\">Oleme v\u00e4lja t\u00f6\u00f6tanud kontrollitud blondeerimisprotsessi, mis on loodud spetsiaalselt peene struktuuriga Euroopa juustele.<\/p>\n<p data-start=\"970\" data-end=\"1073\">Kasutame j\u00e4rkj\u00e4rgulist oks\u00fcdatsiooni ja t\u00e4pselt kontrollitud keemilisi kontsentratsioone, et s\u00e4ilitada:<\/p>\n<ul data-start=\"1075\" data-end=\"1151\">\n<li data-start=\"1075\" data-end=\"1098\">\n<p data-start=\"1077\" data-end=\"1098\">kutiikuli struktuur<\/p>\n<\/li>\n<li data-start=\"1099\" data-end=\"1118\">\n<p data-start=\"1101\" data-end=\"1118\">niiskustasakaal<\/p>\n<\/li>\n<li data-start=\"1119\" data-end=\"1131\">\n<p data-start=\"1121\" data-end=\"1131\">elastsus<\/p>\n<\/li>\n<li data-start=\"1132\" data-end=\"1151\">\n<p data-start=\"1134\" data-end=\"1151\">juuksekarvade tugevus<\/p>\n<\/li>\n<\/ul>\n<p data-start=\"1153\" data-end=\"1279\">Tulemuseks on kvaliteetsed toonid sh blondid ja jahedad tuhkjad v\u00e4rvid, mis on sobivad professionaalsete juuksepikenduste ja muude l\u00f5pptoodete valmistamiseks.<\/p>\n<p data-start=\"1153\" data-end=\"1279\"><strong>Mis teeb meie tehnoloogia eriliseks?<\/strong><\/p>\n<p><img decoding=\"async\" class=\"size-medium wp-image-13118\" src=\"https:\/\/hairmagic.ee\/wp-content\/uploads\/2025\/10\/IMG_20241216_115221_296-187x300.jpg\" alt=\"To rebundle\" width=\"187\" height=\"300\" srcset=\"https:\/\/hairmagic.ee\/wp-content\/uploads\/2025\/10\/IMG_20241216_115221_296-187x300.jpg 187w, https:\/\/hairmagic.ee\/wp-content\/uploads\/2025\/10\/IMG_20241216_115221_296-639x1024.jpg 639w, https:\/\/hairmagic.ee\/wp-content\/uploads\/2025\/10\/IMG_20241216_115221_296-768x1230.jpg 768w, https:\/\/hairmagic.ee\/wp-content\/uploads\/2025\/10\/IMG_20241216_115221_296-959x1536.jpg 959w, https:\/\/hairmagic.ee\/wp-content\/uploads\/2025\/10\/IMG_20241216_115221_296-1279x2048.jpg 1279w, https:\/\/hairmagic.ee\/wp-content\/uploads\/2025\/10\/IMG_20241216_115221_296.jpg 1440w\" sizes=\"(max-width: 187px) 100vw, 187px\" \/><\/p>\n<p data-start=\"1153\" data-end=\"1279\"><strong>\u00d5rn, kuid efektiivne<\/strong><\/p>\n<p data-start=\"1153\" data-end=\"1279\">Blondeerimisprotsess on kohandatud slaavi juuste pehmele ja peenele struktuurile. Kontrollitud ja madala m\u00f5juga meetod aitab s\u00e4ilitada juuste loomuliku niiskuse ja elastsuse kogu protsessi v\u00e4ltel. Meie tehnoloogia v\u00f5imaldab saavutada siidised ja loomulikud blondid toonid, mis on iseloomulikud P\u00f5hjamaade juustele.<\/p>\n<p data-start=\"1153\" data-end=\"1279\"><strong>Minimaalne keemiline koormus<\/strong><\/p>\n<p data-start=\"1884\" data-end=\"2099\">V\u00f5rreldes tavap\u00e4raste tugeva blondeerimise meetoditega kasutame madalamaid keemilisi kontsentratsioone ning aeglasemat, kontrollitud t\u00f6\u00f6tlust, mis v\u00e4hendab kutiikuli kahjustust ja s\u00e4ilitab juuste loomuliku sileduse.<\/p>\n<p data-start=\"2101\" data-end=\"2212\">Meie eesm\u00e4rk on hoida tootmisprotsess kontrollitud ja vastutustundlikuna nii kvaliteedi kui keskkonnam\u00f5ju osas.<\/p>\n<p data-start=\"2101\" data-end=\"2212\"><strong>Inspireeritud P\u00f5hjamaade kvaliteedist<\/strong><\/p>\n<p data-start=\"2276\" data-end=\"2465\">Tegutseme Eestis ning kasutame tootmises ka kvaliteetseid kohalikke juukseid. Eesti juuksed on tuntud oma peene struktuuri ja loomuliku heleda tooni poolest, mis n\u00f5uab minimaalset t\u00f6\u00f6tlust. See v\u00f5imaldab meil toota kvaliteetseid, loomuliku v\u00e4limusega juuksepikendusi, mis sobivad h\u00e4sti Euroopa turule.<\/p>\n<p data-start=\"2623\" data-end=\"2728\">Eesti asukoht P\u00f5hja- ja Ida-Euroopa vahel annab ligip\u00e4\u00e4su loomulikult heledale ja peenele doonorjuuksele.<\/p>\n<p data-start=\"2730\" data-end=\"2743\">Kombineerime:<\/p>\n<ul data-start=\"2744\" data-end=\"2882\">\n<li data-start=\"2744\" data-end=\"2769\">\n<p data-start=\"2746\" data-end=\"2769\">piirkondliku tooraine<\/p>\n<\/li>\n<li data-start=\"2806\" data-end=\"2852\">\n<p data-start=\"2808\" data-end=\"2852\">t\u00e4ielikult Eestis toimiva tootmisprotsessi<\/p>\n<\/li>\n<li data-start=\"2853\" data-end=\"2882\">\n<p data-start=\"2855\" data-end=\"2882\">range kvaliteedikontrolli<\/p>\n<\/li>\n<\/ul>\n<p data-start=\"2884\" data-end=\"2978\">Tootmine toimub t\u00e4ielikult Eestis, mis annab meile \u00f5iguse kasutada m\u00e4rgist <strong data-start=\"964\" data-end=\"978\">Made in EU<\/strong>. See t\u00e4hendab usaldusv\u00e4\u00e4rset p\u00e4ritolu, l\u00e4bipaistvat tootmisprotsessi ja k\u00e4sit\u00f6\u00f6d, mis eristab meid masstoodangust.<\/p>\n<p data-start=\"2884\" data-end=\"2978\">Lisaks on meie parukad ja topperid saadaval <strong data-start=\"1260\" data-end=\"1286\">riikliku SKA toetusega<\/strong> \u2013 arstit\u00f5endi alusel katab riik kuni 90% kuludest. See muudab juukseproteesid ja parukad k\u00e4ttesaadavamaks k\u00f5igile, kes neid vajavad.<\/p>\n<p data-start=\"2884\" data-end=\"2978\"><strong>Alates toorjuuksest kuni valmistoote valmistamiseni<\/strong><\/p>\n<p data-start=\"3041\" data-end=\"3064\">Meie tootevalik h\u00f5lmab:<\/p>\n<ul data-start=\"3066\" data-end=\"3231\">\n<li data-start=\"3066\" data-end=\"3088\">\n<p data-start=\"3068\" data-end=\"3088\">keratiinpikendused<\/p>\n<\/li>\n<li data-start=\"3089\" data-end=\"3107\">\n<p data-start=\"3091\" data-end=\"3107\">teippikendused<\/p>\n<\/li>\n<li data-start=\"3108\" data-end=\"3154\">\n<p data-start=\"3110\" data-end=\"3154\">k\u00e4sitsi \u00f5mmeldud tressid (hand-tied wefts)<\/p>\n<\/li>\n<li data-start=\"3155\" data-end=\"3181\">\n<p data-start=\"3157\" data-end=\"3181\">genius weft tressid<\/p>\n<\/li>\n<li data-start=\"3155\" data-end=\"3181\">Erinevad eemaldatavad juuksepikendused ja erilahendused<\/li>\n<li data-start=\"3182\" data-end=\"3231\">\n<p data-start=\"3184\" data-end=\"3231\">eritellimusel valmistatud parukad ja topperid<\/p>\n<\/li>\n<\/ul>\n<p data-start=\"3233\" data-end=\"3313\">K\u00f5ik tooted valmivad detailit\u00e4psusega ning kontrollitud tootmisprotsessi k\u00e4igus.<\/p>\n<p data-start=\"3315\" data-end=\"3426\">T\u00f6\u00f6tame ainult 100% Remy single donor slaavi juustega, tagades kutiikuli suuna s\u00e4ilimise ja pikaajalise vastupidavuse.<\/p>\n<p data-start=\"3473\" data-end=\"3480\"><strong>Koost\u00f6\u00f6 salongidele ja edasim\u00fc\u00fcjatele<\/strong><\/p>\n<p data-start=\"3473\" data-end=\"3480\">Pakume:<\/p>\n<ul data-start=\"3482\" data-end=\"3651\">\n<li data-start=\"3482\" data-end=\"3526\">\n<p data-start=\"3484\" data-end=\"3526\">hulgim\u00fc\u00fcki salongidele ja edasim\u00fc\u00fcjatele<\/p>\n<\/li>\n<li data-start=\"3527\" data-end=\"3553\">\n<p data-start=\"3529\" data-end=\"3553\"><em>private label<\/em> tootmist<\/p>\n<\/li>\n<li data-start=\"3554\" data-end=\"3595\">\n<p data-start=\"3556\" data-end=\"3595\">koost\u00f6\u00f6d rahvusvaheliste partneritega<\/p>\n<\/li>\n<li data-start=\"3596\" data-end=\"3651\">\n<p data-start=\"3598\" data-end=\"3651\">stabiilset Euroopa tootmist pikaajaliseks koost\u00f6\u00f6ks<\/p>\n<\/li>\n<\/ul>\n<p data-start=\"3653\" data-end=\"3802\">Kui otsite usaldusv\u00e4\u00e4rset Euroopa juuksepikenduste tootjat, v\u00f5tke meiega \u00fchendust hulgihindade, <em>private label<\/em> v\u00f5imaluste ja pikaajalise koost\u00f6\u00f6 osas.<\/p>\n<p><img decoding=\"async\" class=\"size-medium wp-image-13115\" src=\"https:\/\/hairmagic.ee\/wp-content\/uploads\/2025\/10\/Screenshot_20250505_110219_Gallery-300x210.jpg\" alt=\"Slavic bulk hair\" width=\"300\" height=\"210\" srcset=\"https:\/\/hairmagic.ee\/wp-content\/uploads\/2025\/10\/Screenshot_20250505_110219_Gallery-300x210.jpg 300w, https:\/\/hairmagic.ee\/wp-content\/uploads\/2025\/10\/Screenshot_20250505_110219_Gallery-1024x717.jpg 1024w, https:\/\/hairmagic.ee\/wp-content\/uploads\/2025\/10\/Screenshot_20250505_110219_Gallery-768x538.jpg 768w, https:\/\/hairmagic.ee\/wp-content\/uploads\/2025\/10\/Screenshot_20250505_110219_Gallery.jpg 1440w\" sizes=\"(max-width: 300px) 100vw, 300px\" \/><\/p>\n<p><img loading=\"lazy\" decoding=\"async\" class=\"size-medium wp-image-13112\" src=\"https:\/\/hairmagic.ee\/wp-content\/uploads\/2025\/10\/Screenshot_20250115_125010_Gallery-1-174x300.jpg\" alt=\"Bleaching\" width=\"174\" height=\"300\" srcset=\"https:\/\/hairmagic.ee\/wp-content\/uploads\/2025\/10\/Screenshot_20250115_125010_Gallery-1-174x300.jpg 174w, https:\/\/hairmagic.ee\/wp-content\/uploads\/2025\/10\/Screenshot_20250115_125010_Gallery-1-594x1024.jpg 594w, https:\/\/hairmagic.ee\/wp-content\/uploads\/2025\/10\/Screenshot_20250115_125010_Gallery-1-768x1325.jpg 768w, https:\/\/hairmagic.ee\/wp-content\/uploads\/2025\/10\/Screenshot_20250115_125010_Gallery-1-890x1536.jpg 890w, https:\/\/hairmagic.ee\/wp-content\/uploads\/2025\/10\/Screenshot_20250115_125010_Gallery-1-1187x2048.jpg 1187w, https:\/\/hairmagic.ee\/wp-content\/uploads\/2025\/10\/Screenshot_20250115_125010_Gallery-1.jpg 1440w\" sizes=\"(max-width: 174px) 100vw, 174px\" \/><\/p>\n<p><img loading=\"lazy\" decoding=\"async\" class=\"size-medium wp-image-13109\" src=\"https:\/\/hairmagic.ee\/wp-content\/uploads\/2025\/10\/Screenshot_20250115_124758_Gallery-170x300.jpg\" alt=\"Bleaching process\" width=\"170\" height=\"300\" srcset=\"https:\/\/hairmagic.ee\/wp-content\/uploads\/2025\/10\/Screenshot_20250115_124758_Gallery-170x300.jpg 170w, https:\/\/hairmagic.ee\/wp-content\/uploads\/2025\/10\/Screenshot_20250115_124758_Gallery-579x1024.jpg 579w, https:\/\/hairmagic.ee\/wp-content\/uploads\/2025\/10\/Screenshot_20250115_124758_Gallery-768x1358.jpg 768w, https:\/\/hairmagic.ee\/wp-content\/uploads\/2025\/10\/Screenshot_20250115_124758_Gallery-868x1536.jpg 868w, https:\/\/hairmagic.ee\/wp-content\/uploads\/2025\/10\/Screenshot_20250115_124758_Gallery-1158x2048.jpg 1158w, https:\/\/hairmagic.ee\/wp-content\/uploads\/2025\/10\/Screenshot_20250115_124758_Gallery.jpg 1439w\" sizes=\"(max-width: 170px) 100vw, 170px\" \/><\/p>\n<p><img loading=\"lazy\" decoding=\"async\" class=\"size-medium wp-image-13121 alignleft\" src=\"https:\/\/hairmagic.ee\/wp-content\/uploads\/2025\/10\/InCollage_20240920_120619543-300x300.jpg\" alt=\"\" width=\"300\" height=\"300\" srcset=\"https:\/\/hairmagic.ee\/wp-content\/uploads\/2025\/10\/InCollage_20240920_120619543-300x300.jpg 300w, https:\/\/hairmagic.ee\/wp-content\/uploads\/2025\/10\/InCollage_20240920_120619543-1024x1024.jpg 1024w, https:\/\/hairmagic.ee\/wp-content\/uploads\/2025\/10\/InCollage_20240920_120619543-150x150.jpg 150w, https:\/\/hairmagic.ee\/wp-content\/uploads\/2025\/10\/InCollage_20240920_120619543-768x768.jpg 768w, https:\/\/hairmagic.ee\/wp-content\/uploads\/2025\/10\/InCollage_20240920_120619543-1536x1536.jpg 1536w, https:\/\/hairmagic.ee\/wp-content\/uploads\/2025\/10\/InCollage_20240920_120619543-2048x2048.jpg 2048w\" sizes=\"(max-width: 300px) 100vw, 300px\" \/>[\/vc_column_text][vc_row_inner disable_element=&#8221;yes&#8221;][vc_column_inner width=&#8221;1\/2&#8243;]<div class=\"benefit-item icon-box-in-row benefit-item-5b30c1017d6c6  wpb_animate_when_almost_visible wpb_fadeInLeft fadeInLeft\"><div class=\"count\">280<\/div><div class=\"heading\"><div class=\"cell\">finished<br \/>\nphotosessions<\/div><\/div><\/div>[\/vc_column_inner][vc_column_inner width=&#8221;1\/2&#8243;]<div class=\"benefit-item icon-box-in-row benefit-item-5b30c11032cda  wpb_animate_when_almost_visible wpb_fadeInLeft fadeInLeft\"><div class=\"count\">132<\/div><div class=\"heading\"><div class=\"cell\">pounds<br \/>\nof equipment<\/div><\/div><\/div>[\/vc_column_inner][\/vc_row_inner][vc_row_inner disable_element=&#8221;yes&#8221;][vc_column_inner width=&#8221;1\/2&#8243;]<div class=\"benefit-item icon-box-in-row benefit-item-  wpb_animate_when_almost_visible wpb_fadeInLeft fadeInLeft\"><div class=\"count\">253<\/div><div class=\"heading\"><div class=\"cell\">happy<br \/>\nclients<\/div><\/div><\/div>[\/vc_column_inner][vc_column_inner width=&#8221;1\/2&#8243;]<div class=\"benefit-item icon-box-in-row benefit-item-  wpb_animate_when_almost_visible wpb_fadeInLeft fadeInLeft\"><div class=\"count\">192<\/div><div class=\"heading\"><div class=\"cell\">studio<br \/>\nsessions<\/div><\/div><\/div>[\/vc_column_inner][\/vc_row_inner][\/vc_column][vc_column css_animation=&#8221;fadeInRight&#8221; width=&#8221;1\/2&#8243; offset=&#8221;vc_col-lg-offset-1&#8243; el_class=&#8221;side-img&#8221; css=&#8221;.vc_custom_1728676651306{padding-bottom: 300px !important;background-image: url(https:\/\/hairmagic.ee\/wp-content\/uploads\/2024\/10\/slavic-hair-hairmagic.jpg?id=2060) !important;background-position: center !important;background-repeat: no-repeat !important;background-size: cover !important;}&#8221;][\/vc_column][\/vc_row]<\/p>\n<\/div>","protected":false},"excerpt":{"rendered":"<p>[vc_row full_width=&#8221;stretch_row_content_no_spaces&#8221;][vc_column][\/vc_column][\/vc_row][vc_row equal_height=&#8221;yes&#8221; css=&#8221;.vc_custom_1529923143630{padding-top: 85px !important;padding-bottom: 75px !important;}&#8221;][vc_column width=&#8221;1\/2&#8243; offset=&#8221;vc_col-lg-5&#8243; css=&#8221;.vc_custom_1529923170878{padding-top: 40px !important;padding-bottom: 10px !important;}&#8221;][vc_column_text css_animation=&#8221;fadeInLeft&#8221; css=&#8221;&#8221;] Hairmagic Production on Eestis, Tallinnas asuv slaavi juuksepikenduste tehas. Oleme spetsialiseerunud k\u00f5rgekvaliteediliste slaavi ja Eesti p\u00e4ritalu juuste t\u00f6\u00f6tlemisele ning nendest valmistatud juuksepikenduste, parukate ja topperite tootmisele. K\u00f5ik meie juuksetooted s\u00fcnnivad Eestis k\u00e4sit\u00f6\u00f6na, tagades loomuliku v\u00e4limuse, mugava kandmise ja [&hellip;]<\/p>\n","protected":false},"author":1,"featured_media":0,"parent":0,"menu_order":0,"comment_status":"closed","ping_status":"closed","template":"template-landing.php","meta":{"_acf_changed":false,"_monsterinsights_skip_tracking":false,"_monsterinsights_sitenote_active":false,"_monsterinsights_sitenote_note":"","_monsterinsights_sitenote_category":0,"footnotes":""},"class_list":["post-13080","page","type-page","status-publish","hentry"],"acf":[],"_links":{"self":[{"href":"https:\/\/hairmagic.ee\/et\/wp-json\/wp\/v2\/pages\/13080","targetHints":{"allow":["GET"]}}],"collection":[{"href":"https:\/\/hairmagic.ee\/et\/wp-json\/wp\/v2\/pages"}],"about":[{"href":"https:\/\/hairmagic.ee\/et\/wp-json\/wp\/v2\/types\/page"}],"author":[{"embeddable":true,"href":"https:\/\/hairmagic.ee\/et\/wp-json\/wp\/v2\/users\/1"}],"replies":[{"embeddable":true,"href":"https:\/\/hairmagic.ee\/et\/wp-json\/wp\/v2\/comments?post=13080"}],"version-history":[{"count":11,"href":"https:\/\/hairmagic.ee\/et\/wp-json\/wp\/v2\/pages\/13080\/revisions"}],"predecessor-version":[{"id":13432,"href":"https:\/\/hairmagic.ee\/et\/wp-json\/wp\/v2\/pages\/13080\/revisions\/13432"}],"wp:attachment":[{"href":"https:\/\/hairmagic.ee\/et\/wp-json\/wp\/v2\/media?parent=13080"}],"curies":[{"name":"wp","href":"https:\/\/api.w.org\/{rel}","templated":true}]}}