{"id":6654,"date":"2018-06-15T09:57:51","date_gmt":"2018-06-15T06:57:51","guid":{"rendered":"https:\/\/hairmagic.ee\/homepage\/"},"modified":"2026-04-02T16:41:54","modified_gmt":"2026-04-02T13:41:54","slug":"homepage","status":"publish","type":"page","link":"https:\/\/hairmagic.ee\/et\/","title":{"rendered":"Avaleht"},"content":{"rendered":"<div class=\"wpb-content-wrapper\"><p>[vc_row full_width=&#8221;stretch_row_content_no_spaces&#8221;][vc_column]<div class=\"banner-area banner-5b238d2d61842 autoplay-true\"><div class=\"banner-social-buttons\"><div><a href=\"https:\/\/www.facebook.com\/profile.php?id=61566490043508\" target=\"_blank\"><i class=\"fab fa-facebook\"><\/i> <span>Facebook<\/span><\/a><a href=\"https:\/\/l.facebook.com\/l.php?u=https%3A%2F%2Fwww.instagram.com%2Fhairmagicproduction%3Figsh%3DY2xtMXhwNXg4emF5%26fbclid%3DIwZXh0bgNhZW0CMTAAAR18D3vYgp49ue0NhxOOoyX3EypRRv6PkT-ZlBD74N2zawclKkwwlR27vgE_aem_9vybVGtO17v26yRDQUZ9rg&#038;h=AT3yLhUvzl3LAWSXk6G-vetdixQpe56R6vNisOiLbQTuOgLqTSBBSFOW586eiZ_CxNN-BfErEBEcvqlHCyMZUBnDBz_JaX0Fx-0hNKaDqttztwkmaDf9vg7EsJ0zeDUKAZ3d0Q\" target=\"_blank\"><i class=\"fab fa-instagram\"><\/i> <span>Instagram<\/span><\/a><\/div><\/div><div class=\"banner  navigation-style2\" style=\"\"><div class=\"item banner-item-69ef6faf5da69 bottom white\" style=\"background-image: url(https:\/\/hairmagic.ee\/wp-content\/uploads\/2024\/10\/Hairmagic-logo-wide-v02.gif);\"><div class=\"overlay\"><\/div><div class=\"container\"><div class=\"cell\"><div class=\"heading-container\"><div class=\"sub-h\">Hairmagic Production<\/div><div class=\"h\">Slaavi juuste tootmine Eestis<\/div><\/div><\/div><div class=\"link-area\"><a href=\"https:\/\/hairmagic.ee\/et\/meist\/\" class=\"button-style1\" title=\"Meist\" target=\"_self\"><span>Meist<\/span><\/a><\/div><\/div><\/div><div class=\"item banner-item-69ef6faf5dcbe bottom white\" style=\"background-image: url(https:\/\/hairmagic.ee\/wp-content\/uploads\/2024\/10\/home-banner-scaled.jpg);\"><div class=\"overlay\"><\/div><div class=\"container\"><div class=\"cell\"><div class=\"heading-container\"><div class=\"sub-h\">Slaavi Juustest Tooted<\/div><div class=\"h\">Slaavi Juuste Kvaliteet Ja<br \/>\nP\u00f5hjamaine Juukseid-Hoidev Tootmine<\/div><\/div><\/div><div class=\"link-area\"><a href=\"https:\/\/hairmagic.ee\/et\/tootekategooria\/juuksepikendused\/\" class=\"button-style1\" title=\"Meie juuksepikendused\" target=\"_self\"><span>Meie juuksepikendused<\/span><\/a><\/div><\/div><\/div><div class=\"item banner-item-69ef6faf5ded9 bottom white\" style=\"background-image: url(https:\/\/hairmagic.ee\/wp-content\/uploads\/2024\/10\/home-banner-scaled.jpg);\"><div class=\"overlay\"><\/div><div class=\"container\"><div class=\"cell\"><div class=\"heading-container\"><div class=\"sub-h\">Meie Eesm\u00e4rk<\/div><div class=\"h\">Suurep\u00e4rased &amp; Kauakestvad Juuksed<\/div><\/div><\/div><div class=\"link-area\"><a href=\"https:\/\/hairmagic.ee\/et\/slaavi-juuksed\/\" class=\"button-style1\" title=\"Meie slaavi juuksed\" target=\"_self\"><span>Meie slaavi juuksed<\/span><\/a><\/div><\/div><\/div><div class=\"item banner-item-69ef6faf5df87 bottom white\" style=\"background-image: url(https:\/\/hairmagic.ee\/wp-content\/uploads\/2024\/10\/home-banner-scaled.jpg);\"><div class=\"overlay\"><\/div><div class=\"container\"><div class=\"cell\"><div class=\"heading-container\"><div class=\"sub-h\">Meie Missioon<\/div><div class=\"h\">V\u00f5imendada Enesekindlust L\u00e4bi Ilu<\/div><\/div><\/div><div class=\"link-area\"><a href=\"https:\/\/hairmagic.ee\/et\/tootmine\/\" class=\"button-style1\" title=\"Meie tootmine\" target=\"_self\"><span>Meie tootmine<\/span><\/a><\/div><\/div><\/div><\/div><div class=\"slider-navigation slider-navigation-style2\">\r\n                    <div class=\"container\">\r\n                        <div class=\"lines\" data-timeout=\"5000\"><\/div>\r\n                    <\/div>\r\n                <\/div><\/div>[vc_custom_heading text=&#8221;Hairmagic Production&#8221; font_container=&#8221;tag:h1|font_size:28px|text_align:center|line_height:1.2&#8243; google_fonts=&#8221;font_family:Montserrat%3Aregular%2C700|font_style:700%20bold%20regular%3A700%3Anormal&#8221; css=&#8221;&#8221;][\/vc_column][\/vc_row][vc_row equal_height=&#8221;yes&#8221; disable_element=&#8221;yes&#8221; css=&#8221;.vc_custom_1727745473989{padding-top: 95px !important;padding-bottom: 95px !important;}&#8221;][vc_column width=&#8221;1\/2&#8243; offset=&#8221;vc_col-lg-5 vc_hidden-lg vc_hidden-md vc_hidden-sm vc_hidden-xs&#8221;]<div class=\"pt-special-heading pt-special-heading-5b239cb8b1bbc  wpb_animate_when_almost_visible wpb_fadeInLeft fadeInLeft tal\"><div class=\"heading-container\"><h6 class=\"sub-heading\">who we are<\/h6><h2 class=\"heading\">About Us<\/h2><\/div><\/div>[vc_column_text css_animation=&#8221;fadeInLeft&#8221; css=&#8221;&#8221;]<span style=\"color: #878787; line-height: 30px;\" data-darkreader-inline-color=\"\">Kuid ma pean teile selgitama, kuidas kogu see ekslik idee, mis seisneb naudingu hukkam\u00f5istmises ja valu \u00fclistamises, s\u00fcndis, ja ma annan teile t\u00e4ieliku \u00fclevaate sellest s\u00fcsteemist ning selgitan teile t\u00f5e suure uurija, inimliku \u00f5nne meistri-ehitaja tegelikke \u00f5petusi. Keegi ei l\u00fckka tagasi, ei meeldi ega v\u00e4ldi naudingut ennast, sest see ongi nauding.<br \/>\n<\/span>[\/vc_column_text][vc_row_inner][vc_column_inner width=&#8221;1\/2&#8243;]<div class=\"benefit-item icon-box-in-row benefit-item-5b23a258b6c7e  wpb_animate_when_almost_visible wpb_fadeInLeft fadeInLeft\"><div class=\"count\">280<\/div><div class=\"heading\"><div class=\"cell\">finished<br \/>\nphotosessions<\/div><\/div><\/div>[\/vc_column_inner][vc_column_inner width=&#8221;1\/2&#8243;]<div class=\"benefit-item icon-box-in-row benefit-item-5b23a2672d0dd  wpb_animate_when_almost_visible wpb_fadeInLeft fadeInLeft\"><div class=\"count\">132<\/div><div class=\"heading\"><div class=\"cell\">pounds<br \/>\nof equipment<\/div><\/div><\/div>[\/vc_column_inner][\/vc_row_inner][vc_row_inner][vc_column_inner width=&#8221;1\/2&#8243;]<div class=\"benefit-item icon-box-in-row benefit-item-  wpb_animate_when_almost_visible wpb_fadeInLeft fadeInLeft\"><div class=\"count\">253<\/div><div class=\"heading\"><div class=\"cell\">happy<br \/>\nclients<\/div><\/div><\/div>[\/vc_column_inner][vc_column_inner width=&#8221;1\/2&#8243;]<div class=\"benefit-item icon-box-in-row benefit-item-  wpb_animate_when_almost_visible wpb_fadeInLeft fadeInLeft\"><div class=\"count\">195<\/div><div class=\"heading\"><div class=\"cell\">studio<br \/>\nsessions<\/div><\/div><\/div>[\/vc_column_inner][\/vc_row_inner][\/vc_column][vc_column css_animation=&#8221;fadeInRight&#8221; width=&#8221;1\/2&#8243; background_position=&#8221;center center&#8221; offset=&#8221;vc_col-lg-offset-1 vc_col-lg-6 vc_hidden-lg vc_hidden-md vc_hidden-sm vc_hidden-xs&#8221; el_class=&#8221;side-img&#8221; css=&#8221;.vc_custom_1727745407152{padding-bottom: 300px !important;background-image: url(http:\/\/promo-theme.com\/sansara\/wp-content\/uploads-placeholder\/2018\/06\/side-img.jpg?id=161) !important;background-position: center !important;background-repeat: no-repeat !important;background-size: cover !important;}&#8221;][\/vc_column][\/vc_row][vc_row full_width=&#8221;stretch_row_content_no_spaces&#8221; disable_element=&#8221;yes&#8221;][vc_column]<div class=\"video-block video-block-69ef6faf5e15e fix-height white popup-gallery  wpb_animate_when_almost_visible wpb_fadeInUp fadeInUp\"><div class=\"popup-item\" style=\"background-image: url(https:\/\/hairmagic.ee\/wp-content\/uploads\/2018\/06\/bg-video-cover-scaled.jpg);height: 490px;\"><div class=\"area\"><a href=\"#\" data-type=\"video\" data-size=\"960x640\" data-video='<div class=\"wrapper\"><div class=\"video-wrapper\"><iframe class=\"pswp__video\" width=\"1920\" height=\"1080\" src=\"https:\/\/youtube.com\/embed\/q76bMs-NwRk?rel=0&#038;showinfo=0&#038;enablejsapi=1\" frameborder=\"0\" allowfullscreen><\/iframe><\/div><\/div>'><div><i class=\"ui-interface-play-button\"><\/i><\/div><\/a><\/div><\/div><\/div>[\/vc_column][\/vc_row][vc_row equal_height=&#8221;yes&#8221; css=&#8221;.vc_custom_1529062199943{padding-top: 95px !important;padding-bottom: 95px !important;}&#8221;][vc_column width=&#8221;1\/2&#8243; background_position=&#8221;center center&#8221; offset=&#8221;vc_col-lg-offset-0 vc_col-lg-6&#8243; css=&#8221;.vc_custom_1530272518896{padding-bottom: 30px !important;}&#8221;]<div class=\"categories-grid  wpb_animate_when_almost_visible wpb_fadeInLeft fadeInLeft\"><div class=\"categories-grid-item col-xs-12 col-sm-6 col-md-6\"><a href=\"https:\/\/hairmagic.ee\/et\/juuksepikendused\/keratiin\/\" style=\"background-image: url(https:\/\/hairmagic.ee\/wp-content\/uploads\/2024\/10\/DSC4731-683x1024.jpg);\" target=\"_self\"><span>Keratiinpikendused<\/span><\/a><\/div><div class=\"categories-grid-item col-xs-12 col-sm-6 col-md-6\"><a href=\"https:\/\/hairmagic.ee\/et\/juuksepikendused\/tress\/\" style=\"background-image: url(https:\/\/hairmagic.ee\/wp-content\/uploads\/2025\/01\/tressid-e1748275026255-682x1024.jpg);\" target=\"_self\"><span>Tresspikendused<\/span><\/a><\/div><div class=\"categories-grid-item col-xs-12 col-sm-6 col-md-6\"><a href=\"https:\/\/hairmagic.ee\/et\/juuksepikendused\/teip\/\" style=\"background-image: url(https:\/\/hairmagic.ee\/wp-content\/uploads\/2024\/10\/DSC4774-683x1024.jpg);\" target=\"_self\"><span>Teip-pikendused<\/span><\/a><\/div><div class=\"categories-grid-item col-xs-12 col-sm-6 col-md-6\"><a href=\"https:\/\/hairmagic.ee\/et\/juuksepikendused\/lahtised-patsid\/\" style=\"background-image: url(https:\/\/hairmagic.ee\/wp-content\/uploads\/2024\/10\/DSC4742-683x1024.jpg);\" target=\"_self\"><span>Lahtised patsid<\/span><\/a><\/div><\/div>[\/vc_column][vc_column width=&#8221;1\/2&#8243; offset=&#8221;vc_col-lg-offset-1 vc_col-lg-5&#8243;]<div class=\"pt-special-heading pt-special-heading-  wpb_animate_when_almost_visible wpb_fadeInRight fadeInRight tar\"><div class=\"heading-container\"><h6 class=\"sub-heading\">Miks Valida Meid<\/h6><h2 class=\"heading\">Slaavi juuste kvaliteet ja p\u00f5hjamaine juukseidkaitsev tootmine<\/h2><\/div><\/div>[vc_column_text css_animation=&#8221;fadeInRight&#8221; css=&#8221;&#8221;]<strong>Euroopa tootmine p\u00f5hjamaise t\u00e4psusega<\/strong><\/p>\n<p data-start=\"322\" data-end=\"454\">Hairmagic Production\u00a0 tootmine Tallinnas v\u00f5imaldab t\u00e4ielikku kontrolli kogu protsessi \u00fcle \u2013 alates tooraine valikust kuni l\u00f5pptoodete valmistamiseni.<\/p>\n<p data-start=\"456\" data-end=\"638\">T\u00f6\u00f6tame peene struktuuriga Euroopa juustega ning kasutame hoolikalt v\u00e4lja t\u00f6\u00f6tatud helestamismeetodeid, et luua professionaalseks salongit\u00f6\u00f6ks sobivaid k\u00f5rgekvaliteedilisi pikendusi.<\/p>\n<p data-start=\"640\" data-end=\"769\">Kohapealne tootmine Eestis tagab l\u00e4bipaistva p\u00e4ritolu, stabiilse kvaliteedi ja usaldusv\u00e4\u00e4rse koost\u00f6\u00f6 pikaajalistele partneritele.<\/p>\n<p>[\/vc_column_text][\/vc_column][\/vc_row][vc_row disable_element=&#8221;yes&#8221; css=&#8221;.vc_custom_1729620750304{margin-top: 90px !important;}&#8221;][vc_column css_animation=&#8221;fadeInUp&#8221;]<div class=\"pt-special-heading pt-special-heading-  tal\"><div class=\"heading-container\"><h6 class=\"sub-heading\">Our Example Prices<\/h6><h2 class=\"heading\">Choose Your Own Quality!<\/h2><\/div><\/div><div class=\"price-list row price-list-5b29ff767a711\"><div class=\"price-list-item  col-xs-12 col-sm-4 col-md-4\"><div class=\"wrap\"><div class=\"top\" style=\"\"><div class=\"cell\"><h6>normal<\/h6><div class=\"price\">2500 <span>\u20ac<\/span><\/div><\/div><\/div><div class=\"options\"><div class=\"o-row\">Bulk Hair<br \/><\/div><div class=\"o-row\">1 kg<br \/><\/div><div class=\"o-row\">60 cm<\/div><\/div><div class=\"button\"><a href=\"https:\/\/hairmagic.ee\/product\/bulk-hair\/\" class=\"button-style2 dark\" target=\"_self\">Purchase<\/a><\/div><\/div><\/div><div class=\"price-list-item  col-xs-12 col-sm-4 col-md-4\"><div class=\"wrap\"><div class=\"top\" style=\"\"><div class=\"cell\"><h6>premium<\/h6><div class=\"price\">2700 <span>\u20ac<\/span><\/div><\/div><\/div><div class=\"options\"><div class=\"o-row\">Bulk Hair<br \/><\/div><div class=\"o-row\">1 kg<br \/><\/div><div class=\"o-row\">60 cm<\/div><\/div><div class=\"button\"><a href=\"https:\/\/hairmagic.ee\/product\/bulk-hair\/\" class=\"button-style2 dark\" target=\"_self\">Purchase<\/a><\/div><\/div><\/div><div class=\"price-list-item  col-xs-12 col-sm-4 col-md-4\"><div class=\"wrap\"><div class=\"top\" style=\"\"><div class=\"cell\"><h6>deluxe<\/h6><div class=\"price\">2900 <span>\u20ac<\/span><\/div><\/div><\/div><div class=\"options\"><div class=\"o-row\">Bulk Hair<br \/><\/div><div class=\"o-row\">1 kg<br \/><\/div><div class=\"o-row\">60 cm<\/div><\/div><div class=\"button\"><a href=\"https:\/\/hairmagic.ee\/product\/bulk-hair\/\" class=\"button-style2 dark\" target=\"_self\">Purchase<\/a><\/div><\/div><\/div><\/div>[\/vc_column][\/vc_row][vc_row][vc_column][\/vc_column][\/vc_row][vc_row][vc_column][\/vc_column][\/vc_row]<\/p>\n<\/div>","protected":false},"excerpt":{"rendered":"<p>[vc_row full_width=&#8221;stretch_row_content_no_spaces&#8221;][vc_column][vc_custom_heading text=&#8221;Hairmagic Production&#8221; font_container=&#8221;tag:h1|font_size:28px|text_align:center|line_height:1.2&#8243; google_fonts=&#8221;font_family:Montserrat%3Aregular%2C700|font_style:700%20bold%20regular%3A700%3Anormal&#8221; css=&#8221;&#8221;][\/vc_column][\/vc_row][vc_row equal_height=&#8221;yes&#8221; disable_element=&#8221;yes&#8221; css=&#8221;.vc_custom_1727745473989{padding-top: 95px !important;padding-bottom: 95px !important;}&#8221;][vc_column width=&#8221;1\/2&#8243; offset=&#8221;vc_col-lg-5 vc_hidden-lg vc_hidden-md vc_hidden-sm vc_hidden-xs&#8221;][vc_column_text css_animation=&#8221;fadeInLeft&#8221; css=&#8221;&#8221;]Kuid ma pean teile selgitama, kuidas kogu see ekslik idee, mis seisneb naudingu hukkam\u00f5istmises ja valu \u00fclistamises, s\u00fcndis, ja ma annan teile t\u00e4ieliku \u00fclevaate sellest s\u00fcsteemist ning selgitan teile t\u00f5e suure uurija, inimliku \u00f5nne [&hellip;]<\/p>\n","protected":false},"author":1,"featured_media":0,"parent":0,"menu_order":0,"comment_status":"closed","ping_status":"closed","template":"template-landing.php","meta":{"_acf_changed":false,"_monsterinsights_skip_tracking":false,"_monsterinsights_sitenote_active":false,"_monsterinsights_sitenote_note":"","_monsterinsights_sitenote_category":0,"footnotes":""},"class_list":["post-6654","page","type-page","status-publish","hentry"],"acf":[],"_links":{"self":[{"href":"https:\/\/hairmagic.ee\/et\/wp-json\/wp\/v2\/pages\/6654","targetHints":{"allow":["GET"]}}],"collection":[{"href":"https:\/\/hairmagic.ee\/et\/wp-json\/wp\/v2\/pages"}],"about":[{"href":"https:\/\/hairmagic.ee\/et\/wp-json\/wp\/v2\/types\/page"}],"author":[{"embeddable":true,"href":"https:\/\/hairmagic.ee\/et\/wp-json\/wp\/v2\/users\/1"}],"replies":[{"embeddable":true,"href":"https:\/\/hairmagic.ee\/et\/wp-json\/wp\/v2\/comments?post=6654"}],"version-history":[{"count":45,"href":"https:\/\/hairmagic.ee\/et\/wp-json\/wp\/v2\/pages\/6654\/revisions"}],"predecessor-version":[{"id":13914,"href":"https:\/\/hairmagic.ee\/et\/wp-json\/wp\/v2\/pages\/6654\/revisions\/13914"}],"wp:attachment":[{"href":"https:\/\/hairmagic.ee\/et\/wp-json\/wp\/v2\/media?parent=6654"}],"curies":[{"name":"wp","href":"https:\/\/api.w.org\/{rel}","templated":true}]}}