{"id":6703,"date":"2018-06-06T13:48:49","date_gmt":"2018-06-06T10:48:49","guid":{"rendered":"https:\/\/hairmagic.ee\/about-us\/"},"modified":"2026-02-14T00:57:19","modified_gmt":"2026-02-13T21:57:19","slug":"meist","status":"publish","type":"page","link":"https:\/\/hairmagic.ee\/et\/meist\/","title":{"rendered":"Meist"},"content":{"rendered":"<div class=\"wpb-content-wrapper\"><p>[vc_row full_width=&#8221;stretch_row_content_no_spaces&#8221;][vc_column]<div class=\"banner-area banner-5b30bfb98f050 autoplay-true\"><div class=\"banner-social-buttons\"><div><a href=\"https:\/\/www.facebook.com\/profile.php?id=61566490043508\" target=\"_blank\"><i class=\"fab fa-facebook\"><\/i> <span>Facebook<\/span><\/a><a href=\"https:\/\/l.facebook.com\/l.php?u=https%3A%2F%2Fwww.instagram.com%2Fhairmagicproduction%3Figsh%3DY2xtMXhwNXg4emF5%26fbclid%3DIwZXh0bgNhZW0CMTAAAR18D3vYgp49ue0NhxOOoyX3EypRRv6PkT-ZlBD74N2zawclKkwwlR27vgE_aem_9vybVGtO17v26yRDQUZ9rg&#038;h=AT3yLhUvzl3LAWSXk6G-vetdixQpe56R6vNisOiLbQTuOgLqTSBBSFOW586eiZ_CxNN-BfErEBEcvqlHCyMZUBnDBz_JaX0Fx-0hNKaDqttztwkmaDf9vg7EsJ0zeDUKAZ3d0Q\" target=\"_blank\"><i class=\"fab fa-instagram\"><\/i> <span>Instagram<\/span><\/a><\/div><\/div><div class=\"banner  fixed-height navigation-style1\" style=\"height: 410px;\"><div class=\"item banner-item-69db7d5440641 bottom white\" style=\"background-image: url(https:\/\/hairmagic.ee\/wp-content\/uploads\/2024\/10\/header-image-hairmagic-1.jpg);\"><div class=\"overlay\"><\/div><div class=\"container\"><div class=\"cell\"><div class=\"sub-h\">Esitleme<\/div><div class=\"h\">Hairmagic Production<\/div><\/div><\/div><\/div><\/div><div class=\"slider-navigation slider-navigation-style1\">\r\n                    <div class=\"container\">\r\n                        <div class=\"count\"><\/div>\r\n                        <div class=\"line\"><div style=\"transition-duration: 5000ms;\"><\/div><\/div>\r\n                        <div class=\"arrows\">\r\n                            <div class=\"prev solid-arrow-collection-left-chevron-1\"><\/div>\r\n                            <div class=\"next solid-arrow-collection-right-chevron-1\"><\/div>\r\n                        <\/div>\r\n                    <\/div>\r\n                <\/div><\/div>[\/vc_column][\/vc_row][vc_row equal_height=&#8221;yes&#8221; css=&#8221;.vc_custom_1529923143630{padding-top: 85px !important;padding-bottom: 75px !important;}&#8221;][vc_column width=&#8221;1\/2&#8243; offset=&#8221;vc_col-lg-5&#8243; css=&#8221;.vc_custom_1529923170878{padding-top: 40px !important;padding-bottom: 10px !important;}&#8221;]<div class=\"pt-special-heading pt-special-heading-5b30c08237be9  wpb_animate_when_almost_visible wpb_fadeInLeft fadeInLeft tal decor-line-on-bottom\"><h6 class=\"sub-heading\">Kes me oleme<\/h6><h2 class=\"heading\">Meist<\/h2><\/div>[vc_column_text css_animation=&#8221;fadeInLeft&#8221; css=&#8221;&#8221;]<\/p>\n<h3>Tere tulemast Tallinnas tegutseva slaavi juuksepikenduste tehase kodulehele!<\/h3>\n<p data-start=\"305\" data-end=\"439\">Hairmagic on Eestis tegutsev slaavi juuste t\u00f6\u00f6tlemisele ja juuksepikenduste valmistamisele spetsialiseerunud tootmisettev\u00f5te, kus kogu tootmine toimub kohapeal Tallinnas.<\/p>\n<p data-start=\"441\" data-end=\"689\">Tegeleme 100% naturaalse remi kvaliteediga <em>single donor<\/em> slaavi juuste t\u00f6\u00f6tlemise ning juuksepikenduste ja juuksetoodete valmistamisega. Meie tegevus h\u00f5lmab kogu v\u00e4\u00e4rtusahelat \u2013 alates t\u00f6\u00f6tlemata toorainest kuni lahtiste patside ja l\u00f5pptoodeteni.<\/p>\n<p data-start=\"691\" data-end=\"739\">K\u00f5ik tooted valmivad meie enda tootmises Eestis.<\/p>\n<hr \/>\n<p><img fetchpriority=\"high\" decoding=\"async\" class=\"aligncenter wp-image-13305 size-medium\" src=\"https:\/\/hairmagic.ee\/wp-content\/uploads\/2026\/02\/Krissu-kodukale-200x300.png\" alt=\"\" width=\"200\" height=\"300\" srcset=\"https:\/\/hairmagic.ee\/wp-content\/uploads\/2026\/02\/Krissu-kodukale-200x300.png 200w, https:\/\/hairmagic.ee\/wp-content\/uploads\/2026\/02\/Krissu-kodukale-683x1024.png 683w, https:\/\/hairmagic.ee\/wp-content\/uploads\/2026\/02\/Krissu-kodukale-768x1152.png 768w, https:\/\/hairmagic.ee\/wp-content\/uploads\/2026\/02\/Krissu-kodukale.png 1024w\" sizes=\"(max-width: 200px) 100vw, 200px\" \/><\/p>\n<p data-start=\"906\" data-end=\"1145\">Hairmagic asutaja ja tootmisjuht Kristiina Kalev on tegutsenud juuksevaldkonnas alates 1999. aastast. Pikaajaline praktiline kogemus juuksuri- ja salongit\u00f6\u00f6st, juuksepikenduste tehnoloogiast ja tootearendusest on loonud tugeva aluse t\u00e4nasele tootmisele.<\/p>\n<p data-start=\"1147\" data-end=\"1255\">Hairmagic on s\u00f5ltumatu tootmisettev\u00f5te, kus arendus, kvaliteedikontroll ja tootmisotsused toimuvad kohapeal.<\/p>\n<hr \/>\n<h4><strong>Meie tegevussuunad<\/strong><\/h4>\n<hr data-start=\"1257\" data-end=\"1260\" \/>\n<p>Meie tegevuseks on k\u00f5rgekvaliteediliste slaavi juuksepikenduste tootmine, pakkudes laias valikus tekstuure, pikkuseid, struktuure ja toone. Olgu tegemist teipsalkude, <em>clip-in<\/em>ide, tresspikenduste, keratiinpikenduste v\u00f5i parukatega, meie tehas tagab vastupidavad, loomuliku v\u00e4limusega ja kergesti hooldatavad tooted. K\u00f5ik meie tooted on Eestis k\u00e4sitsi valmistatud.<\/p>\n<p data-start=\"1317\" data-end=\"1487\"><strong>T\u00f6\u00f6tlemata slaavi ja Eesti juuksed<\/strong><\/p>\n<p data-start=\"1317\" data-end=\"1487\">Pakume naturaalseid t\u00f6\u00f6tlemata slaavi juukseid looduslikes toonides. Tooraine sobib professionaalseks edasiseks t\u00f6\u00f6tlemiseks ja v\u00e4rvimiseks.<\/p>\n<p data-start=\"1521\" data-end=\"1757\"><strong>V\u00e4rvitud lahtised patsid<\/strong><\/p>\n<p data-start=\"1521\" data-end=\"1757\">Valmistame kvaliteetseid v\u00e4rvitud lahtiseid patse, sealhulgas siidiseid blonde ja teisi kohandatud toone. Need sobivad tootjatele ja spetsialistidele, kes valmistavad ise juuksepikendusi, parukaid v\u00f5i muid juuksetooteid.<\/p>\n<p data-start=\"1791\" data-end=\"1939\"><strong>L\u00f5pptoodete valmistamine<\/strong><\/p>\n<p data-start=\"1791\" data-end=\"1939\">Valmistame slaavi juustest erinevaid l\u00f5pptooteid, sealhulgas teip-, keratiin- ja tresspikendusi (sh k\u00e4sitsi punutud weft ja genius weft), clip-in komplekte, ponytail pikendusi, parukaid ning toppereid ja eritellimuslahendusi.<\/p>\n<hr \/>\n<h4><strong>Meie p\u00f5him\u00f5tted<\/strong><\/h4>\n<ul data-start=\"1966\" data-end=\"2154\">\n<li data-start=\"1966\" data-end=\"2001\">\n<p data-start=\"1968\" data-end=\"2001\">100% naturaalne slaavi tooraine<\/p>\n<\/li>\n<li data-start=\"2002\" data-end=\"2044\">\n<p data-start=\"2004\" data-end=\"2044\">remi kvaliteet ja <em>single donor<\/em> juuksed<\/p>\n<\/li>\n<li data-start=\"2045\" data-end=\"2077\">\n<p data-start=\"2047\" data-end=\"2077\">kontrollitud tootmisprotsess<\/p>\n<\/li>\n<li data-start=\"2078\" data-end=\"2111\">\n<p data-start=\"2080\" data-end=\"2111\">kohapealne tootmine Tallinnas<\/p>\n<\/li>\n<li data-start=\"2112\" data-end=\"2154\">\n<p data-start=\"2114\" data-end=\"2154\">pikaajaline koost\u00f6\u00f6 professionaalidega<\/p>\n<\/li>\n<\/ul>\n<p data-start=\"2156\" data-end=\"2346\">Hairmagic \u00fchendab praktilise kogemuse, tehnilise p\u00e4devuse ja esteetilise t\u00e4psuse, et pakkuda kvaliteetset slaavi juukse toorainet ja juuksepikendusi nii Eesti kui ka rahvusvahelisele turule.<\/p>\n<hr \/>\n<p>Teeme koost\u00f6\u00f6d professionaalidega, kes hindavad kvaliteeti, stabiilsust ja l\u00e4bipaistvat tootmist.[\/vc_column_text][vc_row_inner disable_element=&#8221;yes&#8221;][vc_column_inner width=&#8221;1\/2&#8243;]<div class=\"benefit-item icon-box-in-row benefit-item-5b30c1017d6c6  wpb_animate_when_almost_visible wpb_fadeInLeft fadeInLeft\"><div class=\"count\">280<\/div><div class=\"heading\"><div class=\"cell\">finished<br \/>\nphotosessions<\/div><\/div><\/div>[\/vc_column_inner][vc_column_inner width=&#8221;1\/2&#8243;]<div class=\"benefit-item icon-box-in-row benefit-item-5b30c11032cda  wpb_animate_when_almost_visible wpb_fadeInLeft fadeInLeft\"><div class=\"count\">132<\/div><div class=\"heading\"><div class=\"cell\">pounds<br \/>\nof equipment<\/div><\/div><\/div>[\/vc_column_inner][\/vc_row_inner][vc_row_inner disable_element=&#8221;yes&#8221;][vc_column_inner width=&#8221;1\/2&#8243;]<div class=\"benefit-item icon-box-in-row benefit-item-  wpb_animate_when_almost_visible wpb_fadeInLeft fadeInLeft\"><div class=\"count\">253<\/div><div class=\"heading\"><div class=\"cell\">happy<br \/>\nclients<\/div><\/div><\/div>[\/vc_column_inner][vc_column_inner width=&#8221;1\/2&#8243;]<div class=\"benefit-item icon-box-in-row benefit-item-  wpb_animate_when_almost_visible wpb_fadeInLeft fadeInLeft\"><div class=\"count\">192<\/div><div class=\"heading\"><div class=\"cell\">studio<br \/>\nsessions<\/div><\/div><\/div>[\/vc_column_inner][\/vc_row_inner][\/vc_column][vc_column css_animation=&#8221;fadeInRight&#8221; width=&#8221;1\/2&#8243; offset=&#8221;vc_col-lg-offset-1&#8243; el_class=&#8221;side-img&#8221; css=&#8221;.vc_custom_1728581130539{padding-bottom: 300px !important;background-image: url(https:\/\/hairmagic.ee\/wp-content\/uploads\/2024\/10\/DSC4744-scaled.jpg?id=1985) !important;background-position: center !important;background-repeat: no-repeat !important;background-size: cover !important;}&#8221;][\/vc_column][\/vc_row][vc_row disable_element=&#8221;yes&#8221; css=&#8221;.vc_custom_1728236008031{padding-bottom: 55px !important;}&#8221;][vc_column]<div class=\"categories-grid row gap-on  wpb_animate_when_almost_visible wpb_fadeInUp fadeInUp\"><div class=\"categories-grid-item col-xs-12 col-sm-4 col-md-3\"><a href=\"#\" style=\"background-image: url(https:\/\/hairmagic.ee\/wp-content\/uploads\/2024\/10\/Example-hair-1-1024x1024.jpg);\" target=\"_self\"><span>make up<\/span><\/a><\/div><div class=\"categories-grid-item col-xs-12 col-sm-4 col-md-3\"><a href=\"#\" style=\"background-image: url(https:\/\/hairmagic.ee\/wp-content\/uploads\/2018\/06\/portrait2.jpg);\" target=\"_self\"><span>photography<\/span><\/a><\/div><div class=\"categories-grid-item col-xs-12 col-sm-4 col-md-3\"><a href=\"#\" style=\"background-image: url(https:\/\/hairmagic.ee\/wp-content\/uploads\/2018\/06\/portrait3.jpg);\" target=\"_self\"><span>hairstyling<\/span><\/a><\/div><div class=\"categories-grid-item col-xs-12 col-sm-4 col-md-3\"><a href=\"#\" style=\"background-image: url(https:\/\/hairmagic.ee\/wp-content\/uploads\/2018\/06\/portrait4.jpg);\" target=\"_self\"><span>screenwriting<\/span><\/a><\/div><\/div>[\/vc_column][\/vc_row][vc_row][vc_column]        <div class=\"project-grid-page\">\r\n            <div class=\"post-gallery-grid row popup-gallery\">\r\n                                                        \r\n                                                    <div class=\"col-xs-12 col-sm-4 col-md-3 grid popup-item\"><a href=\"https:\/\/hairmagic.ee\/wp-content\/uploads\/2024\/10\/DSC4780-scaled.jpg\" data-size=\"2560x1707\" style=\"background-image: url(https:\/\/hairmagic.ee\/wp-content\/uploads\/2024\/10\/DSC4780-scaled.jpg)\"><\/a><\/div>\r\n                        \r\n                                                        \r\n                                                    <div class=\"col-xs-12 col-sm-4 col-md-3 grid popup-item\"><a href=\"https:\/\/hairmagic.ee\/wp-content\/uploads\/2024\/10\/DSC4766-scaled.jpg\" data-size=\"2560x1707\" style=\"background-image: url(https:\/\/hairmagic.ee\/wp-content\/uploads\/2024\/10\/DSC4766-scaled.jpg)\"><\/a><\/div>\r\n                        \r\n                            <\/div>\r\n                    <\/div>\r\n        [\/vc_column][\/vc_row][vc_row css=&#8221;.vc_custom_1529927522457{padding-bottom: 30px !important;}&#8221;][vc_column css_animation=&#8221;fadeInLeft&#8221;]<div class=\"pt-special-heading pt-special-heading-5b30cbf95e9be  tal decor-line-on-bottom\"><h6 class=\"sub-heading\">Meie kliendid meist<\/h6><h2 class=\"heading\">Soovitused<\/h2><\/div><div class=\"testimonials-type2 testimonials-5b30cc0a6026a style2 \"><div class=\"testimonial-item-type2\"><div class=\"h-i\"><span><\/span><span><\/span><span><\/span><span><\/span><\/div><div class=\"avatar\"><div style=\"background-image: url(https:\/\/hairmagic.ee\/wp-content\/uploads\/2026\/02\/Screenshot_20260213_231404_Instagram-241x300.jpg);\"><\/div><\/div><div class=\"quote\">Juuksurina on minu jaoks oluline, et materjal oleks kvaliteetne ja vastupidav. Paigaldades tean, et kliendid on Hairmagicu pikendustega rahul ka pikema aja p\u00e4rast \ud83d\ude42<\/div><div class=\"bottom\"><h6>Maria Kanter<\/h6><div class=\"post\">Juuksepikenduste spetsialist<\/div><\/div><\/div><div class=\"testimonial-item-type2\"><div class=\"h-i\"><span><\/span><span><\/span><span><\/span><span><\/span><\/div><div class=\"avatar\"><div style=\"background-image: url(https:\/\/hairmagic.ee\/wp-content\/uploads\/2026\/02\/Screenshot_20260213_231634_Facebook-300x200.jpg);\"><\/div><\/div><div class=\"quote\">Paigaldades on kohe tunda, et tegemist on kvaliteetse slaavi materjaliga - juuksed on siidised ning t\u00f6\u00f6 tulemus j\u00e4\u00e4b loomulik.<\/div><div class=\"bottom\"><h6>Annely Nimmer<\/h6><div class=\"post\">Juuksur, kolorist<\/div><\/div><\/div><div class=\"testimonial-item-type2\"><div class=\"h-i\"><span><\/span><span><\/span><span><\/span><span><\/span><\/div><div class=\"avatar\"><div style=\"background-image: url(https:\/\/hairmagic.ee\/wp-content\/uploads\/2026\/02\/Screenshot_20260213_231520_Instagram-240x300.jpg);\"><\/div><\/div><div class=\"quote\">Hairmagicuga on hea koost\u00f6\u00f6d teha, Tressid valmistatakse alati kvaliteetselt ning v\u00e4ga v\u00e4ikese ooteajaga.<\/div><div class=\"bottom\"><h6>Mariliis J\u00f5geva<\/h6><div class=\"post\">Laulja, juuksur, juuksepikenduste spetsialist<\/div><\/div><\/div><div class=\"testimonial-item-type2\"><div class=\"h-i\"><span><\/span><span><\/span><span><\/span><span><\/span><\/div><div class=\"avatar\"><div style=\"background-image: url(https:\/\/hairmagic.ee\/wp-content\/uploads\/2024\/10\/generic-4-300x275.png);\"><\/div><\/div><div class=\"quote\">Tellisin Eesti juustest halopikendused ja need on t\u00e4pselt nii, nagu soovisin - kerged ja mugavad. Kannan igap\u00e4evaselt \ud83d\ude42<\/div><div class=\"bottom\"><h6>Keidi Hein<\/h6><div class=\"post\">Disainer<\/div><\/div><\/div><\/div>[\/vc_column][\/vc_row]<\/p>\n<\/div>","protected":false},"excerpt":{"rendered":"<p>[vc_row full_width=&#8221;stretch_row_content_no_spaces&#8221;][vc_column][\/vc_column][\/vc_row][vc_row equal_height=&#8221;yes&#8221; css=&#8221;.vc_custom_1529923143630{padding-top: 85px !important;padding-bottom: 75px !important;}&#8221;][vc_column width=&#8221;1\/2&#8243; offset=&#8221;vc_col-lg-5&#8243; css=&#8221;.vc_custom_1529923170878{padding-top: 40px !important;padding-bottom: 10px !important;}&#8221;][vc_column_text css_animation=&#8221;fadeInLeft&#8221; css=&#8221;&#8221;] Tere tulemast Tallinnas tegutseva slaavi juuksepikenduste tehase kodulehele! Hairmagic on Eestis tegutsev slaavi juuste t\u00f6\u00f6tlemisele ja juuksepikenduste valmistamisele spetsialiseerunud tootmisettev\u00f5te, kus kogu tootmine toimub kohapeal Tallinnas. Tegeleme 100% naturaalse remi kvaliteediga single donor slaavi juuste t\u00f6\u00f6tlemise ning juuksepikenduste [&hellip;]<\/p>\n","protected":false},"author":1,"featured_media":0,"parent":0,"menu_order":0,"comment_status":"closed","ping_status":"closed","template":"template-landing.php","meta":{"_acf_changed":false,"_monsterinsights_skip_tracking":false,"_monsterinsights_sitenote_active":false,"_monsterinsights_sitenote_note":"","_monsterinsights_sitenote_category":0,"footnotes":""},"class_list":["post-6703","page","type-page","status-publish","hentry"],"acf":[],"_links":{"self":[{"href":"https:\/\/hairmagic.ee\/et\/wp-json\/wp\/v2\/pages\/6703","targetHints":{"allow":["GET"]}}],"collection":[{"href":"https:\/\/hairmagic.ee\/et\/wp-json\/wp\/v2\/pages"}],"about":[{"href":"https:\/\/hairmagic.ee\/et\/wp-json\/wp\/v2\/types\/page"}],"author":[{"embeddable":true,"href":"https:\/\/hairmagic.ee\/et\/wp-json\/wp\/v2\/users\/1"}],"replies":[{"embeddable":true,"href":"https:\/\/hairmagic.ee\/et\/wp-json\/wp\/v2\/comments?post=6703"}],"version-history":[{"count":21,"href":"https:\/\/hairmagic.ee\/et\/wp-json\/wp\/v2\/pages\/6703\/revisions"}],"predecessor-version":[{"id":13350,"href":"https:\/\/hairmagic.ee\/et\/wp-json\/wp\/v2\/pages\/6703\/revisions\/13350"}],"wp:attachment":[{"href":"https:\/\/hairmagic.ee\/et\/wp-json\/wp\/v2\/media?parent=6703"}],"curies":[{"name":"wp","href":"https:\/\/api.w.org\/{rel}","templated":true}]}}