{"id":6706,"date":"2024-10-11T15:37:16","date_gmt":"2024-10-11T12:37:16","guid":{"rendered":"https:\/\/hairmagic.ee\/slavic-hair\/"},"modified":"2026-02-14T01:30:33","modified_gmt":"2026-02-13T22:30:33","slug":"slaavi-juuksed","status":"publish","type":"page","link":"https:\/\/hairmagic.ee\/et\/slaavi-juuksed\/","title":{"rendered":"Slaavi juuksed"},"content":{"rendered":"<div class=\"wpb-content-wrapper\"><p>[vc_row full_width=&#8221;stretch_row_content_no_spaces&#8221;][vc_column]<div class=\"banner-area banner-5b30bfb98f050 autoplay-true\"><div class=\"banner-social-buttons\"><div><a href=\"https:\/\/www.facebook.com\/profile.php?id=61566490043508\" target=\"_blank\"><i class=\"fab fa-facebook\"><\/i> <span>Facebook<\/span><\/a><a href=\"https:\/\/l.facebook.com\/l.php?u=https%3A%2F%2Fwww.instagram.com%2Fhairmagicproduction%3Figsh%3DY2xtMXhwNXg4emF5%26fbclid%3DIwZXh0bgNhZW0CMTAAAR18D3vYgp49ue0NhxOOoyX3EypRRv6PkT-ZlBD74N2zawclKkwwlR27vgE_aem_9vybVGtO17v26yRDQUZ9rg&#038;h=AT3yLhUvzl3LAWSXk6G-vetdixQpe56R6vNisOiLbQTuOgLqTSBBSFOW586eiZ_CxNN-BfErEBEcvqlHCyMZUBnDBz_JaX0Fx-0hNKaDqttztwkmaDf9vg7EsJ0zeDUKAZ3d0Q\" target=\"_blank\"><i class=\"fab fa-instagram\"><\/i> <span>Instagram<\/span><\/a><\/div><\/div><div class=\"banner  fixed-height navigation-style1\" style=\"height: 410px;\"><div class=\"item banner-item-69db976c897fb bottom white\" style=\"background-image: url(https:\/\/hairmagic.ee\/wp-content\/uploads\/2024\/10\/header-image-hairmagic-1.jpg);\"><div class=\"overlay\"><\/div><div class=\"container\"><div class=\"cell\"><div class=\"sub-h\">Esitleme<\/div><div class=\"h\">Slaavi juuste eelised<\/div><\/div><\/div><\/div><\/div><div class=\"slider-navigation slider-navigation-style1\">\r\n                    <div class=\"container\">\r\n                        <div class=\"count\"><\/div>\r\n                        <div class=\"line\"><div style=\"transition-duration: 5000ms;\"><\/div><\/div>\r\n                        <div class=\"arrows\">\r\n                            <div class=\"prev solid-arrow-collection-left-chevron-1\"><\/div>\r\n                            <div class=\"next solid-arrow-collection-right-chevron-1\"><\/div>\r\n                        <\/div>\r\n                    <\/div>\r\n                <\/div><\/div>[\/vc_column][\/vc_row][vc_row equal_height=&#8221;yes&#8221; css=&#8221;.vc_custom_1529923143630{padding-top: 85px !important;padding-bottom: 75px !important;}&#8221;][vc_column width=&#8221;1\/2&#8243; offset=&#8221;vc_col-lg-5&#8243; css=&#8221;.vc_custom_1529923170878{padding-top: 40px !important;padding-bottom: 10px !important;}&#8221;]<div class=\"pt-special-heading pt-special-heading-5b30c08237be9  wpb_animate_when_almost_visible wpb_fadeInLeft fadeInLeft tal decor-line-on-bottom\"><h6 class=\"sub-heading\">Tutvustame<\/h6><h2 class=\"heading\">Miks Valida Slaavi Juuksed<\/h2><\/div>[vc_column_text css_animation=&#8221;fadeInLeft&#8221; css=&#8221;&#8221;]<img fetchpriority=\"high\" decoding=\"async\" class=\"size-medium wp-image-13358\" src=\"https:\/\/hairmagic.ee\/wp-content\/uploads\/2026\/02\/InCollage_20251024_155619372-300x300.jpg\" alt=\"Eesti juuksed 2\" width=\"300\" height=\"300\" srcset=\"https:\/\/hairmagic.ee\/wp-content\/uploads\/2026\/02\/InCollage_20251024_155619372-300x300.jpg 300w, https:\/\/hairmagic.ee\/wp-content\/uploads\/2026\/02\/InCollage_20251024_155619372-1024x1024.jpg 1024w, https:\/\/hairmagic.ee\/wp-content\/uploads\/2026\/02\/InCollage_20251024_155619372-150x150.jpg 150w, https:\/\/hairmagic.ee\/wp-content\/uploads\/2026\/02\/InCollage_20251024_155619372-768x768.jpg 768w, https:\/\/hairmagic.ee\/wp-content\/uploads\/2026\/02\/InCollage_20251024_155619372-1536x1536.jpg 1536w, https:\/\/hairmagic.ee\/wp-content\/uploads\/2026\/02\/InCollage_20251024_155619372-2048x2048.jpg 2048w\" sizes=\"(max-width: 300px) 100vw, 300px\" \/><\/p>\n<h3>Slaavi juuksed \u2013 luksuslik ning \u00fchtlasi loomulik ilu<\/h3>\n<p>Hairmagic O\u00dc on <strong>Eesti kohalik slaavi juuste tootja<\/strong>. Meie juuksetehas asub Tallinnas Kalamajas. Toodame slaavi juuksed hoolikalt valitud Euroopa p\u00e4ritolu toorainest, millest suure osa oleme kogunud Eesti inimestelt.<\/p>\n<p><strong>Slaavi juukseid tuntakse \u00fcle maailma nende ainulaadse kvaliteedi ja hunnitu ilu poolest, mist\u00f5ttu on need eelistatud valik tippklassi juuksepikenduste valmistamisel.<\/strong>\u00a0P\u00e4rinedes Ida-Euroopast, eristuvad slaavi juuksed oma unikaalsete omadustega, mis sobivad ideaalselt erinevate juukset\u00fc\u00fcpidega.<\/p>\n<p><img decoding=\"async\" class=\"size-medium wp-image-13354\" src=\"https:\/\/hairmagic.ee\/wp-content\/uploads\/2026\/02\/InCollage_20251024_155444783-300x300.jpg\" alt=\"Eesti juuksed 1\" width=\"300\" height=\"300\" srcset=\"https:\/\/hairmagic.ee\/wp-content\/uploads\/2026\/02\/InCollage_20251024_155444783-300x300.jpg 300w, https:\/\/hairmagic.ee\/wp-content\/uploads\/2026\/02\/InCollage_20251024_155444783-1024x1024.jpg 1024w, https:\/\/hairmagic.ee\/wp-content\/uploads\/2026\/02\/InCollage_20251024_155444783-150x150.jpg 150w, https:\/\/hairmagic.ee\/wp-content\/uploads\/2026\/02\/InCollage_20251024_155444783-768x768.jpg 768w, https:\/\/hairmagic.ee\/wp-content\/uploads\/2026\/02\/InCollage_20251024_155444783-1536x1536.jpg 1536w, https:\/\/hairmagic.ee\/wp-content\/uploads\/2026\/02\/InCollage_20251024_155444783-2048x2048.jpg 2048w\" sizes=\"(max-width: 300px) 100vw, 300px\" \/><\/p>\n<hr \/>\n<h4><strong>Omadused<\/strong><\/h4>\n<p><strong>Peen ja pehme tekstuur<\/strong><br \/>\nSlaavi juuksed on loomup\u00e4raselt \u00f5hukesed ja siidised, pakkudes kaunist ning loomulikku v\u00e4limust, mis sulandub kergesti kandja enda juustega. Nende pehmus muudab pikenduste kandmise mugavaks ja luksuslikuks kogemuseks.<\/p>\n<p><strong>Naturaalselt heledad toonid<\/strong><br \/>\nSlaavi juuksed on saadaval kaunites loomulikes heledates toonides, nagu blondid, heledad pruunid ja tuhkjad varjundid. Kuna juuksed vajavad minimaalselt t\u00f6\u00f6tlemist, s\u00e4ilitavad need oma loomuliku tervise ja s\u00e4ra, olles kauakestvad ja pakkudes elavaid v\u00e4rve.<\/p>\n<p><strong>Kestvus ja vastupidavus<\/strong><br \/>\nT\u00e4nu oma tugevusele ja v\u00e4hesele keemilise t\u00f6\u00f6tlemise vajadusele s\u00e4ilitavad slaavi juuksed aja jooksul oma k\u00f5rge kvaliteedi. \u00d5ige hoolduse korral saab neid pikendusi korduvalt kasutada ja mitmel viisil soengusse seada, pakkudes pikaajalist iluinvesteeringut.<\/p>\n<p><strong>Mitmek\u00fclgsed stiliseerimiv\u00f5imalused <\/strong><br \/>\nSlaavi juuksed kohanduvad suurep\u00e4raselt erinevate soengutega \u2013 sirgete, laineliste v\u00f5i lokkis stiilidega.<\/p>\n<hr \/>\n<p><img decoding=\"async\" class=\"size-medium wp-image-13366\" src=\"https:\/\/hairmagic.ee\/wp-content\/uploads\/2026\/02\/20250221_112606-235x300.jpg\" alt=\"Eesti juuksed 3\" width=\"235\" height=\"300\" srcset=\"https:\/\/hairmagic.ee\/wp-content\/uploads\/2026\/02\/20250221_112606-235x300.jpg 235w, https:\/\/hairmagic.ee\/wp-content\/uploads\/2026\/02\/20250221_112606-802x1024.jpg 802w, https:\/\/hairmagic.ee\/wp-content\/uploads\/2026\/02\/20250221_112606-768x980.jpg 768w, https:\/\/hairmagic.ee\/wp-content\/uploads\/2026\/02\/20250221_112606-1204x1536.jpg 1204w, https:\/\/hairmagic.ee\/wp-content\/uploads\/2026\/02\/20250221_112606-1605x2048.jpg 1605w, https:\/\/hairmagic.ee\/wp-content\/uploads\/2026\/02\/20250221_112606-scaled.jpg 2006w\" sizes=\"(max-width: 235px) 100vw, 235px\" \/><\/p>\n<p><strong>Kogege slaavi juuste elegantsi ja rafineeritust \u2013 seal, kus luksus kohtub loodusega ning iga salk jutustab ajatust ilust.<\/strong><\/p>\n<hr \/>\n<h3><strong>Eksklusiivne p\u00f5hjamaine juuste heledamaks muutmise tehnoloogia<\/strong><\/h3>\n<p><strong>Eksklusiivne p\u00f5hjamaine juuste helestamistehnoloogia<\/strong><\/p>\n<p>Meie Eestis asuva tippklassi juuksepikenduste tootmise s\u00fcdames on uuenduslik <em>Nordic Lightening Technology<\/em>, mis on spetsiaalselt v\u00e4lja t\u00f6\u00f6tatud slaavi juuste loomuliku ilu r\u00f5hutamiseks. See arenenud meetod v\u00f5imaldab juukseid \u00f5rnalt ja t\u00f5husalt heledamaks muuta, s\u00e4ilitades nende \u00f5rna struktuuri ja pehme tekstuuri.<\/p>\n<h4><strong>Miks valida meie tehnoloogia<\/strong><\/h4>\n<p><img loading=\"lazy\" decoding=\"async\" class=\"size-medium wp-image-13362\" src=\"https:\/\/hairmagic.ee\/wp-content\/uploads\/2026\/02\/Screenshot_20260214_001137_Instagram-300x300.jpg\" alt=\"Blond bulk 1\" width=\"300\" height=\"300\" srcset=\"https:\/\/hairmagic.ee\/wp-content\/uploads\/2026\/02\/Screenshot_20260214_001137_Instagram-300x300.jpg 300w, https:\/\/hairmagic.ee\/wp-content\/uploads\/2026\/02\/Screenshot_20260214_001137_Instagram-1024x1024.jpg 1024w, https:\/\/hairmagic.ee\/wp-content\/uploads\/2026\/02\/Screenshot_20260214_001137_Instagram-150x150.jpg 150w, https:\/\/hairmagic.ee\/wp-content\/uploads\/2026\/02\/Screenshot_20260214_001137_Instagram-768x768.jpg 768w, https:\/\/hairmagic.ee\/wp-content\/uploads\/2026\/02\/Screenshot_20260214_001137_Instagram.jpg 1440w\" sizes=\"(max-width: 300px) 100vw, 300px\" \/><\/p>\n<p><strong>\u00d5rn, kuid t\u00f5hus<\/strong><br \/>\nMeie heledamaks muutmise protsess on kohandatud slaavi juuste peenele ja pehmele olemusele. Eel ja j\u00e4relt\u00f6\u00f6tluses kasutame kontrollitud ja \u00f5rnu juukseid kaitsvaid meetodeid, s\u00e4ilitades juuste loomuliku niiskuse ja eluj\u00f5ulisuse. Tulemuseks on kaunid heledates toonides juuksed, millel on s\u00e4ilinud tugevus ja pehmus.<\/p>\n<p><strong>Minimaalne keemiline t\u00f6\u00f6tlemine<\/strong><br \/>\nErinevalt traditsioonilistest pleegitusmeetoditest kasutab meie p\u00f5hjamaine tehnoloogia v\u00e4hendatud keemiliste ainete kontsentratsioone. Protsess toimub aeglaselt ja kontrollitult, mis hoiab \u00e4ra juuksekarva kahjustamise ning s\u00e4ilitab loomuliku l\u00e4ike ja sileduse. Iga juuksesalk s\u00e4ilitab oma algup\u00e4rase hoidvuse &#8211; sirged juuksed j\u00e4\u00e4vad sirgeks ja laines juuksed j\u00e4\u00e4vad lainesse ka p\u00e4rast pikemaaegset kandmist.<\/p>\n<hr \/>\n<p><strong>Kohalik meisterlikkus ja globaalne uuenduslikkus \u2013 Eesti juuksepikenduste kvaliteet seab uue standardi!<\/strong>[\/vc_column_text][vc_row_inner disable_element=&#8221;yes&#8221;][vc_column_inner width=&#8221;1\/2&#8243;]<div class=\"benefit-item icon-box-in-row benefit-item-5b30c1017d6c6  wpb_animate_when_almost_visible wpb_fadeInLeft fadeInLeft\"><div class=\"count\">280<\/div><div class=\"heading\"><div class=\"cell\">finished<br \/>\nphotosessions<\/div><\/div><\/div>[\/vc_column_inner][vc_column_inner width=&#8221;1\/2&#8243;]<div class=\"benefit-item icon-box-in-row benefit-item-5b30c11032cda  wpb_animate_when_almost_visible wpb_fadeInLeft fadeInLeft\"><div class=\"count\">132<\/div><div class=\"heading\"><div class=\"cell\">pounds<br \/>\nof equipment<\/div><\/div><\/div>[\/vc_column_inner][\/vc_row_inner][vc_row_inner disable_element=&#8221;yes&#8221;][vc_column_inner width=&#8221;1\/2&#8243;]<div class=\"benefit-item icon-box-in-row benefit-item-  wpb_animate_when_almost_visible wpb_fadeInLeft fadeInLeft\"><div class=\"count\">253<\/div><div class=\"heading\"><div class=\"cell\">happy<br \/>\nclients<\/div><\/div><\/div>[\/vc_column_inner][vc_column_inner width=&#8221;1\/2&#8243;]<div class=\"benefit-item icon-box-in-row benefit-item-  wpb_animate_when_almost_visible wpb_fadeInLeft fadeInLeft\"><div class=\"count\">192<\/div><div class=\"heading\"><div class=\"cell\">studio<br \/>\nsessions<\/div><\/div><\/div>[\/vc_column_inner][\/vc_row_inner][\/vc_column][vc_column css_animation=&#8221;fadeInRight&#8221; width=&#8221;1\/2&#8243; offset=&#8221;vc_col-lg-offset-1&#8243; el_class=&#8221;side-img&#8221; css=&#8221;.vc_custom_1728676651306{padding-bottom: 300px !important;background-image: url(https:\/\/hairmagic.ee\/wp-content\/uploads\/2024\/10\/slavic-hair-hairmagic.jpg?id=2060) !important;background-position: center !important;background-repeat: no-repeat !important;background-size: cover !important;}&#8221;][\/vc_column][\/vc_row]<\/p>\n<\/div>","protected":false},"excerpt":{"rendered":"<p>[vc_row full_width=&#8221;stretch_row_content_no_spaces&#8221;][vc_column][\/vc_column][\/vc_row][vc_row equal_height=&#8221;yes&#8221; css=&#8221;.vc_custom_1529923143630{padding-top: 85px !important;padding-bottom: 75px !important;}&#8221;][vc_column width=&#8221;1\/2&#8243; offset=&#8221;vc_col-lg-5&#8243; css=&#8221;.vc_custom_1529923170878{padding-top: 40px !important;padding-bottom: 10px !important;}&#8221;][vc_column_text css_animation=&#8221;fadeInLeft&#8221; css=&#8221;&#8221;] Slaavi juuksed \u2013 luksuslik ning \u00fchtlasi loomulik ilu Hairmagic O\u00dc on Eesti kohalik slaavi juuste tootja. Meie juuksetehas asub Tallinnas Kalamajas. Toodame slaavi juuksed hoolikalt valitud Euroopa p\u00e4ritolu toorainest, millest suure osa oleme kogunud Eesti inimestelt. Slaavi juukseid [&hellip;]<\/p>\n","protected":false},"author":1,"featured_media":0,"parent":0,"menu_order":0,"comment_status":"closed","ping_status":"closed","template":"template-landing.php","meta":{"_acf_changed":false,"_monsterinsights_skip_tracking":false,"_monsterinsights_sitenote_active":false,"_monsterinsights_sitenote_note":"","_monsterinsights_sitenote_category":0,"footnotes":""},"class_list":["post-6706","page","type-page","status-publish","hentry"],"acf":[],"_links":{"self":[{"href":"https:\/\/hairmagic.ee\/et\/wp-json\/wp\/v2\/pages\/6706","targetHints":{"allow":["GET"]}}],"collection":[{"href":"https:\/\/hairmagic.ee\/et\/wp-json\/wp\/v2\/pages"}],"about":[{"href":"https:\/\/hairmagic.ee\/et\/wp-json\/wp\/v2\/types\/page"}],"author":[{"embeddable":true,"href":"https:\/\/hairmagic.ee\/et\/wp-json\/wp\/v2\/users\/1"}],"replies":[{"embeddable":true,"href":"https:\/\/hairmagic.ee\/et\/wp-json\/wp\/v2\/comments?post=6706"}],"version-history":[{"count":8,"href":"https:\/\/hairmagic.ee\/et\/wp-json\/wp\/v2\/pages\/6706\/revisions"}],"predecessor-version":[{"id":13370,"href":"https:\/\/hairmagic.ee\/et\/wp-json\/wp\/v2\/pages\/6706\/revisions\/13370"}],"wp:attachment":[{"href":"https:\/\/hairmagic.ee\/et\/wp-json\/wp\/v2\/media?parent=6706"}],"curies":[{"name":"wp","href":"https:\/\/api.w.org\/{rel}","templated":true}]}}