{"id":13259,"date":"2025-10-08T10:13:02","date_gmt":"2025-10-08T07:13:02","guid":{"rendered":"https:\/\/hairmagic.ee\/tooted\/"},"modified":"2026-02-22T21:01:21","modified_gmt":"2026-02-22T18:01:21","slug":"liittyvat-tuotteet","status":"publish","type":"page","link":"https:\/\/hairmagic.ee\/fi\/liittyvat-tuotteet\/","title":{"rendered":"Liittyv\u00e4t tuotteet"},"content":{"rendered":"<div class=\"wpb-content-wrapper\"><p>[vc_row full_width=&#8221;stretch_row_content_no_spaces&#8221;][vc_column]<div class=\"banner-area banner-5b30bfb98f050 autoplay-true\"><div class=\"banner-social-buttons\"><div><a href=\"https:\/\/www.facebook.com\/profile.php?id=61566490043508\" target=\"_blank\"><i class=\"fab fa-facebook\"><\/i> <span>Facebook<\/span><\/a><a href=\"https:\/\/l.facebook.com\/l.php?u=https%3A%2F%2Fwww.instagram.com%2Fhairmagicproduction%3Figsh%3DY2xtMXhwNXg4emF5%26fbclid%3DIwZXh0bgNhZW0CMTAAAR18D3vYgp49ue0NhxOOoyX3EypRRv6PkT-ZlBD74N2zawclKkwwlR27vgE_aem_9vybVGtO17v26yRDQUZ9rg&#038;h=AT3yLhUvzl3LAWSXk6G-vetdixQpe56R6vNisOiLbQTuOgLqTSBBSFOW586eiZ_CxNN-BfErEBEcvqlHCyMZUBnDBz_JaX0Fx-0hNKaDqttztwkmaDf9vg7EsJ0zeDUKAZ3d0Q\" target=\"_blank\"><i class=\"fab fa-instagram\"><\/i> <span>Instagram<\/span><\/a><\/div><\/div><div class=\"banner  fixed-height navigation-style1\" style=\"height: 410px;\"><div class=\"item banner-item-69db7d53c0c1b bottom white\" style=\"background-image: url(https:\/\/hairmagic.ee\/wp-content\/uploads\/2024\/10\/header-image-hairmagic-1.jpg);\"><div class=\"overlay\"><\/div><div class=\"container\"><div class=\"cell\"><div class=\"sub-h\">Featuring<\/div><div class=\"h\">Ty\u00f6v\u00e4lineet hiustenpidennysalan ammattilaiselle<\/div><\/div><\/div><\/div><\/div><div class=\"slider-navigation slider-navigation-style1\">\r\n                    <div class=\"container\">\r\n                        <div class=\"count\"><\/div>\r\n                        <div class=\"line\"><div style=\"transition-duration: 5000ms;\"><\/div><\/div>\r\n                        <div class=\"arrows\">\r\n                            <div class=\"prev solid-arrow-collection-left-chevron-1\"><\/div>\r\n                            <div class=\"next solid-arrow-collection-right-chevron-1\"><\/div>\r\n                        <\/div>\r\n                    <\/div>\r\n                <\/div><\/div>[\/vc_column][\/vc_row][vc_row equal_height=&#8221;yes&#8221; css=&#8221;.vc_custom_1529923143630{padding-top: 85px !important;padding-bottom: 75px !important;}&#8221;][vc_column width=&#8221;1\/2&#8243; offset=&#8221;vc_col-lg-5&#8243; css=&#8221;.vc_custom_1529923170878{padding-top: 40px !important;padding-bottom: 10px !important;}&#8221;]<div class=\"pt-special-heading pt-special-heading-5b30c08237be9  wpb_animate_when_almost_visible wpb_fadeInLeft fadeInLeft tal decor-line-on-bottom\"><h6 class=\"sub-heading\">Features<\/h6><h2 class=\"heading\">Kaikki, mit\u00e4 tarvitset t\u00e4ydellisiin hiustenpidennyksiin<\/h2><\/div>[vc_column_text css_animation=&#8221;fadeInLeft&#8221; css=&#8221;&#8221;]<\/p>\n<p data-start=\"37\" data-end=\"205\"><strong data-start=\"240\" data-end=\"275\">Hiustenpidennysten poistopihdit<\/strong><br data-start=\"275\" data-end=\"278\" \/>Ammattilaisk\u00e4ytt\u00f6\u00f6n suunnitellut pihdit keratiini- ja ommelpidennysten turvalliseen ja hell\u00e4varaiseen poistamiseen ilman omien hiusten vaurioitumista.<\/p>\n<p><img fetchpriority=\"high\" decoding=\"async\" class=\"size-medium wp-image-4047\" src=\"https:\/\/hairmagic.ee\/wp-content\/uploads\/2024\/10\/DSC4807-200x300.jpg\" alt=\"Pliers\" width=\"200\" height=\"300\" srcset=\"https:\/\/hairmagic.ee\/wp-content\/uploads\/2024\/10\/DSC4807-200x300.jpg 200w, https:\/\/hairmagic.ee\/wp-content\/uploads\/2024\/10\/DSC4807-683x1024.jpg 683w, https:\/\/hairmagic.ee\/wp-content\/uploads\/2024\/10\/DSC4807-768x1152.jpg 768w, https:\/\/hairmagic.ee\/wp-content\/uploads\/2024\/10\/DSC4807-1024x1536.jpg 1024w, https:\/\/hairmagic.ee\/wp-content\/uploads\/2024\/10\/DSC4807-1365x2048.jpg 1365w, https:\/\/hairmagic.ee\/wp-content\/uploads\/2024\/10\/DSC4807-600x900.jpg 600w, https:\/\/hairmagic.ee\/wp-content\/uploads\/2024\/10\/DSC4807-scaled.jpg 1707w\" sizes=\"(max-width: 200px) 100vw, 200px\" \/><\/p>\n<p data-start=\"207\" data-end=\"361\"><strong data-start=\"165\" data-end=\"186\">Kapselointipihdit<\/strong><br data-start=\"186\" data-end=\"189\" \/>Ammattilaisk\u00e4ytt\u00f6\u00f6n tarkoitetut kest\u00e4v\u00e4t pihdit keratiinipidennysten p\u00e4iden muotoiluun ja kapselointiin.<\/p>\n<p><img decoding=\"async\" class=\"size-medium wp-image-4053\" src=\"https:\/\/hairmagic.ee\/wp-content\/uploads\/2024\/10\/DSC4806-200x300.jpg\" alt=\"Keratin Capsuling Pliers\" width=\"200\" height=\"300\" srcset=\"https:\/\/hairmagic.ee\/wp-content\/uploads\/2024\/10\/DSC4806-200x300.jpg 200w, https:\/\/hairmagic.ee\/wp-content\/uploads\/2024\/10\/DSC4806-683x1024.jpg 683w, https:\/\/hairmagic.ee\/wp-content\/uploads\/2024\/10\/DSC4806-768x1152.jpg 768w, https:\/\/hairmagic.ee\/wp-content\/uploads\/2024\/10\/DSC4806-1024x1536.jpg 1024w, https:\/\/hairmagic.ee\/wp-content\/uploads\/2024\/10\/DSC4806-1365x2048.jpg 1365w, https:\/\/hairmagic.ee\/wp-content\/uploads\/2024\/10\/DSC4806-600x900.jpg 600w, https:\/\/hairmagic.ee\/wp-content\/uploads\/2024\/10\/DSC4806-scaled.jpg 1707w\" sizes=\"(max-width: 200px) 100vw, 200px\" \/><\/p>\n<p data-start=\"363\" data-end=\"546\"><strong data-start=\"256\" data-end=\"293\">S\u00e4hk\u00f6iset asennuspihdit, eri koot<\/strong><br data-start=\"293\" data-end=\"296\" \/>Ammattilaisk\u00e4ytt\u00f6\u00f6n tarkoitetut l\u00e4mp\u00f6pihdit keratiinis\u00e4ikeiden kiinnitykseen. Saatavana useita kokoja eri asennustekniikoita varten.<\/p>\n<p><img decoding=\"async\" class=\"size-medium wp-image-4062\" src=\"https:\/\/hairmagic.ee\/wp-content\/uploads\/2024\/10\/DSC4801-200x300.jpg\" alt=\"Connector-5\" width=\"200\" height=\"300\" srcset=\"https:\/\/hairmagic.ee\/wp-content\/uploads\/2024\/10\/DSC4801-200x300.jpg 200w, https:\/\/hairmagic.ee\/wp-content\/uploads\/2024\/10\/DSC4801-683x1024.jpg 683w, https:\/\/hairmagic.ee\/wp-content\/uploads\/2024\/10\/DSC4801-768x1152.jpg 768w, https:\/\/hairmagic.ee\/wp-content\/uploads\/2024\/10\/DSC4801-1024x1536.jpg 1024w, https:\/\/hairmagic.ee\/wp-content\/uploads\/2024\/10\/DSC4801-1365x2048.jpg 1365w, https:\/\/hairmagic.ee\/wp-content\/uploads\/2024\/10\/DSC4801-600x900.jpg 600w, https:\/\/hairmagic.ee\/wp-content\/uploads\/2024\/10\/DSC4801-scaled.jpg 1707w\" sizes=\"(max-width: 200px) 100vw, 200px\" \/><\/p>\n<p><img loading=\"lazy\" decoding=\"async\" class=\"size-medium wp-image-4050\" src=\"https:\/\/hairmagic.ee\/wp-content\/uploads\/2024\/10\/DSC4804-200x300.jpg\" alt=\"Connector-3\" width=\"200\" height=\"300\" srcset=\"https:\/\/hairmagic.ee\/wp-content\/uploads\/2024\/10\/DSC4804-200x300.jpg 200w, https:\/\/hairmagic.ee\/wp-content\/uploads\/2024\/10\/DSC4804-683x1024.jpg 683w, https:\/\/hairmagic.ee\/wp-content\/uploads\/2024\/10\/DSC4804-768x1152.jpg 768w, https:\/\/hairmagic.ee\/wp-content\/uploads\/2024\/10\/DSC4804-1024x1536.jpg 1024w, https:\/\/hairmagic.ee\/wp-content\/uploads\/2024\/10\/DSC4804-1365x2048.jpg 1365w, https:\/\/hairmagic.ee\/wp-content\/uploads\/2024\/10\/DSC4804-600x900.jpg 600w, https:\/\/hairmagic.ee\/wp-content\/uploads\/2024\/10\/DSC4804-scaled.jpg 1707w\" sizes=\"(max-width: 200px) 100vw, 200px\" \/><\/p>\n<p><img loading=\"lazy\" decoding=\"async\" class=\"size-medium wp-image-4041\" src=\"https:\/\/hairmagic.ee\/wp-content\/uploads\/2024\/10\/DSC4802-200x300.jpg\" alt=\"Connector-6\" width=\"200\" height=\"300\" srcset=\"https:\/\/hairmagic.ee\/wp-content\/uploads\/2024\/10\/DSC4802-200x300.jpg 200w, https:\/\/hairmagic.ee\/wp-content\/uploads\/2024\/10\/DSC4802-683x1024.jpg 683w, https:\/\/hairmagic.ee\/wp-content\/uploads\/2024\/10\/DSC4802-768x1152.jpg 768w, https:\/\/hairmagic.ee\/wp-content\/uploads\/2024\/10\/DSC4802-1024x1536.jpg 1024w, https:\/\/hairmagic.ee\/wp-content\/uploads\/2024\/10\/DSC4802-1365x2048.jpg 1365w, https:\/\/hairmagic.ee\/wp-content\/uploads\/2024\/10\/DSC4802-600x900.jpg 600w, https:\/\/hairmagic.ee\/wp-content\/uploads\/2024\/10\/DSC4802-scaled.jpg 1707w\" sizes=\"(max-width: 200px) 100vw, 200px\" \/><\/p>\n<p data-start=\"548\" data-end=\"681\"><strong data-start=\"225\" data-end=\"267\">Erotusrengas hiustenpidennyksi\u00e4 varten<\/strong><br data-start=\"267\" data-end=\"270\" \/>Suojaava apuv\u00e4line, joka erottaa omat hiukset keratiinis\u00e4ikeiden kiinnityksen aikana ja suojaa hiuksia l\u00e4mp\u00f6vaurioilta.<\/p>\n<p><img loading=\"lazy\" decoding=\"async\" class=\"size-medium wp-image-6623\" src=\"https:\/\/hairmagic.ee\/wp-content\/uploads\/2024\/10\/heatprotection-300x272.png\" alt=\"heat protection shields\" width=\"300\" height=\"272\" srcset=\"https:\/\/hairmagic.ee\/wp-content\/uploads\/2024\/10\/heatprotection-300x272.png 300w, https:\/\/hairmagic.ee\/wp-content\/uploads\/2024\/10\/heatprotection.png 398w\" sizes=\"(max-width: 300px) 100vw, 300px\" \/><\/p>\n<p data-start=\"683\" data-end=\"826\"><strong data-start=\"216\" data-end=\"259\">Hiustenpidennysten poistoneste (100 ml)<\/strong><br data-start=\"259\" data-end=\"262\" \/>Hell\u00e4varainen liuotin keratiini- ja teippikiinnitysten turvalliseen ja tehokkaaseen poistamiseen.<\/p>\n<p><img loading=\"lazy\" decoding=\"async\" class=\"size-medium wp-image-6627\" src=\"https:\/\/hairmagic.ee\/wp-content\/uploads\/2024\/10\/Screenshot_20241025_075828_Gallery-226x300.jpg\" alt=\"Removal solution 100 ml\" width=\"226\" height=\"300\" srcset=\"https:\/\/hairmagic.ee\/wp-content\/uploads\/2024\/10\/Screenshot_20241025_075828_Gallery-226x300.jpg 226w, https:\/\/hairmagic.ee\/wp-content\/uploads\/2024\/10\/Screenshot_20241025_075828_Gallery-770x1024.jpg 770w, https:\/\/hairmagic.ee\/wp-content\/uploads\/2024\/10\/Screenshot_20241025_075828_Gallery-768x1021.jpg 768w, https:\/\/hairmagic.ee\/wp-content\/uploads\/2024\/10\/Screenshot_20241025_075828_Gallery-1155x1536.jpg 1155w, https:\/\/hairmagic.ee\/wp-content\/uploads\/2024\/10\/Screenshot_20241025_075828_Gallery-600x798.jpg 600w, https:\/\/hairmagic.ee\/wp-content\/uploads\/2024\/10\/Screenshot_20241025_075828_Gallery.jpg 1438w\" sizes=\"(max-width: 226px) 100vw, 226px\" \/><\/p>\n<p data-start=\"828\" data-end=\"983\"><strong data-start=\"350\" data-end=\"377\">Keratiinigranulat (1 g)<\/strong><br data-start=\"377\" data-end=\"380\" \/>Ammattilaisk\u00e4ytt\u00f6\u00f6n tarkoitetut korkealaatuiset keratiinigranulat s\u00e4ikeiden uudelleenkapselointiin, huoltot\u00f6ihin sek\u00e4 uusien keratiinis\u00e4ikeiden valmistukseen. Saatavana kirkkaana, useissa ruskean s\u00e4vyiss\u00e4, punaisena ja mustana sek\u00e4 tilauksesta muissa v\u00e4reiss\u00e4.<\/p>\n<p><img loading=\"lazy\" decoding=\"async\" class=\"size-medium wp-image-1621\" src=\"https:\/\/hairmagic.ee\/wp-content\/uploads\/2024\/10\/keratine-1-300x200.jpg\" alt=\"Keratine\" width=\"300\" height=\"200\" srcset=\"https:\/\/hairmagic.ee\/wp-content\/uploads\/2024\/10\/keratine-1-300x200.jpg 300w, https:\/\/hairmagic.ee\/wp-content\/uploads\/2024\/10\/keratine-1-1024x683.jpg 1024w, https:\/\/hairmagic.ee\/wp-content\/uploads\/2024\/10\/keratine-1-768x512.jpg 768w, https:\/\/hairmagic.ee\/wp-content\/uploads\/2024\/10\/keratine-1-1536x1024.jpg 1536w, https:\/\/hairmagic.ee\/wp-content\/uploads\/2024\/10\/keratine-1-2048x1365.jpg 2048w, https:\/\/hairmagic.ee\/wp-content\/uploads\/2024\/10\/keratine-1-600x400.jpg 600w\" sizes=\"(max-width: 300px) 100vw, 300px\" \/><\/p>\n<p><img loading=\"lazy\" decoding=\"async\" class=\"size-medium wp-image-1681\" src=\"https:\/\/hairmagic.ee\/wp-content\/uploads\/2024\/10\/Keratine-brown-200x300.jpg\" alt=\"Keratine brown\" width=\"200\" height=\"300\" srcset=\"https:\/\/hairmagic.ee\/wp-content\/uploads\/2024\/10\/Keratine-brown-200x300.jpg 200w, https:\/\/hairmagic.ee\/wp-content\/uploads\/2024\/10\/Keratine-brown-683x1024.jpg 683w, https:\/\/hairmagic.ee\/wp-content\/uploads\/2024\/10\/Keratine-brown-768x1152.jpg 768w, https:\/\/hairmagic.ee\/wp-content\/uploads\/2024\/10\/Keratine-brown-1024x1536.jpg 1024w, https:\/\/hairmagic.ee\/wp-content\/uploads\/2024\/10\/Keratine-brown-1365x2048.jpg 1365w, https:\/\/hairmagic.ee\/wp-content\/uploads\/2024\/10\/Keratine-brown-600x900.jpg 600w, https:\/\/hairmagic.ee\/wp-content\/uploads\/2024\/10\/Keratine-brown-scaled.jpg 1707w\" sizes=\"(max-width: 200px) 100vw, 200px\" \/><\/p>\n<p><img loading=\"lazy\" decoding=\"async\" class=\"size-medium wp-image-1684\" src=\"https:\/\/hairmagic.ee\/wp-content\/uploads\/2024\/10\/Keratine-black-200x300.jpg\" alt=\"Keratine black\" width=\"200\" height=\"300\" srcset=\"https:\/\/hairmagic.ee\/wp-content\/uploads\/2024\/10\/Keratine-black-200x300.jpg 200w, https:\/\/hairmagic.ee\/wp-content\/uploads\/2024\/10\/Keratine-black-683x1024.jpg 683w, https:\/\/hairmagic.ee\/wp-content\/uploads\/2024\/10\/Keratine-black-768x1152.jpg 768w, https:\/\/hairmagic.ee\/wp-content\/uploads\/2024\/10\/Keratine-black-1024x1536.jpg 1024w, https:\/\/hairmagic.ee\/wp-content\/uploads\/2024\/10\/Keratine-black-1365x2048.jpg 1365w, https:\/\/hairmagic.ee\/wp-content\/uploads\/2024\/10\/Keratine-black-600x900.jpg 600w, https:\/\/hairmagic.ee\/wp-content\/uploads\/2024\/10\/Keratine-black-scaled.jpg 1707w\" sizes=\"(max-width: 200px) 100vw, 200px\" \/><\/p>\n<p><img loading=\"lazy\" decoding=\"async\" class=\"size-medium wp-image-1627\" src=\"https:\/\/hairmagic.ee\/wp-content\/uploads\/2024\/10\/DSC4685-200x300.jpg\" alt=\"Kaeratine\" width=\"200\" height=\"300\" srcset=\"https:\/\/hairmagic.ee\/wp-content\/uploads\/2024\/10\/DSC4685-200x300.jpg 200w, https:\/\/hairmagic.ee\/wp-content\/uploads\/2024\/10\/DSC4685-683x1024.jpg 683w, https:\/\/hairmagic.ee\/wp-content\/uploads\/2024\/10\/DSC4685-768x1152.jpg 768w, https:\/\/hairmagic.ee\/wp-content\/uploads\/2024\/10\/DSC4685-1024x1536.jpg 1024w, https:\/\/hairmagic.ee\/wp-content\/uploads\/2024\/10\/DSC4685-1365x2048.jpg 1365w, https:\/\/hairmagic.ee\/wp-content\/uploads\/2024\/10\/DSC4685-600x900.jpg 600w, https:\/\/hairmagic.ee\/wp-content\/uploads\/2024\/10\/DSC4685-scaled.jpg 1707w\" sizes=\"(max-width: 200px) 100vw, 200px\" \/><\/p>\n<p><img loading=\"lazy\" decoding=\"async\" class=\"size-medium wp-image-6619\" src=\"https:\/\/hairmagic.ee\/wp-content\/uploads\/2024\/10\/Screenshot_20241024_213949_Gallery2-205x300.jpg\" alt=\"Light brown\" width=\"205\" height=\"300\" srcset=\"https:\/\/hairmagic.ee\/wp-content\/uploads\/2024\/10\/Screenshot_20241024_213949_Gallery2-205x300.jpg 205w, https:\/\/hairmagic.ee\/wp-content\/uploads\/2024\/10\/Screenshot_20241024_213949_Gallery2-700x1024.jpg 700w, https:\/\/hairmagic.ee\/wp-content\/uploads\/2024\/10\/Screenshot_20241024_213949_Gallery2-768x1123.jpg 768w, https:\/\/hairmagic.ee\/wp-content\/uploads\/2024\/10\/Screenshot_20241024_213949_Gallery2-1050x1536.jpg 1050w, https:\/\/hairmagic.ee\/wp-content\/uploads\/2024\/10\/Screenshot_20241024_213949_Gallery2-1400x2048.jpg 1400w, https:\/\/hairmagic.ee\/wp-content\/uploads\/2024\/10\/Screenshot_20241024_213949_Gallery2-600x878.jpg 600w, https:\/\/hairmagic.ee\/wp-content\/uploads\/2024\/10\/Screenshot_20241024_213949_Gallery2.jpg 1440w\" sizes=\"(max-width: 205px) 100vw, 205px\" \/><\/p>\n<p data-start=\"985\" data-end=\"1138\"><strong data-start=\"257\" data-end=\"287\">Hiusten vetomatto (puinen)<\/strong><br data-start=\"287\" data-end=\"290\" \/>Ammattilaisk\u00e4ytt\u00f6\u00f6n tarkoitettu puinen vetomatto s\u00e4ikeiden valmisteluun ja tasapainottamiseen.<\/p>\n<p><img loading=\"lazy\" decoding=\"async\" class=\"size-medium wp-image-6648\" src=\"https:\/\/hairmagic.ee\/wp-content\/uploads\/2024\/10\/drawingmat-300x241.png\" alt=\"Drawind mat\" width=\"300\" height=\"241\" srcset=\"https:\/\/hairmagic.ee\/wp-content\/uploads\/2024\/10\/drawingmat-300x241.png 300w, https:\/\/hairmagic.ee\/wp-content\/uploads\/2024\/10\/drawingmat-600x483.png 600w, https:\/\/hairmagic.ee\/wp-content\/uploads\/2024\/10\/drawingmat.png 634w\" sizes=\"(max-width: 300px) 100vw, 300px\" \/><\/p>\n<p data-start=\"1140\" data-end=\"1256\"><strong data-start=\"190\" data-end=\"212\">Metallipiikkikampa<\/strong><br data-start=\"212\" data-end=\"215\" \/>Kest\u00e4v\u00e4 ja tarkka kampa metallisella piikill\u00e4 hiusten huolelliseen jakamiseen pidennysten asennuksessa.<\/p>\n<p><img loading=\"lazy\" decoding=\"async\" class=\"size-medium wp-image-4035\" src=\"https:\/\/hairmagic.ee\/wp-content\/uploads\/2024\/10\/DSC4805-200x300.jpg\" alt=\"Comb\" width=\"200\" height=\"300\" srcset=\"https:\/\/hairmagic.ee\/wp-content\/uploads\/2024\/10\/DSC4805-200x300.jpg 200w, https:\/\/hairmagic.ee\/wp-content\/uploads\/2024\/10\/DSC4805-683x1024.jpg 683w, https:\/\/hairmagic.ee\/wp-content\/uploads\/2024\/10\/DSC4805-768x1152.jpg 768w, https:\/\/hairmagic.ee\/wp-content\/uploads\/2024\/10\/DSC4805-1024x1536.jpg 1024w, https:\/\/hairmagic.ee\/wp-content\/uploads\/2024\/10\/DSC4805-1365x2048.jpg 1365w, https:\/\/hairmagic.ee\/wp-content\/uploads\/2024\/10\/DSC4805-600x900.jpg 600w, https:\/\/hairmagic.ee\/wp-content\/uploads\/2024\/10\/DSC4805-scaled.jpg 1707w\" sizes=\"(max-width: 200px) 100vw, 200px\" \/><\/p>\n<p data-start=\"1258\" data-end=\"1394\"><strong data-start=\"212\" data-end=\"255\">Metalliset hiusklipsit (10 kpl\/pakkaus)<\/strong><br data-start=\"255\" data-end=\"258\" \/>Kest\u00e4v\u00e4t ja vahvat klipsit, jotka pit\u00e4v\u00e4t hiukset varmasti paikoillaan asennusty\u00f6n aikana.<\/p>\n<p><img loading=\"lazy\" decoding=\"async\" class=\"size-medium wp-image-6639\" src=\"https:\/\/hairmagic.ee\/wp-content\/uploads\/2024\/10\/20241024_102110-225x300.jpg\" alt=\"Clipper\" width=\"225\" height=\"300\" srcset=\"https:\/\/hairmagic.ee\/wp-content\/uploads\/2024\/10\/20241024_102110-225x300.jpg 225w, https:\/\/hairmagic.ee\/wp-content\/uploads\/2024\/10\/20241024_102110-768x1024.jpg 768w, https:\/\/hairmagic.ee\/wp-content\/uploads\/2024\/10\/20241024_102110-1152x1536.jpg 1152w, https:\/\/hairmagic.ee\/wp-content\/uploads\/2024\/10\/20241024_102110-1536x2048.jpg 1536w, https:\/\/hairmagic.ee\/wp-content\/uploads\/2024\/10\/20241024_102110-600x800.jpg 600w, https:\/\/hairmagic.ee\/wp-content\/uploads\/2024\/10\/20241024_102110-scaled.jpg 1920w\" sizes=\"(max-width: 225px) 100vw, 225px\" \/><\/p>\n<p data-start=\"1396\" data-end=\"1543\"><strong data-start=\"256\" data-end=\"314\">Hiustenpidennysten ty\u00f6skentelyk\u00e4rry s\u00e4ilytystelineell\u00e4<\/strong><br data-start=\"314\" data-end=\"317\" \/>Liikuteltava ja k\u00e4yt\u00e4nn\u00f6llinen k\u00e4rry ty\u00f6v\u00e4lineiden, hiuss\u00e4ikeiden ja tarvikkeiden j\u00e4rjest\u00e4miseen ja s\u00e4ilytykseen salonkiymp\u00e4rist\u00f6ss\u00e4.<\/p>\n<p><img loading=\"lazy\" decoding=\"async\" class=\"size-medium wp-image-6644\" src=\"https:\/\/hairmagic.ee\/wp-content\/uploads\/2024\/10\/trolley-266x300.png\" alt=\"Trolley\" width=\"266\" height=\"300\" srcset=\"https:\/\/hairmagic.ee\/wp-content\/uploads\/2024\/10\/trolley-266x300.png 266w, https:\/\/hairmagic.ee\/wp-content\/uploads\/2024\/10\/trolley-600x677.png 600w, https:\/\/hairmagic.ee\/wp-content\/uploads\/2024\/10\/trolley.png 651w\" sizes=\"(max-width: 266px) 100vw, 266px\" \/><\/p>\n<p data-start=\"1545\" data-end=\"1670\"><strong data-start=\"214\" data-end=\"249\">Kuumuutta kest\u00e4v\u00e4 silikonimatto<\/strong><br data-start=\"249\" data-end=\"252\" \/>Suojaava silikonimatto kuumien ty\u00f6v\u00e4lineiden turvalliseen s\u00e4ilytt\u00e4miseen asennusty\u00f6n aikana.<\/p>\n<p><img loading=\"lazy\" decoding=\"async\" class=\"size-medium wp-image-6631\" src=\"https:\/\/hairmagic.ee\/wp-content\/uploads\/2024\/10\/20241024_101502-225x300.jpg\" alt=\"Silicone mat\" width=\"225\" height=\"300\" srcset=\"https:\/\/hairmagic.ee\/wp-content\/uploads\/2024\/10\/20241024_101502-225x300.jpg 225w, https:\/\/hairmagic.ee\/wp-content\/uploads\/2024\/10\/20241024_101502-768x1024.jpg 768w, https:\/\/hairmagic.ee\/wp-content\/uploads\/2024\/10\/20241024_101502-1152x1536.jpg 1152w, https:\/\/hairmagic.ee\/wp-content\/uploads\/2024\/10\/20241024_101502-1536x2048.jpg 1536w, https:\/\/hairmagic.ee\/wp-content\/uploads\/2024\/10\/20241024_101502-600x800.jpg 600w, https:\/\/hairmagic.ee\/wp-content\/uploads\/2024\/10\/20241024_101502-scaled.jpg 1920w\" sizes=\"(max-width: 225px) 100vw, 225px\" \/><\/p>\n<p data-start=\"1672\" data-end=\"1794\"><strong data-start=\"239\" data-end=\"284\">Kaksipuolinen hiustenpidennysteippi (5 m)<\/strong><br data-start=\"284\" data-end=\"287\" \/>Laadukas ja kest\u00e4v\u00e4 ammattiteippi teippipidennysten kiinnitykseen. Ei veny eik\u00e4 j\u00e4t\u00e4 liimaj\u00e4\u00e4mi\u00e4.<\/p>\n<p><img loading=\"lazy\" decoding=\"async\" class=\"size-medium wp-image-13153\" src=\"https:\/\/hairmagic.ee\/wp-content\/uploads\/2025\/10\/IMG_20250729_200735_364-169x300.webp\" alt=\"Teip\" width=\"169\" height=\"300\" srcset=\"https:\/\/hairmagic.ee\/wp-content\/uploads\/2025\/10\/IMG_20250729_200735_364-169x300.webp 169w, https:\/\/hairmagic.ee\/wp-content\/uploads\/2025\/10\/IMG_20250729_200735_364-576x1024.webp 576w, https:\/\/hairmagic.ee\/wp-content\/uploads\/2025\/10\/IMG_20250729_200735_364-768x1365.webp 768w, https:\/\/hairmagic.ee\/wp-content\/uploads\/2025\/10\/IMG_20250729_200735_364-864x1536.webp 864w, https:\/\/hairmagic.ee\/wp-content\/uploads\/2025\/10\/IMG_20250729_200735_364-1152x2048.webp 1152w, https:\/\/hairmagic.ee\/wp-content\/uploads\/2025\/10\/IMG_20250729_200735_364.webp 1440w\" sizes=\"(max-width: 169px) 100vw, 169px\" \/>[\/vc_column_text][vc_row_inner disable_element=&#8221;yes&#8221;][vc_column_inner width=&#8221;1\/2&#8243;]<div class=\"benefit-item icon-box-in-row benefit-item-5b30c1017d6c6  wpb_animate_when_almost_visible wpb_fadeInLeft fadeInLeft\"><div class=\"count\">280<\/div><div class=\"heading\"><div class=\"cell\">finished photosessions<\/div><\/div><\/div>[\/vc_column_inner][vc_column_inner width=&#8221;1\/2&#8243;]<div class=\"benefit-item icon-box-in-row benefit-item-5b30c11032cda  wpb_animate_when_almost_visible wpb_fadeInLeft fadeInLeft\"><div class=\"count\">132<\/div><div class=\"heading\"><div class=\"cell\">pounds of equipment<\/div><\/div><\/div>[\/vc_column_inner][\/vc_row_inner][vc_row_inner disable_element=&#8221;yes&#8221;][vc_column_inner width=&#8221;1\/2&#8243;]<div class=\"benefit-item icon-box-in-row benefit-item-  wpb_animate_when_almost_visible wpb_fadeInLeft fadeInLeft\"><div class=\"count\">253<\/div><div class=\"heading\"><div class=\"cell\">happy clients<\/div><\/div><\/div>[\/vc_column_inner][vc_column_inner width=&#8221;1\/2&#8243;]<div class=\"benefit-item icon-box-in-row benefit-item-  wpb_animate_when_almost_visible wpb_fadeInLeft fadeInLeft\"><div class=\"count\">192<\/div><div class=\"heading\"><div class=\"cell\">studio sessions<\/div><\/div><\/div>[\/vc_column_inner][\/vc_row_inner][\/vc_column][vc_column css_animation=&#8221;fadeInRight&#8221; width=&#8221;1\/2&#8243; offset=&#8221;vc_col-lg-offset-1&#8243; el_class=&#8221;side-img&#8221; css=&#8221;.vc_custom_1728676651306{padding-bottom: 300px !important;background-image: url(https:\/\/hairmagic.ee\/wp-content\/uploads\/2024\/10\/slavic-hair-hairmagic.jpg?id=2060) !important;background-position: center !important;background-repeat: no-repeat !important;background-size: cover !important;}&#8221;][\/vc_column][\/vc_row]<\/p>\n<\/div>","protected":false},"excerpt":{"rendered":"<p>[vc_row full_width=&#8221;stretch_row_content_no_spaces&#8221;][vc_column][\/vc_column][\/vc_row][vc_row equal_height=&#8221;yes&#8221; css=&#8221;.vc_custom_1529923143630{padding-top: 85px !important;padding-bottom: 75px !important;}&#8221;][vc_column width=&#8221;1\/2&#8243; offset=&#8221;vc_col-lg-5&#8243; css=&#8221;.vc_custom_1529923170878{padding-top: 40px !important;padding-bottom: 10px !important;}&#8221;][vc_column_text css_animation=&#8221;fadeInLeft&#8221; css=&#8221;&#8221;] Hiustenpidennysten poistopihditAmmattilaisk\u00e4ytt\u00f6\u00f6n suunnitellut pihdit keratiini- ja ommelpidennysten turvalliseen ja hell\u00e4varaiseen poistamiseen ilman omien hiusten vaurioitumista. KapselointipihditAmmattilaisk\u00e4ytt\u00f6\u00f6n tarkoitetut kest\u00e4v\u00e4t pihdit keratiinipidennysten p\u00e4iden muotoiluun ja kapselointiin. S\u00e4hk\u00f6iset asennuspihdit, eri kootAmmattilaisk\u00e4ytt\u00f6\u00f6n tarkoitetut l\u00e4mp\u00f6pihdit keratiinis\u00e4ikeiden kiinnitykseen. Saatavana useita kokoja eri asennustekniikoita varten. [&hellip;]<\/p>\n","protected":false},"author":1,"featured_media":0,"parent":0,"menu_order":0,"comment_status":"closed","ping_status":"closed","template":"","meta":{"_acf_changed":false,"_monsterinsights_skip_tracking":false,"_monsterinsights_sitenote_active":false,"_monsterinsights_sitenote_note":"","_monsterinsights_sitenote_category":0,"footnotes":""},"class_list":["post-13259","page","type-page","status-publish","hentry"],"acf":[],"_links":{"self":[{"href":"https:\/\/hairmagic.ee\/fi\/wp-json\/wp\/v2\/pages\/13259","targetHints":{"allow":["GET"]}}],"collection":[{"href":"https:\/\/hairmagic.ee\/fi\/wp-json\/wp\/v2\/pages"}],"about":[{"href":"https:\/\/hairmagic.ee\/fi\/wp-json\/wp\/v2\/types\/page"}],"author":[{"embeddable":true,"href":"https:\/\/hairmagic.ee\/fi\/wp-json\/wp\/v2\/users\/1"}],"replies":[{"embeddable":true,"href":"https:\/\/hairmagic.ee\/fi\/wp-json\/wp\/v2\/comments?post=13259"}],"version-history":[{"count":2,"href":"https:\/\/hairmagic.ee\/fi\/wp-json\/wp\/v2\/pages\/13259\/revisions"}],"predecessor-version":[{"id":13642,"href":"https:\/\/hairmagic.ee\/fi\/wp-json\/wp\/v2\/pages\/13259\/revisions\/13642"}],"wp:attachment":[{"href":"https:\/\/hairmagic.ee\/fi\/wp-json\/wp\/v2\/media?parent=13259"}],"curies":[{"name":"wp","href":"https:\/\/api.w.org\/{rel}","templated":true}]}}