{"id":13261,"date":"2025-10-08T10:12:20","date_gmt":"2025-10-08T07:12:20","guid":{"rendered":"https:\/\/hairmagic.ee\/hinnakiri\/"},"modified":"2026-02-22T20:36:36","modified_gmt":"2026-02-22T17:36:36","slug":"hinnasto","status":"publish","type":"page","link":"https:\/\/hairmagic.ee\/fi\/hinnasto\/","title":{"rendered":"Hinnasto"},"content":{"rendered":"<div class=\"wpb-content-wrapper\"><p>[vc_row full_width=&#8221;stretch_row_content_no_spaces&#8221;][vc_column]<div class=\"banner-area banner-5b30bfb98f050 autoplay-true\"><div class=\"banner-social-buttons\"><div><a href=\"https:\/\/www.facebook.com\/profile.php?id=61566490043508\" target=\"_blank\"><i class=\"fab fa-facebook\"><\/i> <span>Facebook<\/span><\/a><a href=\"https:\/\/l.facebook.com\/l.php?u=https%3A%2F%2Fwww.instagram.com%2Fhairmagicproduction%3Figsh%3DY2xtMXhwNXg4emF5%26fbclid%3DIwZXh0bgNhZW0CMTAAAR18D3vYgp49ue0NhxOOoyX3EypRRv6PkT-ZlBD74N2zawclKkwwlR27vgE_aem_9vybVGtO17v26yRDQUZ9rg&#038;h=AT3yLhUvzl3LAWSXk6G-vetdixQpe56R6vNisOiLbQTuOgLqTSBBSFOW586eiZ_CxNN-BfErEBEcvqlHCyMZUBnDBz_JaX0Fx-0hNKaDqttztwkmaDf9vg7EsJ0zeDUKAZ3d0Q\" target=\"_blank\"><i class=\"fab fa-instagram\"><\/i> <span>Instagram<\/span><\/a><\/div><\/div><div class=\"banner  fixed-height navigation-style1\" style=\"height: 410px;\"><div class=\"item banner-item-69db7aca95cb5 bottom white\" style=\"background-image: url(https:\/\/hairmagic.ee\/wp-content\/uploads\/2024\/10\/header-image-hairmagic-1.jpg);\"><div class=\"overlay\"><\/div><div class=\"container\"><div class=\"cell\"><div class=\"sub-h\">Featuring<\/div><div class=\"h\">Hinnasto<\/div><\/div><\/div><\/div><\/div><div class=\"slider-navigation slider-navigation-style1\">\r\n                    <div class=\"container\">\r\n                        <div class=\"count\"><\/div>\r\n                        <div class=\"line\"><div style=\"transition-duration: 5000ms;\"><\/div><\/div>\r\n                        <div class=\"arrows\">\r\n                            <div class=\"prev solid-arrow-collection-left-chevron-1\"><\/div>\r\n                            <div class=\"next solid-arrow-collection-right-chevron-1\"><\/div>\r\n                        <\/div>\r\n                    <\/div>\r\n                <\/div><\/div>[\/vc_column][\/vc_row][vc_row equal_height=&#8221;yes&#8221; css=&#8221;.vc_custom_1529923143630{padding-top: 85px !important;padding-bottom: 75px !important;}&#8221;][vc_column width=&#8221;1\/2&#8243; offset=&#8221;vc_col-lg-5&#8243; css=&#8221;.vc_custom_1529923170878{padding-top: 40px !important;padding-bottom: 10px !important;}&#8221;]<div class=\"pt-special-heading pt-special-heading-5b30c08237be9  wpb_animate_when_almost_visible wpb_fadeInLeft fadeInLeft tal decor-line-on-bottom\"><h6 class=\"sub-heading\">Features<\/h6><h2 class=\"heading\">Ryhdy j\u00e4lleenmyyj\u00e4ksemme<\/h2><\/div>[vc_column_text css_animation=&#8221;fadeInLeft&#8221; css=&#8221;&#8221;]<\/p>\n<div class=\"elementor-element elementor-element-a814e37 e-flex e-con-boxed e-con e-parent e-lazyloaded\" data-id=\"a814e37\" data-element_type=\"container\">\n<div class=\"e-con-inner\">\n<div class=\"elementor-element elementor-element-701aba4 elementor-widget__width-initial elementor-widget elementor-widget-text-editor\" data-id=\"701aba4\" data-element_type=\"widget\" data-widget_type=\"text-editor.default\">\n<div class=\"elementor-widget-container\"><\/div>\n<\/div>\n<\/div>\n<\/div>\n<div class=\"elementor-element elementor-element-8312703 e-flex e-con-boxed e-con e-parent e-lazyloaded\" data-id=\"8312703\" data-element_type=\"container\" data-settings=\"{&quot;background_background&quot;:&quot;slideshow&quot;,&quot;background_slideshow_gallery&quot;:[{&quot;id&quot;:4448,&quot;url&quot;:&quot;https:\\\/\\\/cybercat.ee\\\/wp-content\\\/uploads\\\/2025\\\/05\\\/hd3-dark-bg-1.jpg&quot;}],&quot;background_slideshow_loop&quot;:&quot;yes&quot;,&quot;background_slideshow_slide_duration&quot;:5000,&quot;background_slideshow_slide_transition&quot;:&quot;fade&quot;,&quot;background_slideshow_transition_duration&quot;:500}\">\n<div class=\"elementor-background-slideshow swiper\" dir=\"rtl\">\n<div class=\"swiper-wrapper\">\n<div class=\"elementor-background-slideshow__slide swiper-slide\">\n<div class=\"elementor-background-slideshow__slide__image\"><\/div>\n<\/div>\n<\/div>\n<\/div>\n<div class=\"e-con-inner\">\n<div class=\"elementor-element elementor-element-82954c1 elementor-widget elementor-widget-text-editor\" data-id=\"82954c1\" data-element_type=\"widget\" data-widget_type=\"text-editor.default\">\n<div class=\"elementor-widget-container\">\n<p data-start=\"83\" data-end=\"412\">Kaikki kampaajat ja hiustenpidennysten asentajat Virosta ja muualta ovat tervetulleita tutustumaan tuotteisiimme, jotta voimme yhdess\u00e4 tarjota asiakkaille parhaan mahdollisen kokemuksen. Laaja varastovalikoimamme takaa, ett\u00e4 l\u00f6yd\u00e4tte sopivat pidennykset jokaiselle asiakkaalle, ja korkea laatu tuo tyytyv\u00e4iset asiakkaat takaisin.<\/p>\n<p data-start=\"414\" data-end=\"639\">Monet ammattilaiset Virosta ja ulkomailta ovat rakentaneet menestyv\u00e4n liiketoimintansa yhteisty\u00f6ss\u00e4 kanssamme. Tarjoamme nopean logistiikan ja joustavat maksuehdot. Mik\u00e4li olette kiinnostuneita yhteisty\u00f6st\u00e4, ottakaa yhteytt\u00e4.<\/p>\n<p data-start=\"641\" data-end=\"893\">Verkkosivuillamme n\u00e4ette v\u00e4hitt\u00e4isasiakkaiden hinnaston. Tarjoamme kampaamoille ja asentajille j\u00e4lleenmyynti- ja tukkuhinnaston. Saadaksenne lis\u00e4tietoja, ottakaa yhteytt\u00e4 s\u00e4hk\u00f6postitse <a class=\"decorated-link cursor-pointer\" rel=\"noopener\" data-start=\"826\" data-end=\"843\">info@hairmagic.ee<\/a> tai verkkosivujemme yhteydenottolomakkeen kautta.<\/p>\n<p><strong>V\u00e4hitt\u00e4ishinnasto<\/strong><\/p>\n<h2><strong>Keratinihiustenpidennykset<\/strong><\/h2>\n<table>\n<thead>\n<tr>\n<th>Pikkus (cm)<\/th>\n<th>Hind (salk)<\/th>\n<\/tr>\n<\/thead>\n<tbody>\n<tr>\n<td>30 \u2013 35 cm<\/td>\n<td>1,1 \u20ac salk<\/td>\n<\/tr>\n<tr>\n<td>40 cm<\/td>\n<td>2,2 \u20ac salk<\/td>\n<\/tr>\n<tr>\n<td>45 cm<\/td>\n<td>2,3 \u20ac salk<\/td>\n<\/tr>\n<tr>\n<td>50 cm<\/td>\n<td>2,4 \u20ac salk<\/td>\n<\/tr>\n<tr>\n<td>55 cm<\/td>\n<td>2,5 \u20ac salk<\/td>\n<\/tr>\n<tr>\n<td>60 cm<\/td>\n<td>2,9 \u20ac salk<\/td>\n<\/tr>\n<tr>\n<td>65 cm<\/td>\n<td>3,0 \u20ac salk<\/td>\n<\/tr>\n<tr>\n<td>70 cm<\/td>\n<td>3,1 \u20ac salk<\/td>\n<\/tr>\n<tr>\n<td>75 cm<\/td>\n<td>3,2 \u20ac salk<\/td>\n<\/tr>\n<tr>\n<td>80 cm<\/td>\n<td>4,6 \u20ac salk<\/td>\n<\/tr>\n<tr>\n<td>85 cm<\/td>\n<td>4,8 \u20ac salk<\/td>\n<\/tr>\n<tr>\n<td>90 cm<\/td>\n<td>4,9 \u20ac salk<\/td>\n<\/tr>\n<tr>\n<td>95 cm<\/td>\n<td>5,0 \u20ac salk<\/td>\n<\/tr>\n<tr>\n<td>100 cm<\/td>\n<td>5,1 \u20ac salk<\/td>\n<\/tr>\n<\/tbody>\n<tfoot>\n<tr>\n<td colspan=\"2\">NB! Juuksepikenduste valik v\u00f5ib muutuda. *<\/td>\n<\/tr>\n<\/tfoot>\n<\/table>\n<h2><strong>Teippi- ja ommelhiustenpidennykset<\/strong><\/h2>\n<p>Hinnat per 1 g<\/p>\n<table>\n<thead>\n<tr>\n<th>Pikkus (cm)<\/th>\n<th>Hind (gramm)<\/th>\n<\/tr>\n<\/thead>\n<tbody>\n<tr>\n<td>30 \u2013 35 cm<\/td>\n<td>1,6 \u20ac g<\/td>\n<\/tr>\n<tr>\n<td>40 cm<\/td>\n<td>3.1 \u20ac g<\/td>\n<\/tr>\n<tr>\n<td>45 cm<\/td>\n<td>3.2 \u20ac g<\/td>\n<\/tr>\n<tr>\n<td>50 cm<\/td>\n<td>3.3 \u20ac g<\/td>\n<\/tr>\n<tr>\n<td>55 cm<\/td>\n<td>3,5 \u20ac g<\/td>\n<\/tr>\n<tr>\n<td>60 cm<\/td>\n<td>3.8 \u20ac g<\/td>\n<\/tr>\n<tr>\n<td>65 cm<\/td>\n<td>4,0 \u20ac g<\/td>\n<\/tr>\n<tr>\n<td>70 cm<\/td>\n<td>4.3 \u20ac g<\/td>\n<\/tr>\n<tr>\n<td>75 cm<\/td>\n<td>4.4 \u20ac g<\/td>\n<\/tr>\n<tr>\n<td>80 cm<\/td>\n<td>4,5 \u20ac g<\/td>\n<\/tr>\n<tr>\n<td>85 cm<\/td>\n<td>4,6 \u20ac g<\/td>\n<\/tr>\n<tr>\n<td>90 cm<\/td>\n<td>4,7 \u20ac g<\/td>\n<\/tr>\n<tr>\n<td>95 cm<\/td>\n<td>4.8 \u20ac g<\/td>\n<\/tr>\n<tr>\n<td>100 cm<\/td>\n<td>4.9 \u20ac g<\/td>\n<\/tr>\n<\/tbody>\n<tfoot>\n<tr>\n<td colspan=\"2\">HUOM! Hiustenpidennysten valikoima voi muuttua.\u00a0*<\/td>\n<\/tr>\n<\/tfoot>\n<\/table>\n<ul>\n<li data-start=\"109\" data-end=\"206\">\n<p data-start=\"111\" data-end=\"206\">Hairmagic O\u00dc pid\u00e4tt\u00e4\u00e4 oikeuden muuttaa hinnastossa olevia hintoja ilman erillist\u00e4 ilmoitusta.<\/p>\n<\/li>\n<li data-start=\"208\" data-end=\"300\">\n<p data-start=\"210\" data-end=\"300\">VIP-hiuksista valmistettujen pidennysten hinnatarjousta varten l\u00e4het\u00e4 meille tiedustelu.<\/p>\n<\/li>\n<li data-start=\"302\" data-end=\"405\">\n<p data-start=\"304\" data-end=\"405\">Clip-in-, poninh\u00e4nt\u00e4-, halo-pidennysten sek\u00e4 erikoist\u00f6iden hinnatarjousta varten l\u00e4het\u00e4 tiedustelu.<\/p>\n<\/li>\n<li data-start=\"407\" data-end=\"498\">\n<p data-start=\"409\" data-end=\"498\"><strong>Asentajille tarjoamme j\u00e4lleenmyyj\u00e4hinnaston. Saadaksesi lis\u00e4tietoja, ota meihin yhteytt\u00e4.<\/strong><\/p>\n<\/li>\n<\/ul>\n<\/div>\n<\/div>\n<\/div>\n<\/div>\n<p>[\/vc_column_text][vc_row_inner disable_element=&#8221;yes&#8221;][vc_column_inner width=&#8221;1\/2&#8243;]<div class=\"benefit-item icon-box-in-row benefit-item-5b30c1017d6c6  wpb_animate_when_almost_visible wpb_fadeInLeft fadeInLeft\"><div class=\"count\">280<\/div><div class=\"heading\"><div class=\"cell\">finished<br \/>\nphotosessions<\/div><\/div><\/div>[\/vc_column_inner][vc_column_inner width=&#8221;1\/2&#8243;]<div class=\"benefit-item icon-box-in-row benefit-item-5b30c11032cda  wpb_animate_when_almost_visible wpb_fadeInLeft fadeInLeft\"><div class=\"count\">132<\/div><div class=\"heading\"><div class=\"cell\">pounds<br \/>\nof equipment<\/div><\/div><\/div>[\/vc_column_inner][\/vc_row_inner][vc_row_inner disable_element=&#8221;yes&#8221;][vc_column_inner width=&#8221;1\/2&#8243;]<div class=\"benefit-item icon-box-in-row benefit-item-  wpb_animate_when_almost_visible wpb_fadeInLeft fadeInLeft\"><div class=\"count\">253<\/div><div class=\"heading\"><div class=\"cell\">happy<br \/>\nclients<\/div><\/div><\/div>[\/vc_column_inner][vc_column_inner width=&#8221;1\/2&#8243;]<div class=\"benefit-item icon-box-in-row benefit-item-  wpb_animate_when_almost_visible wpb_fadeInLeft fadeInLeft\"><div class=\"count\">192<\/div><div class=\"heading\"><div class=\"cell\">studio<br \/>\nsessions<\/div><\/div><\/div>[\/vc_column_inner][\/vc_row_inner][\/vc_column][vc_column css_animation=&#8221;fadeInRight&#8221; width=&#8221;1\/2&#8243; offset=&#8221;vc_col-lg-offset-1&#8243; el_class=&#8221;side-img&#8221; css=&#8221;.vc_custom_1728676651306{padding-bottom: 300px !important;background-image: url(https:\/\/hairmagic.ee\/wp-content\/uploads\/2024\/10\/slavic-hair-hairmagic.jpg?id=2060) !important;background-position: center !important;background-repeat: no-repeat !important;background-size: cover !important;}&#8221;][\/vc_column][\/vc_row]<\/p>\n<\/div>","protected":false},"excerpt":{"rendered":"<p>[vc_row full_width=&#8221;stretch_row_content_no_spaces&#8221;][vc_column][\/vc_column][\/vc_row][vc_row equal_height=&#8221;yes&#8221; css=&#8221;.vc_custom_1529923143630{padding-top: 85px !important;padding-bottom: 75px !important;}&#8221;][vc_column width=&#8221;1\/2&#8243; offset=&#8221;vc_col-lg-5&#8243; css=&#8221;.vc_custom_1529923170878{padding-top: 40px !important;padding-bottom: 10px !important;}&#8221;][vc_column_text css_animation=&#8221;fadeInLeft&#8221; css=&#8221;&#8221;] Kaikki kampaajat ja hiustenpidennysten asentajat Virosta ja muualta ovat tervetulleita tutustumaan tuotteisiimme, jotta voimme yhdess\u00e4 tarjota asiakkaille parhaan mahdollisen kokemuksen. Laaja varastovalikoimamme takaa, ett\u00e4 l\u00f6yd\u00e4tte sopivat pidennykset jokaiselle asiakkaalle, ja korkea laatu tuo tyytyv\u00e4iset asiakkaat takaisin. Monet ammattilaiset [&hellip;]<\/p>\n","protected":false},"author":1,"featured_media":0,"parent":0,"menu_order":0,"comment_status":"closed","ping_status":"closed","template":"template-landing.php","meta":{"_acf_changed":false,"_monsterinsights_skip_tracking":false,"_monsterinsights_sitenote_active":false,"_monsterinsights_sitenote_note":"","_monsterinsights_sitenote_category":0,"footnotes":""},"class_list":["post-13261","page","type-page","status-publish","hentry"],"acf":[],"_links":{"self":[{"href":"https:\/\/hairmagic.ee\/fi\/wp-json\/wp\/v2\/pages\/13261","targetHints":{"allow":["GET"]}}],"collection":[{"href":"https:\/\/hairmagic.ee\/fi\/wp-json\/wp\/v2\/pages"}],"about":[{"href":"https:\/\/hairmagic.ee\/fi\/wp-json\/wp\/v2\/types\/page"}],"author":[{"embeddable":true,"href":"https:\/\/hairmagic.ee\/fi\/wp-json\/wp\/v2\/users\/1"}],"replies":[{"embeddable":true,"href":"https:\/\/hairmagic.ee\/fi\/wp-json\/wp\/v2\/comments?post=13261"}],"version-history":[{"count":3,"href":"https:\/\/hairmagic.ee\/fi\/wp-json\/wp\/v2\/pages\/13261\/revisions"}],"predecessor-version":[{"id":13633,"href":"https:\/\/hairmagic.ee\/fi\/wp-json\/wp\/v2\/pages\/13261\/revisions\/13633"}],"wp:attachment":[{"href":"https:\/\/hairmagic.ee\/fi\/wp-json\/wp\/v2\/media?parent=13261"}],"curies":[{"name":"wp","href":"https:\/\/api.w.org\/{rel}","templated":true}]}}