{"id":13262,"date":"2025-10-08T10:10:53","date_gmt":"2025-10-08T07:10:53","guid":{"rendered":"https:\/\/hairmagic.ee\/ostame-juukseid\/"},"modified":"2026-02-23T11:53:56","modified_gmt":"2026-02-23T08:53:56","slug":"ostamme-hiuksia","status":"publish","type":"page","link":"https:\/\/hairmagic.ee\/fi\/ostamme-hiuksia\/","title":{"rendered":"Ostamme hiuksia"},"content":{"rendered":"<div class=\"wpb-content-wrapper\"><p>[vc_row css=&#8221;.vc_custom_1760509333376{padding-top: 130px !important;}&#8221;][vc_column][vc_column_text css=&#8221;&#8221;]<\/p>\n<p data-start=\"73\" data-end=\"103\"><strong>HIUSTEN LAHJOITTAMINEN JA OSTO<\/strong><\/p>\n<p data-start=\"105\" data-end=\"146\">Ostamme hiuksia peruukkien valmistukseen.<\/p>\n<p data-start=\"148\" data-end=\"430\">Jos aiot leikata pitk\u00e4t hiuksesi, \u00e4l\u00e4 heit\u00e4 niit\u00e4 pois \u2013 voit myyd\u00e4 tai lahjoittaa letin meille. Leikkauksen voi tehd\u00e4 my\u00f6s edustussalongissamme Cybercat-kauneushoitolassa, Paldiski mnt 3, Tallinna. Ajan leikkaukseen voit varata soittamalla kampaajallemme numeroon 522 1515 (Irena).<\/p>\n<p data-start=\"432\" data-end=\"614\">Ostamme hiuksia painon mukaan hintaan 0,20\u20131,20 \u20ac \/ 1 g. Hinta riippuu hiusten kunnosta, ulkon\u00e4\u00f6st\u00e4 ja pituudesta. Arvokkaimpia ovat vaaleammat, pidemm\u00e4t ja v\u00e4h\u00e4n k\u00e4sitellyt hiukset.<\/p>\n<p data-start=\"616\" data-end=\"818\">Peruukkien valmistukseen soveltuvat kauniit ja terveet hiukset, joiden pituus on v\u00e4hint\u00e4\u00e4n 35 cm. Sek\u00e4 miesten ett\u00e4 naisten hiukset sopivat \u2013 ne voivat olla v\u00e4rj\u00e4ttyj\u00e4, v\u00e4rj\u00e4\u00e4m\u00e4tt\u00f6mi\u00e4 tai my\u00f6s harmaita.<\/p>\n<p data-start=\"820\" data-end=\"937\">Hiukset tulee sitoa hiuslenkill\u00e4 ennen leikkaamista siten, ett\u00e4 kaikki hiukset pysyv\u00e4t alkuper\u00e4isess\u00e4 kasvusuunnassa.<\/p>\n<p data-start=\"939\" data-end=\"1128\">Hiusten osto tapahtuu sek\u00e4 Cybercat-salongissa paikan p\u00e4\u00e4ll\u00e4 ett\u00e4 postitse. Voit l\u00e4hett\u00e4\u00e4 meille kuvan leikatusta letist\u00e4 arviointia varten, mink\u00e4 j\u00e4lkeen maksu suoritetaan pankkisiirrolla.<\/p>\n<p data-start=\"1130\" data-end=\"1304\">Postitse hiukset voi l\u00e4hett\u00e4\u00e4 Tallinnan Viru-bussiterminaalin pakettiautomaattiin (Omniva tai DPD), Viru Keskus (Smartpost), puh. +372 50 86 806. Muista merkit\u00e4 pakettiin oma nimesi ja yhteystietosi.<\/p>\n<p data-start=\"1306\" data-end=\"1341\">Kiitos, ett\u00e4 autat meit\u00e4 auttamaan!<\/p>\n<p>[\/vc_column_text][\/vc_column][\/vc_row][vc_row css=&#8221;.vc_custom_1760249798401{padding-top: 30px !important;padding-bottom: 30px !important;}&#8221;][vc_column width=&#8221;1\/4&#8243;][\/vc_column][vc_column width=&#8221;1\/2&#8243;]\n<div class=\"wpcf7 no-js\" id=\"wpcf7-f13753-o1\" lang=\"fi\" dir=\"ltr\" data-wpcf7-id=\"13753\">\n<div class=\"screen-reader-response\"><p role=\"status\" aria-live=\"polite\" aria-atomic=\"true\"><\/p> <ul><\/ul><\/div>\n<form action=\"\/fi\/wp-json\/wp\/v2\/pages\/13262#wpcf7-f13753-o1\" method=\"post\" class=\"wpcf7-form init\" aria-label=\"Yhteydenottolomake\" novalidate=\"novalidate\" data-status=\"init\">\n<fieldset class=\"hidden-fields-container\"><input type=\"hidden\" name=\"_wpcf7\" value=\"13753\" \/><input type=\"hidden\" name=\"_wpcf7_version\" value=\"6.1.2\" \/><input type=\"hidden\" name=\"_wpcf7_locale\" value=\"fi\" \/><input type=\"hidden\" name=\"_wpcf7_unit_tag\" value=\"wpcf7-f13753-o1\" \/><input type=\"hidden\" name=\"_wpcf7_container_post\" value=\"0\" \/><input type=\"hidden\" name=\"_wpcf7_posted_data_hash\" value=\"\" \/>\n<\/fieldset>\n<div class=\"contact-form row\">\n\t<div class=\"col-xs-12 col-sm-6\">\n\t\t<p><label for=\"\">Koko nimi<\/label><span class=\"wpcf7-form-control-wrap\" data-name=\"f-name\"><input size=\"40\" maxlength=\"400\" class=\"wpcf7-form-control wpcf7-text wpcf7-validates-as-required style1\" aria-required=\"true\" aria-invalid=\"false\" value=\"\" type=\"text\" name=\"f-name\" \/><\/span>\n\t\t<\/p>\n\t<\/div>\n\t<div class=\"col-xs-12 col-sm-6\">\n\t\t<p><label for=\"\">S\u00e4hk\u00f6posti<\/label><span class=\"wpcf7-form-control-wrap\" data-name=\"f-mail\"><input size=\"40\" maxlength=\"400\" class=\"wpcf7-form-control wpcf7-text wpcf7-validates-as-required style1\" aria-required=\"true\" aria-invalid=\"false\" value=\"\" type=\"text\" name=\"f-mail\" \/><\/span>\n\t\t<\/p>\n\t<\/div>\n\t<div class=\"col-xs-12\">\n\t\t<p><label for=\"\">Viestisi<\/label><span class=\"wpcf7-form-control-wrap\" data-name=\"f-text\"><textarea cols=\"40\" rows=\"4\" maxlength=\"2000\" class=\"wpcf7-form-control wpcf7-textarea wpcf7-validates-as-required style1\" aria-required=\"true\" aria-invalid=\"false\" name=\"f-text\"><\/textarea><\/span>\n\t\t<\/p>\n\t<\/div>\n\t<div class=\"col-xs-12\">\n\t\t<p><label for=\"\">Lataa kuva<\/label><br \/>\n<span class=\"wpcf7-form-control-wrap\" data-name=\"mfile-field\"><input size=\"40\" class=\"wpcf7-form-control wpcf7-drag-n-drop-file d-none\" aria-invalid=\"false\" type=\"file\" multiple=\"multiple\" data-name=\"mfile-field\" data-limit=\"10000000\" data-id=\"13753\" data-version=\"free version 1.3.9.1\" accept=\".\" \/><\/span>\n\t\t<\/p>\n\t<\/div>\n\t<div class=\"col-xs-12\">\n\t\t<p><input class=\"wpcf7-form-control wpcf7-submit has-spinner button-style2\" type=\"submit\" value=\"L\u00e4het\u00e4\" \/>\n\t\t<\/p>\n\t<\/div>\n<\/div><div class=\"wpcf7-response-output\" aria-hidden=\"true\"><\/div>\n<\/form>\n<\/div>\n[\/vc_column][vc_column width=&#8221;1\/4&#8243;][\/vc_column][\/vc_row]<\/p>\n<\/div>","protected":false},"excerpt":{"rendered":"<p>[vc_row css=&#8221;.vc_custom_1760509333376{padding-top: 130px !important;}&#8221;][vc_column][vc_column_text css=&#8221;&#8221;] HIUSTEN LAHJOITTAMINEN JA OSTO Ostamme hiuksia peruukkien valmistukseen. Jos aiot leikata pitk\u00e4t hiuksesi, \u00e4l\u00e4 heit\u00e4 niit\u00e4 pois \u2013 voit myyd\u00e4 tai lahjoittaa letin meille. Leikkauksen voi tehd\u00e4 my\u00f6s edustussalongissamme Cybercat-kauneushoitolassa, Paldiski mnt 3, Tallinna. Ajan leikkaukseen voit varata soittamalla kampaajallemme numeroon 522 1515 (Irena). Ostamme hiuksia painon mukaan hintaan 0,20\u20131,20 [&hellip;]<\/p>\n","protected":false},"author":1,"featured_media":0,"parent":0,"menu_order":0,"comment_status":"closed","ping_status":"closed","template":"template-landing.php","meta":{"_acf_changed":false,"_monsterinsights_skip_tracking":false,"_monsterinsights_sitenote_active":false,"_monsterinsights_sitenote_note":"","_monsterinsights_sitenote_category":0,"footnotes":""},"class_list":["post-13262","page","type-page","status-publish","hentry"],"acf":[],"_links":{"self":[{"href":"https:\/\/hairmagic.ee\/fi\/wp-json\/wp\/v2\/pages\/13262","targetHints":{"allow":["GET"]}}],"collection":[{"href":"https:\/\/hairmagic.ee\/fi\/wp-json\/wp\/v2\/pages"}],"about":[{"href":"https:\/\/hairmagic.ee\/fi\/wp-json\/wp\/v2\/types\/page"}],"author":[{"embeddable":true,"href":"https:\/\/hairmagic.ee\/fi\/wp-json\/wp\/v2\/users\/1"}],"replies":[{"embeddable":true,"href":"https:\/\/hairmagic.ee\/fi\/wp-json\/wp\/v2\/comments?post=13262"}],"version-history":[{"count":4,"href":"https:\/\/hairmagic.ee\/fi\/wp-json\/wp\/v2\/pages\/13262\/revisions"}],"predecessor-version":[{"id":13754,"href":"https:\/\/hairmagic.ee\/fi\/wp-json\/wp\/v2\/pages\/13262\/revisions\/13754"}],"wp:attachment":[{"href":"https:\/\/hairmagic.ee\/fi\/wp-json\/wp\/v2\/media?parent=13262"}],"curies":[{"name":"wp","href":"https:\/\/api.w.org\/{rel}","templated":true}]}}