{"id":13263,"date":"2025-10-08T10:08:25","date_gmt":"2025-10-08T07:08:25","guid":{"rendered":"https:\/\/hairmagic.ee\/tootmine\/"},"modified":"2026-02-22T23:29:03","modified_gmt":"2026-02-22T20:29:03","slug":"tuotantomme","status":"publish","type":"page","link":"https:\/\/hairmagic.ee\/fi\/tuotantomme\/","title":{"rendered":"Tuotantomme"},"content":{"rendered":"<div class=\"wpb-content-wrapper\"><p>[vc_row full_width=&#8221;stretch_row_content_no_spaces&#8221;][vc_column]<div class=\"banner-area banner-5b30bfb98f050 autoplay-true\"><div class=\"banner-social-buttons\"><div><a href=\"https:\/\/www.facebook.com\/profile.php?id=61566490043508\" target=\"_blank\"><i class=\"fab fa-facebook\"><\/i> <span>Facebook<\/span><\/a><a href=\"https:\/\/l.facebook.com\/l.php?u=https%3A%2F%2Fwww.instagram.com%2Fhairmagicproduction%3Figsh%3DY2xtMXhwNXg4emF5%26fbclid%3DIwZXh0bgNhZW0CMTAAAR18D3vYgp49ue0NhxOOoyX3EypRRv6PkT-ZlBD74N2zawclKkwwlR27vgE_aem_9vybVGtO17v26yRDQUZ9rg&#038;h=AT3yLhUvzl3LAWSXk6G-vetdixQpe56R6vNisOiLbQTuOgLqTSBBSFOW586eiZ_CxNN-BfErEBEcvqlHCyMZUBnDBz_JaX0Fx-0hNKaDqttztwkmaDf9vg7EsJ0zeDUKAZ3d0Q\" target=\"_blank\"><i class=\"fab fa-instagram\"><\/i> <span>Instagram<\/span><\/a><\/div><\/div><div class=\"banner  fixed-height navigation-style1\" style=\"height: 410px;\"><div class=\"item banner-item-69db7e836a47c bottom white\" style=\"background-image: url(https:\/\/hairmagic.ee\/wp-content\/uploads\/2024\/10\/header-image-hairmagic-1.jpg);\"><div class=\"overlay\"><\/div><div class=\"container\"><div class=\"cell\"><div class=\"sub-h\">Esittelyss\u00e4<\/div><div class=\"h\">Hairmagic Production \u2013 slaavilaisen hiuksen valmistaja Euroopassa<\/div><\/div><\/div><\/div><\/div><div class=\"slider-navigation slider-navigation-style1\">\r\n                    <div class=\"container\">\r\n                        <div class=\"count\"><\/div>\r\n                        <div class=\"line\"><div style=\"transition-duration: 5000ms;\"><\/div><\/div>\r\n                        <div class=\"arrows\">\r\n                            <div class=\"prev solid-arrow-collection-left-chevron-1\"><\/div>\r\n                            <div class=\"next solid-arrow-collection-right-chevron-1\"><\/div>\r\n                        <\/div>\r\n                    <\/div>\r\n                <\/div><\/div>[\/vc_column][\/vc_row][vc_row equal_height=&#8221;yes&#8221; css=&#8221;.vc_custom_1529923143630{padding-top: 85px !important;padding-bottom: 75px !important;}&#8221;][vc_column width=&#8221;1\/2&#8243; offset=&#8221;vc_col-lg-5&#8243; css=&#8221;.vc_custom_1529923170878{padding-top: 40px !important;padding-bottom: 10px !important;}&#8221;]<div class=\"pt-special-heading pt-special-heading-5b30c08237be9  wpb_animate_when_almost_visible wpb_fadeInLeft fadeInLeft tal decor-line-on-bottom\"><h6 class=\"sub-heading\">Vaaleiden hiusten tuotanto<\/h6><h2 class=\"heading\">Valmistettu Virossa<\/h2><\/div>[vc_column_text css_animation=&#8221;fadeInLeft&#8221; css=&#8221;&#8221;]<img fetchpriority=\"high\" decoding=\"async\" class=\"size-medium wp-image-12937\" src=\"https:\/\/hairmagic.ee\/wp-content\/uploads\/2025\/09\/IMG_20240827_090841_001-169x300.webp\" alt=\"Blondide juuste tootmine\" width=\"169\" height=\"300\" srcset=\"https:\/\/hairmagic.ee\/wp-content\/uploads\/2025\/09\/IMG_20240827_090841_001-169x300.webp 169w, https:\/\/hairmagic.ee\/wp-content\/uploads\/2025\/09\/IMG_20240827_090841_001-576x1024.webp 576w, https:\/\/hairmagic.ee\/wp-content\/uploads\/2025\/09\/IMG_20240827_090841_001-768x1365.webp 768w, https:\/\/hairmagic.ee\/wp-content\/uploads\/2025\/09\/IMG_20240827_090841_001-864x1536.webp 864w, https:\/\/hairmagic.ee\/wp-content\/uploads\/2025\/09\/IMG_20240827_090841_001-1152x2048.webp 1152w, https:\/\/hairmagic.ee\/wp-content\/uploads\/2025\/09\/IMG_20240827_090841_001-600x1067.webp 600w, https:\/\/hairmagic.ee\/wp-content\/uploads\/2025\/09\/IMG_20240827_090841_001.webp 1440w\" sizes=\"(max-width: 169px) 100vw, 169px\" \/><\/p>\n<p data-start=\"147\" data-end=\"548\"><strong>Hairmagic Production<\/strong> on Tallinnassa, Virossa toimiva slaavilaisten hiusten tuotantolaitos. Olemme erikoistuneet korkealaatuisen slaavilaisen ja virolaisen donor-hiuksen k\u00e4sittelyyn sek\u00e4 niist\u00e4 valmistettujen hiustenpidennysten, peruukkien ja topperien tuotantoon. Kaikki hiustuotteemme valmistetaan k\u00e4sity\u00f6n\u00e4 Virossa, mik\u00e4 takaa luonnollisen ulkon\u00e4\u00f6n, k\u00e4ytt\u00f6mukavuuden ja pitk\u00e4kestoisen lopputuloksen.<\/p>\n<p data-start=\"550\" data-end=\"606\"><strong data-start=\"550\" data-end=\"606\">Eksklusiivinen Nordic Hair Lightening -teknologiamme<\/strong><\/p>\n<p data-start=\"608\" data-end=\"739\">Olemme kehitt\u00e4neet kontrolloidun vaalennusprosessin, joka on suunniteltu erityisesti hienorakenteiselle eurooppalaiselle hiukselle.<\/p>\n<p data-start=\"741\" data-end=\"840\">Hy\u00f6dynn\u00e4mme asteittaista hapetusta ja tarkasti hallittuja kemiallisia pitoisuuksia s\u00e4ilytt\u00e4\u00e4ksemme:<\/p>\n<p data-start=\"842\" data-end=\"930\">\u2022 hiussuomun rakenteen<br data-start=\"864\" data-end=\"867\" \/>\u2022 kosteustasapainon<br data-start=\"886\" data-end=\"889\" \/>\u2022 kimmoisuuden<br data-start=\"903\" data-end=\"906\" \/>\u2022 hiuskuidun vahvuuden<\/p>\n<p data-start=\"932\" data-end=\"1123\">Tuloksena syntyv\u00e4t laadukkaat s\u00e4vyt \u2013 mukaan lukien vaaleat ja viile\u00e4t tuhkas\u00e4vyt \u2013 jotka soveltuvat ammattik\u00e4ytt\u00f6\u00f6n tarkoitettujen hiustenpidennysten ja muiden lopputuotteiden valmistukseen.<\/p>\n<p><img decoding=\"async\" class=\"size-medium wp-image-13118\" src=\"https:\/\/hairmagic.ee\/wp-content\/uploads\/2025\/10\/IMG_20241216_115221_296-187x300.jpg\" alt=\"To rebundle\" width=\"187\" height=\"300\" srcset=\"https:\/\/hairmagic.ee\/wp-content\/uploads\/2025\/10\/IMG_20241216_115221_296-187x300.jpg 187w, https:\/\/hairmagic.ee\/wp-content\/uploads\/2025\/10\/IMG_20241216_115221_296-639x1024.jpg 639w, https:\/\/hairmagic.ee\/wp-content\/uploads\/2025\/10\/IMG_20241216_115221_296-768x1230.jpg 768w, https:\/\/hairmagic.ee\/wp-content\/uploads\/2025\/10\/IMG_20241216_115221_296-959x1536.jpg 959w, https:\/\/hairmagic.ee\/wp-content\/uploads\/2025\/10\/IMG_20241216_115221_296-1279x2048.jpg 1279w, https:\/\/hairmagic.ee\/wp-content\/uploads\/2025\/10\/IMG_20241216_115221_296.jpg 1440w\" sizes=\"(max-width: 187px) 100vw, 187px\" \/><\/p>\n<p data-start=\"1125\" data-end=\"1172\"><strong data-start=\"1125\" data-end=\"1172\">Mik\u00e4 tekee teknologiastamme ainutlaatuisen?<\/strong><\/p>\n<p data-start=\"1174\" data-end=\"1205\"><strong data-start=\"1174\" data-end=\"1205\">Hell\u00e4varainen mutta tehokas<\/strong><\/p>\n<p data-start=\"1207\" data-end=\"1565\">Vaalennusprosessi on mukautettu slaavilaisen hiuksen pehme\u00e4lle ja hienolle rakenteelle. Kontrolloitu ja matalavaikutteinen menetelm\u00e4 auttaa s\u00e4ilytt\u00e4m\u00e4\u00e4n hiuksen luonnollisen kosteuden ja kimmoisuuden koko prosessin ajan. Teknologiamme mahdollistaa silkkisten ja luonnollisten vaaleiden s\u00e4vyjen saavuttamisen, jotka ovat tyypillisi\u00e4 pohjoismaiselle hiukselle.<\/p>\n<p data-start=\"1567\" data-end=\"1605\"><strong data-start=\"1567\" data-end=\"1605\">Minimaalinen kemiallinen kuormitus<\/strong><\/p>\n<p data-start=\"1607\" data-end=\"1840\">Perinteisiin voimakkaisiin vaalennusmenetelmiin verrattuna k\u00e4yt\u00e4mme alhaisempia kemiallisia pitoisuuksia ja hitaampaa, kontrolloitua k\u00e4sittely\u00e4. T\u00e4m\u00e4 v\u00e4hent\u00e4\u00e4 hiussuomun vaurioitumista ja s\u00e4ilytt\u00e4\u00e4 hiuksen luonnollisen sile\u00e4n pinnan.<\/p>\n<p data-start=\"1842\" data-end=\"1957\">Tavoitteemme on pit\u00e4\u00e4 tuotantoprosessi hallittuna ja vastuullisena niin laadun kuin ymp\u00e4rist\u00f6vaikutustenkin osalta.<\/p>\n<p data-start=\"1959\" data-end=\"1994\"><strong data-start=\"1959\" data-end=\"1994\">Pohjoismaisen laadun inspiroima<\/strong><\/p>\n<p data-start=\"1996\" data-end=\"2330\">Toimimme Virossa ja hy\u00f6dynn\u00e4mme tuotannossa my\u00f6s korkealaatuista paikallista hiusta. Virolainen hius tunnetaan hienosta rakenteestaan ja luonnollisista vaaleista s\u00e4vyist\u00e4\u00e4n, jotka vaativat vain minimaalista k\u00e4sittely\u00e4. T\u00e4m\u00e4 mahdollistaa luonnollisen n\u00e4k\u00f6isten ja korkealaatuisten hiustenpidennysten valmistuksen Euroopan markkinoille.<\/p>\n<p data-start=\"2332\" data-end=\"2450\">Viron sijainti Pohjois- ja It\u00e4-Euroopan v\u00e4liss\u00e4 antaa p\u00e4\u00e4syn luonnostaan vaaleaan ja hienorakenteiseen donor-hiukseen.<\/p>\n<p>Yhdist\u00e4mme:<\/p>\n<p>\u2022 alueellisen raaka-aineen<br \/>\n\u2022 t\u00e4ysin Virossa tapahtuvan tuotannon<br \/>\n\u2022 tiukan laadunvalvonnan<\/p>\n<p>Koska tuotanto tapahtuu kokonaan Virossa, meill\u00e4 on oikeus k\u00e4ytt\u00e4\u00e4 Made in EU -merkint\u00e4\u00e4. T\u00e4m\u00e4 takaa luotettavan alkuper\u00e4n, l\u00e4pin\u00e4kyv\u00e4n tuotantoprosessin ja k\u00e4sity\u00f6n, joka erottaa meid\u00e4t massatuotannosta.<\/p>\n<p>Lis\u00e4ksi peruukkimme ja topperimme ovat Virossa saatavilla valtion SKA-tuen piiriss\u00e4 \u2013 l\u00e4\u00e4k\u00e4rintodistuksella valtio korvaa jopa 90 % kustannuksista. T\u00e4m\u00e4 tekee hiusproteesit ja peruukit helpommin saavutettaviksi niit\u00e4 tarvitseville.<\/p>\n<p data-start=\"3001\" data-end=\"3040\"><strong data-start=\"3001\" data-end=\"3040\">Raakahiuksesta valmiiksi tuotteeksi<\/strong><\/p>\n<p data-start=\"3042\" data-end=\"3070\">Tuotevalikoimaamme kuuluvat:<\/p>\n<p data-start=\"3072\" data-end=\"3319\">\u2022 keratiinipidennykset<br data-start=\"3094\" data-end=\"3097\" \/>\u2022 teippipidennykset<br data-start=\"3116\" data-end=\"3119\" \/>\u2022 k\u00e4sinsidotut ommelpidennykset (hand-tied wefts)<br data-start=\"3168\" data-end=\"3171\" \/>\u2022 genius weft -pidennykset<br data-start=\"3197\" data-end=\"3200\" \/>\u2022 erilaiset irrotettavat hiustenpidennykset ja erikoisratkaisut<br data-start=\"3263\" data-end=\"3266\" \/>\u2022 mittatilausty\u00f6n\u00e4 valmistetut peruukit ja topperit<\/p>\n<p data-start=\"3321\" data-end=\"3415\">Kaikki tuotteet valmistetaan yksityiskohtien tarkkuudella kontrolloidussa tuotantoprosessissa.<\/p>\n<p data-start=\"3417\" data-end=\"3566\">Ty\u00f6skentelemme yksinomaan 100 % Remy single donor -slaavilaisen hiuksen kanssa varmistaen hiussuomun suunnan s\u00e4ilymisen ja pitk\u00e4aikaisen kest\u00e4vyyden.<\/p>\n<p data-start=\"3568\" data-end=\"3613\"><strong data-start=\"3568\" data-end=\"3613\">Yhteisty\u00f6 kampaamoille ja j\u00e4lleenmyyjille<\/strong><\/p>\n<p data-start=\"3615\" data-end=\"3625\">Tarjoamme:<\/p>\n<p data-start=\"3627\" data-end=\"3822\">\u2022 tukkumyynnin kampaamoille ja j\u00e4lleenmyyjille<br data-start=\"3673\" data-end=\"3676\" \/>\u2022 private label -valmistuksen<br data-start=\"3705\" data-end=\"3708\" \/>\u2022 yhteisty\u00f6n kansainv\u00e4listen kumppaneiden kanssa<br data-start=\"3756\" data-end=\"3759\" \/>\u2022 vakaan eurooppalaisen tuotannon pitk\u00e4aikaiseen yhteisty\u00f6h\u00f6n<\/p>\n<p data-start=\"3824\" data-end=\"4017\" data-is-last-node=\"\" data-is-only-node=\"\">Jos etsit luotettavaa eurooppalaista hiustenpidennysten valmistajaa, ota meihin yhteytt\u00e4 saadaksesi lis\u00e4tietoja tukkuhinnoista, private label -mahdollisuuksista ja pitk\u00e4aikaisesta yhteisty\u00f6st\u00e4.<\/p>\n<p><img decoding=\"async\" class=\"size-medium wp-image-13115\" src=\"https:\/\/hairmagic.ee\/wp-content\/uploads\/2025\/10\/Screenshot_20250505_110219_Gallery-300x210.jpg\" alt=\"Slavic bulk hair\" width=\"300\" height=\"210\" srcset=\"https:\/\/hairmagic.ee\/wp-content\/uploads\/2025\/10\/Screenshot_20250505_110219_Gallery-300x210.jpg 300w, https:\/\/hairmagic.ee\/wp-content\/uploads\/2025\/10\/Screenshot_20250505_110219_Gallery-1024x717.jpg 1024w, https:\/\/hairmagic.ee\/wp-content\/uploads\/2025\/10\/Screenshot_20250505_110219_Gallery-768x538.jpg 768w, https:\/\/hairmagic.ee\/wp-content\/uploads\/2025\/10\/Screenshot_20250505_110219_Gallery.jpg 1440w\" sizes=\"(max-width: 300px) 100vw, 300px\" \/><\/p>\n<p><img loading=\"lazy\" decoding=\"async\" class=\"size-medium wp-image-13112\" src=\"https:\/\/hairmagic.ee\/wp-content\/uploads\/2025\/10\/Screenshot_20250115_125010_Gallery-1-174x300.jpg\" alt=\"Bleaching\" width=\"174\" height=\"300\" srcset=\"https:\/\/hairmagic.ee\/wp-content\/uploads\/2025\/10\/Screenshot_20250115_125010_Gallery-1-174x300.jpg 174w, https:\/\/hairmagic.ee\/wp-content\/uploads\/2025\/10\/Screenshot_20250115_125010_Gallery-1-594x1024.jpg 594w, https:\/\/hairmagic.ee\/wp-content\/uploads\/2025\/10\/Screenshot_20250115_125010_Gallery-1-768x1325.jpg 768w, https:\/\/hairmagic.ee\/wp-content\/uploads\/2025\/10\/Screenshot_20250115_125010_Gallery-1-890x1536.jpg 890w, https:\/\/hairmagic.ee\/wp-content\/uploads\/2025\/10\/Screenshot_20250115_125010_Gallery-1-1187x2048.jpg 1187w, https:\/\/hairmagic.ee\/wp-content\/uploads\/2025\/10\/Screenshot_20250115_125010_Gallery-1.jpg 1440w\" sizes=\"(max-width: 174px) 100vw, 174px\" \/><\/p>\n<p><img loading=\"lazy\" decoding=\"async\" class=\"size-medium wp-image-13109\" src=\"https:\/\/hairmagic.ee\/wp-content\/uploads\/2025\/10\/Screenshot_20250115_124758_Gallery-170x300.jpg\" alt=\"Bleaching process\" width=\"170\" height=\"300\" srcset=\"https:\/\/hairmagic.ee\/wp-content\/uploads\/2025\/10\/Screenshot_20250115_124758_Gallery-170x300.jpg 170w, https:\/\/hairmagic.ee\/wp-content\/uploads\/2025\/10\/Screenshot_20250115_124758_Gallery-579x1024.jpg 579w, https:\/\/hairmagic.ee\/wp-content\/uploads\/2025\/10\/Screenshot_20250115_124758_Gallery-768x1358.jpg 768w, https:\/\/hairmagic.ee\/wp-content\/uploads\/2025\/10\/Screenshot_20250115_124758_Gallery-868x1536.jpg 868w, https:\/\/hairmagic.ee\/wp-content\/uploads\/2025\/10\/Screenshot_20250115_124758_Gallery-1158x2048.jpg 1158w, https:\/\/hairmagic.ee\/wp-content\/uploads\/2025\/10\/Screenshot_20250115_124758_Gallery.jpg 1439w\" sizes=\"(max-width: 170px) 100vw, 170px\" \/><\/p>\n<p><img loading=\"lazy\" decoding=\"async\" class=\"size-medium wp-image-13121 alignleft\" src=\"https:\/\/hairmagic.ee\/wp-content\/uploads\/2025\/10\/InCollage_20240920_120619543-300x300.jpg\" alt=\"\" width=\"300\" height=\"300\" srcset=\"https:\/\/hairmagic.ee\/wp-content\/uploads\/2025\/10\/InCollage_20240920_120619543-300x300.jpg 300w, https:\/\/hairmagic.ee\/wp-content\/uploads\/2025\/10\/InCollage_20240920_120619543-1024x1024.jpg 1024w, https:\/\/hairmagic.ee\/wp-content\/uploads\/2025\/10\/InCollage_20240920_120619543-150x150.jpg 150w, https:\/\/hairmagic.ee\/wp-content\/uploads\/2025\/10\/InCollage_20240920_120619543-768x768.jpg 768w, https:\/\/hairmagic.ee\/wp-content\/uploads\/2025\/10\/InCollage_20240920_120619543-1536x1536.jpg 1536w, https:\/\/hairmagic.ee\/wp-content\/uploads\/2025\/10\/InCollage_20240920_120619543-2048x2048.jpg 2048w\" sizes=\"(max-width: 300px) 100vw, 300px\" \/>[\/vc_column_text][vc_row_inner disable_element=&#8221;yes&#8221;][vc_column_inner width=&#8221;1\/2&#8243;]<div class=\"benefit-item icon-box-in-row benefit-item-5b30c1017d6c6  wpb_animate_when_almost_visible wpb_fadeInLeft fadeInLeft\"><div class=\"count\">280<\/div><div class=\"heading\"><div class=\"cell\">finished<br \/>\nphotosessions<\/div><\/div><\/div>[\/vc_column_inner][vc_column_inner width=&#8221;1\/2&#8243;]<div class=\"benefit-item icon-box-in-row benefit-item-5b30c11032cda  wpb_animate_when_almost_visible wpb_fadeInLeft fadeInLeft\"><div class=\"count\">132<\/div><div class=\"heading\"><div class=\"cell\">pounds<br \/>\nof equipment<\/div><\/div><\/div>[\/vc_column_inner][\/vc_row_inner][vc_row_inner disable_element=&#8221;yes&#8221;][vc_column_inner width=&#8221;1\/2&#8243;]<div class=\"benefit-item icon-box-in-row benefit-item-  wpb_animate_when_almost_visible wpb_fadeInLeft fadeInLeft\"><div class=\"count\">253<\/div><div class=\"heading\"><div class=\"cell\">happy<br \/>\nclients<\/div><\/div><\/div>[\/vc_column_inner][vc_column_inner width=&#8221;1\/2&#8243;]<div class=\"benefit-item icon-box-in-row benefit-item-  wpb_animate_when_almost_visible wpb_fadeInLeft fadeInLeft\"><div class=\"count\">192<\/div><div class=\"heading\"><div class=\"cell\">studio<br \/>\nsessions<\/div><\/div><\/div>[\/vc_column_inner][\/vc_row_inner][\/vc_column][vc_column css_animation=&#8221;fadeInRight&#8221; width=&#8221;1\/2&#8243; offset=&#8221;vc_col-lg-offset-1&#8243; el_class=&#8221;side-img&#8221; css=&#8221;.vc_custom_1728676651306{padding-bottom: 300px !important;background-image: url(https:\/\/hairmagic.ee\/wp-content\/uploads\/2024\/10\/slavic-hair-hairmagic.jpg?id=2060) !important;background-position: center !important;background-repeat: no-repeat !important;background-size: cover !important;}&#8221;][\/vc_column][\/vc_row]<\/p>\n<\/div>","protected":false},"excerpt":{"rendered":"<p>[vc_row full_width=&#8221;stretch_row_content_no_spaces&#8221;][vc_column][\/vc_column][\/vc_row][vc_row equal_height=&#8221;yes&#8221; css=&#8221;.vc_custom_1529923143630{padding-top: 85px !important;padding-bottom: 75px !important;}&#8221;][vc_column width=&#8221;1\/2&#8243; offset=&#8221;vc_col-lg-5&#8243; css=&#8221;.vc_custom_1529923170878{padding-top: 40px !important;padding-bottom: 10px !important;}&#8221;][vc_column_text css_animation=&#8221;fadeInLeft&#8221; css=&#8221;&#8221;] Hairmagic Production on Tallinnassa, Virossa toimiva slaavilaisten hiusten tuotantolaitos. Olemme erikoistuneet korkealaatuisen slaavilaisen ja virolaisen donor-hiuksen k\u00e4sittelyyn sek\u00e4 niist\u00e4 valmistettujen hiustenpidennysten, peruukkien ja topperien tuotantoon. Kaikki hiustuotteemme valmistetaan k\u00e4sity\u00f6n\u00e4 Virossa, mik\u00e4 takaa luonnollisen ulkon\u00e4\u00f6n, k\u00e4ytt\u00f6mukavuuden ja pitk\u00e4kestoisen lopputuloksen. [&hellip;]<\/p>\n","protected":false},"author":1,"featured_media":0,"parent":0,"menu_order":0,"comment_status":"closed","ping_status":"closed","template":"template-landing.php","meta":{"_acf_changed":false,"_monsterinsights_skip_tracking":false,"_monsterinsights_sitenote_active":false,"_monsterinsights_sitenote_note":"","_monsterinsights_sitenote_category":0,"footnotes":""},"class_list":["post-13263","page","type-page","status-publish","hentry"],"acf":[],"_links":{"self":[{"href":"https:\/\/hairmagic.ee\/fi\/wp-json\/wp\/v2\/pages\/13263","targetHints":{"allow":["GET"]}}],"collection":[{"href":"https:\/\/hairmagic.ee\/fi\/wp-json\/wp\/v2\/pages"}],"about":[{"href":"https:\/\/hairmagic.ee\/fi\/wp-json\/wp\/v2\/types\/page"}],"author":[{"embeddable":true,"href":"https:\/\/hairmagic.ee\/fi\/wp-json\/wp\/v2\/users\/1"}],"replies":[{"embeddable":true,"href":"https:\/\/hairmagic.ee\/fi\/wp-json\/wp\/v2\/comments?post=13263"}],"version-history":[{"count":7,"href":"https:\/\/hairmagic.ee\/fi\/wp-json\/wp\/v2\/pages\/13263\/revisions"}],"predecessor-version":[{"id":13707,"href":"https:\/\/hairmagic.ee\/fi\/wp-json\/wp\/v2\/pages\/13263\/revisions\/13707"}],"wp:attachment":[{"href":"https:\/\/hairmagic.ee\/fi\/wp-json\/wp\/v2\/media?parent=13263"}],"curies":[{"name":"wp","href":"https:\/\/api.w.org\/{rel}","templated":true}]}}