{"id":13265,"date":"2025-10-08T10:05:41","date_gmt":"2025-10-08T07:05:41","guid":{"rendered":"https:\/\/hairmagic.ee\/parukad-ja-topperid\/"},"modified":"2026-02-22T16:17:31","modified_gmt":"2026-02-22T13:17:31","slug":"pariikit","status":"publish","type":"page","link":"https:\/\/hairmagic.ee\/fi\/pariikit\/","title":{"rendered":"Pariikit ja topperit"},"content":{"rendered":"<div class=\"wpb-content-wrapper\"><p>[vc_row full_width=&#8221;stretch_row_content_no_spaces&#8221;][vc_column]<div class=\"banner-area banner-5b30bfb98f050 autoplay-true\"><div class=\"banner-social-buttons\"><div><a href=\"https:\/\/www.facebook.com\/profile.php?id=61566490043508\" target=\"_blank\"><i class=\"fab fa-facebook\"><\/i> <span>Facebook<\/span><\/a><a href=\"https:\/\/l.facebook.com\/l.php?u=https%3A%2F%2Fwww.instagram.com%2Fhairmagicproduction%3Figsh%3DY2xtMXhwNXg4emF5%26fbclid%3DIwZXh0bgNhZW0CMTAAAR18D3vYgp49ue0NhxOOoyX3EypRRv6PkT-ZlBD74N2zawclKkwwlR27vgE_aem_9vybVGtO17v26yRDQUZ9rg&#038;h=AT3yLhUvzl3LAWSXk6G-vetdixQpe56R6vNisOiLbQTuOgLqTSBBSFOW586eiZ_CxNN-BfErEBEcvqlHCyMZUBnDBz_JaX0Fx-0hNKaDqttztwkmaDf9vg7EsJ0zeDUKAZ3d0Q\" target=\"_blank\"><i class=\"fab fa-instagram\"><\/i> <span>Instagram<\/span><\/a><\/div><\/div><div class=\"banner  fixed-height navigation-style1\" style=\"height: 410px;\"><div class=\"item banner-item-69db7adaed2f7 bottom white\" style=\"background-image: url(https:\/\/hairmagic.ee\/wp-content\/uploads\/2024\/10\/header-image-hairmagic-1.jpg);\"><div class=\"overlay\"><\/div><div class=\"container\"><div class=\"cell\"><div class=\"sub-h\">K\u00e4sintehty Virossa<\/div><div class=\"h\">Pariikit ja topperit<\/div><\/div><\/div><\/div><\/div><div class=\"slider-navigation slider-navigation-style1\">\r\n                    <div class=\"container\">\r\n                        <div class=\"count\"><\/div>\r\n                        <div class=\"line\"><div style=\"transition-duration: 5000ms;\"><\/div><\/div>\r\n                        <div class=\"arrows\">\r\n                            <div class=\"prev solid-arrow-collection-left-chevron-1\"><\/div>\r\n                            <div class=\"next solid-arrow-collection-right-chevron-1\"><\/div>\r\n                        <\/div>\r\n                    <\/div>\r\n                <\/div><\/div>[\/vc_column][\/vc_row][vc_row equal_height=&#8221;yes&#8221; css=&#8221;.vc_custom_1529923143630{padding-top: 85px !important;padding-bottom: 75px !important;}&#8221;][vc_column width=&#8221;1\/2&#8243; offset=&#8221;vc_col-lg-5&#8243; css=&#8221;.vc_custom_1529923170878{padding-top: 40px !important;padding-bottom: 10px !important;}&#8221;]<div class=\"pt-special-heading pt-special-heading-5b30c08237be9  wpb_animate_when_almost_visible wpb_fadeInLeft fadeInLeft tal decor-line-on-bottom\"><h6 class=\"sub-heading\">Hiusproteesit<\/h6><h2 class=\"heading\">Slaavilaiset peruukit<\/h2><\/div>[vc_column_text css_animation=&#8221;fadeInLeft&#8221; css=&#8221;&#8221;]<img fetchpriority=\"high\" decoding=\"async\" class=\"wp-image-12871 \" style=\"font-weight: bold;\" src=\"https:\/\/hairmagic.ee\/wp-content\/uploads\/2025\/06\/Parukas-naine-kollaas.webp\" alt=\"Parukas-naine-kollaas\" width=\"292\" height=\"292\" \/><\/p>\n<p data-start=\"165\" data-end=\"227\"><strong>Yksil\u00f6llisesti valmistetut pariikit, hiusproteesit ja topperit<\/strong><\/p>\n<p data-start=\"229\" data-end=\"546\">Pariikkipalvelumme on suunnattu niille, jotka etsiv\u00e4t ainutlaatuista, korkealaatuista ja yksil\u00f6llisesti r\u00e4\u00e4t\u00e4l\u00f6ity\u00e4 ratkaisua. Kaikki pariikkimme, hiusproteesimme ja topperimme valmistetaan k\u00e4sity\u00f6n\u00e4 Virossa, tarjoten luonnollisen ulkon\u00e4\u00f6n ja miellytt\u00e4v\u00e4n k\u00e4ytt\u00f6mukavuuden \u2013 niin arkeen kuin erityisiin tilaisuuksiin.<\/p>\n<p data-start=\"548\" data-end=\"589\"><strong>Miksi valita meid\u00e4n pariikit ja topperit?<\/strong><\/p>\n<ul>\n<li data-start=\"591\" data-end=\"763\"><strong>Yksil\u00f6llinen l\u00e4hestymistapa<\/strong> \u2013 jokainen pariikki tai topper valmistetaan tarkkojen mittojen ja toiveiden mukaan, jotta lopputulos olisi t\u00e4ydellisesti istuva ja luonnollinen.<\/li>\n<li data-start=\"765\" data-end=\"910\"><strong>K\u00e4sin solmitut hiukset<\/strong> \u2013 jokainen hius solmitaan yksitellen pohjaan tai lace-verkkoon, mik\u00e4 takaa luonnollisen liikkeen ja kauniin laskeutumisen.<\/li>\n<li data-start=\"912\" data-end=\"1173\"><strong>Monipuoliset vaihtoehdot<\/strong> \u2013 kokopariikeista volyymitoppereihin ja t\u00e4ytett\u00e4 lis\u00e4\u00e4viin ratkaisuihin, jotka sopivat hiusten harvenemisen peitt\u00e4miseen. Kiinnitys voidaan tehd\u00e4 klipseill\u00e4 tai pysyv\u00e4mmin. Jokainen tuote valmistetaan huolellisesti valituista hiuksista.<\/li>\n<li data-start=\"1175\" data-end=\"1416\"><strong>Miehille<\/strong> \u2013 tarjoamme my\u00f6s huomaamattomia hiusj\u00e4rjestelmi\u00e4 (liimattavia toppereita) miehille, joilla on hiusten ohenemista tai kaljuuntumista p\u00e4\u00e4laella. Ne palauttavat hiuspeiton luonnollisen ilmeen nopeasti ja ilman kirurgisia toimenpiteit\u00e4.<\/li>\n<\/ul>\n<p><img decoding=\"async\" class=\"size-medium wp-image-13560\" src=\"https:\/\/hairmagic.ee\/wp-content\/uploads\/2026\/02\/IMG_20260210_212603_436-300x300.webp\" alt=\"parukas\" width=\"300\" height=\"300\" srcset=\"https:\/\/hairmagic.ee\/wp-content\/uploads\/2026\/02\/IMG_20260210_212603_436-300x300.webp 300w, https:\/\/hairmagic.ee\/wp-content\/uploads\/2026\/02\/IMG_20260210_212603_436-1024x1024.webp 1024w, https:\/\/hairmagic.ee\/wp-content\/uploads\/2026\/02\/IMG_20260210_212603_436-150x150.webp 150w, https:\/\/hairmagic.ee\/wp-content\/uploads\/2026\/02\/IMG_20260210_212603_436-768x768.webp 768w, https:\/\/hairmagic.ee\/wp-content\/uploads\/2026\/02\/IMG_20260210_212603_436.webp 1440w\" sizes=\"(max-width: 300px) 100vw, 300px\" \/><\/p>\n<p data-start=\"1418\" data-end=\"1465\"><strong>Premium-materiaalit ja ammattitaitoinen k\u00e4sity\u00f6<\/strong><\/p>\n<ul>\n<li data-start=\"1467\" data-end=\"1540\"><strong>Neitsytvirolaiset hiukset<\/strong> \u2013 kevyet, kest\u00e4v\u00e4t ja t\u00e4ysin k\u00e4sittelem\u00e4tt\u00f6m\u00e4t.<\/li>\n<li data-start=\"1542\" data-end=\"1645\"><strong>Slaavilaiset hiukset<\/strong> (Hairmagic Production) \u2013 tunnettu silkkisyydest\u00e4\u00e4n ja luonnollisesta ulkon\u00e4\u00f6st\u00e4\u00e4n.<\/li>\n<li data-start=\"1647\" data-end=\"1737\"><strong>Laadukkaat pohjat ja lace-verkot<\/strong> \u2013 hengitt\u00e4v\u00e4t, kevyet ja mukavat pitk\u00e4aikaiseen k\u00e4ytt\u00f6\u00f6n.<\/li>\n<\/ul>\n<p><img decoding=\"async\" class=\"size-medium wp-image-13588\" src=\"https:\/\/hairmagic.ee\/wp-content\/uploads\/2026\/02\/InCollage_20260222_122537422-300x300.jpg\" alt=\"parukas\" width=\"300\" height=\"300\" srcset=\"https:\/\/hairmagic.ee\/wp-content\/uploads\/2026\/02\/InCollage_20260222_122537422-300x300.jpg 300w, https:\/\/hairmagic.ee\/wp-content\/uploads\/2026\/02\/InCollage_20260222_122537422-1024x1024.jpg 1024w, https:\/\/hairmagic.ee\/wp-content\/uploads\/2026\/02\/InCollage_20260222_122537422-150x150.jpg 150w, https:\/\/hairmagic.ee\/wp-content\/uploads\/2026\/02\/InCollage_20260222_122537422-768x768.jpg 768w, https:\/\/hairmagic.ee\/wp-content\/uploads\/2026\/02\/InCollage_20260222_122537422-1536x1536.jpg 1536w, https:\/\/hairmagic.ee\/wp-content\/uploads\/2026\/02\/InCollage_20260222_122537422-2048x2048.jpg 2048w\" sizes=\"(max-width: 300px) 100vw, 300px\" \/><\/p>\n<hr \/>\n<p><strong>Hoito- ja korjauspalvelut<\/strong><\/p>\n<p data-start=\"1766\" data-end=\"1781\">Tarjoamme my\u00f6s:<\/p>\n<ul>\n<li data-start=\"1783\" data-end=\"1877\">Pariikkien huolto: pesu, muodon palautus, virkistys, v\u00e4rj\u00e4ys, leikkaus tai hiusten lis\u00e4\u00e4minen.<\/li>\n<li data-start=\"1879\" data-end=\"1983\">Pariikkien korjaus: kuluneiden tai vaurioituneiden kohtien kunnostus, joka pident\u00e4\u00e4 pariikin k\u00e4ytt\u00f6ik\u00e4\u00e4.<\/li>\n<\/ul>\n<p><img loading=\"lazy\" decoding=\"async\" class=\"size-medium wp-image-13558\" src=\"https:\/\/hairmagic.ee\/wp-content\/uploads\/2026\/02\/InCollage_20260127_160216374-300x300.jpg\" alt=\"remont\" width=\"300\" height=\"300\" srcset=\"https:\/\/hairmagic.ee\/wp-content\/uploads\/2026\/02\/InCollage_20260127_160216374-300x300.jpg 300w, https:\/\/hairmagic.ee\/wp-content\/uploads\/2026\/02\/InCollage_20260127_160216374-1024x1024.jpg 1024w, https:\/\/hairmagic.ee\/wp-content\/uploads\/2026\/02\/InCollage_20260127_160216374-150x150.jpg 150w, https:\/\/hairmagic.ee\/wp-content\/uploads\/2026\/02\/InCollage_20260127_160216374-768x768.jpg 768w, https:\/\/hairmagic.ee\/wp-content\/uploads\/2026\/02\/InCollage_20260127_160216374-1536x1536.jpg 1536w, https:\/\/hairmagic.ee\/wp-content\/uploads\/2026\/02\/InCollage_20260127_160216374-2048x2048.jpg 2048w\" sizes=\"(max-width: 300px) 100vw, 300px\" \/><\/p>\n<p data-start=\"1985\" data-end=\"2003\"><strong>Meid\u00e4n vahvuutemme<\/strong><\/p>\n<p data-start=\"2005\" data-end=\"2172\">Arvostamme laatua ja yksil\u00f6llisyytt\u00e4. K\u00e4sintehdyt pariikkimme ovat luonnollisia, mukavia ja kest\u00e4vi\u00e4 \u2013 auttaen sinua tuntemaan olosi itsevarmaksi kaikissa tilanteissa.<\/p>\n<p data-start=\"2174\" data-end=\"2194\"><strong>Valtion tuki Virossa<\/strong><\/p>\n<p data-start=\"2196\" data-end=\"2497\">Virossa l\u00e4\u00e4k\u00e4rin m\u00e4\u00e4r\u00e4\u00e4m\u00e4t pariikit ja hiusproteesit (esimerkiksi alopesian tai l\u00e4\u00e4ketieteellisten hoitojen aiheuttaman hiustenl\u00e4hd\u00f6n vuoksi) voidaan korvata jopa 90 % valtion tuella. Jos olet oikeutettu tukeen, l\u00e4\u00e4k\u00e4risi voi kirjoittaa tarvittavan todistuksen, ja opastamme sinua koko prosessin ajan.<\/p>\n<p data-start=\"2499\" data-end=\"2604\">Lis\u00e4tietoja tai yksil\u00f6llisen pariikin tilausta varten ota yhteytt\u00e4: <a class=\"decorated-link cursor-pointer\" rel=\"noopener\" data-start=\"2567\" data-end=\"2584\">info@hairmagic.ee<\/a> tai +372 50 86 806.<\/p>\n<p data-start=\"2606\" data-end=\"2613\">Hinnat:<\/p>\n<p data-start=\"2615\" data-end=\"2733\">hiusten pituus enint\u00e4\u00e4n 30 cm \u2013 1850 \u20ac<br data-start=\"2653\" data-end=\"2656\" \/>40\u201350 cm \u2013 1900 \u20ac<br data-start=\"2673\" data-end=\"2676\" \/>51\u201360 cm \u2013 2000 \u20ac<br data-start=\"2693\" data-end=\"2696\" \/>61\u201370 cm \u2013 2200 \u20ac<br data-start=\"2713\" data-end=\"2716\" \/>71\u201380 cm \u2013 2500 \u20ac<\/p>\n<hr \/>\n<p><img loading=\"lazy\" decoding=\"async\" class=\"size-full wp-image-12951\" src=\"https:\/\/hairmagic.ee\/wp-content\/uploads\/2025\/09\/InCollage_20250919_234531036-scaled.jpg\" alt=\"Paruka triibutamine\" width=\"2560\" height=\"2560\" srcset=\"https:\/\/hairmagic.ee\/wp-content\/uploads\/2025\/09\/InCollage_20250919_234531036-scaled.jpg 2560w, https:\/\/hairmagic.ee\/wp-content\/uploads\/2025\/09\/InCollage_20250919_234531036-300x300.jpg 300w, https:\/\/hairmagic.ee\/wp-content\/uploads\/2025\/09\/InCollage_20250919_234531036-1024x1024.jpg 1024w, https:\/\/hairmagic.ee\/wp-content\/uploads\/2025\/09\/InCollage_20250919_234531036-150x150.jpg 150w, https:\/\/hairmagic.ee\/wp-content\/uploads\/2025\/09\/InCollage_20250919_234531036-768x768.jpg 768w, https:\/\/hairmagic.ee\/wp-content\/uploads\/2025\/09\/InCollage_20250919_234531036-1536x1536.jpg 1536w, https:\/\/hairmagic.ee\/wp-content\/uploads\/2025\/09\/InCollage_20250919_234531036-2048x2048.jpg 2048w, https:\/\/hairmagic.ee\/wp-content\/uploads\/2025\/09\/InCollage_20250919_234531036-600x600.jpg 600w, https:\/\/hairmagic.ee\/wp-content\/uploads\/2025\/09\/InCollage_20250919_234531036-100x100.jpg 100w, https:\/\/hairmagic.ee\/wp-content\/uploads\/2025\/09\/InCollage_20250919_234531036-50x50.jpg 50w\" sizes=\"(max-width: 2560px) 100vw, 2560px\" \/><\/p>\n<p><img loading=\"lazy\" decoding=\"async\" class=\"size-medium wp-image-13612\" src=\"https:\/\/hairmagic.ee\/wp-content\/uploads\/2026\/02\/InCollage_20260222_122651567-300x300.jpg\" alt=\"Valmistamine\" width=\"300\" height=\"300\" srcset=\"https:\/\/hairmagic.ee\/wp-content\/uploads\/2026\/02\/InCollage_20260222_122651567-300x300.jpg 300w, https:\/\/hairmagic.ee\/wp-content\/uploads\/2026\/02\/InCollage_20260222_122651567-1024x1024.jpg 1024w, https:\/\/hairmagic.ee\/wp-content\/uploads\/2026\/02\/InCollage_20260222_122651567-150x150.jpg 150w, https:\/\/hairmagic.ee\/wp-content\/uploads\/2026\/02\/InCollage_20260222_122651567-768x768.jpg 768w, https:\/\/hairmagic.ee\/wp-content\/uploads\/2026\/02\/InCollage_20260222_122651567-1536x1536.jpg 1536w, https:\/\/hairmagic.ee\/wp-content\/uploads\/2026\/02\/InCollage_20260222_122651567-2048x2048.jpg 2048w\" sizes=\"(max-width: 300px) 100vw, 300px\" \/><\/p>\n<p data-start=\"2735\" data-end=\"2781\"><strong>Pariikkiratkaisut teattereille ja tuotannoille<\/strong><\/p>\n<p data-start=\"2783\" data-end=\"3017\">Hairmagic Production valmistaa pariikkeja ammattik\u00e4ytt\u00f6\u00f6n teattereihin, elokuvatuotantoihin ja n\u00e4ytt\u00e4m\u00f6esityksiin. Teemme yhteisty\u00f6t\u00e4 cosplay-artistien, maskeeraajien, pukusuunnittelijoiden sek\u00e4 teatteri- ja elokuvatuotantojen kanssa.<\/p>\n<p data-start=\"3019\" data-end=\"3240\">Jokainen pariikki suunnitellaan yhteisty\u00f6ss\u00e4 tilaajan kanssa huomioiden visuaalinen konsepti, aikakausi, hahmon vaatimukset ja tekniset tarpeet. Toteutamme niin luonnollisia kuin tyyliteltyj\u00e4 ja hahmopohjaisia ratkaisuja.<\/p>\n<p data-start=\"3242\" data-end=\"3374\">Kest\u00e4v\u00e4 rakenne, luotettavat kiinnitysj\u00e4rjestelm\u00e4t ja laadukkaat hiusmateriaalit takaavat kest\u00e4vyyden my\u00f6s intensiivisess\u00e4 k\u00e4yt\u00f6ss\u00e4.<\/p>\n<p data-start=\"3376\" data-end=\"3471\">Olemme avoimia yhteisty\u00f6lle tuotantoyhti\u00f6iden, teattereiden ja pukusuunnitteluosastojen kanssa.<\/p>\n<p><img loading=\"lazy\" decoding=\"async\" class=\"size-medium wp-image-13568\" src=\"https:\/\/hairmagic.ee\/wp-content\/uploads\/2026\/02\/InCollage_20251215_132335191-300x300.jpg\" alt=\"cosplay\" width=\"300\" height=\"300\" srcset=\"https:\/\/hairmagic.ee\/wp-content\/uploads\/2026\/02\/InCollage_20251215_132335191-300x300.jpg 300w, https:\/\/hairmagic.ee\/wp-content\/uploads\/2026\/02\/InCollage_20251215_132335191-1024x1024.jpg 1024w, https:\/\/hairmagic.ee\/wp-content\/uploads\/2026\/02\/InCollage_20251215_132335191-150x150.jpg 150w, https:\/\/hairmagic.ee\/wp-content\/uploads\/2026\/02\/InCollage_20251215_132335191-768x768.jpg 768w, https:\/\/hairmagic.ee\/wp-content\/uploads\/2026\/02\/InCollage_20251215_132335191-1536x1536.jpg 1536w, https:\/\/hairmagic.ee\/wp-content\/uploads\/2026\/02\/InCollage_20251215_132335191-2048x2048.jpg 2048w\" sizes=\"(max-width: 300px) 100vw, 300px\" \/><\/p>\n<p><img loading=\"lazy\" decoding=\"async\" class=\"size-medium wp-image-13572\" src=\"https:\/\/hairmagic.ee\/wp-content\/uploads\/2026\/02\/InCollage_20251215_132455891-300x300.jpg\" alt=\"cosplay\" width=\"300\" height=\"300\" srcset=\"https:\/\/hairmagic.ee\/wp-content\/uploads\/2026\/02\/InCollage_20251215_132455891-300x300.jpg 300w, https:\/\/hairmagic.ee\/wp-content\/uploads\/2026\/02\/InCollage_20251215_132455891-1024x1024.jpg 1024w, https:\/\/hairmagic.ee\/wp-content\/uploads\/2026\/02\/InCollage_20251215_132455891-150x150.jpg 150w, https:\/\/hairmagic.ee\/wp-content\/uploads\/2026\/02\/InCollage_20251215_132455891-768x768.jpg 768w, https:\/\/hairmagic.ee\/wp-content\/uploads\/2026\/02\/InCollage_20251215_132455891-1536x1536.jpg 1536w, https:\/\/hairmagic.ee\/wp-content\/uploads\/2026\/02\/InCollage_20251215_132455891-2048x2048.jpg 2048w\" sizes=\"(max-width: 300px) 100vw, 300px\" \/><\/p>\n<hr \/>\n<p data-start=\"3473\" data-end=\"3487\"><strong>Naisten topper<\/strong><\/p>\n<p data-start=\"3489\" data-end=\"3738\">Naisten topper on ihanteellinen ratkaisu silloin, kun kokopariikki tuntuu liialliselta, mutta p\u00e4\u00e4laen alueella tarvitaan lis\u00e4\u00e4 tuuheutta tai volyymia. Topperi kiinnitet\u00e4\u00e4n omiin hiuksiin klipsien avulla, peitt\u00e4en yl\u00e4osan ja j\u00e4tt\u00e4en alaosan vapaaksi.<\/p>\n<p><img loading=\"lazy\" decoding=\"async\" class=\"size-medium wp-image-13616\" src=\"https:\/\/hairmagic.ee\/wp-content\/uploads\/2026\/02\/InCollage_20250817_140657295-300x300.jpg\" alt=\"topper\" width=\"300\" height=\"300\" srcset=\"https:\/\/hairmagic.ee\/wp-content\/uploads\/2026\/02\/InCollage_20250817_140657295-300x300.jpg 300w, https:\/\/hairmagic.ee\/wp-content\/uploads\/2026\/02\/InCollage_20250817_140657295-1024x1024.jpg 1024w, https:\/\/hairmagic.ee\/wp-content\/uploads\/2026\/02\/InCollage_20250817_140657295-150x150.jpg 150w, https:\/\/hairmagic.ee\/wp-content\/uploads\/2026\/02\/InCollage_20250817_140657295-768x768.jpg 768w, https:\/\/hairmagic.ee\/wp-content\/uploads\/2026\/02\/InCollage_20250817_140657295-1536x1536.jpg 1536w, https:\/\/hairmagic.ee\/wp-content\/uploads\/2026\/02\/InCollage_20250817_140657295-2048x2048.jpg 2048w\" sizes=\"(max-width: 300px) 100vw, 300px\" \/><\/p>\n<p data-start=\"3740\" data-end=\"3786\">Se on helppo kiinnitt\u00e4\u00e4 ja poistaa p\u00e4ivitt\u00e4in.<\/p>\n<p data-start=\"3788\" data-end=\"4063\">Jokainen topper valmistetaan yksil\u00f6llisesti huolellisesti valituista luonnonhiuksista, mik\u00e4 takaa mukavuuden, luonnollisen sulautumisen ja vaivattoman muotoilun. Tarvittaessa tarjoamme my\u00f6s leikkauksen ja v\u00e4risovituksen t\u00e4ydellisen luonnollisen lopputuloksen saavuttamiseksi.<\/p>\n<p data-start=\"4065\" data-end=\"4105\">Naisten topperien hinnat ovat 500\u2013750 \u20ac.<\/p>\n<hr \/>\n<p data-start=\"4107\" data-end=\"4121\"><strong>Miesten topper<\/strong><\/p>\n<p data-start=\"4123\" data-end=\"4306\">Miehille, joilla on hiusten ohenemista tai kaljuuntumista p\u00e4\u00e4laella, tarjoamme luonnollisen n\u00e4k\u00f6isi\u00e4 liimattavia toppereita, jotka palauttavat hiuspeiton nopeasti ja huomaamattomasti.<\/p>\n<p data-start=\"4308\" data-end=\"4473\">Topperi on ei-kirurginen ratkaisu, joka palauttaa itsevarmuuden ilman invasiivisia toimenpiteit\u00e4. Ammattimaisesti asennettuna se on turvallinen ja l\u00e4hes huomaamaton.<\/p>\n<p data-start=\"4475\" data-end=\"4715\">Tarjoamme luonnonhiuksista valmistettuja toppereita, jotka kiinnitet\u00e4\u00e4n suoraan p\u00e4\u00e4nahkaan l\u00e4\u00e4ketieteellisell\u00e4 liimalla tai teipill\u00e4. J\u00e4rjestelm\u00e4 sulautuu saumattomasti olemassa oleviin hiuksiin ja pysyy paikallaan seuraavaan huoltoon asti.<\/p>\n<p><img loading=\"lazy\" decoding=\"async\" class=\"size-medium wp-image-13593\" src=\"https:\/\/hairmagic.ee\/wp-content\/uploads\/2026\/02\/Screenshot_20260222_123215_Instagram-300x300.jpg\" alt=\"meeste\" width=\"300\" height=\"300\" srcset=\"https:\/\/hairmagic.ee\/wp-content\/uploads\/2026\/02\/Screenshot_20260222_123215_Instagram-300x300.jpg 300w, https:\/\/hairmagic.ee\/wp-content\/uploads\/2026\/02\/Screenshot_20260222_123215_Instagram-1024x1019.jpg 1024w, https:\/\/hairmagic.ee\/wp-content\/uploads\/2026\/02\/Screenshot_20260222_123215_Instagram-150x150.jpg 150w, https:\/\/hairmagic.ee\/wp-content\/uploads\/2026\/02\/Screenshot_20260222_123215_Instagram.jpg 1440w\" sizes=\"(max-width: 300px) 100vw, 300px\" \/><\/p>\n<p data-start=\"4717\" data-end=\"4734\">Asennus ja huolto<\/p>\n<p data-start=\"4736\" data-end=\"5485\">\u2022 Topperi kiinnitet\u00e4\u00e4n puhdistetulle ja asianmukaisesti valmistellulle p\u00e4\u00e4nahalle erikoisliimalla tai teipill\u00e4.<br data-start=\"4847\" data-end=\"4850\" \/>\u2022 Jokainen asennus sis\u00e4lt\u00e4\u00e4 ammattimaisen leikkauksen ja viimeistelyn luonnollisen lopputuloksen varmistamiseksi.<br data-start=\"4963\" data-end=\"4966\" \/>\u2022 P\u00e4ivitt\u00e4iseen k\u00e4ytt\u00f6\u00f6n suositellaan v\u00e4hint\u00e4\u00e4n kahta topperia \u2013 toinen voidaan huoltaa toisen ollessa k\u00e4yt\u00f6ss\u00e4.<br data-start=\"5078\" data-end=\"5081\" \/>\u2022 Huoltov\u00e4li on yleens\u00e4 3\u20136 viikkoa ihotyypist\u00e4 ja el\u00e4m\u00e4ntavasta riippuen.<br data-start=\"5155\" data-end=\"5158\" \/>\u2022 Topperia ei poisteta p\u00e4ivitt\u00e4in; se pysyy paikallaan huoltok\u00e4yntiin asti.<br data-start=\"5233\" data-end=\"5236\" \/>\u2022 Oikealla hoidolla k\u00e4ytt\u00f6 on mukavaa.<br data-start=\"5274\" data-end=\"5277\" \/>\u2022 Topperi ei ole ikuinen \u2013 k\u00e4ytt\u00f6ik\u00e4 on yleens\u00e4 6\u201312 kuukautta hoidosta riippuen.<br data-start=\"5358\" data-end=\"5361\" \/>\u2022 Asennus ja poisto tulee aina tehd\u00e4 ammattilaisen toimesta p\u00e4\u00e4nahan suojaamiseksi ja parhaan lopputuloksen varmistamiseksi.<\/p>\n<p data-start=\"5487\" data-end=\"5709\">Haluatko tiet\u00e4\u00e4, sopiiko topper sinulle?<br data-start=\"5527\" data-end=\"5530\" \/>Ota yhteytt\u00e4 ja varaa henkil\u00f6kohtainen konsultaatio. Arvioimme tilanteesi ja autamme valitsemaan sopivan koon, hiusv\u00e4rin ja leikkauksen luonnollisen lopputuloksen saavuttamiseksi.<\/p>\n<p data-start=\"5711\" data-end=\"5751\">Miesten topperien hinnat ovat 300\u2013750 \u20ac.<\/p>\n<hr \/>\n<hr \/>\n<p>&nbsp;<\/p>\n<p>&nbsp;<\/p>\n<hr \/>\n<p>[\/vc_column_text][vc_row_inner disable_element=&#8221;yes&#8221;][vc_column_inner width=&#8221;1\/2&#8243;]<div class=\"benefit-item icon-box-in-row benefit-item-5b30c1017d6c6  wpb_animate_when_almost_visible wpb_fadeInLeft fadeInLeft\"><div class=\"count\">280<\/div><div class=\"heading\"><div class=\"cell\">finished<br \/>\nphotosessions<\/div><\/div><\/div>[\/vc_column_inner][vc_column_inner width=&#8221;1\/2&#8243;]<div class=\"benefit-item icon-box-in-row benefit-item-5b30c11032cda  wpb_animate_when_almost_visible wpb_fadeInLeft fadeInLeft\"><div class=\"count\">132<\/div><div class=\"heading\"><div class=\"cell\">pounds<br \/>\nof equipment<\/div><\/div><\/div>[\/vc_column_inner][\/vc_row_inner][vc_row_inner disable_element=&#8221;yes&#8221;][vc_column_inner width=&#8221;1\/2&#8243;]<div class=\"benefit-item icon-box-in-row benefit-item-  wpb_animate_when_almost_visible wpb_fadeInLeft fadeInLeft\"><div class=\"count\">253<\/div><div class=\"heading\"><div class=\"cell\">happy<br \/>\nclients<\/div><\/div><\/div>[\/vc_column_inner][vc_column_inner width=&#8221;1\/2&#8243;]<div class=\"benefit-item icon-box-in-row benefit-item-  wpb_animate_when_almost_visible wpb_fadeInLeft fadeInLeft\"><div class=\"count\">192<\/div><div class=\"heading\"><div class=\"cell\">studio<br \/>\nsessions<\/div><\/div><\/div>[\/vc_column_inner][\/vc_row_inner][\/vc_column][vc_column css_animation=&#8221;fadeInRight&#8221; width=&#8221;1\/2&#8243; offset=&#8221;vc_col-lg-offset-1&#8243; el_class=&#8221;side-img&#8221; css=&#8221;.vc_custom_1728676651306{padding-bottom: 300px !important;background-image: url(https:\/\/hairmagic.ee\/wp-content\/uploads\/2024\/10\/slavic-hair-hairmagic.jpg?id=2060) !important;background-position: center !important;background-repeat: no-repeat !important;background-size: cover !important;}&#8221;][\/vc_column][\/vc_row]<\/p>\n<\/div>","protected":false},"excerpt":{"rendered":"<p>[vc_row full_width=&#8221;stretch_row_content_no_spaces&#8221;][vc_column][\/vc_column][\/vc_row][vc_row equal_height=&#8221;yes&#8221; css=&#8221;.vc_custom_1529923143630{padding-top: 85px !important;padding-bottom: 75px !important;}&#8221;][vc_column width=&#8221;1\/2&#8243; offset=&#8221;vc_col-lg-5&#8243; css=&#8221;.vc_custom_1529923170878{padding-top: 40px !important;padding-bottom: 10px !important;}&#8221;][vc_column_text css_animation=&#8221;fadeInLeft&#8221; css=&#8221;&#8221;] Yksil\u00f6llisesti valmistetut pariikit, hiusproteesit ja topperit Pariikkipalvelumme on suunnattu niille, jotka etsiv\u00e4t ainutlaatuista, korkealaatuista ja yksil\u00f6llisesti r\u00e4\u00e4t\u00e4l\u00f6ity\u00e4 ratkaisua. Kaikki pariikkimme, hiusproteesimme ja topperimme valmistetaan k\u00e4sity\u00f6n\u00e4 Virossa, tarjoten luonnollisen ulkon\u00e4\u00f6n ja miellytt\u00e4v\u00e4n k\u00e4ytt\u00f6mukavuuden \u2013 niin arkeen kuin erityisiin tilaisuuksiin. [&hellip;]<\/p>\n","protected":false},"author":1,"featured_media":0,"parent":0,"menu_order":0,"comment_status":"closed","ping_status":"closed","template":"template-landing.php","meta":{"_acf_changed":false,"_monsterinsights_skip_tracking":false,"_monsterinsights_sitenote_active":false,"_monsterinsights_sitenote_note":"","_monsterinsights_sitenote_category":0,"footnotes":""},"class_list":["post-13265","page","type-page","status-publish","hentry"],"acf":[],"_links":{"self":[{"href":"https:\/\/hairmagic.ee\/fi\/wp-json\/wp\/v2\/pages\/13265","targetHints":{"allow":["GET"]}}],"collection":[{"href":"https:\/\/hairmagic.ee\/fi\/wp-json\/wp\/v2\/pages"}],"about":[{"href":"https:\/\/hairmagic.ee\/fi\/wp-json\/wp\/v2\/types\/page"}],"author":[{"embeddable":true,"href":"https:\/\/hairmagic.ee\/fi\/wp-json\/wp\/v2\/users\/1"}],"replies":[{"embeddable":true,"href":"https:\/\/hairmagic.ee\/fi\/wp-json\/wp\/v2\/comments?post=13265"}],"version-history":[{"count":10,"href":"https:\/\/hairmagic.ee\/fi\/wp-json\/wp\/v2\/pages\/13265\/revisions"}],"predecessor-version":[{"id":13623,"href":"https:\/\/hairmagic.ee\/fi\/wp-json\/wp\/v2\/pages\/13265\/revisions\/13623"}],"wp:attachment":[{"href":"https:\/\/hairmagic.ee\/fi\/wp-json\/wp\/v2\/media?parent=13265"}],"curies":[{"name":"wp","href":"https:\/\/api.w.org\/{rel}","templated":true}]}}