{"id":13267,"date":"2025-10-08T10:05:05","date_gmt":"2025-10-08T07:05:05","guid":{"rendered":"https:\/\/hairmagic.ee\/halod\/"},"modified":"2026-02-24T20:39:47","modified_gmt":"2026-02-24T17:39:47","slug":"halo","status":"publish","type":"page","link":"https:\/\/hairmagic.ee\/fi\/hiustenpidennykset\/halo\/","title":{"rendered":"Halo-hiustenpidennykset"},"content":{"rendered":"<div class=\"wpb-content-wrapper\"><p>[vc_row][vc_column][vc_column_text css=&#8221;&#8221;]<\/p>\n<p data-start=\"0\" data-end=\"98\"><strong>Helppo ja hell\u00e4varainen ratkaisu pituuden ja tuuheuden lis\u00e4\u00e4miseen<\/strong><\/p>\n<p data-start=\"100\" data-end=\"374\"><strong>Hairmagic Production halo-hiustenpidennykset<\/strong> valmistetaan 100 % Remy single donor -slaavilaisesta ja virolaisesta donor-hiuksesta. Ne on suunniteltu niille, jotka haluavat lis\u00e4t\u00e4 hiuksiinsa nopeasti pituutta ja volyymia ilman pysyv\u00e4\u00e4 kiinnityst\u00e4 tai kemiallista k\u00e4sittely\u00e4.<\/p>\n<p data-start=\"376\" data-end=\"592\">Halo-pidennys kiinnittyy ohuen ja huomaamattoman l\u00e4pin\u00e4kyv\u00e4n siiman avulla, joka asettuu luonnollisesti hiusten alle ja pysyy k\u00e4yt\u00f6ss\u00e4 n\u00e4kym\u00e4tt\u00f6m\u00e4n\u00e4. Halutessasi voimme lis\u00e4t\u00e4 my\u00f6s mukavat clip-in-klipsit lis\u00e4tueksi.<\/p>\n<p><img fetchpriority=\"high\" decoding=\"async\" class=\"size-medium wp-image-13528\" src=\"https:\/\/hairmagic.ee\/wp-content\/uploads\/2026\/02\/InCollage_20260107_190813720-300x300.jpg\" alt=\"halo\" width=\"300\" height=\"300\" srcset=\"https:\/\/hairmagic.ee\/wp-content\/uploads\/2026\/02\/InCollage_20260107_190813720-300x300.jpg 300w, https:\/\/hairmagic.ee\/wp-content\/uploads\/2026\/02\/InCollage_20260107_190813720-1024x1024.jpg 1024w, https:\/\/hairmagic.ee\/wp-content\/uploads\/2026\/02\/InCollage_20260107_190813720-150x150.jpg 150w, https:\/\/hairmagic.ee\/wp-content\/uploads\/2026\/02\/InCollage_20260107_190813720-768x768.jpg 768w, https:\/\/hairmagic.ee\/wp-content\/uploads\/2026\/02\/InCollage_20260107_190813720-1536x1536.jpg 1536w, https:\/\/hairmagic.ee\/wp-content\/uploads\/2026\/02\/InCollage_20260107_190813720-2048x2048.jpg 2048w\" sizes=\"(max-width: 300px) 100vw, 300px\" \/><\/p>\n<p data-start=\"594\" data-end=\"638\"><strong data-start=\"594\" data-end=\"638\">Nopea asennus ja luonnollinen lopputulos<\/strong><\/p>\n<p data-start=\"640\" data-end=\"878\">\u2022 Asennus ja poistaminen vie vain muutaman minuutin<br data-start=\"691\" data-end=\"694\" \/>\u2022 Ei vaadi liimaa, teippi\u00e4 tai l\u00e4mp\u00f6k\u00e4sittely\u00e4<br data-start=\"740\" data-end=\"743\" \/>\u2022 Ei rasita omia hiuksia tai hiuspohjaa<br data-start=\"782\" data-end=\"785\" \/>\u2022 Kevyt ja mukava p\u00e4ivitt\u00e4iseen k\u00e4ytt\u00f6\u00f6n<br data-start=\"825\" data-end=\"828\" \/>\u2022 Sopii sek\u00e4 pituuden ett\u00e4 tuuheuden lis\u00e4\u00e4miseen<\/p>\n<p data-start=\"880\" data-end=\"1001\">Halo-j\u00e4rjestelm\u00e4 mahdollistaa kampauksen nopean muuttamisen s\u00e4ilytt\u00e4en samalla luonnollisen ulkon\u00e4\u00f6n ja k\u00e4ytt\u00f6mukavuuden.<\/p>\n<p><img decoding=\"async\" class=\"size-medium wp-image-13532\" src=\"https:\/\/hairmagic.ee\/wp-content\/uploads\/2026\/02\/InCollage_20251224_120304902-300x300.jpg\" alt=\"halo\" width=\"300\" height=\"300\" srcset=\"https:\/\/hairmagic.ee\/wp-content\/uploads\/2026\/02\/InCollage_20251224_120304902-300x300.jpg 300w, https:\/\/hairmagic.ee\/wp-content\/uploads\/2026\/02\/InCollage_20251224_120304902-1024x1024.jpg 1024w, https:\/\/hairmagic.ee\/wp-content\/uploads\/2026\/02\/InCollage_20251224_120304902-150x150.jpg 150w, https:\/\/hairmagic.ee\/wp-content\/uploads\/2026\/02\/InCollage_20251224_120304902-768x768.jpg 768w, https:\/\/hairmagic.ee\/wp-content\/uploads\/2026\/02\/InCollage_20251224_120304902-1536x1536.jpg 1536w, https:\/\/hairmagic.ee\/wp-content\/uploads\/2026\/02\/InCollage_20251224_120304902-2048x2048.jpg 2048w\" sizes=\"(max-width: 300px) 100vw, 300px\" \/><\/p>\n<p data-start=\"1003\" data-end=\"1026\"><strong data-start=\"1003\" data-end=\"1026\">Valmistettu Virossa<\/strong><\/p>\n<p data-start=\"1028\" data-end=\"1181\">Kaikki halo-pidennyksemme valmistetaan Virossa kontrolloidussa tuotantoprosessissa, jossa kiinnit\u00e4mme huomiota hiuksen laatuun, tiheyteen ja tasapainoon.<\/p>\n<p data-start=\"1183\" data-end=\"1338\">K\u00e4yt\u00e4mme vain huolellisesti valittua slaavilaista ja virolaista Remy-hiusta varmistaaksemme pehme\u00e4n, silkkisen ja luonnollisesti laskeutuvan lopputuloksen.<\/p>\n<p><img decoding=\"async\" class=\"size-medium wp-image-13540\" src=\"https:\/\/hairmagic.ee\/wp-content\/uploads\/2026\/02\/InCollage_20260222_103331172-300x300.jpg\" alt=\"halo\" width=\"300\" height=\"300\" srcset=\"https:\/\/hairmagic.ee\/wp-content\/uploads\/2026\/02\/InCollage_20260222_103331172-300x300.jpg 300w, https:\/\/hairmagic.ee\/wp-content\/uploads\/2026\/02\/InCollage_20260222_103331172-1024x1024.jpg 1024w, https:\/\/hairmagic.ee\/wp-content\/uploads\/2026\/02\/InCollage_20260222_103331172-150x150.jpg 150w, https:\/\/hairmagic.ee\/wp-content\/uploads\/2026\/02\/InCollage_20260222_103331172-768x768.jpg 768w, https:\/\/hairmagic.ee\/wp-content\/uploads\/2026\/02\/InCollage_20260222_103331172-1536x1536.jpg 1536w, https:\/\/hairmagic.ee\/wp-content\/uploads\/2026\/02\/InCollage_20260222_103331172-2048x2048.jpg 2048w\" sizes=\"(max-width: 300px) 100vw, 300px\" \/><\/p>\n<p data-start=\"1340\" data-end=\"1366\"><strong data-start=\"1340\" data-end=\"1366\">Yksil\u00f6lliset ratkaisut<\/strong><\/p>\n<p data-start=\"1368\" data-end=\"1414\">Valmistamme halo-pidennyksi\u00e4 tilauksen mukaan:<\/p>\n<p data-start=\"1416\" data-end=\"1507\">\u2022 pituuden ja leveyden<br data-start=\"1438\" data-end=\"1441\" \/>\u2022 s\u00e4vyn<br data-start=\"1448\" data-end=\"1451\" \/>\u2022 painon<br data-start=\"1459\" data-end=\"1462\" \/>\u2022 halutun tiheyden<br data-start=\"1480\" data-end=\"1483\" \/>\u2022 klipseill\u00e4 tai ilman<\/p>\n<p data-start=\"1509\" data-end=\"1638\">Saatavilla on sek\u00e4 standardiratkaisuja ett\u00e4 t\u00e4ysin r\u00e4\u00e4t\u00e4l\u00f6ityj\u00e4 halo-j\u00e4rjestelmi\u00e4, jotka sulautuvat t\u00e4ydellisesti omiin hiuksiin.<\/p>\n<p><img loading=\"lazy\" decoding=\"async\" class=\"size-medium wp-image-13536\" src=\"https:\/\/hairmagic.ee\/wp-content\/uploads\/2026\/02\/InCollage_20251224_120316420-300x300.jpg\" alt=\"halo\" width=\"300\" height=\"300\" srcset=\"https:\/\/hairmagic.ee\/wp-content\/uploads\/2026\/02\/InCollage_20251224_120316420-300x300.jpg 300w, https:\/\/hairmagic.ee\/wp-content\/uploads\/2026\/02\/InCollage_20251224_120316420-1024x1024.jpg 1024w, https:\/\/hairmagic.ee\/wp-content\/uploads\/2026\/02\/InCollage_20251224_120316420-150x150.jpg 150w, https:\/\/hairmagic.ee\/wp-content\/uploads\/2026\/02\/InCollage_20251224_120316420-768x768.jpg 768w, https:\/\/hairmagic.ee\/wp-content\/uploads\/2026\/02\/InCollage_20251224_120316420-1536x1536.jpg 1536w, https:\/\/hairmagic.ee\/wp-content\/uploads\/2026\/02\/InCollage_20251224_120316420-2048x2048.jpg 2048w\" sizes=\"(max-width: 300px) 100vw, 300px\" \/><\/p>\n<p data-start=\"1640\" data-end=\"1663\"><strong data-start=\"1640\" data-end=\"1663\">Yksityisasiakkaalle<\/strong><\/p>\n<p data-start=\"1665\" data-end=\"1895\" data-is-last-node=\"\" data-is-only-node=\"\">Halo-hiustenpidennykset ovat ihanteellinen valinta sinulle, joka haluat v\u00e4liaikaisen ja hell\u00e4varaisen ratkaisun ilman salonkisitoutumista. Ne mahdollistavat pidemm\u00e4t ja tuuheammat hiukset milloin tahansa \u2013 ilman pysyv\u00e4\u00e4 asennusta.<\/p>\n<p><img loading=\"lazy\" decoding=\"async\" class=\"size-medium wp-image-13544\" src=\"https:\/\/hairmagic.ee\/wp-content\/uploads\/2026\/02\/Messenger_creation_B38E2C05-BACB-4F50-AC1F-CCD372A388C9-225x300.jpeg\" alt=\"halo\" width=\"225\" height=\"300\" srcset=\"https:\/\/hairmagic.ee\/wp-content\/uploads\/2026\/02\/Messenger_creation_B38E2C05-BACB-4F50-AC1F-CCD372A388C9-225x300.jpeg 225w, https:\/\/hairmagic.ee\/wp-content\/uploads\/2026\/02\/Messenger_creation_B38E2C05-BACB-4F50-AC1F-CCD372A388C9-768x1024.jpeg 768w, https:\/\/hairmagic.ee\/wp-content\/uploads\/2026\/02\/Messenger_creation_B38E2C05-BACB-4F50-AC1F-CCD372A388C9-1152x1536.jpeg 1152w, https:\/\/hairmagic.ee\/wp-content\/uploads\/2026\/02\/Messenger_creation_B38E2C05-BACB-4F50-AC1F-CCD372A388C9.jpeg 1536w\" sizes=\"(max-width: 225px) 100vw, 225px\" \/><\/p>\n<p><img loading=\"lazy\" decoding=\"async\" class=\"size-medium wp-image-13141\" src=\"https:\/\/hairmagic.ee\/wp-content\/uploads\/2025\/10\/InCollage_20250713_142119597-300x300.jpg\" alt=\"Halo\" width=\"300\" height=\"300\" srcset=\"https:\/\/hairmagic.ee\/wp-content\/uploads\/2025\/10\/InCollage_20250713_142119597-300x300.jpg 300w, https:\/\/hairmagic.ee\/wp-content\/uploads\/2025\/10\/InCollage_20250713_142119597-1024x1024.jpg 1024w, https:\/\/hairmagic.ee\/wp-content\/uploads\/2025\/10\/InCollage_20250713_142119597-150x150.jpg 150w, https:\/\/hairmagic.ee\/wp-content\/uploads\/2025\/10\/InCollage_20250713_142119597-768x768.jpg 768w, https:\/\/hairmagic.ee\/wp-content\/uploads\/2025\/10\/InCollage_20250713_142119597-1536x1536.jpg 1536w, https:\/\/hairmagic.ee\/wp-content\/uploads\/2025\/10\/InCollage_20250713_142119597-2048x2048.jpg 2048w\" sizes=\"(max-width: 300px) 100vw, 300px\" \/>[\/vc_column_text][\/vc_column][\/vc_row]<\/p>\n<\/div>","protected":false},"excerpt":{"rendered":"<p>[vc_row][vc_column][vc_column_text css=&#8221;&#8221;] Helppo ja hell\u00e4varainen ratkaisu pituuden ja tuuheuden lis\u00e4\u00e4miseen Hairmagic Production halo-hiustenpidennykset valmistetaan 100 % Remy single donor -slaavilaisesta ja virolaisesta donor-hiuksesta. Ne on suunniteltu niille, jotka haluavat lis\u00e4t\u00e4 hiuksiinsa nopeasti pituutta ja volyymia ilman pysyv\u00e4\u00e4 kiinnityst\u00e4 tai kemiallista k\u00e4sittely\u00e4. Halo-pidennys kiinnittyy ohuen ja huomaamattoman l\u00e4pin\u00e4kyv\u00e4n siiman avulla, joka asettuu luonnollisesti hiusten alle ja [&hellip;]<\/p>\n","protected":false},"author":1,"featured_media":0,"parent":13279,"menu_order":7,"comment_status":"closed","ping_status":"closed","template":"","meta":{"_acf_changed":false,"_monsterinsights_skip_tracking":false,"_monsterinsights_sitenote_active":false,"_monsterinsights_sitenote_note":"","_monsterinsights_sitenote_category":0,"footnotes":""},"class_list":["post-13267","page","type-page","status-publish","hentry"],"acf":[],"_links":{"self":[{"href":"https:\/\/hairmagic.ee\/fi\/wp-json\/wp\/v2\/pages\/13267","targetHints":{"allow":["GET"]}}],"collection":[{"href":"https:\/\/hairmagic.ee\/fi\/wp-json\/wp\/v2\/pages"}],"about":[{"href":"https:\/\/hairmagic.ee\/fi\/wp-json\/wp\/v2\/types\/page"}],"author":[{"embeddable":true,"href":"https:\/\/hairmagic.ee\/fi\/wp-json\/wp\/v2\/users\/1"}],"replies":[{"embeddable":true,"href":"https:\/\/hairmagic.ee\/fi\/wp-json\/wp\/v2\/comments?post=13267"}],"version-history":[{"count":6,"href":"https:\/\/hairmagic.ee\/fi\/wp-json\/wp\/v2\/pages\/13267\/revisions"}],"predecessor-version":[{"id":13770,"href":"https:\/\/hairmagic.ee\/fi\/wp-json\/wp\/v2\/pages\/13267\/revisions\/13770"}],"up":[{"embeddable":true,"href":"https:\/\/hairmagic.ee\/fi\/wp-json\/wp\/v2\/pages\/13279"}],"wp:attachment":[{"href":"https:\/\/hairmagic.ee\/fi\/wp-json\/wp\/v2\/media?parent=13267"}],"curies":[{"name":"wp","href":"https:\/\/api.w.org\/{rel}","templated":true}]}}