{"id":13269,"date":"2025-10-08T10:02:55","date_gmt":"2025-10-08T07:02:55","guid":{"rendered":"https:\/\/hairmagic.ee\/ponisabad\/"},"modified":"2026-02-24T20:38:46","modified_gmt":"2026-02-24T17:38:46","slug":"ponytail","status":"publish","type":"page","link":"https:\/\/hairmagic.ee\/fi\/hiustenpidennykset\/ponytail\/","title":{"rendered":"Poninh\u00e4nn\u00e4t"},"content":{"rendered":"<div class=\"wpb-content-wrapper\"><p>[vc_row][vc_column][vc_column_text css=&#8221;&#8221;]<\/p>\n<p data-start=\"0\" data-end=\"79\"><strong>Nopea ja n\u00e4ytt\u00e4v\u00e4 ratkaisu pituuden ja volyymin lis\u00e4\u00e4miseen<\/strong><\/p>\n<p data-start=\"81\" data-end=\"341\"><strong>Hairmagic Production poninh\u00e4nn\u00e4t<\/strong> valmistetaan 100 % Remy single donor -slaavilaisesta ja virolaisesta donor-hiuksesta. Ne on suunniteltu niille, jotka haluavat lis\u00e4t\u00e4 hiuksiinsa hetkess\u00e4 pituutta, tuuheutta tai n\u00e4ytt\u00e4v\u00e4n lopputuloksen ilman pysyv\u00e4\u00e4 asennusta.<\/p>\n<p data-start=\"343\" data-end=\"516\">Poninh\u00e4nt\u00e4 kiinnitet\u00e4\u00e4n oman poninh\u00e4nn\u00e4n ymp\u00e4rille ja se sulautuu luonnollisiin hiuksiin tasaisesti ja huomaamattomasti. Lopputulos on luonnollinen, kevyt ja hyvin liikkuva.<\/p>\n<p data-start=\"518\" data-end=\"684\">Kaikki poninh\u00e4nn\u00e4t valmistetaan Virossa kontrolloidussa tuotantoprosessissa, jossa kiinnitet\u00e4\u00e4n huomiota sek\u00e4 hiuksen laatuun ett\u00e4 kiinnitysj\u00e4rjestelm\u00e4n kest\u00e4vyyteen.<\/p>\n<p><img fetchpriority=\"high\" decoding=\"async\" class=\"size-medium wp-image-13137\" src=\"https:\/\/hairmagic.ee\/wp-content\/uploads\/2025\/10\/FB_IMG_1740592499614-300x300.jpg\" alt=\"Ponytail\" width=\"300\" height=\"300\" srcset=\"https:\/\/hairmagic.ee\/wp-content\/uploads\/2025\/10\/FB_IMG_1740592499614-300x300.jpg 300w, https:\/\/hairmagic.ee\/wp-content\/uploads\/2025\/10\/FB_IMG_1740592499614-1020x1024.jpg 1020w, https:\/\/hairmagic.ee\/wp-content\/uploads\/2025\/10\/FB_IMG_1740592499614-150x150.jpg 150w, https:\/\/hairmagic.ee\/wp-content\/uploads\/2025\/10\/FB_IMG_1740592499614-768x771.jpg 768w, https:\/\/hairmagic.ee\/wp-content\/uploads\/2025\/10\/FB_IMG_1740592499614.jpg 1440w\" sizes=\"(max-width: 300px) 100vw, 300px\" \/><\/p>\n<p data-start=\"686\" data-end=\"720\"><strong data-start=\"686\" data-end=\"720\">Luonnollinen ja mukava k\u00e4ytt\u00e4\u00e4<\/strong><\/p>\n<p data-start=\"722\" data-end=\"889\">\u2022 100 % slaavilainen Remy-laatu<br data-start=\"753\" data-end=\"756\" \/>\u2022 Pehme\u00e4, silkkinen ja luonnollinen tekstuuri<br data-start=\"801\" data-end=\"804\" \/>\u2022 Kevyt rakenne<br data-start=\"819\" data-end=\"822\" \/>\u2022 Ei vaadi pysyv\u00e4\u00e4 kiinnityst\u00e4<br data-start=\"852\" data-end=\"855\" \/>\u2022 Sopii sek\u00e4 arkeen ett\u00e4 juhlaan<\/p>\n<p data-start=\"891\" data-end=\"1001\">Poninh\u00e4nn\u00e4t tarjoavat nopean tyylimuutoksen ilman sitoutumista pitk\u00e4aikaiseen asennukseen tai salonkihuoltoon.<\/p>\n<p><img decoding=\"async\" class=\"size-medium wp-image-13495\" src=\"https:\/\/hairmagic.ee\/wp-content\/uploads\/2026\/02\/InCollage_20251217_205325802-300x300.jpg\" alt=\"Ponisaba\" width=\"300\" height=\"300\" srcset=\"https:\/\/hairmagic.ee\/wp-content\/uploads\/2026\/02\/InCollage_20251217_205325802-300x300.jpg 300w, https:\/\/hairmagic.ee\/wp-content\/uploads\/2026\/02\/InCollage_20251217_205325802-1024x1024.jpg 1024w, https:\/\/hairmagic.ee\/wp-content\/uploads\/2026\/02\/InCollage_20251217_205325802-150x150.jpg 150w, https:\/\/hairmagic.ee\/wp-content\/uploads\/2026\/02\/InCollage_20251217_205325802-768x768.jpg 768w, https:\/\/hairmagic.ee\/wp-content\/uploads\/2026\/02\/InCollage_20251217_205325802-1536x1536.jpg 1536w, https:\/\/hairmagic.ee\/wp-content\/uploads\/2026\/02\/InCollage_20251217_205325802-2048x2048.jpg 2048w\" sizes=\"(max-width: 300px) 100vw, 300px\" \/><\/p>\n<p data-start=\"1003\" data-end=\"1038\"><strong data-start=\"1003\" data-end=\"1038\">Erilaiset kiinnitysj\u00e4rjestelm\u00e4t<\/strong><\/p>\n<p data-start=\"1040\" data-end=\"1123\">Tarjoamme useita kiinnitysvaihtoehtoja halutun lopputuloksen ja k\u00e4ytt\u00f6tavan mukaan:<\/p>\n<p data-start=\"1125\" data-end=\"1278\">\u2022 Klipsill\u00e4 kiinnitett\u00e4v\u00e4 poninh\u00e4nt\u00e4<br data-start=\"1161\" data-end=\"1164\" \/>\u2022 Kuminauhakiinnitys<br data-start=\"1184\" data-end=\"1187\" \/>\u2022 Useilla klipseill\u00e4 varustettu j\u00e4rjestelm\u00e4<br data-start=\"1230\" data-end=\"1233\" \/>\u2022 Tarrakiinnitteinen wrap-around-poninh\u00e4nt\u00e4<\/p>\n<p data-start=\"1280\" data-end=\"1367\">Jokainen j\u00e4rjestelm\u00e4 on suunniteltu takaamaan vakaa kiinnitys ja helppo, nopea asennus.<\/p>\n<p><img decoding=\"async\" class=\"size-medium wp-image-13182\" src=\"https:\/\/hairmagic.ee\/wp-content\/uploads\/2025\/10\/InCollage_20250708_160024233-300x300.jpg\" alt=\"Ponid\" width=\"300\" height=\"300\" srcset=\"https:\/\/hairmagic.ee\/wp-content\/uploads\/2025\/10\/InCollage_20250708_160024233-300x300.jpg 300w, https:\/\/hairmagic.ee\/wp-content\/uploads\/2025\/10\/InCollage_20250708_160024233-1024x1024.jpg 1024w, https:\/\/hairmagic.ee\/wp-content\/uploads\/2025\/10\/InCollage_20250708_160024233-150x150.jpg 150w, https:\/\/hairmagic.ee\/wp-content\/uploads\/2025\/10\/InCollage_20250708_160024233-768x768.jpg 768w, https:\/\/hairmagic.ee\/wp-content\/uploads\/2025\/10\/InCollage_20250708_160024233-1536x1536.jpg 1536w, https:\/\/hairmagic.ee\/wp-content\/uploads\/2025\/10\/InCollage_20250708_160024233-2048x2048.jpg 2048w\" sizes=\"(max-width: 300px) 100vw, 300px\" \/><\/p>\n<p data-start=\"1369\" data-end=\"1395\"><strong data-start=\"1369\" data-end=\"1395\">Yksil\u00f6lliset ratkaisut<\/strong><\/p>\n<p data-start=\"1397\" data-end=\"1438\">Valmistamme poninh\u00e4nti\u00e4 tilauksen mukaan:<\/p>\n<p data-start=\"1440\" data-end=\"1494\">\u2022 pituuden<br data-start=\"1450\" data-end=\"1453\" \/>\u2022 s\u00e4vyn<br data-start=\"1460\" data-end=\"1463\" \/>\u2022 painon<br data-start=\"1471\" data-end=\"1474\" \/>\u2022 halutun tiheyden<\/p>\n<p data-start=\"1496\" data-end=\"1640\">Saatavilla on sek\u00e4 valmiita standardimalleja ett\u00e4 t\u00e4ysin yksil\u00f6llisesti r\u00e4\u00e4t\u00e4l\u00f6ityj\u00e4 poninh\u00e4nti\u00e4, jotka sulautuvat t\u00e4ydellisesti omiin hiuksiin.<\/p>\n<p><img loading=\"lazy\" decoding=\"async\" class=\"size-medium wp-image-13499\" src=\"https:\/\/hairmagic.ee\/wp-content\/uploads\/2026\/02\/InCollage_20251225_132822045-300x300.jpg\" alt=\"Ponisaba\" width=\"300\" height=\"300\" srcset=\"https:\/\/hairmagic.ee\/wp-content\/uploads\/2026\/02\/InCollage_20251225_132822045-300x300.jpg 300w, https:\/\/hairmagic.ee\/wp-content\/uploads\/2026\/02\/InCollage_20251225_132822045-1024x1024.jpg 1024w, https:\/\/hairmagic.ee\/wp-content\/uploads\/2026\/02\/InCollage_20251225_132822045-150x150.jpg 150w, https:\/\/hairmagic.ee\/wp-content\/uploads\/2026\/02\/InCollage_20251225_132822045-768x768.jpg 768w, https:\/\/hairmagic.ee\/wp-content\/uploads\/2026\/02\/InCollage_20251225_132822045-1536x1536.jpg 1536w, https:\/\/hairmagic.ee\/wp-content\/uploads\/2026\/02\/InCollage_20251225_132822045-2048x2048.jpg 2048w\" sizes=\"(max-width: 300px) 100vw, 300px\" \/><\/p>\n<p data-start=\"1642\" data-end=\"1677\"><strong data-start=\"1642\" data-end=\"1677\">J\u00e4lleenmyyjille ja kampaamoille<\/strong><\/p>\n<p data-start=\"1679\" data-end=\"1732\">Tarjoamme poninh\u00e4nti\u00e4 my\u00f6s tukku- ja j\u00e4lleenmyyntiin:<\/p>\n<p data-start=\"1734\" data-end=\"1841\">\u2022 vakaa eurooppalainen tuotanto<br data-start=\"1765\" data-end=\"1768\" \/>\u2022 piener\u00e4tuotanto<br data-start=\"1785\" data-end=\"1788\" \/>\u2022 r\u00e4\u00e4t\u00e4l\u00f6idyt s\u00e4vyt<br data-start=\"1807\" data-end=\"1810\" \/>\u2022 private label -mahdollisuus<\/p>\n<p data-start=\"1843\" data-end=\"1950\" data-is-last-node=\"\" data-is-only-node=\"\">Jos etsit laadukkaita eurooppalaisia poninh\u00e4nti\u00e4 kampaamollesi tai omalle br\u00e4ndillesi, ota meihin yhteytt\u00e4.<\/p>\n<p><img loading=\"lazy\" decoding=\"async\" class=\"size-medium wp-image-13503\" src=\"https:\/\/hairmagic.ee\/wp-content\/uploads\/2026\/02\/InCollage_20251225_132734983-300x300.jpg\" alt=\"Ponisaba\" width=\"300\" height=\"300\" srcset=\"https:\/\/hairmagic.ee\/wp-content\/uploads\/2026\/02\/InCollage_20251225_132734983-300x300.jpg 300w, https:\/\/hairmagic.ee\/wp-content\/uploads\/2026\/02\/InCollage_20251225_132734983-1024x1024.jpg 1024w, https:\/\/hairmagic.ee\/wp-content\/uploads\/2026\/02\/InCollage_20251225_132734983-150x150.jpg 150w, https:\/\/hairmagic.ee\/wp-content\/uploads\/2026\/02\/InCollage_20251225_132734983-768x768.jpg 768w, https:\/\/hairmagic.ee\/wp-content\/uploads\/2026\/02\/InCollage_20251225_132734983-1536x1536.jpg 1536w, https:\/\/hairmagic.ee\/wp-content\/uploads\/2026\/02\/InCollage_20251225_132734983-2048x2048.jpg 2048w\" sizes=\"(max-width: 300px) 100vw, 300px\" \/><\/p>\n<p><img loading=\"lazy\" decoding=\"async\" class=\"size-medium wp-image-13513\" src=\"https:\/\/hairmagic.ee\/wp-content\/uploads\/2026\/02\/InCollage_20260130_123922313-300x300.jpg\" alt=\"Ponisaba\" width=\"300\" height=\"300\" srcset=\"https:\/\/hairmagic.ee\/wp-content\/uploads\/2026\/02\/InCollage_20260130_123922313-300x300.jpg 300w, https:\/\/hairmagic.ee\/wp-content\/uploads\/2026\/02\/InCollage_20260130_123922313-1024x1024.jpg 1024w, https:\/\/hairmagic.ee\/wp-content\/uploads\/2026\/02\/InCollage_20260130_123922313-150x150.jpg 150w, https:\/\/hairmagic.ee\/wp-content\/uploads\/2026\/02\/InCollage_20260130_123922313-768x768.jpg 768w, https:\/\/hairmagic.ee\/wp-content\/uploads\/2026\/02\/InCollage_20260130_123922313-1536x1536.jpg 1536w, https:\/\/hairmagic.ee\/wp-content\/uploads\/2026\/02\/InCollage_20260130_123922313-2048x2048.jpg 2048w\" sizes=\"(max-width: 300px) 100vw, 300px\" \/><\/p>\n<p data-start=\"0\" data-end=\"23\"><strong data-start=\"0\" data-end=\"23\">Yksityisasiakkaalle<\/strong><\/p>\n<p data-start=\"25\" data-end=\"225\" data-is-last-node=\"\" data-is-only-node=\"\">Poninh\u00e4nt\u00e4 on t\u00e4ydellinen valinta sinulle, joka haluat nopean ja n\u00e4ytt\u00e4v\u00e4n muutoksen. Lopputuloksena on tuuheampi, pidempi ja ylellisempi kampaus, jonka voit kiinnitt\u00e4\u00e4 ja poistaa itse tarpeen mukaan.<\/p>\n<p><img loading=\"lazy\" decoding=\"async\" class=\"size-medium wp-image-13185\" src=\"https:\/\/hairmagic.ee\/wp-content\/uploads\/2025\/10\/InCollage_20250708_160723743-300x300.jpg\" alt=\"Ponisaba\" width=\"300\" height=\"300\" srcset=\"https:\/\/hairmagic.ee\/wp-content\/uploads\/2025\/10\/InCollage_20250708_160723743-300x300.jpg 300w, https:\/\/hairmagic.ee\/wp-content\/uploads\/2025\/10\/InCollage_20250708_160723743-1024x1024.jpg 1024w, https:\/\/hairmagic.ee\/wp-content\/uploads\/2025\/10\/InCollage_20250708_160723743-150x150.jpg 150w, https:\/\/hairmagic.ee\/wp-content\/uploads\/2025\/10\/InCollage_20250708_160723743-768x768.jpg 768w, https:\/\/hairmagic.ee\/wp-content\/uploads\/2025\/10\/InCollage_20250708_160723743-1536x1536.jpg 1536w, https:\/\/hairmagic.ee\/wp-content\/uploads\/2025\/10\/InCollage_20250708_160723743-2048x2048.jpg 2048w\" sizes=\"(max-width: 300px) 100vw, 300px\" \/>[\/vc_column_text][\/vc_column][\/vc_row]<\/p>\n<\/div>","protected":false},"excerpt":{"rendered":"<p>[vc_row][vc_column][vc_column_text css=&#8221;&#8221;] Nopea ja n\u00e4ytt\u00e4v\u00e4 ratkaisu pituuden ja volyymin lis\u00e4\u00e4miseen Hairmagic Production poninh\u00e4nn\u00e4t valmistetaan 100 % Remy single donor -slaavilaisesta ja virolaisesta donor-hiuksesta. Ne on suunniteltu niille, jotka haluavat lis\u00e4t\u00e4 hiuksiinsa hetkess\u00e4 pituutta, tuuheutta tai n\u00e4ytt\u00e4v\u00e4n lopputuloksen ilman pysyv\u00e4\u00e4 asennusta. Poninh\u00e4nt\u00e4 kiinnitet\u00e4\u00e4n oman poninh\u00e4nn\u00e4n ymp\u00e4rille ja se sulautuu luonnollisiin hiuksiin tasaisesti ja huomaamattomasti. Lopputulos on [&hellip;]<\/p>\n","protected":false},"author":1,"featured_media":0,"parent":13279,"menu_order":6,"comment_status":"closed","ping_status":"closed","template":"","meta":{"_acf_changed":false,"_monsterinsights_skip_tracking":false,"_monsterinsights_sitenote_active":false,"_monsterinsights_sitenote_note":"","_monsterinsights_sitenote_category":0,"footnotes":""},"class_list":["post-13269","page","type-page","status-publish","hentry"],"acf":[],"_links":{"self":[{"href":"https:\/\/hairmagic.ee\/fi\/wp-json\/wp\/v2\/pages\/13269","targetHints":{"allow":["GET"]}}],"collection":[{"href":"https:\/\/hairmagic.ee\/fi\/wp-json\/wp\/v2\/pages"}],"about":[{"href":"https:\/\/hairmagic.ee\/fi\/wp-json\/wp\/v2\/types\/page"}],"author":[{"embeddable":true,"href":"https:\/\/hairmagic.ee\/fi\/wp-json\/wp\/v2\/users\/1"}],"replies":[{"embeddable":true,"href":"https:\/\/hairmagic.ee\/fi\/wp-json\/wp\/v2\/comments?post=13269"}],"version-history":[{"count":8,"href":"https:\/\/hairmagic.ee\/fi\/wp-json\/wp\/v2\/pages\/13269\/revisions"}],"predecessor-version":[{"id":13769,"href":"https:\/\/hairmagic.ee\/fi\/wp-json\/wp\/v2\/pages\/13269\/revisions\/13769"}],"up":[{"embeddable":true,"href":"https:\/\/hairmagic.ee\/fi\/wp-json\/wp\/v2\/pages\/13279"}],"wp:attachment":[{"href":"https:\/\/hairmagic.ee\/fi\/wp-json\/wp\/v2\/media?parent=13269"}],"curies":[{"name":"wp","href":"https:\/\/api.w.org\/{rel}","templated":true}]}}