{"id":13271,"date":"2025-10-08T10:02:31","date_gmt":"2025-10-08T07:02:31","guid":{"rendered":"https:\/\/hairmagic.ee\/clip-in\/"},"modified":"2026-02-24T20:37:01","modified_gmt":"2026-02-24T17:37:01","slug":"clip-in","status":"publish","type":"page","link":"https:\/\/hairmagic.ee\/fi\/hiustenpidennykset\/clip-in\/","title":{"rendered":"Clip-in-hiustenpidennykset"},"content":{"rendered":"<div class=\"wpb-content-wrapper\"><p>[vc_row][vc_column][vc_column_text css=&#8221;&#8221;]<\/p>\n<p data-start=\"0\" data-end=\"87\"><strong>V\u00e4liaikainen ratkaisu luonnollisella lopputuloksella<\/strong><\/p>\n<p data-start=\"89\" data-end=\"376\"><strong>Hairmagic Production clip-in-hiustenpidennykset<\/strong> valmistetaan 100 % Remy single donor -slaavilaisesta ja virolaisesta donor-hiuksesta. Ne on suunniteltu niille, jotka haluavat lis\u00e4t\u00e4 hiuksiinsa pituutta ja volyymia ilman pysyv\u00e4\u00e4 asennusta tai sitoutumista s\u00e4\u00e4nn\u00f6llisiin huoltok\u00e4ynteihin.<\/p>\n<p data-start=\"378\" data-end=\"621\">Clip-in-pidennykset kiinnittyv\u00e4t huomaamattomilla ja tukevilla klipseill\u00e4, ja ne on helppo asentaa ja poistaa itse. T\u00e4m\u00e4 tekee niist\u00e4 ihanteellisen vaihtoehdon niin arkeen kuin juhlaan \u2013 silloin kun haluat nopean, mutta luonnollisen muutoksen.<\/p>\n<p data-start=\"623\" data-end=\"658\"><strong data-start=\"623\" data-end=\"658\">Luonnollinen ja mukava ratkaisu<\/strong><\/p>\n<p data-start=\"660\" data-end=\"848\">\u2022 100 % Remy-laatuinen hius<br data-start=\"687\" data-end=\"690\" \/>\u2022 Pehme\u00e4, kevyt ja luonnollisesti liikkuva tekstuuri<br data-start=\"742\" data-end=\"745\" \/>\u2022 Sopii erityisen hyvin hienorakenteiselle ja vaalealle hiustyypille<br data-start=\"813\" data-end=\"816\" \/>\u2022 Ei vaadi pysyv\u00e4\u00e4 kiinnityst\u00e4<\/p>\n<p data-start=\"850\" data-end=\"1006\">Jokainen setti valmistetaan Virossa kontrolloidussa tuotantoprosessissa, mik\u00e4 takaa tasaisen laadun, huolellisen viimeistelyn ja yksityiskohtien tarkkuuden.<\/p>\n<p data-start=\"1008\" data-end=\"1030\"><strong data-start=\"1008\" data-end=\"1030\">Yksil\u00f6lliset setit<\/strong><\/p>\n<p data-start=\"1032\" data-end=\"1110\">Valmistamme clip-in-settej\u00e4 tilauksen mukaan seuraavien toiveiden perusteella:<\/p>\n<p data-start=\"1112\" data-end=\"1197\">\u2022 pituus<br data-start=\"1120\" data-end=\"1123\" \/>\u2022 osioiden leveys ja m\u00e4\u00e4r\u00e4<br data-start=\"1149\" data-end=\"1152\" \/>\u2022 s\u00e4vy<br data-start=\"1158\" data-end=\"1161\" \/>\u2022 kokonaispaino<br data-start=\"1176\" data-end=\"1179\" \/>\u2022 haluttu tiheys<\/p>\n<p data-start=\"1199\" data-end=\"1394\">Saatavilla on sek\u00e4 valmiita standardisettej\u00e4 ett\u00e4 t\u00e4ysin yksil\u00f6llisesti r\u00e4\u00e4t\u00e4l\u00f6ityj\u00e4 ratkaisuja. R\u00e4\u00e4t\u00e4l\u00f6ity setti sulautuu saumattomasti omiin hiuksiin ja mahdollistaa luonnollisen lopputuloksen.<\/p>\n<p data-start=\"1396\" data-end=\"1431\"><strong data-start=\"1396\" data-end=\"1431\">J\u00e4lleenmyyjille ja kampaamoille<\/strong><\/p>\n<p data-start=\"1433\" data-end=\"1494\">Tarjoamme clip-in-pidennyksi\u00e4 my\u00f6s tukku- ja j\u00e4lleenmyyntiin:<\/p>\n<p data-start=\"1496\" data-end=\"1603\">\u2022 vakaa eurooppalainen tuotanto<br data-start=\"1527\" data-end=\"1530\" \/>\u2022 piener\u00e4tuotanto<br data-start=\"1547\" data-end=\"1550\" \/>\u2022 r\u00e4\u00e4t\u00e4l\u00f6idyt s\u00e4vyt<br data-start=\"1569\" data-end=\"1572\" \/>\u2022 private label -mahdollisuus<\/p>\n<p data-start=\"1605\" data-end=\"1837\">EU-pohjainen valmistus takaa laadun tasaisuuden, l\u00e4pin\u00e4kyv\u00e4n tuotantoprosessin ja luotettavan toimitusvarmuuden. Jos etsit korkealaatuisia eurooppalaisia clip-in-pidennyksi\u00e4 kampaamollesi tai omalle br\u00e4ndillesi, ota meihin yhteytt\u00e4.<\/p>\n<p data-start=\"1839\" data-end=\"1862\"><strong data-start=\"1839\" data-end=\"1862\">Yksityisasiakkaalle<\/strong><\/p>\n<p data-start=\"1864\" data-end=\"2098\">Clip-in-pidennykset ovat t\u00e4ydellinen valinta sinulle, joka haluat nopean ja n\u00e4ytt\u00e4v\u00e4n muutoksen ilman pysyv\u00e4\u00e4 asennusta. Lopputuloksena on luonnollisesti sulautuva, kevyt ja mukava kampaus, jota voit k\u00e4ytt\u00e4\u00e4 omien toiveidesi mukaan.<\/p>\n<p data-start=\"2100\" data-end=\"2307\" data-is-last-node=\"\" data-is-only-node=\"\">Koska clip-in-pidennykset eiv\u00e4t vaadi pysyv\u00e4\u00e4 kiinnityst\u00e4 tai s\u00e4\u00e4nn\u00f6llist\u00e4 salonkihuoltoa, ne tarjoavat joustavan ja k\u00e4yt\u00e4nn\u00f6llisen vaihtoehdon silloin, kun haluat muuttaa tyyli\u00e4si helposti ja turvallisesti.<\/p>\n<p><img fetchpriority=\"high\" decoding=\"async\" class=\"size-medium wp-image-13133\" src=\"https:\/\/hairmagic.ee\/wp-content\/uploads\/2025\/10\/IMG_20250611_163913_228-300x300.webp\" alt=\"Clip-in\" width=\"300\" height=\"300\" srcset=\"https:\/\/hairmagic.ee\/wp-content\/uploads\/2025\/10\/IMG_20250611_163913_228-300x300.webp 300w, https:\/\/hairmagic.ee\/wp-content\/uploads\/2025\/10\/IMG_20250611_163913_228-1024x1024.webp 1024w, https:\/\/hairmagic.ee\/wp-content\/uploads\/2025\/10\/IMG_20250611_163913_228-150x150.webp 150w, https:\/\/hairmagic.ee\/wp-content\/uploads\/2025\/10\/IMG_20250611_163913_228-768x768.webp 768w, https:\/\/hairmagic.ee\/wp-content\/uploads\/2025\/10\/IMG_20250611_163913_228.webp 1440w\" sizes=\"(max-width: 300px) 100vw, 300px\" \/><\/p>\n<p><img decoding=\"async\" class=\"size-medium wp-image-13193\" src=\"https:\/\/hairmagic.ee\/wp-content\/uploads\/2025\/10\/IMG_20250611_163913_275-300x300.webp\" alt=\"Clip-inid\" width=\"300\" height=\"300\" srcset=\"https:\/\/hairmagic.ee\/wp-content\/uploads\/2025\/10\/IMG_20250611_163913_275-300x300.webp 300w, https:\/\/hairmagic.ee\/wp-content\/uploads\/2025\/10\/IMG_20250611_163913_275-1024x1024.webp 1024w, https:\/\/hairmagic.ee\/wp-content\/uploads\/2025\/10\/IMG_20250611_163913_275-150x150.webp 150w, https:\/\/hairmagic.ee\/wp-content\/uploads\/2025\/10\/IMG_20250611_163913_275-768x768.webp 768w, https:\/\/hairmagic.ee\/wp-content\/uploads\/2025\/10\/IMG_20250611_163913_275.webp 1440w\" sizes=\"(max-width: 300px) 100vw, 300px\" \/>[\/vc_column_text][\/vc_column][\/vc_row]<\/p>\n<\/div>","protected":false},"excerpt":{"rendered":"<p>[vc_row][vc_column][vc_column_text css=&#8221;&#8221;] V\u00e4liaikainen ratkaisu luonnollisella lopputuloksella Hairmagic Production clip-in-hiustenpidennykset valmistetaan 100 % Remy single donor -slaavilaisesta ja virolaisesta donor-hiuksesta. Ne on suunniteltu niille, jotka haluavat lis\u00e4t\u00e4 hiuksiinsa pituutta ja volyymia ilman pysyv\u00e4\u00e4 asennusta tai sitoutumista s\u00e4\u00e4nn\u00f6llisiin huoltok\u00e4ynteihin. Clip-in-pidennykset kiinnittyv\u00e4t huomaamattomilla ja tukevilla klipseill\u00e4, ja ne on helppo asentaa ja poistaa itse. T\u00e4m\u00e4 tekee niist\u00e4 ihanteellisen [&hellip;]<\/p>\n","protected":false},"author":1,"featured_media":0,"parent":13279,"menu_order":5,"comment_status":"closed","ping_status":"closed","template":"","meta":{"_acf_changed":false,"_monsterinsights_skip_tracking":false,"_monsterinsights_sitenote_active":false,"_monsterinsights_sitenote_note":"","_monsterinsights_sitenote_category":0,"footnotes":""},"class_list":["post-13271","page","type-page","status-publish","hentry"],"acf":[],"_links":{"self":[{"href":"https:\/\/hairmagic.ee\/fi\/wp-json\/wp\/v2\/pages\/13271","targetHints":{"allow":["GET"]}}],"collection":[{"href":"https:\/\/hairmagic.ee\/fi\/wp-json\/wp\/v2\/pages"}],"about":[{"href":"https:\/\/hairmagic.ee\/fi\/wp-json\/wp\/v2\/types\/page"}],"author":[{"embeddable":true,"href":"https:\/\/hairmagic.ee\/fi\/wp-json\/wp\/v2\/users\/1"}],"replies":[{"embeddable":true,"href":"https:\/\/hairmagic.ee\/fi\/wp-json\/wp\/v2\/comments?post=13271"}],"version-history":[{"count":5,"href":"https:\/\/hairmagic.ee\/fi\/wp-json\/wp\/v2\/pages\/13271\/revisions"}],"predecessor-version":[{"id":13768,"href":"https:\/\/hairmagic.ee\/fi\/wp-json\/wp\/v2\/pages\/13271\/revisions\/13768"}],"up":[{"embeddable":true,"href":"https:\/\/hairmagic.ee\/fi\/wp-json\/wp\/v2\/pages\/13279"}],"wp:attachment":[{"href":"https:\/\/hairmagic.ee\/fi\/wp-json\/wp\/v2\/media?parent=13271"}],"curies":[{"name":"wp","href":"https:\/\/api.w.org\/{rel}","templated":true}]}}