{"id":13275,"date":"2025-09-30T11:40:00","date_gmt":"2025-09-30T08:40:00","guid":{"rendered":"https:\/\/hairmagic.ee\/teip\/"},"modified":"2026-02-24T20:29:09","modified_gmt":"2026-02-24T17:29:09","slug":"teip","status":"publish","type":"page","link":"https:\/\/hairmagic.ee\/fi\/hiustenpidennykset\/teip\/","title":{"rendered":"Teippipidennykset"},"content":{"rendered":"<div class=\"wpb-content-wrapper\"><p>[vc_row][vc_column][vc_column_text css=&#8221;&#8221;]<\/p>\n<div class=\"woocommerce-tabs wc-tabs-wrapper\">\n<div id=\"tab-description\" class=\"woocommerce-Tabs-panel woocommerce-Tabs-panel--description panel entry-content wc-tab\">\n<div class=\"site-content\">\n<p data-start=\"62\" data-end=\"137\"><strong>Ammattilaisratkaisu kampaamoille ja j\u00e4lleenmyyjille<\/strong><\/p>\n<p data-start=\"139\" data-end=\"399\"><strong>Hairmagic Production teippipidennykset<\/strong> valmistetaan 100 % Remy single donor-slaavilaisesta ja virolaisesta donor-hiuksesta. S\u00e4ilyt\u00e4mme hiuksen luonnollisen suomusuunnan varmistaaksemme sile\u00e4n pinnan, luonnollisen laskeutuvuuden ja pitk\u00e4kestoisen kest\u00e4vyyden.<\/p>\n<p data-start=\"401\" data-end=\"558\">Kaikki teippis\u00e4ikeet valmistetaan Virossa kontrolloidussa tuotantoprosessissa, jossa kiinnit\u00e4mme huomiota sek\u00e4 hiuksen laatuun ett\u00e4 kiinnityksen tarkkuuteen.<\/p>\n<p><img fetchpriority=\"high\" decoding=\"async\" class=\"size-medium wp-image-13462\" src=\"https:\/\/hairmagic.ee\/wp-content\/uploads\/2026\/02\/20251112_134211-290x300.jpg\" alt=\"Teibid 1\" width=\"290\" height=\"300\" srcset=\"https:\/\/hairmagic.ee\/wp-content\/uploads\/2026\/02\/20251112_134211-290x300.jpg 290w, https:\/\/hairmagic.ee\/wp-content\/uploads\/2026\/02\/20251112_134211-991x1024.jpg 991w, https:\/\/hairmagic.ee\/wp-content\/uploads\/2026\/02\/20251112_134211-768x794.jpg 768w, https:\/\/hairmagic.ee\/wp-content\/uploads\/2026\/02\/20251112_134211-1487x1536.jpg 1487w, https:\/\/hairmagic.ee\/wp-content\/uploads\/2026\/02\/20251112_134211-1982x2048.jpg 1982w, https:\/\/hairmagic.ee\/wp-content\/uploads\/2026\/02\/20251112_134211.jpg 1984w\" sizes=\"(max-width: 290px) 100vw, 290px\" \/><\/p>\n<p data-start=\"560\" data-end=\"591\"><strong data-start=\"560\" data-end=\"591\">Valmistettu ammattik\u00e4ytt\u00f6\u00f6n<\/strong><\/p>\n<p data-start=\"593\" data-end=\"891\">\u2022 100 % Remy-laatuista slaavilaista hiusta<br data-start=\"635\" data-end=\"638\" \/>\u2022 Pehme\u00e4, kevyt ja luonnollinen tekstuuri<br data-start=\"679\" data-end=\"682\" \/>\u2022 Soveltuu uudelleenasennukseen<br data-start=\"713\" data-end=\"716\" \/>\u2022 Vahva kiinnitys \u2013 laadukas teippi, joka ei veny eik\u00e4 j\u00e4t\u00e4 hiuksiin tahmeaa j\u00e4\u00e4m\u00e4\u00e4<br data-start=\"799\" data-end=\"802\" \/>\u2022 S\u00e4ikeet valmistetaan tilauksen mukaan pituuden, painon, leveyden ja s\u00e4vyn perusteella<\/p>\n<p data-start=\"893\" data-end=\"1058\">Teippis\u00e4ikeemme on suunniteltu salonkiymp\u00e4rist\u00f6\u00f6n, jossa t\u00e4rke\u00e4\u00e4 ovat nopea asennus, tasainen lopputulos ja asiakkaiden tyytyv\u00e4isyys my\u00f6s pidemm\u00e4n k\u00e4ytt\u00f6ajan aikana.<\/p>\n<\/div>\n<p data-start=\"1060\" data-end=\"1091\"><strong data-start=\"1060\" data-end=\"1091\">L\u00e4\u00e4kinn\u00e4llisen tason teippi<\/strong><\/p>\n<p data-start=\"1093\" data-end=\"1167\">K\u00e4yt\u00e4mme korkealaatuista l\u00e4\u00e4kinn\u00e4llisen tason kaksipuolista teippi\u00e4, joka:<\/p>\n<p data-start=\"1169\" data-end=\"1321\">\u2022 takaa vahvan ja vakaan kiinnityksen<br data-start=\"1206\" data-end=\"1209\" \/>\u2022 ei veny eik\u00e4 j\u00e4t\u00e4 poistettaessa ylim\u00e4\u00e4r\u00e4ist\u00e4 liimaj\u00e4\u00e4m\u00e4\u00e4<br data-start=\"1267\" data-end=\"1270\" \/>\u2022 mahdollistaa turvallisen ja siistin poistamisen<\/p>\n<p data-start=\"1323\" data-end=\"1431\">Kiinnityksen vahvuus ja joustavuus ovat tasapainossa, jotta varmistetaan sek\u00e4 kest\u00e4vyys ett\u00e4 k\u00e4ytt\u00f6mukavuus.<\/p>\n<p><img decoding=\"async\" class=\"size-medium wp-image-13466\" src=\"https:\/\/hairmagic.ee\/wp-content\/uploads\/2026\/02\/20251030_112025-280x300.jpg\" alt=\"Teibid 2\" width=\"280\" height=\"300\" srcset=\"https:\/\/hairmagic.ee\/wp-content\/uploads\/2026\/02\/20251030_112025-280x300.jpg 280w, https:\/\/hairmagic.ee\/wp-content\/uploads\/2026\/02\/20251030_112025-955x1024.jpg 955w, https:\/\/hairmagic.ee\/wp-content\/uploads\/2026\/02\/20251030_112025-768x824.jpg 768w, https:\/\/hairmagic.ee\/wp-content\/uploads\/2026\/02\/20251030_112025-1432x1536.jpg 1432w, https:\/\/hairmagic.ee\/wp-content\/uploads\/2026\/02\/20251030_112025-1910x2048.jpg 1910w\" sizes=\"(max-width: 280px) 100vw, 280px\" \/><\/p>\n<p data-start=\"1433\" data-end=\"1465\"><strong data-start=\"1433\" data-end=\"1465\">Saatavilla eri vaihtoehtoina<\/strong><\/p>\n<p data-start=\"1467\" data-end=\"1524\">Tarjoamme useita teippipidennysratkaisuja tarpeen mukaan:<\/p>\n<p data-start=\"1526\" data-end=\"1603\">\u2022 Klassiset teippis\u00e4ikeet<br data-start=\"1551\" data-end=\"1554\" \/>\u2022 Bioteipit<br data-start=\"1565\" data-end=\"1568\" \/>\u2022 Monoteipit<br data-start=\"1580\" data-end=\"1583\" \/>\u2022 Invisible-teipit<\/p>\n<p data-start=\"1605\" data-end=\"1688\">Jokainen tyyppi on suunniteltu eri asennustekniikoihin ja haluttuun lopputulokseen.<\/p>\n<\/div>\n<p data-start=\"1690\" data-end=\"1719\"><strong data-start=\"1690\" data-end=\"1719\">Yhteisty\u00f6 j\u00e4lleenmyyjille<\/strong><\/p>\n<p data-start=\"1721\" data-end=\"1794\">Tarjoamme teippipidennyksi\u00e4 kampaamoille, asentajille ja j\u00e4lleenmyyjille:<\/p>\n<p data-start=\"1796\" data-end=\"1903\">\u2022 tukkumyyntihinnat<br data-start=\"1815\" data-end=\"1818\" \/>\u2022 piener\u00e4tuotanto<br data-start=\"1835\" data-end=\"1838\" \/>\u2022 r\u00e4\u00e4t\u00e4l\u00f6idyt s\u00e4vyt ja pituudet<br data-start=\"1869\" data-end=\"1872\" \/>\u2022 private label &#8211; mahdollisuus<\/p>\n<p data-start=\"1905\" data-end=\"2045\">Jos etsit luotettavaa eurooppalaista valmistajaa, jonka teippis\u00e4ikeet ovat tasalaatuisia ja ammattik\u00e4yt\u00f6ss\u00e4 testattuja, ota meihin yhteytt\u00e4.<\/p>\n<p data-start=\"2047\" data-end=\"2070\"><strong data-start=\"2047\" data-end=\"2070\">Yksityisasiakkaalle<\/strong><\/p>\n<p data-start=\"2072\" data-end=\"2292\">Teippipidennykset sopivat niille, jotka haluavat luonnollisen, kevyen ja nopeasti asennettavan ratkaisun. Suosittelemme asennusta sertifioidun ammattilaisen toimesta, jotta hiusten kest\u00e4vyys ja turvallisuus varmistetaan.<\/p>\n<\/div>\n<p><img decoding=\"async\" class=\"size-full wp-image-2006\" src=\"https:\/\/hairmagic.ee\/wp-content\/uploads\/2024\/10\/DSC4774-scaled.jpg\" alt=\"Tape\" width=\"1707\" height=\"2560\" srcset=\"https:\/\/hairmagic.ee\/wp-content\/uploads\/2024\/10\/DSC4774-scaled.jpg 1707w, https:\/\/hairmagic.ee\/wp-content\/uploads\/2024\/10\/DSC4774-200x300.jpg 200w, https:\/\/hairmagic.ee\/wp-content\/uploads\/2024\/10\/DSC4774-683x1024.jpg 683w, https:\/\/hairmagic.ee\/wp-content\/uploads\/2024\/10\/DSC4774-768x1152.jpg 768w, https:\/\/hairmagic.ee\/wp-content\/uploads\/2024\/10\/DSC4774-1024x1536.jpg 1024w, https:\/\/hairmagic.ee\/wp-content\/uploads\/2024\/10\/DSC4774-1365x2048.jpg 1365w, https:\/\/hairmagic.ee\/wp-content\/uploads\/2024\/10\/DSC4774-600x900.jpg 600w\" sizes=\"(max-width: 1707px) 100vw, 1707px\" \/>[\/vc_column_text][\/vc_column][\/vc_row]<\/p>\n<\/div>","protected":false},"excerpt":{"rendered":"<p>[vc_row][vc_column][vc_column_text css=&#8221;&#8221;] Ammattilaisratkaisu kampaamoille ja j\u00e4lleenmyyjille Hairmagic Production teippipidennykset valmistetaan 100 % Remy single donor-slaavilaisesta ja virolaisesta donor-hiuksesta. S\u00e4ilyt\u00e4mme hiuksen luonnollisen suomusuunnan varmistaaksemme sile\u00e4n pinnan, luonnollisen laskeutuvuuden ja pitk\u00e4kestoisen kest\u00e4vyyden. Kaikki teippis\u00e4ikeet valmistetaan Virossa kontrolloidussa tuotantoprosessissa, jossa kiinnit\u00e4mme huomiota sek\u00e4 hiuksen laatuun ett\u00e4 kiinnityksen tarkkuuteen. Valmistettu ammattik\u00e4ytt\u00f6\u00f6n \u2022 100 % Remy-laatuista slaavilaista hiusta\u2022 Pehme\u00e4, kevyt [&hellip;]<\/p>\n","protected":false},"author":1,"featured_media":0,"parent":13279,"menu_order":3,"comment_status":"closed","ping_status":"closed","template":"","meta":{"_acf_changed":false,"_monsterinsights_skip_tracking":false,"_monsterinsights_sitenote_active":false,"_monsterinsights_sitenote_note":"","_monsterinsights_sitenote_category":0,"footnotes":""},"class_list":["post-13275","page","type-page","status-publish","hentry"],"acf":[],"_links":{"self":[{"href":"https:\/\/hairmagic.ee\/fi\/wp-json\/wp\/v2\/pages\/13275","targetHints":{"allow":["GET"]}}],"collection":[{"href":"https:\/\/hairmagic.ee\/fi\/wp-json\/wp\/v2\/pages"}],"about":[{"href":"https:\/\/hairmagic.ee\/fi\/wp-json\/wp\/v2\/types\/page"}],"author":[{"embeddable":true,"href":"https:\/\/hairmagic.ee\/fi\/wp-json\/wp\/v2\/users\/1"}],"replies":[{"embeddable":true,"href":"https:\/\/hairmagic.ee\/fi\/wp-json\/wp\/v2\/comments?post=13275"}],"version-history":[{"count":5,"href":"https:\/\/hairmagic.ee\/fi\/wp-json\/wp\/v2\/pages\/13275\/revisions"}],"predecessor-version":[{"id":13765,"href":"https:\/\/hairmagic.ee\/fi\/wp-json\/wp\/v2\/pages\/13275\/revisions\/13765"}],"up":[{"embeddable":true,"href":"https:\/\/hairmagic.ee\/fi\/wp-json\/wp\/v2\/pages\/13279"}],"wp:attachment":[{"href":"https:\/\/hairmagic.ee\/fi\/wp-json\/wp\/v2\/media?parent=13275"}],"curies":[{"name":"wp","href":"https:\/\/api.w.org\/{rel}","templated":true}]}}