{"id":13276,"date":"2025-09-30T11:37:44","date_gmt":"2025-09-30T08:37:44","guid":{"rendered":"https:\/\/hairmagic.ee\/keratiin\/"},"modified":"2026-02-24T20:27:03","modified_gmt":"2026-02-24T17:27:03","slug":"keratiin","status":"publish","type":"page","link":"https:\/\/hairmagic.ee\/fi\/hiustenpidennykset\/keratiin\/","title":{"rendered":"Keratiinipidennykset"},"content":{"rendered":"<div class=\"wpb-content-wrapper\"><p>[vc_row][vc_column][vc_column_text css=&#8221;&#8221;]<\/p>\n<p data-start=\"62\" data-end=\"121\"><strong>Ammattilaisratkaisu kampaamoille<\/strong><\/p>\n<p data-start=\"123\" data-end=\"371\"><strong>Hairmagic Production keratiinipidennykset<\/strong> valmistetaan 100 % Remy-laatuisesta slaavilaisesta ja virolaisesta donor-hiuksesta. Kaikki keratiinis\u00e4ikeet valmistetaan k\u00e4sity\u00f6n\u00e4 Virossa, s\u00e4ilytt\u00e4en hiuksen luonnollisen suomurakenteen ja kuiturakenteen.<\/p>\n<p data-start=\"373\" data-end=\"527\">K\u00e4yt\u00e4mme korkealaatuista italialaista keratiinia, joka takaa vahvan mutta hiusyst\u00e4v\u00e4llisen kiinnityksen sek\u00e4 puhtaan ja tarkan asennuksen ammattik\u00e4yt\u00f6ss\u00e4.<\/p>\n<p data-start=\"529\" data-end=\"572\"><strong data-start=\"529\" data-end=\"572\">Valmistettu kontrolloidussa prosessissa<\/strong><\/p>\n<p data-start=\"574\" data-end=\"771\">\u2022 Yksisuuntainen suomurakenne (Remy quality)<br data-start=\"618\" data-end=\"621\" \/>\u2022 Hell\u00e4varainen k\u00e4sittely s\u00e4ilytt\u00e4\u00e4 kimmoisuuden ja kiillon<br data-start=\"680\" data-end=\"683\" \/>\u2022 Soveltuu uudelleenk\u00e4ytt\u00f6\u00f6n<br data-start=\"711\" data-end=\"714\" \/>\u2022 Tilattavissa halutun painon, pituuden ja s\u00e4vyn mukaan<\/p>\n<p data-start=\"773\" data-end=\"870\">Keratiinikiinnitykset valmistetaan k\u00e4sin, mik\u00e4 mahdollistaa tasaisen ja laadukkaan lopputuloksen.<\/p>\n<p data-start=\"872\" data-end=\"901\"><strong data-start=\"872\" data-end=\"901\">Yhteisty\u00f6 j\u00e4lleenmyyjille<\/strong><\/p>\n<p data-start=\"903\" data-end=\"982\">Tarjoamme keratiinipidennyksi\u00e4 ammattikampaajille ja asentajille. Tilattavissa:<\/p>\n<p data-start=\"984\" data-end=\"1100\">\u2022 eri painoisia ja valitulla s\u00e4iem\u00e4\u00e4r\u00e4ll\u00e4 varustettuja settej\u00e4<br data-start=\"1046\" data-end=\"1049\" \/>\u2022 yksil\u00f6llisi\u00e4 s\u00e4vyj\u00e4<br data-start=\"1070\" data-end=\"1073\" \/>\u2022 r\u00e4\u00e4t\u00e4l\u00f6ityj\u00e4 ratkaisuja<\/p>\n<p data-start=\"1102\" data-end=\"1212\">Rekister\u00f6idyille j\u00e4lleenmyyjille tarjoamme j\u00e4lleenmyyntihinnaston. Lis\u00e4tietoja saat ottamalla meihin yhteytt\u00e4.<\/p>\n<p data-start=\"1214\" data-end=\"1237\"><strong data-start=\"1214\" data-end=\"1237\">Yksityisasiakkaalle<\/strong><\/p>\n<p data-start=\"1239\" data-end=\"1477\">Keratiinipidennykset sopivat niille, jotka haluavat luonnollisen, pitk\u00e4kestoisen ja huomaamattoman lopputuloksen. Suosittelemme asennusta sertifioidun ammattilaisen toimesta, jotta hiusten turvallisuus, mukavuus ja kest\u00e4vyys varmistetaan.<\/p>\n<p data-start=\"1479\" data-end=\"1794\">Keratiinipidennykset ovat ylellinen valinta, kun haluat lis\u00e4t\u00e4 hiuksiisi pituutta ja volyymia. Keratiinis\u00e4ikeemme valmistetaan k\u00e4sin Virossa, k\u00e4ytt\u00e4en vain korkealaatuista omassa tuotannossamme k\u00e4sitelty\u00e4 slaavilaista hiusta ja vahvaa italialaista keratiinia, jotta lopputulos on luonnollinen, kevyt ja miellytt\u00e4v\u00e4.<\/p>\n<p data-start=\"1796\" data-end=\"1997\">T\u00e4ydellinen ratkaisu sinulle, joka haluat tyylikk\u00e4\u00e4n muutoksen \u2013 nauti kauniista, tuuheista ja ylellisist\u00e4 hiuksista, jotka korostavat luonnollista kauneuttasi ja tuovat itsevarmuutta joka tilanteessa.<\/p>\n<p><img fetchpriority=\"high\" decoding=\"async\" class=\"size-full wp-image-2003\" src=\"https:\/\/hairmagic.ee\/wp-content\/uploads\/2024\/10\/DSC4731-scaled.jpg\" alt=\"Keratine tips\" width=\"1707\" height=\"2560\" srcset=\"https:\/\/hairmagic.ee\/wp-content\/uploads\/2024\/10\/DSC4731-scaled.jpg 1707w, https:\/\/hairmagic.ee\/wp-content\/uploads\/2024\/10\/DSC4731-200x300.jpg 200w, https:\/\/hairmagic.ee\/wp-content\/uploads\/2024\/10\/DSC4731-683x1024.jpg 683w, https:\/\/hairmagic.ee\/wp-content\/uploads\/2024\/10\/DSC4731-768x1152.jpg 768w, https:\/\/hairmagic.ee\/wp-content\/uploads\/2024\/10\/DSC4731-1024x1536.jpg 1024w, https:\/\/hairmagic.ee\/wp-content\/uploads\/2024\/10\/DSC4731-1365x2048.jpg 1365w, https:\/\/hairmagic.ee\/wp-content\/uploads\/2024\/10\/DSC4731-600x900.jpg 600w\" sizes=\"(max-width: 1707px) 100vw, 1707px\" \/>[\/vc_column_text][\/vc_column][\/vc_row]<\/p>\n<\/div>","protected":false},"excerpt":{"rendered":"<p>[vc_row][vc_column][vc_column_text css=&#8221;&#8221;] Ammattilaisratkaisu kampaamoille Hairmagic Production keratiinipidennykset valmistetaan 100 % Remy-laatuisesta slaavilaisesta ja virolaisesta donor-hiuksesta. Kaikki keratiinis\u00e4ikeet valmistetaan k\u00e4sity\u00f6n\u00e4 Virossa, s\u00e4ilytt\u00e4en hiuksen luonnollisen suomurakenteen ja kuiturakenteen. K\u00e4yt\u00e4mme korkealaatuista italialaista keratiinia, joka takaa vahvan mutta hiusyst\u00e4v\u00e4llisen kiinnityksen sek\u00e4 puhtaan ja tarkan asennuksen ammattik\u00e4yt\u00f6ss\u00e4. Valmistettu kontrolloidussa prosessissa \u2022 Yksisuuntainen suomurakenne (Remy quality)\u2022 Hell\u00e4varainen k\u00e4sittely s\u00e4ilytt\u00e4\u00e4 kimmoisuuden ja [&hellip;]<\/p>\n","protected":false},"author":1,"featured_media":0,"parent":13279,"menu_order":2,"comment_status":"closed","ping_status":"closed","template":"","meta":{"_acf_changed":false,"_monsterinsights_skip_tracking":false,"_monsterinsights_sitenote_active":false,"_monsterinsights_sitenote_note":"","_monsterinsights_sitenote_category":0,"footnotes":""},"class_list":["post-13276","page","type-page","status-publish","hentry"],"acf":[],"_links":{"self":[{"href":"https:\/\/hairmagic.ee\/fi\/wp-json\/wp\/v2\/pages\/13276","targetHints":{"allow":["GET"]}}],"collection":[{"href":"https:\/\/hairmagic.ee\/fi\/wp-json\/wp\/v2\/pages"}],"about":[{"href":"https:\/\/hairmagic.ee\/fi\/wp-json\/wp\/v2\/types\/page"}],"author":[{"embeddable":true,"href":"https:\/\/hairmagic.ee\/fi\/wp-json\/wp\/v2\/users\/1"}],"replies":[{"embeddable":true,"href":"https:\/\/hairmagic.ee\/fi\/wp-json\/wp\/v2\/comments?post=13276"}],"version-history":[{"count":5,"href":"https:\/\/hairmagic.ee\/fi\/wp-json\/wp\/v2\/pages\/13276\/revisions"}],"predecessor-version":[{"id":13764,"href":"https:\/\/hairmagic.ee\/fi\/wp-json\/wp\/v2\/pages\/13276\/revisions\/13764"}],"up":[{"embeddable":true,"href":"https:\/\/hairmagic.ee\/fi\/wp-json\/wp\/v2\/pages\/13279"}],"wp:attachment":[{"href":"https:\/\/hairmagic.ee\/fi\/wp-json\/wp\/v2\/media?parent=13276"}],"curies":[{"name":"wp","href":"https:\/\/api.w.org\/{rel}","templated":true}]}}