{"id":13277,"date":"2025-09-30T11:35:39","date_gmt":"2025-09-30T08:35:39","guid":{"rendered":"https:\/\/hairmagic.ee\/lahtised-patsid\/"},"modified":"2026-02-24T20:25:37","modified_gmt":"2026-02-24T17:25:37","slug":"bulk","status":"publish","type":"page","link":"https:\/\/hairmagic.ee\/fi\/hiustenpidennykset\/bulk\/","title":{"rendered":"Irtos\u00e4ikeet"},"content":{"rendered":"<div class=\"wpb-content-wrapper\"><p>[vc_row][vc_column][vc_column_text css=&#8221;&#8221;]<\/p>\n<p data-start=\"91\" data-end=\"347\"><strong>Irtos\u00e4ikeet<\/strong> eli hiukset ilman kiinnityksi\u00e4. T\u00e4m\u00e4 tekee niist\u00e4 ihanteellisen materiaalin r\u00e4\u00e4t\u00e4l\u00f6ityjen hiustenpidennysten valmistukseen. Irtos\u00e4ikeit\u00e4 k\u00e4ytet\u00e4\u00e4n usein peruukkien valmistukseen, ommelpidennysten tekemiseen tai keratiinis\u00e4ikeiden kapselointiin.<\/p>\n<p data-start=\"349\" data-end=\"515\">Joustavuutensa ansiosta irtos\u00e4ikeet mahdollistavat ammattilaisille yksil\u00f6llisten ratkaisujen luomisen ja pidennysten r\u00e4\u00e4t\u00e4l\u00f6innin jokaisen asiakkaan tarpeiden mukaan.<\/p>\n<p><img fetchpriority=\"high\" decoding=\"async\" class=\"size-medium wp-image-13438\" src=\"https:\/\/hairmagic.ee\/wp-content\/uploads\/2026\/02\/InCollage_20251220_112814478-300x300.jpg\" alt=\"Bulk red\" width=\"300\" height=\"300\" srcset=\"https:\/\/hairmagic.ee\/wp-content\/uploads\/2026\/02\/InCollage_20251220_112814478-300x300.jpg 300w, https:\/\/hairmagic.ee\/wp-content\/uploads\/2026\/02\/InCollage_20251220_112814478-1024x1024.jpg 1024w, https:\/\/hairmagic.ee\/wp-content\/uploads\/2026\/02\/InCollage_20251220_112814478-150x150.jpg 150w, https:\/\/hairmagic.ee\/wp-content\/uploads\/2026\/02\/InCollage_20251220_112814478-768x768.jpg 768w, https:\/\/hairmagic.ee\/wp-content\/uploads\/2026\/02\/InCollage_20251220_112814478-1536x1536.jpg 1536w, https:\/\/hairmagic.ee\/wp-content\/uploads\/2026\/02\/InCollage_20251220_112814478-2048x2048.jpg 2048w\" sizes=\"(max-width: 300px) 100vw, 300px\" \/><\/p>\n<p data-start=\"517\" data-end=\"610\">Irtos\u00e4ikeet tarjoavat t\u00e4ydellisen hallinnan lopputulokseen. Ammattilainen voi itse m\u00e4\u00e4ritt\u00e4\u00e4:<\/p>\n<p data-start=\"612\" data-end=\"721\">\u2022 s\u00e4ikeiden painon ja jaottelun<br data-start=\"643\" data-end=\"646\" \/>\u2022 kiinnitysteknologian<br data-start=\"668\" data-end=\"671\" \/>\u2022 s\u00e4vyjen sekoituksen<br data-start=\"692\" data-end=\"695\" \/>\u2022 tiheyden ja tekstuurin<\/p>\n<p><img decoding=\"async\" class=\"size-medium wp-image-13362\" src=\"https:\/\/hairmagic.ee\/wp-content\/uploads\/2026\/02\/Screenshot_20260214_001137_Instagram-300x300.jpg\" alt=\"Blond bulk 1\" width=\"300\" height=\"300\" srcset=\"https:\/\/hairmagic.ee\/wp-content\/uploads\/2026\/02\/Screenshot_20260214_001137_Instagram-300x300.jpg 300w, https:\/\/hairmagic.ee\/wp-content\/uploads\/2026\/02\/Screenshot_20260214_001137_Instagram-1024x1024.jpg 1024w, https:\/\/hairmagic.ee\/wp-content\/uploads\/2026\/02\/Screenshot_20260214_001137_Instagram-150x150.jpg 150w, https:\/\/hairmagic.ee\/wp-content\/uploads\/2026\/02\/Screenshot_20260214_001137_Instagram-768x768.jpg 768w, https:\/\/hairmagic.ee\/wp-content\/uploads\/2026\/02\/Screenshot_20260214_001137_Instagram.jpg 1440w\" sizes=\"(max-width: 300px) 100vw, 300px\" \/><\/p>\n<p data-start=\"723\" data-end=\"893\">T\u00e4m\u00e4 tekee irtos\u00e4ikeist\u00e4 joustavan ja kustannustehokkaan ratkaisun valmistajille ja j\u00e4lleenmyyjille, jotka haluavat tarjota oman br\u00e4ndins\u00e4 alla valmistettuja pidennyksi\u00e4.<\/p>\n<p data-start=\"895\" data-end=\"1061\">Tarjoamme j\u00e4lleenmyyjille erikoishinnat. Rekister\u00f6ity\u00e4ksesi j\u00e4lleenmyyj\u00e4ksi, l\u00e4het\u00e4 yhteystietosi ja yrityksesi tiedot yhteydenottolomakkeen kautta tai s\u00e4hk\u00f6postitse.<\/p>\n<p data-start=\"1063\" data-end=\"1229\">Saatavuudesta ja erikoistilauksista saat lis\u00e4tietoa ottamalla meihin yhteytt\u00e4. Tilaukset tehd\u00e4\u00e4n l\u00e4hett\u00e4m\u00e4ll\u00e4 tiedustelu yhteydenottolomakkeen tai s\u00e4hk\u00f6postin kautta.<\/p>\n<p><img decoding=\"async\" class=\"size-full wp-image-12989\" src=\"https:\/\/hairmagic.ee\/wp-content\/uploads\/2025\/10\/FB_IMG_1740592564883.jpg\" alt=\"Bulk hair\" width=\"1440\" height=\"1605\" srcset=\"https:\/\/hairmagic.ee\/wp-content\/uploads\/2025\/10\/FB_IMG_1740592564883.jpg 1440w, https:\/\/hairmagic.ee\/wp-content\/uploads\/2025\/10\/FB_IMG_1740592564883-269x300.jpg 269w, https:\/\/hairmagic.ee\/wp-content\/uploads\/2025\/10\/FB_IMG_1740592564883-919x1024.jpg 919w, https:\/\/hairmagic.ee\/wp-content\/uploads\/2025\/10\/FB_IMG_1740592564883-768x856.jpg 768w, https:\/\/hairmagic.ee\/wp-content\/uploads\/2025\/10\/FB_IMG_1740592564883-1378x1536.jpg 1378w, https:\/\/hairmagic.ee\/wp-content\/uploads\/2025\/10\/FB_IMG_1740592564883-600x669.jpg 600w\" sizes=\"(max-width: 1440px) 100vw, 1440px\" \/>[\/vc_column_text][\/vc_column][\/vc_row]<\/p>\n<\/div>","protected":false},"excerpt":{"rendered":"<p>[vc_row][vc_column][vc_column_text css=&#8221;&#8221;] Irtos\u00e4ikeet eli hiukset ilman kiinnityksi\u00e4. T\u00e4m\u00e4 tekee niist\u00e4 ihanteellisen materiaalin r\u00e4\u00e4t\u00e4l\u00f6ityjen hiustenpidennysten valmistukseen. Irtos\u00e4ikeit\u00e4 k\u00e4ytet\u00e4\u00e4n usein peruukkien valmistukseen, ommelpidennysten tekemiseen tai keratiinis\u00e4ikeiden kapselointiin. Joustavuutensa ansiosta irtos\u00e4ikeet mahdollistavat ammattilaisille yksil\u00f6llisten ratkaisujen luomisen ja pidennysten r\u00e4\u00e4t\u00e4l\u00f6innin jokaisen asiakkaan tarpeiden mukaan. Irtos\u00e4ikeet tarjoavat t\u00e4ydellisen hallinnan lopputulokseen. Ammattilainen voi itse m\u00e4\u00e4ritt\u00e4\u00e4: \u2022 s\u00e4ikeiden painon ja jaottelun\u2022 kiinnitysteknologian\u2022 [&hellip;]<\/p>\n","protected":false},"author":1,"featured_media":0,"parent":13279,"menu_order":1,"comment_status":"closed","ping_status":"closed","template":"","meta":{"_acf_changed":false,"_monsterinsights_skip_tracking":false,"_monsterinsights_sitenote_active":false,"_monsterinsights_sitenote_note":"","_monsterinsights_sitenote_category":0,"footnotes":""},"class_list":["post-13277","page","type-page","status-publish","hentry"],"acf":[],"_links":{"self":[{"href":"https:\/\/hairmagic.ee\/fi\/wp-json\/wp\/v2\/pages\/13277","targetHints":{"allow":["GET"]}}],"collection":[{"href":"https:\/\/hairmagic.ee\/fi\/wp-json\/wp\/v2\/pages"}],"about":[{"href":"https:\/\/hairmagic.ee\/fi\/wp-json\/wp\/v2\/types\/page"}],"author":[{"embeddable":true,"href":"https:\/\/hairmagic.ee\/fi\/wp-json\/wp\/v2\/users\/1"}],"replies":[{"embeddable":true,"href":"https:\/\/hairmagic.ee\/fi\/wp-json\/wp\/v2\/comments?post=13277"}],"version-history":[{"count":6,"href":"https:\/\/hairmagic.ee\/fi\/wp-json\/wp\/v2\/pages\/13277\/revisions"}],"predecessor-version":[{"id":13763,"href":"https:\/\/hairmagic.ee\/fi\/wp-json\/wp\/v2\/pages\/13277\/revisions\/13763"}],"up":[{"embeddable":true,"href":"https:\/\/hairmagic.ee\/fi\/wp-json\/wp\/v2\/pages\/13279"}],"wp:attachment":[{"href":"https:\/\/hairmagic.ee\/fi\/wp-json\/wp\/v2\/media?parent=13277"}],"curies":[{"name":"wp","href":"https:\/\/api.w.org\/{rel}","templated":true}]}}