{"id":13279,"date":"2025-09-30T11:35:17","date_gmt":"2025-09-30T08:35:17","guid":{"rendered":"https:\/\/hairmagic.ee\/juuksepikendused\/"},"modified":"2026-02-22T21:36:21","modified_gmt":"2026-02-22T18:36:21","slug":"hiustenpidennykset","status":"publish","type":"page","link":"https:\/\/hairmagic.ee\/fi\/hiustenpidennykset\/","title":{"rendered":"Hiustenpidennykset"},"content":{"rendered":"<div class=\"wpb-content-wrapper\"><p>[vc_row full_width=&#8221;stretch_row_content_no_spaces&#8221;][vc_column]<div class=\"banner-area banner-5b30bfb98f050 autoplay-true\"><div class=\"banner-social-buttons\"><div><a href=\"https:\/\/www.facebook.com\/profile.php?id=61566490043508\" target=\"_blank\"><i class=\"fab fa-facebook\"><\/i> <span>Facebook<\/span><\/a><a href=\"https:\/\/l.facebook.com\/l.php?u=https%3A%2F%2Fwww.instagram.com%2Fhairmagicproduction%3Figsh%3DY2xtMXhwNXg4emF5%26fbclid%3DIwZXh0bgNhZW0CMTAAAR18D3vYgp49ue0NhxOOoyX3EypRRv6PkT-ZlBD74N2zawclKkwwlR27vgE_aem_9vybVGtO17v26yRDQUZ9rg&#038;h=AT3yLhUvzl3LAWSXk6G-vetdixQpe56R6vNisOiLbQTuOgLqTSBBSFOW586eiZ_CxNN-BfErEBEcvqlHCyMZUBnDBz_JaX0Fx-0hNKaDqttztwkmaDf9vg7EsJ0zeDUKAZ3d0Q\" target=\"_blank\"><i class=\"fab fa-instagram\"><\/i> <span>Instagram<\/span><\/a><\/div><\/div><div class=\"banner  fixed-height navigation-style1\" style=\"height: 410px;\"><div class=\"item banner-item-69db7de73b7fa bottom white\" style=\"background-image: url(https:\/\/hairmagic.ee\/wp-content\/uploads\/2024\/10\/header-image-hairmagic-1.jpg);\"><div class=\"overlay\"><\/div><div class=\"container\"><div class=\"cell\"><div class=\"sub-h\">Featuring<\/div><div class=\"h\">Hiustenpidennyksemme<\/div><\/div><\/div><\/div><\/div><div class=\"slider-navigation slider-navigation-style1\">\r\n                    <div class=\"container\">\r\n                        <div class=\"count\"><\/div>\r\n                        <div class=\"line\"><div style=\"transition-duration: 5000ms;\"><\/div><\/div>\r\n                        <div class=\"arrows\">\r\n                            <div class=\"prev solid-arrow-collection-left-chevron-1\"><\/div>\r\n                            <div class=\"next solid-arrow-collection-right-chevron-1\"><\/div>\r\n                        <\/div>\r\n                    <\/div>\r\n                <\/div><\/div>[\/vc_column][\/vc_row][vc_row equal_height=&#8221;yes&#8221; css=&#8221;.vc_custom_1529923143630{padding-top: 85px !important;padding-bottom: 75px !important;}&#8221;][vc_column width=&#8221;1\/2&#8243; offset=&#8221;vc_col-lg-5&#8243; css=&#8221;.vc_custom_1529923170878{padding-top: 40px !important;padding-bottom: 10px !important;}&#8221;]<div class=\"pt-special-heading pt-special-heading-5b30c08237be9  wpb_animate_when_almost_visible wpb_fadeInLeft fadeInLeft tal decor-line-on-bottom\"><h6 class=\"sub-heading\">Features<\/h6><h2 class=\"heading\">Miksi valita meid\u00e4n hiuksemme<\/h2><\/div>[vc_column_text css_animation=&#8221;fadeInLeft&#8221; css=&#8221;&#8221;]<\/p>\n<h3 data-start=\"83\" data-end=\"130\">Hairmagic Production -hiustenpidennykset \u2013 valmistettu Virossa<\/h3>\n<p data-start=\"265\" data-end=\"519\">Hairmagic-hiustenpidennykset valmistetaan 100 % luonnollisesta, Remy-laatuisesta single donor -slaavilaisesta hiuksesta. Kontrolloidun tuotantoprosessin ja hell\u00e4varaisen vaalennusteknologian ansiosta hius s\u00e4ilytt\u00e4\u00e4 luonnollisen rakenteensa, kimmoisuutensa ja silkkisen tuntumansa.<\/p>\n<p><img fetchpriority=\"high\" decoding=\"async\" class=\"size-medium wp-image-13396\" src=\"https:\/\/hairmagic.ee\/wp-content\/uploads\/2026\/02\/Screenshot_20260214_125720_Instagram-300x300.jpg\" alt=\"Slaavi keratiinsalgud\" width=\"300\" height=\"300\" srcset=\"https:\/\/hairmagic.ee\/wp-content\/uploads\/2026\/02\/Screenshot_20260214_125720_Instagram-300x300.jpg 300w, https:\/\/hairmagic.ee\/wp-content\/uploads\/2026\/02\/Screenshot_20260214_125720_Instagram-1024x1024.jpg 1024w, https:\/\/hairmagic.ee\/wp-content\/uploads\/2026\/02\/Screenshot_20260214_125720_Instagram-150x150.jpg 150w, https:\/\/hairmagic.ee\/wp-content\/uploads\/2026\/02\/Screenshot_20260214_125720_Instagram-768x768.jpg 768w, https:\/\/hairmagic.ee\/wp-content\/uploads\/2026\/02\/Screenshot_20260214_125720_Instagram.jpg 1440w\" sizes=\"(max-width: 300px) 100vw, 300px\" \/><\/p>\n<p data-start=\"545\" data-end=\"578\"><strong data-start=\"545\" data-end=\"578\">Slaavilaiset keratiinis\u00e4ikeet<\/strong><\/p>\n<p data-start=\"580\" data-end=\"831\">Pidennyksemme on suunniteltu ammattik\u00e4ytt\u00f6\u00f6n \u2013 ne takaavat luonnollisen laskeutuvuuden, tasaisen lopputuloksen ja pitk\u00e4kestoisen kest\u00e4vyyden. Ne sopivat my\u00f6s vaativalle kuluttaja-asiakkaalle, joka arvostaa laatua, mukavuutta ja luonnollista ulkon\u00e4k\u00f6\u00e4.<\/p>\n<p data-start=\"833\" data-end=\"860\"><strong data-start=\"833\" data-end=\"860\">Mik\u00e4 erottaa hiuksemme?<\/strong><\/p>\n<p data-start=\"862\" data-end=\"1214\">\u2022 100 % Remy-laatu ja s\u00e4ilynyt hiussuomu (cuticle)<br data-start=\"912\" data-end=\"915\" \/>\u2022 Single donor -hius \u2013 luonnollinen liikkuvuus ja tekstuuri<br data-start=\"974\" data-end=\"977\" \/>\u2022 Hell\u00e4varainen k\u00e4sittely ja kontrolloitu vaalennusteknologia<br data-start=\"1038\" data-end=\"1041\" \/>\u2022 Luonnollisen kevyt, pehme\u00e4 ja silkkinen tuntuma<br data-start=\"1090\" data-end=\"1093\" \/>\u2022 Sopii erityisen hyvin hienorakenteiselle ja vaalealle hiustyypille<br data-start=\"1161\" data-end=\"1164\" \/>\u2022 Uudelleenk\u00e4ytett\u00e4v\u00e4 ja kest\u00e4v\u00e4 ammattik\u00e4yt\u00f6ss\u00e4<\/p>\n<p data-start=\"1216\" data-end=\"1317\">Tavoitteemme ei ole massatuotanto, vaan hallittu laatu ja yksityiskohtien tarkkuus jokaisessa er\u00e4ss\u00e4.<\/p>\n<p data-start=\"1319\" data-end=\"1361\"><strong data-start=\"1319\" data-end=\"1361\">Saatavilla eri kiinnitysteknologioilla<\/strong><\/p>\n<p data-start=\"1363\" data-end=\"1516\">Tarjoamme slaavilaisia hiustenpidennyksi\u00e4 useilla eri kiinnitysmenetelmill\u00e4, jotta l\u00f6yd\u00e4mme sopivan ratkaisun niin kampaamoille kuin yksityisasiakkaille:<\/p>\n<p data-start=\"1518\" data-end=\"1685\">\u2022 Teippis\u00e4ikeet<br data-start=\"1533\" data-end=\"1536\" \/>\u2022 Keratiinipidennykset<br data-start=\"1558\" data-end=\"1561\" \/>\u2022 K\u00e4sinsidotut ommelpidennykset<br data-start=\"1592\" data-end=\"1595\" \/>\u2022 Genius-ommellapidennykset<br data-start=\"1622\" data-end=\"1625\" \/>\u2022 Clip-in -setit<br data-start=\"1641\" data-end=\"1644\" \/>\u2022 Poninh\u00e4nn\u00e4t<br data-start=\"1657\" data-end=\"1660\" \/>\u2022 R\u00e4\u00e4t\u00e4l\u00f6idyt ratkaisut<\/p>\n<p data-start=\"1687\" data-end=\"1754\">Lis\u00e4tietoa jokaisesta kiinnitystyypist\u00e4 l\u00f6yd\u00e4t omalta alasivultaan.<\/p>\n<p data-start=\"1756\" data-end=\"1801\"><strong data-start=\"1756\" data-end=\"1801\">Ammattilaisille ja vaativille asiakkaille<\/strong><\/p>\n<p data-start=\"1803\" data-end=\"2009\">Hiuksemme on kehitetty yhteisty\u00f6ss\u00e4 kampaajien ja pidennysalan ammattilaisten kanssa. Tuotantop\u00e4\u00e4t\u00f6kset, s\u00e4vyt ja tekstuurit perustuvat todelliseen salonkikokemukseen ja pitk\u00e4\u00e4n k\u00e4yt\u00e4nn\u00f6n ty\u00f6h\u00f6n hiusalalla.<\/p>\n<p data-start=\"2011\" data-end=\"2208\">Jos etsit laadukkaita hiustenpidennyksi\u00e4, jotka voit asentaa asiakkaillesi luottavaisin mielin \u2013 tai joita haluat itse k\u00e4ytt\u00e4\u00e4 p\u00e4ivitt\u00e4in \u2013 Hairmagic-hiustenpidennykset on suunniteltu juuri siihen.<\/p>\n<p>[\/vc_column_text][vc_row_inner disable_element=&#8221;yes&#8221;][vc_column_inner width=&#8221;1\/2&#8243;]<div class=\"benefit-item icon-box-in-row benefit-item-5b30c1017d6c6  wpb_animate_when_almost_visible wpb_fadeInLeft fadeInLeft\"><div class=\"count\">280<\/div><div class=\"heading\"><div class=\"cell\">finished<br \/>\nphotosessions<\/div><\/div><\/div>[\/vc_column_inner][vc_column_inner width=&#8221;1\/2&#8243;]<div class=\"benefit-item icon-box-in-row benefit-item-5b30c11032cda  wpb_animate_when_almost_visible wpb_fadeInLeft fadeInLeft\"><div class=\"count\">132<\/div><div class=\"heading\"><div class=\"cell\">pounds<br \/>\nof equipment<\/div><\/div><\/div>[\/vc_column_inner][\/vc_row_inner][vc_row_inner disable_element=&#8221;yes&#8221;][vc_column_inner width=&#8221;1\/2&#8243;]<div class=\"benefit-item icon-box-in-row benefit-item-  wpb_animate_when_almost_visible wpb_fadeInLeft fadeInLeft\"><div class=\"count\">253<\/div><div class=\"heading\"><div class=\"cell\">happy<br \/>\nclients<\/div><\/div><\/div>[\/vc_column_inner][vc_column_inner width=&#8221;1\/2&#8243;]<div class=\"benefit-item icon-box-in-row benefit-item-  wpb_animate_when_almost_visible wpb_fadeInLeft fadeInLeft\"><div class=\"count\">192<\/div><div class=\"heading\"><div class=\"cell\">studio<br \/>\nsessions<\/div><\/div><\/div>[\/vc_column_inner][\/vc_row_inner][\/vc_column][vc_column css_animation=&#8221;fadeInRight&#8221; width=&#8221;1\/2&#8243; offset=&#8221;vc_col-lg-offset-1&#8243; el_class=&#8221;side-img&#8221; css=&#8221;.vc_custom_1728676651306{padding-bottom: 300px !important;background-image: url(https:\/\/hairmagic.ee\/wp-content\/uploads\/2024\/10\/slavic-hair-hairmagic.jpg?id=2060) !important;background-position: center !important;background-repeat: no-repeat !important;background-size: cover !important;}&#8221;][\/vc_column][\/vc_row]<\/p>\n<\/div>","protected":false},"excerpt":{"rendered":"<p>[vc_row full_width=&#8221;stretch_row_content_no_spaces&#8221;][vc_column][\/vc_column][\/vc_row][vc_row equal_height=&#8221;yes&#8221; css=&#8221;.vc_custom_1529923143630{padding-top: 85px !important;padding-bottom: 75px !important;}&#8221;][vc_column width=&#8221;1\/2&#8243; offset=&#8221;vc_col-lg-5&#8243; css=&#8221;.vc_custom_1529923170878{padding-top: 40px !important;padding-bottom: 10px !important;}&#8221;][vc_column_text css_animation=&#8221;fadeInLeft&#8221; css=&#8221;&#8221;] Hairmagic Production -hiustenpidennykset \u2013 valmistettu Virossa Hairmagic-hiustenpidennykset valmistetaan 100 % luonnollisesta, Remy-laatuisesta single donor -slaavilaisesta hiuksesta. Kontrolloidun tuotantoprosessin ja hell\u00e4varaisen vaalennusteknologian ansiosta hius s\u00e4ilytt\u00e4\u00e4 luonnollisen rakenteensa, kimmoisuutensa ja silkkisen tuntumansa. Slaavilaiset keratiinis\u00e4ikeet Pidennyksemme on suunniteltu ammattik\u00e4ytt\u00f6\u00f6n \u2013 ne [&hellip;]<\/p>\n","protected":false},"author":1,"featured_media":0,"parent":0,"menu_order":0,"comment_status":"closed","ping_status":"closed","template":"","meta":{"_acf_changed":false,"_monsterinsights_skip_tracking":false,"_monsterinsights_sitenote_active":false,"_monsterinsights_sitenote_note":"","_monsterinsights_sitenote_category":0,"footnotes":""},"class_list":["post-13279","page","type-page","status-publish","hentry"],"acf":[],"_links":{"self":[{"href":"https:\/\/hairmagic.ee\/fi\/wp-json\/wp\/v2\/pages\/13279","targetHints":{"allow":["GET"]}}],"collection":[{"href":"https:\/\/hairmagic.ee\/fi\/wp-json\/wp\/v2\/pages"}],"about":[{"href":"https:\/\/hairmagic.ee\/fi\/wp-json\/wp\/v2\/types\/page"}],"author":[{"embeddable":true,"href":"https:\/\/hairmagic.ee\/fi\/wp-json\/wp\/v2\/users\/1"}],"replies":[{"embeddable":true,"href":"https:\/\/hairmagic.ee\/fi\/wp-json\/wp\/v2\/comments?post=13279"}],"version-history":[{"count":7,"href":"https:\/\/hairmagic.ee\/fi\/wp-json\/wp\/v2\/pages\/13279\/revisions"}],"predecessor-version":[{"id":13661,"href":"https:\/\/hairmagic.ee\/fi\/wp-json\/wp\/v2\/pages\/13279\/revisions\/13661"}],"wp:attachment":[{"href":"https:\/\/hairmagic.ee\/fi\/wp-json\/wp\/v2\/media?parent=13279"}],"curies":[{"name":"wp","href":"https:\/\/api.w.org\/{rel}","templated":true}]}}