{"id":13283,"date":"2024-10-11T15:37:16","date_gmt":"2024-10-11T12:37:16","guid":{"rendered":"https:\/\/hairmagic.ee\/slavic-hair\/"},"modified":"2026-02-22T23:39:24","modified_gmt":"2026-02-22T20:39:24","slug":"slavic-hair","status":"publish","type":"page","link":"https:\/\/hairmagic.ee\/fi\/slavic-hair\/","title":{"rendered":"Slaavilainen hius"},"content":{"rendered":"<div class=\"wpb-content-wrapper\"><p>[vc_row full_width=&#8221;stretch_row_content_no_spaces&#8221;][vc_column]<div class=\"banner-area banner-5b30bfb98f050 autoplay-true\"><div class=\"banner-social-buttons\"><div><a href=\"https:\/\/www.facebook.com\/profile.php?id=61566490043508\" target=\"_blank\"><i class=\"fab fa-facebook\"><\/i> <span>Facebook<\/span><\/a><a href=\"https:\/\/l.facebook.com\/l.php?u=https%3A%2F%2Fwww.instagram.com%2Fhairmagicproduction%3Figsh%3DY2xtMXhwNXg4emF5%26fbclid%3DIwZXh0bgNhZW0CMTAAAR18D3vYgp49ue0NhxOOoyX3EypRRv6PkT-ZlBD74N2zawclKkwwlR27vgE_aem_9vybVGtO17v26yRDQUZ9rg&#038;h=AT3yLhUvzl3LAWSXk6G-vetdixQpe56R6vNisOiLbQTuOgLqTSBBSFOW586eiZ_CxNN-BfErEBEcvqlHCyMZUBnDBz_JaX0Fx-0hNKaDqttztwkmaDf9vg7EsJ0zeDUKAZ3d0Q\" target=\"_blank\"><i class=\"fab fa-instagram\"><\/i> <span>Instagram<\/span><\/a><\/div><\/div><div class=\"banner  fixed-height navigation-style1\" style=\"height: 410px;\"><div class=\"item banner-item-69db7d535364c bottom white\" style=\"background-image: url(https:\/\/hairmagic.ee\/wp-content\/uploads\/2024\/10\/header-image-hairmagic-1.jpg);\"><div class=\"overlay\"><\/div><div class=\"container\"><div class=\"cell\"><div class=\"sub-h\">Esittelyss\u00e4<\/div><div class=\"h\">Slaavilaisen hiuksen edut<\/div><\/div><\/div><\/div><\/div><div class=\"slider-navigation slider-navigation-style1\">\r\n                    <div class=\"container\">\r\n                        <div class=\"count\"><\/div>\r\n                        <div class=\"line\"><div style=\"transition-duration: 5000ms;\"><\/div><\/div>\r\n                        <div class=\"arrows\">\r\n                            <div class=\"prev solid-arrow-collection-left-chevron-1\"><\/div>\r\n                            <div class=\"next solid-arrow-collection-right-chevron-1\"><\/div>\r\n                        <\/div>\r\n                    <\/div>\r\n                <\/div><\/div>[\/vc_column][\/vc_row][vc_row equal_height=&#8221;yes&#8221; css=&#8221;.vc_custom_1529923143630{padding-top: 85px !important;padding-bottom: 75px !important;}&#8221;][vc_column width=&#8221;1\/2&#8243; offset=&#8221;vc_col-lg-5&#8243; css=&#8221;.vc_custom_1529923170878{padding-top: 40px !important;padding-bottom: 10px !important;}&#8221;]<div class=\"pt-special-heading pt-special-heading-5b30c08237be9  wpb_animate_when_almost_visible wpb_fadeInLeft fadeInLeft tal decor-line-on-bottom\"><h6 class=\"sub-heading\">Ominaisuudet<\/h6><h2 class=\"heading\">Miksi valita slaavilainen hius<\/h2><\/div>[vc_column_text css_animation=&#8221;fadeInLeft&#8221; css=&#8221;&#8221;]<img fetchpriority=\"high\" decoding=\"async\" class=\"size-medium wp-image-13359\" src=\"https:\/\/hairmagic.ee\/wp-content\/uploads\/2026\/02\/InCollage_20251024_155619372-300x300.jpg\" alt=\"Eesti juuksed 2\" width=\"300\" height=\"300\" srcset=\"https:\/\/hairmagic.ee\/wp-content\/uploads\/2026\/02\/InCollage_20251024_155619372-300x300.jpg 300w, https:\/\/hairmagic.ee\/wp-content\/uploads\/2026\/02\/InCollage_20251024_155619372-1024x1024.jpg 1024w, https:\/\/hairmagic.ee\/wp-content\/uploads\/2026\/02\/InCollage_20251024_155619372-150x150.jpg 150w, https:\/\/hairmagic.ee\/wp-content\/uploads\/2026\/02\/InCollage_20251024_155619372-768x768.jpg 768w, https:\/\/hairmagic.ee\/wp-content\/uploads\/2026\/02\/InCollage_20251024_155619372-1536x1536.jpg 1536w, https:\/\/hairmagic.ee\/wp-content\/uploads\/2026\/02\/InCollage_20251024_155619372-2048x2048.jpg 2048w\" sizes=\"(max-width: 300px) 100vw, 300px\" \/><\/p>\n<p data-start=\"104\" data-end=\"531\"><strong>Slaavilainen hius<\/strong> on yksi halutuimmista raaka-aineista premium-luokan Remy-hiustenpidennyksiin. Eurooppalainen slaavilainen hius tunnetaan hienosta rakenteestaan, luonnollisesta liikkuvuudestaan ja erinomaisesta yhteensopivuudestaan erilaisten hiustyyppien kanssa. It\u00e4- ja Pohjois-Euroopasta per\u00e4isin oleva slaavilainen hius erottuu ainutlaatuisten ominaisuuksiensa ansiosta ja sulautuu luonnollisesti moniin eri hiuslaaduihin.<\/p>\n<p data-start=\"533\" data-end=\"549\"><strong data-start=\"533\" data-end=\"549\">Ominaisuudet<\/strong><\/p>\n<p data-start=\"551\" data-end=\"780\"><strong data-start=\"551\" data-end=\"578\">Hieno ja pehme\u00e4 rakenne<\/strong><br data-start=\"578\" data-end=\"581\" \/>Luonnostaan hienol\u00e4pimittaiset hiuskuidut ja matalampi suomukerros tekev\u00e4t hiuksesta pehme\u00e4n ja kevyen. Remy-laadussa suomut ovat samansuuntaiset, mik\u00e4 takaa sile\u00e4n pinnan ja v\u00e4h\u00e4isen takkuuntumisen.<\/p>\n<p data-start=\"782\" data-end=\"1270\"><strong data-start=\"782\" data-end=\"814\">Luonnollisesti vaaleat s\u00e4vyt<\/strong><br data-start=\"814\" data-end=\"817\" \/>Slaavilaisessa hiuksessa esiintyy kauniita luonnollisen vaaleita s\u00e4vyj\u00e4 \u2013 kuten blondeja, vaaleanruskeita ja pehmeit\u00e4 tuhkan s\u00e4vyj\u00e4. Koska pigmentti on usein vaalea, hius vaatii v\u00e4hemm\u00e4n k\u00e4sittely\u00e4. T\u00e4m\u00e4 mahdollistaa kirkkaat ja pitk\u00e4kestoiset v\u00e4rj\u00e4ystulokset s\u00e4ilytt\u00e4en hiuksen luonnollisen terveyden ja kiillon. Luonnollinen vaalea pigmentti v\u00e4hent\u00e4\u00e4 voimakkaan vaalennuksen tarvetta ja auttaa s\u00e4ilytt\u00e4m\u00e4\u00e4n suomurakenteen eheyden pitk\u00e4ll\u00e4 aikav\u00e4lill\u00e4.<\/p>\n<p data-start=\"1272\" data-end=\"1685\"><strong data-start=\"1272\" data-end=\"1302\">Kest\u00e4vyys ja pitk\u00e4ik\u00e4isyys<\/strong><br data-start=\"1302\" data-end=\"1305\" \/>Vahvan rakenteensa ja v\u00e4h\u00e4isen kemiallisen k\u00e4sittelyn ansiosta slaavilainen hius s\u00e4ilytt\u00e4\u00e4 laatunsa ajan my\u00f6t\u00e4. Oikein hoidettuna pidennykset voidaan k\u00e4ytt\u00e4\u00e4 uudelleen ja muotoilla toistuvasti, mik\u00e4 tekee niist\u00e4 pitk\u00e4aikaisen ja kannattavan investoinnin. Ammattimaisessa salonkik\u00e4yt\u00f6ss\u00e4 laadukkaat Remy-slaavilaiset pidennykset voidaan huoltaa ja asentaa uudelleen useita kertoja.<\/p>\n<p data-start=\"1687\" data-end=\"1953\"><strong data-start=\"1687\" data-end=\"1726\">Monipuoliset muotoilumahdollisuudet<\/strong><br data-start=\"1726\" data-end=\"1729\" \/>Olipa toiveena suora, laineikas tai kihara lopputulos, slaavilainen hius mukautuu erilaisiin tyyleihin vaivattomasti. Sen luonnollinen rakenne tekee siit\u00e4 ihanteellisen pohjan sek\u00e4 klassisiin ett\u00e4 trendikk\u00e4isiin kampauksiin.<\/p>\n<p data-start=\"1955\" data-end=\"1994\"><strong data-start=\"1955\" data-end=\"1994\">Premium-valinta hiustenpidennyksiin<\/strong><\/p>\n<p><img decoding=\"async\" class=\"size-medium wp-image-13355\" src=\"https:\/\/hairmagic.ee\/wp-content\/uploads\/2026\/02\/InCollage_20251024_155444783-300x300.jpg\" alt=\"Eesti juuksed 1\" width=\"300\" height=\"300\" srcset=\"https:\/\/hairmagic.ee\/wp-content\/uploads\/2026\/02\/InCollage_20251024_155444783-300x300.jpg 300w, https:\/\/hairmagic.ee\/wp-content\/uploads\/2026\/02\/InCollage_20251024_155444783-1024x1024.jpg 1024w, https:\/\/hairmagic.ee\/wp-content\/uploads\/2026\/02\/InCollage_20251024_155444783-150x150.jpg 150w, https:\/\/hairmagic.ee\/wp-content\/uploads\/2026\/02\/InCollage_20251024_155444783-768x768.jpg 768w, https:\/\/hairmagic.ee\/wp-content\/uploads\/2026\/02\/InCollage_20251024_155444783-1536x1536.jpg 1536w, https:\/\/hairmagic.ee\/wp-content\/uploads\/2026\/02\/InCollage_20251024_155444783-2048x2048.jpg 2048w\" sizes=\"(max-width: 300px) 100vw, 300px\" \/><\/p>\n<p data-start=\"1996\" data-end=\"2206\">Ty\u00f6skentelemme yksinomaan 100 % Remy single donor -slaavilaisen hiuksen kanssa. Kaikki suomut s\u00e4ilytet\u00e4\u00e4n samansuuntaisina, mik\u00e4 takaa sile\u00e4n pinnan, minimaalisen takkuuntumisen ja pitk\u00e4kestoisen suorituskyvyn.<\/p>\n<p data-start=\"2208\" data-end=\"2502\">Slaavilaiset hiustenpidennyksemme hankitaan eettisesti ja k\u00e4sitell\u00e4\u00e4n huolellisesti, jotta niiden luonnollinen rakenne s\u00e4ilyy. Jokainen hiuser\u00e4 valitaan tarkasti laadun varmistamiseksi, mik\u00e4 mahdollistaa saumattoman ja luonnollisen lopputuloksen kaikille, jotka haluavat korostaa omaa tyyli\u00e4\u00e4n.<\/p>\n<p data-start=\"2504\" data-end=\"2742\" data-is-last-node=\"\" data-is-only-node=\"\">Slaavilainen Remy-hius tarjoaa erinomaisen sulautuvuuden, pitk\u00e4aikaisen kest\u00e4vyyden ja luonnollisen lopputuloksen \u2013 siksi se on ensisijainen valinta ammattimaisille hiustenpidennysasiantuntijoille ja premium-kampaamoille ymp\u00e4ri Eurooppaa.<\/p>\n<p><img decoding=\"async\" class=\"size-medium wp-image-13367\" src=\"https:\/\/hairmagic.ee\/wp-content\/uploads\/2026\/02\/20250221_112606-235x300.jpg\" alt=\"Eesti juuksed 3\" width=\"235\" height=\"300\" srcset=\"https:\/\/hairmagic.ee\/wp-content\/uploads\/2026\/02\/20250221_112606-235x300.jpg 235w, https:\/\/hairmagic.ee\/wp-content\/uploads\/2026\/02\/20250221_112606-802x1024.jpg 802w, https:\/\/hairmagic.ee\/wp-content\/uploads\/2026\/02\/20250221_112606-768x980.jpg 768w, https:\/\/hairmagic.ee\/wp-content\/uploads\/2026\/02\/20250221_112606-1204x1536.jpg 1204w, https:\/\/hairmagic.ee\/wp-content\/uploads\/2026\/02\/20250221_112606-1605x2048.jpg 1605w, https:\/\/hairmagic.ee\/wp-content\/uploads\/2026\/02\/20250221_112606-scaled.jpg 2006w\" sizes=\"(max-width: 235px) 100vw, 235px\" \/>[\/vc_column_text][vc_row_inner disable_element=&#8221;yes&#8221;][vc_column_inner width=&#8221;1\/2&#8243;]<div class=\"benefit-item icon-box-in-row benefit-item-5b30c1017d6c6  wpb_animate_when_almost_visible wpb_fadeInLeft fadeInLeft\"><div class=\"count\">280<\/div><div class=\"heading\"><div class=\"cell\">finished<br \/>\nphotosessions<\/div><\/div><\/div>[\/vc_column_inner][vc_column_inner width=&#8221;1\/2&#8243;]<div class=\"benefit-item icon-box-in-row benefit-item-5b30c11032cda  wpb_animate_when_almost_visible wpb_fadeInLeft fadeInLeft\"><div class=\"count\">132<\/div><div class=\"heading\"><div class=\"cell\">pounds<br \/>\nof equipment<\/div><\/div><\/div>[\/vc_column_inner][\/vc_row_inner][vc_row_inner disable_element=&#8221;yes&#8221;][vc_column_inner width=&#8221;1\/2&#8243;]<div class=\"benefit-item icon-box-in-row benefit-item-  wpb_animate_when_almost_visible wpb_fadeInLeft fadeInLeft\"><div class=\"count\">253<\/div><div class=\"heading\"><div class=\"cell\">happy<br \/>\nclients<\/div><\/div><\/div>[\/vc_column_inner][vc_column_inner width=&#8221;1\/2&#8243;]<div class=\"benefit-item icon-box-in-row benefit-item-  wpb_animate_when_almost_visible wpb_fadeInLeft fadeInLeft\"><div class=\"count\">192<\/div><div class=\"heading\"><div class=\"cell\">studio<br \/>\nsessions<\/div><\/div><\/div>[\/vc_column_inner][\/vc_row_inner][\/vc_column][vc_column css_animation=&#8221;fadeInRight&#8221; width=&#8221;1\/2&#8243; offset=&#8221;vc_col-lg-offset-1&#8243; el_class=&#8221;side-img&#8221; css=&#8221;.vc_custom_1728676651306{padding-bottom: 300px !important;background-image: url(https:\/\/hairmagic.ee\/wp-content\/uploads\/2024\/10\/slavic-hair-hairmagic.jpg?id=2060) !important;background-position: center !important;background-repeat: no-repeat !important;background-size: cover !important;}&#8221;][\/vc_column][\/vc_row]<\/p>\n<\/div>","protected":false},"excerpt":{"rendered":"<p>[vc_row full_width=&#8221;stretch_row_content_no_spaces&#8221;][vc_column][\/vc_column][\/vc_row][vc_row equal_height=&#8221;yes&#8221; css=&#8221;.vc_custom_1529923143630{padding-top: 85px !important;padding-bottom: 75px !important;}&#8221;][vc_column width=&#8221;1\/2&#8243; offset=&#8221;vc_col-lg-5&#8243; css=&#8221;.vc_custom_1529923170878{padding-top: 40px !important;padding-bottom: 10px !important;}&#8221;][vc_column_text css_animation=&#8221;fadeInLeft&#8221; css=&#8221;&#8221;] Slaavilainen hius on yksi halutuimmista raaka-aineista premium-luokan Remy-hiustenpidennyksiin. Eurooppalainen slaavilainen hius tunnetaan hienosta rakenteestaan, luonnollisesta liikkuvuudestaan ja erinomaisesta yhteensopivuudestaan erilaisten hiustyyppien kanssa. It\u00e4- ja Pohjois-Euroopasta per\u00e4isin oleva slaavilainen hius erottuu ainutlaatuisten ominaisuuksiensa ansiosta ja sulautuu luonnollisesti moniin eri [&hellip;]<\/p>\n","protected":false},"author":1,"featured_media":0,"parent":0,"menu_order":0,"comment_status":"closed","ping_status":"closed","template":"template-landing.php","meta":{"_acf_changed":false,"_monsterinsights_skip_tracking":false,"_monsterinsights_sitenote_active":false,"_monsterinsights_sitenote_note":"","_monsterinsights_sitenote_category":0,"footnotes":""},"class_list":["post-13283","page","type-page","status-publish","hentry"],"acf":[],"_links":{"self":[{"href":"https:\/\/hairmagic.ee\/fi\/wp-json\/wp\/v2\/pages\/13283","targetHints":{"allow":["GET"]}}],"collection":[{"href":"https:\/\/hairmagic.ee\/fi\/wp-json\/wp\/v2\/pages"}],"about":[{"href":"https:\/\/hairmagic.ee\/fi\/wp-json\/wp\/v2\/types\/page"}],"author":[{"embeddable":true,"href":"https:\/\/hairmagic.ee\/fi\/wp-json\/wp\/v2\/users\/1"}],"replies":[{"embeddable":true,"href":"https:\/\/hairmagic.ee\/fi\/wp-json\/wp\/v2\/comments?post=13283"}],"version-history":[{"count":6,"href":"https:\/\/hairmagic.ee\/fi\/wp-json\/wp\/v2\/pages\/13283\/revisions"}],"predecessor-version":[{"id":13711,"href":"https:\/\/hairmagic.ee\/fi\/wp-json\/wp\/v2\/pages\/13283\/revisions\/13711"}],"wp:attachment":[{"href":"https:\/\/hairmagic.ee\/fi\/wp-json\/wp\/v2\/media?parent=13283"}],"curies":[{"name":"wp","href":"https:\/\/api.w.org\/{rel}","templated":true}]}}