{"id":13287,"date":"2018-06-15T09:57:51","date_gmt":"2018-06-15T06:57:51","guid":{"rendered":"https:\/\/hairmagic.ee\/homepage\/"},"modified":"2026-04-02T17:49:33","modified_gmt":"2026-04-02T14:49:33","slug":"homepage","status":"publish","type":"page","link":"https:\/\/hairmagic.ee\/fi\/","title":{"rendered":"Etusivu"},"content":{"rendered":"<div class=\"wpb-content-wrapper\"><p>[vc_row full_width=&#8221;stretch_row_content_no_spaces&#8221;][vc_column]<div class=\"banner-area banner-5b238d2d61842 autoplay-true\"><div class=\"banner-social-buttons\"><div><a href=\"https:\/\/www.facebook.com\/profile.php?id=61566490043508\" target=\"_blank\"><i class=\"fab fa-facebook\"><\/i> <span>Facebook<\/span><\/a><a href=\"https:\/\/l.facebook.com\/l.php?u=https%3A%2F%2Fwww.instagram.com%2Fhairmagicproduction%3Figsh%3DY2xtMXhwNXg4emF5%26fbclid%3DIwZXh0bgNhZW0CMTAAAR18D3vYgp49ue0NhxOOoyX3EypRRv6PkT-ZlBD74N2zawclKkwwlR27vgE_aem_9vybVGtO17v26yRDQUZ9rg&#038;h=AT3yLhUvzl3LAWSXk6G-vetdixQpe56R6vNisOiLbQTuOgLqTSBBSFOW586eiZ_CxNN-BfErEBEcvqlHCyMZUBnDBz_JaX0Fx-0hNKaDqttztwkmaDf9vg7EsJ0zeDUKAZ3d0Q\" target=\"_blank\"><i class=\"fab fa-instagram\"><\/i> <span>Instagram<\/span><\/a><\/div><\/div><div class=\"banner  navigation-style2\" style=\"\"><div class=\"item banner-item-69db622e3a2c5 bottom white\" style=\"background-image: url(https:\/\/hairmagic.ee\/wp-content\/uploads\/2024\/10\/home-banner-scaled.jpg);\"><div class=\"overlay\"><\/div><div class=\"container\"><div class=\"cell\"><div class=\"heading-container\"><div class=\"sub-h\">Slaavilaiset hiustenpidennykset<\/div><div class=\"h\">Slaavilainen hiuslaatu<br \/>\nValmistettu pohjoismaisella tarkkuudella<\/div><\/div><\/div><div class=\"link-area\"><a href=\"https:\/\/hairmagic.ee\/fi\/hiustenpidennykset\/\" class=\"button-style1\" title=\"Hiustenpidennyksemme\" target=\"_self\"><span>Hiustenpidennyksemme<\/span><\/a><\/div><\/div><\/div><div class=\"item banner-item-69db622e3a527 bottom white\" style=\"background-image: url(https:\/\/hairmagic.ee\/wp-content\/uploads\/2024\/10\/home-banner-scaled.jpg);\"><div class=\"overlay\"><\/div><div class=\"container\"><div class=\"cell\"><div class=\"heading-container\"><div class=\"sub-h\">Tavoitteemme<\/div><div class=\"h\">Upeat &amp; kest\u00e4v\u00e4t hiukset<\/div><\/div><\/div><div class=\"link-area\"><a href=\"https:\/\/hairmagic.ee\/fi\/tuotantomme\/\" class=\"button-style1\" title=\"Tuotantomme\" target=\"_self\"><span>Tuotantomme<\/span><\/a><\/div><\/div><\/div><div class=\"item banner-item-69db622e3a5d6 bottom white\" style=\"background-image: url(https:\/\/hairmagic.ee\/wp-content\/uploads\/2024\/10\/home-banner-scaled.jpg);\"><div class=\"overlay\"><\/div><div class=\"container\"><div class=\"cell\"><div class=\"heading-container\"><div class=\"sub-h\">Missiomme<\/div><div class=\"h\">Vahvistamme luonnollista kauneutta<\/div><\/div><\/div><div class=\"link-area\"><a href=\"https:\/\/hairmagic.ee\/fi\/slavic-hair\/\" class=\"button-style1\" title=\"Slaavilainen hius\" target=\"_self\"><span>Slaavilainen hius<\/span><\/a><\/div><\/div><\/div><\/div><div class=\"slider-navigation slider-navigation-style2\">\r\n                    <div class=\"container\">\r\n                        <div class=\"lines\" data-timeout=\"5000\"><\/div>\r\n                    <\/div>\r\n                <\/div><\/div>[vc_custom_heading text=&#8221;Hairmagic Production&#8221; font_container=&#8221;tag:h1|font_size:28px|text_align:center|line_height:1.2&#8243; google_fonts=&#8221;font_family:Montserrat%3Aregular%2C700|font_style:700%20bold%20regular%3A700%3Anormal&#8221; css=&#8221;&#8221;][\/vc_column][\/vc_row][vc_row equal_height=&#8221;yes&#8221; disable_element=&#8221;yes&#8221; css=&#8221;.vc_custom_1727745473989{padding-top: 95px !important;padding-bottom: 95px !important;}&#8221;][vc_column width=&#8221;1\/2&#8243; offset=&#8221;vc_col-lg-5 vc_hidden-lg vc_hidden-md vc_hidden-sm vc_hidden-xs&#8221;]<div class=\"pt-special-heading pt-special-heading-5b239cb8b1bbc  wpb_animate_when_almost_visible wpb_fadeInLeft fadeInLeft tal\"><div class=\"heading-container\"><h6 class=\"sub-heading\">who we are<\/h6><h2 class=\"heading\">About Us<\/h2><\/div><\/div>[vc_column_text css_animation=&#8221;fadeInLeft&#8221;]<span style=\"color: #878787; line-height: 30px;\" data-darkreader-inline-color=\"\">But I must explain to you how all this mistaken idea of denouncing pleasure and praising pain was born and I will give you a complete account of the system, and expound the actual teachings of the great explorer of the truth, the master-builder of human happiness. No one rejects, dislikes, or avoids pleasure itself, because it is pleasure.<\/span>[\/vc_column_text][vc_row_inner][vc_column_inner width=&#8221;1\/2&#8243;]<div class=\"benefit-item icon-box-in-row benefit-item-5b23a258b6c7e  wpb_animate_when_almost_visible wpb_fadeInLeft fadeInLeft\"><div class=\"count\">280<\/div><div class=\"heading\"><div class=\"cell\">finished<br \/>\nphotosessions<\/div><\/div><\/div>[\/vc_column_inner][vc_column_inner width=&#8221;1\/2&#8243;]<div class=\"benefit-item icon-box-in-row benefit-item-5b23a2672d0dd  wpb_animate_when_almost_visible wpb_fadeInLeft fadeInLeft\"><div class=\"count\">132<\/div><div class=\"heading\"><div class=\"cell\">pounds<br \/>\nof equipment<\/div><\/div><\/div>[\/vc_column_inner][\/vc_row_inner][vc_row_inner][vc_column_inner width=&#8221;1\/2&#8243;]<div class=\"benefit-item icon-box-in-row benefit-item-  wpb_animate_when_almost_visible wpb_fadeInLeft fadeInLeft\"><div class=\"count\">253<\/div><div class=\"heading\"><div class=\"cell\">happy<br \/>\nclients<\/div><\/div><\/div>[\/vc_column_inner][vc_column_inner width=&#8221;1\/2&#8243;]<div class=\"benefit-item icon-box-in-row benefit-item-  wpb_animate_when_almost_visible wpb_fadeInLeft fadeInLeft\"><div class=\"count\">195<\/div><div class=\"heading\"><div class=\"cell\">studio<br \/>\nsessions<\/div><\/div><\/div>[\/vc_column_inner][\/vc_row_inner][\/vc_column][vc_column css_animation=&#8221;fadeInRight&#8221; width=&#8221;1\/2&#8243; background_position=&#8221;center center&#8221; offset=&#8221;vc_col-lg-offset-1 vc_col-lg-6 vc_hidden-lg vc_hidden-md vc_hidden-sm vc_hidden-xs&#8221; el_class=&#8221;side-img&#8221; css=&#8221;.vc_custom_1727745407152{padding-bottom: 300px !important;background-image: url(http:\/\/promo-theme.com\/sansara\/wp-content\/uploads-placeholder\/2018\/06\/side-img.jpg?id=161) !important;background-position: center !important;background-repeat: no-repeat !important;background-size: cover !important;}&#8221;][\/vc_column][\/vc_row][vc_row full_width=&#8221;stretch_row_content_no_spaces&#8221; disable_element=&#8221;yes&#8221;][vc_column]<div class=\"video-block video-block-69db622e3a7ac fix-height white popup-gallery  wpb_animate_when_almost_visible wpb_fadeInUp fadeInUp\"><div class=\"popup-item\" style=\"background-image: url(https:\/\/hairmagic.ee\/wp-content\/uploads\/2018\/06\/bg-video-cover-scaled.jpg);height: 490px;\"><div class=\"area\"><a href=\"#\" data-type=\"video\" data-size=\"960x640\" data-video='<div class=\"wrapper\"><div class=\"video-wrapper\"><iframe class=\"pswp__video\" width=\"1920\" height=\"1080\" src=\"https:\/\/youtube.com\/embed\/q76bMs-NwRk?rel=0&#038;showinfo=0&#038;enablejsapi=1\" frameborder=\"0\" allowfullscreen><\/iframe><\/div><\/div>'><div><i class=\"ui-interface-play-button\"><\/i><\/div><\/a><\/div><\/div><\/div>[\/vc_column][\/vc_row][vc_row equal_height=&#8221;yes&#8221; css=&#8221;.vc_custom_1529062199943{padding-top: 95px !important;padding-bottom: 95px !important;}&#8221;][vc_column width=&#8221;1\/2&#8243; background_position=&#8221;center center&#8221; offset=&#8221;vc_col-lg-offset-0 vc_col-lg-6&#8243; css=&#8221;.vc_custom_1530272518896{padding-bottom: 30px !important;}&#8221;]<div class=\"categories-grid  wpb_animate_when_almost_visible wpb_fadeInLeft fadeInLeft\"><div class=\"categories-grid-item col-xs-12 col-sm-6 col-md-6\"><a href=\"https:\/\/hairmagic.ee\/fi\/hiustenpidennykset\/keratiin\/\" style=\"background-image: url(https:\/\/hairmagic.ee\/wp-content\/uploads\/2024\/10\/DSC4731-683x1024.jpg);\" target=\"_self\"><span>Keratiinipidennykset<\/span><\/a><\/div><div class=\"categories-grid-item col-xs-12 col-sm-6 col-md-6\"><a href=\"https:\/\/hairmagic.ee\/fi\/hiustenpidennykset\/weft\/\" style=\"background-image: url(https:\/\/hairmagic.ee\/wp-content\/uploads\/2025\/01\/tressid-508x1024.jpg);\" target=\"_self\"><span>Ommelpidennykset<\/span><\/a><\/div><div class=\"categories-grid-item col-xs-12 col-sm-6 col-md-6\"><a href=\"https:\/\/hairmagic.ee\/fi\/hiustenpidennykset\/teip\/\" style=\"background-image: url(https:\/\/hairmagic.ee\/wp-content\/uploads\/2024\/10\/DSC4774-683x1024.jpg);\" target=\"_self\"><span>Teippipidennykset<\/span><\/a><\/div><div class=\"categories-grid-item col-xs-12 col-sm-6 col-md-6\"><a href=\"https:\/\/hairmagic.ee\/fi\/hiustenpidennykset\/bulk\/\" style=\"background-image: url(https:\/\/hairmagic.ee\/wp-content\/uploads\/2024\/10\/DSC4742-683x1024.jpg);\" target=\"_self\"><span>Irtos\u00e4ikeet<\/span><\/a><\/div><\/div>[\/vc_column][vc_column width=&#8221;1\/2&#8243; offset=&#8221;vc_col-lg-offset-1 vc_col-lg-5&#8243;]<div class=\"pt-special-heading pt-special-heading-  wpb_animate_when_almost_visible wpb_fadeInRight fadeInRight tar\"><div class=\"heading-container\"><h6 class=\"sub-heading\">Miksi valita meid\u00e4t<\/h6><h2 class=\"heading\">Eurooppalainen slaavilaisen hiuksen valmistaja<\/h2><\/div><\/div>[vc_column_text css_animation=&#8221;fadeInRight&#8221; css=&#8221;&#8221;]<\/p>\n<p data-start=\"87\" data-end=\"205\"><strong>Eurooppalaista valmistusta pohjoismaisella tarkkuudella<\/strong><\/p>\n<p data-start=\"207\" data-end=\"322\">Hairmagic Production, joka sijaitsee Viron syd\u00e4mess\u00e4, on saavuttanut ainutlaatuisen aseman eurooppalaisten hiustenpidennysten valmistajien joukossa. Korkealaatuisten paikallisten resurssien ansiosta Hairmagic Production k\u00e4ytt\u00e4\u00e4 korkealaatuista eurooppalaista, p\u00e4\u00e4osin slaavilaista hiusta tuotannossaan, varmistaen tasaisen saatavuuden premium-laatuiselle, luonnollisen kauniille raaka-aineelle.<\/p>\n<p data-start=\"684\" data-end=\"946\">Slaavilainen hius, joka tunnetaan hienosta rakenteestaan ja monipuolisuudestaan, yhdistyv\u00e4t t\u00e4ydellisesti eksklusiiviseen Nordic Lightening -teknologiaan. T\u00e4m\u00e4n ansiosta syntyy premium-pidennyksi\u00e4, jotka n\u00e4ytt\u00e4v\u00e4t ja tuntuvat mahdollisimman luonnollisilta.<\/p>\n<p>[\/vc_column_text][\/vc_column][\/vc_row][vc_row disable_element=&#8221;yes&#8221; css=&#8221;.vc_custom_1729620750304{margin-top: 90px !important;}&#8221;][vc_column css_animation=&#8221;fadeInUp&#8221;]<div class=\"pt-special-heading pt-special-heading-  tal\"><div class=\"heading-container\"><h6 class=\"sub-heading\">Our Example Prices<\/h6><h2 class=\"heading\">Choose Your Own Quality!<\/h2><\/div><\/div><div class=\"price-list row price-list-5b29ff767a711\"><div class=\"price-list-item  col-xs-12 col-sm-4 col-md-4\"><div class=\"wrap\"><div class=\"top\" style=\"\"><div class=\"cell\"><h6>normal<\/h6><div class=\"price\">2500 <span>\u20ac<\/span><\/div><\/div><\/div><div class=\"options\"><div class=\"o-row\">Bulk Hair<br \/><\/div><div class=\"o-row\">1 kg<br \/><\/div><div class=\"o-row\">60 cm<\/div><\/div><div class=\"button\"><a href=\"https:\/\/hairmagic.ee\/product\/bulk-hair\/\" class=\"button-style2 dark\" target=\"_self\">Purchase<\/a><\/div><\/div><\/div><div class=\"price-list-item  col-xs-12 col-sm-4 col-md-4\"><div class=\"wrap\"><div class=\"top\" style=\"\"><div class=\"cell\"><h6>premium<\/h6><div class=\"price\">2700 <span>\u20ac<\/span><\/div><\/div><\/div><div class=\"options\"><div class=\"o-row\">Bulk Hair<br \/><\/div><div class=\"o-row\">1 kg<br \/><\/div><div class=\"o-row\">60 cm<\/div><\/div><div class=\"button\"><a href=\"https:\/\/hairmagic.ee\/product\/bulk-hair\/\" class=\"button-style2 dark\" target=\"_self\">Purchase<\/a><\/div><\/div><\/div><div class=\"price-list-item  col-xs-12 col-sm-4 col-md-4\"><div class=\"wrap\"><div class=\"top\" style=\"\"><div class=\"cell\"><h6>deluxe<\/h6><div class=\"price\">2900 <span>\u20ac<\/span><\/div><\/div><\/div><div class=\"options\"><div class=\"o-row\">Bulk Hair<br \/><\/div><div class=\"o-row\">1 kg<br \/><\/div><div class=\"o-row\">60 cm<\/div><\/div><div class=\"button\"><a href=\"https:\/\/hairmagic.ee\/product\/bulk-hair\/\" class=\"button-style2 dark\" target=\"_self\">Purchase<\/a><\/div><\/div><\/div><\/div>[\/vc_column][\/vc_row][vc_row][vc_column][\/vc_column][\/vc_row]<\/p>\n<\/div>","protected":false},"excerpt":{"rendered":"<p>[vc_row full_width=&#8221;stretch_row_content_no_spaces&#8221;][vc_column][vc_custom_heading text=&#8221;Hairmagic Production&#8221; font_container=&#8221;tag:h1|font_size:28px|text_align:center|line_height:1.2&#8243; google_fonts=&#8221;font_family:Montserrat%3Aregular%2C700|font_style:700%20bold%20regular%3A700%3Anormal&#8221; css=&#8221;&#8221;][\/vc_column][\/vc_row][vc_row equal_height=&#8221;yes&#8221; disable_element=&#8221;yes&#8221; css=&#8221;.vc_custom_1727745473989{padding-top: 95px !important;padding-bottom: 95px !important;}&#8221;][vc_column width=&#8221;1\/2&#8243; offset=&#8221;vc_col-lg-5 vc_hidden-lg vc_hidden-md vc_hidden-sm vc_hidden-xs&#8221;][vc_column_text css_animation=&#8221;fadeInLeft&#8221;]But I must explain to you how all this mistaken idea of denouncing pleasure and praising pain was born and I will give you a complete account of the system, and expound the actual teachings [&hellip;]<\/p>\n","protected":false},"author":1,"featured_media":0,"parent":0,"menu_order":0,"comment_status":"closed","ping_status":"closed","template":"template-landing.php","meta":{"_acf_changed":false,"_monsterinsights_skip_tracking":false,"_monsterinsights_sitenote_active":false,"_monsterinsights_sitenote_note":"","_monsterinsights_sitenote_category":0,"footnotes":""},"class_list":["post-13287","page","type-page","status-publish","hentry"],"acf":[],"_links":{"self":[{"href":"https:\/\/hairmagic.ee\/fi\/wp-json\/wp\/v2\/pages\/13287","targetHints":{"allow":["GET"]}}],"collection":[{"href":"https:\/\/hairmagic.ee\/fi\/wp-json\/wp\/v2\/pages"}],"about":[{"href":"https:\/\/hairmagic.ee\/fi\/wp-json\/wp\/v2\/types\/page"}],"author":[{"embeddable":true,"href":"https:\/\/hairmagic.ee\/fi\/wp-json\/wp\/v2\/users\/1"}],"replies":[{"embeddable":true,"href":"https:\/\/hairmagic.ee\/fi\/wp-json\/wp\/v2\/comments?post=13287"}],"version-history":[{"count":16,"href":"https:\/\/hairmagic.ee\/fi\/wp-json\/wp\/v2\/pages\/13287\/revisions"}],"predecessor-version":[{"id":13926,"href":"https:\/\/hairmagic.ee\/fi\/wp-json\/wp\/v2\/pages\/13287\/revisions\/13926"}],"wp:attachment":[{"href":"https:\/\/hairmagic.ee\/fi\/wp-json\/wp\/v2\/media?parent=13287"}],"curies":[{"name":"wp","href":"https:\/\/api.w.org\/{rel}","templated":true}]}}