{"id":13292,"date":"2018-06-06T13:48:49","date_gmt":"2018-06-06T10:48:49","guid":{"rendered":"https:\/\/hairmagic.ee\/meist\/"},"modified":"2026-02-22T22:38:34","modified_gmt":"2026-02-22T19:38:34","slug":"meist","status":"publish","type":"page","link":"https:\/\/hairmagic.ee\/fi\/meist\/","title":{"rendered":"Meist\u00e4"},"content":{"rendered":"<div class=\"wpb-content-wrapper\"><p>[vc_row full_width=&#8221;stretch_row_content_no_spaces&#8221;][vc_column]<div class=\"banner-area banner-5b30bfb98f050 autoplay-true\"><div class=\"banner-social-buttons\"><div><a href=\"https:\/\/www.facebook.com\/profile.php?id=61566490043508\" target=\"_blank\"><i class=\"fab fa-facebook\"><\/i> <span>Facebook<\/span><\/a><a href=\"https:\/\/l.facebook.com\/l.php?u=https%3A%2F%2Fwww.instagram.com%2Fhairmagicproduction%3Figsh%3DY2xtMXhwNXg4emF5%26fbclid%3DIwZXh0bgNhZW0CMTAAAR18D3vYgp49ue0NhxOOoyX3EypRRv6PkT-ZlBD74N2zawclKkwwlR27vgE_aem_9vybVGtO17v26yRDQUZ9rg&#038;h=AT3yLhUvzl3LAWSXk6G-vetdixQpe56R6vNisOiLbQTuOgLqTSBBSFOW586eiZ_CxNN-BfErEBEcvqlHCyMZUBnDBz_JaX0Fx-0hNKaDqttztwkmaDf9vg7EsJ0zeDUKAZ3d0Q\" target=\"_blank\"><i class=\"fab fa-instagram\"><\/i> <span>Instagram<\/span><\/a><\/div><\/div><div class=\"banner  fixed-height navigation-style1\" style=\"height: 410px;\"><div class=\"item banner-item-69db7b733904d bottom white\" style=\"background-image: url(https:\/\/hairmagic.ee\/wp-content\/uploads\/2024\/10\/header-image-hairmagic-1.jpg);\"><div class=\"overlay\"><\/div><div class=\"container\"><div class=\"cell\"><div class=\"sub-h\">Esittelyss\u00e4<\/div><div class=\"h\">Hairmagic Production<\/div><\/div><\/div><\/div><\/div><div class=\"slider-navigation slider-navigation-style1\">\r\n                    <div class=\"container\">\r\n                        <div class=\"count\"><\/div>\r\n                        <div class=\"line\"><div style=\"transition-duration: 5000ms;\"><\/div><\/div>\r\n                        <div class=\"arrows\">\r\n                            <div class=\"prev solid-arrow-collection-left-chevron-1\"><\/div>\r\n                            <div class=\"next solid-arrow-collection-right-chevron-1\"><\/div>\r\n                        <\/div>\r\n                    <\/div>\r\n                <\/div><\/div>[\/vc_column][\/vc_row][vc_row equal_height=&#8221;yes&#8221; css=&#8221;.vc_custom_1529923143630{padding-top: 85px !important;padding-bottom: 75px !important;}&#8221;][vc_column width=&#8221;1\/2&#8243; offset=&#8221;vc_col-lg-5&#8243; css=&#8221;.vc_custom_1529923170878{padding-top: 40px !important;padding-bottom: 10px !important;}&#8221;]<div class=\"pt-special-heading pt-special-heading-5b30c08237be9  wpb_animate_when_almost_visible wpb_fadeInLeft fadeInLeft tal decor-line-on-bottom\"><h6 class=\"sub-heading\">Keit\u00e4 olemme<\/h6><h2 class=\"heading\">Meist\u00e4<\/h2><\/div>[vc_column_text css_animation=&#8221;fadeInLeft&#8221; css=&#8221;&#8221;]<\/p>\n<p data-start=\"75\" data-end=\"162\"><strong>Tervetuloa Tallinnassa toimivan slaavilaisten hiusten tuotantolaitoksen verkkosivuille.<\/strong><\/p>\n<p data-start=\"164\" data-end=\"356\">Hairmagic on Virossa toimiva slaavilaisten hiusten k\u00e4sittelyyn ja hiustenpidennysten valmistukseen erikoistunut tuotantoyritys, jossa koko valmistusprosessi tapahtuu paikan p\u00e4\u00e4ll\u00e4 Tallinnassa.<\/p>\n<p data-start=\"358\" data-end=\"629\">K\u00e4sittelemme 100 % luonnollista, Remy-laatuista single donor -slaavilaista hiusta ja valmistamme niist\u00e4 hiustenpidennyksi\u00e4 sek\u00e4 erilaisia hiustuotteita. Toimintamme kattaa koko arvoketjun \u2013 k\u00e4sittelem\u00e4tt\u00f6m\u00e4st\u00e4 raaka-aineesta irtos\u00e4ikeisiin ja valmiisiin lopputuotteisiin.<\/p>\n<p data-start=\"631\" data-end=\"690\">Kaikki tuotteet valmistetaan omassa tuotannossamme Virossa.<\/p>\n<hr \/>\n<p><img fetchpriority=\"high\" decoding=\"async\" class=\"aligncenter wp-image-13305 size-medium\" src=\"https:\/\/hairmagic.ee\/wp-content\/uploads\/2026\/02\/Krissu-kodukale-200x300.png\" alt=\"\" width=\"200\" height=\"300\" srcset=\"https:\/\/hairmagic.ee\/wp-content\/uploads\/2026\/02\/Krissu-kodukale-200x300.png 200w, https:\/\/hairmagic.ee\/wp-content\/uploads\/2026\/02\/Krissu-kodukale-683x1024.png 683w, https:\/\/hairmagic.ee\/wp-content\/uploads\/2026\/02\/Krissu-kodukale-768x1152.png 768w, https:\/\/hairmagic.ee\/wp-content\/uploads\/2026\/02\/Krissu-kodukale.png 1024w\" sizes=\"(max-width: 200px) 100vw, 200px\" \/><\/p>\n<p data-start=\"692\" data-end=\"948\">Hairmagicin perustaja ja tuotantojohtaja Kristiina Kalev on toiminut hiusalalla vuodesta 1999. Pitk\u00e4aikainen k\u00e4yt\u00e4nn\u00f6n kokemus kampaamo- ja salonkity\u00f6st\u00e4, hiustenpidennysteknologiasta sek\u00e4 tuotekehityksest\u00e4 on luonut vahvan perustan nykyiselle tuotannolle.<\/p>\n<p data-start=\"950\" data-end=\"1080\">Hairmagic on itsen\u00e4inen tuotantoyritys, jossa kehitys, laadunvalvonta ja tuotantop\u00e4\u00e4t\u00f6kset tehd\u00e4\u00e4n paikallisesti omassa yksik\u00f6ss\u00e4.<\/p>\n<hr \/>\n<h4><strong>Toimintamme<\/strong><\/h4>\n<hr data-start=\"1257\" data-end=\"1260\" \/>\n<p>Valmistamme korkealaatuisia slaavilaisia hiustenpidennyksi\u00e4 laajassa valikoimassa eri tekstuureja, pituuksia, rakenteita ja s\u00e4vyj\u00e4. Olipa kyseess\u00e4 teippis\u00e4ikeet, clip-in-setit, ommelpidennykset, keratiinipidennykset tai peruukit, tuotantomme takaa kest\u00e4v\u00e4t, luonnollisen n\u00e4k\u00f6iset ja helposti huollettavat tuotteet. Kaikki tuotteemme valmistetaan k\u00e4sity\u00f6n\u00e4 Virossa.<\/p>\n<p data-start=\"1465\" data-end=\"1515\"><strong data-start=\"1465\" data-end=\"1515\">K\u00e4sittelem\u00e4t\u00f6n slaavilainen ja virolainen hius<\/strong><\/p>\n<p data-start=\"1517\" data-end=\"1670\">Tarjoamme luonnollista, k\u00e4sittelem\u00e4t\u00f6nt\u00e4 slaavilaista hiusta luonnollisissa s\u00e4vyiss\u00e4. Raaka-aine soveltuu ammattimaiseen jatkok\u00e4sittelyyn ja v\u00e4rj\u00e4ykseen.<\/p>\n<p data-start=\"1672\" data-end=\"1696\"><strong data-start=\"1672\" data-end=\"1696\">V\u00e4rj\u00e4tyt irtos\u00e4ikeet<\/strong><\/p>\n<p data-start=\"1698\" data-end=\"1936\">Valmistamme laadukkaita v\u00e4rj\u00e4ttyj\u00e4 irtos\u00e4ikeit\u00e4, mukaan lukien silkkiset vaaleat s\u00e4vyt ja muut r\u00e4\u00e4t\u00e4l\u00f6idyt v\u00e4rit. Ne soveltuvat valmistajille ja ammattilaisille, jotka tuottavat itse hiustenpidennyksi\u00e4, peruukkeja tai muita hiustuotteita.<\/p>\n<p data-start=\"1938\" data-end=\"1967\"><strong data-start=\"1938\" data-end=\"1967\">Lopputuotteiden valmistus<\/strong><\/p>\n<p data-start=\"1969\" data-end=\"2225\">Valmistamme slaavilaisesta hiuksesta erilaisia lopputuotteita, kuten teippi-, keratiini- ja ommelpidennyksi\u00e4 (mukaan lukien k\u00e4sinsidotut weft- ja genius-weft -ratkaisut), clip-in-settej\u00e4, poninh\u00e4nti\u00e4, peruukkeja, toppeja sek\u00e4 yksil\u00f6llisi\u00e4 erikoistilauksia.<\/p>\n<hr \/>\n<h4><strong>Periaatteemme<\/strong><\/h4>\n<p data-start=\"2246\" data-end=\"2450\">\u2022 100 % luonnollinen slaavilainen raaka-aine<br data-start=\"2290\" data-end=\"2293\" \/>\u2022 Remy-laatu ja single donor -hius<br data-start=\"2327\" data-end=\"2330\" \/>\u2022 Kontrolloitu tuotantoprosessi<br data-start=\"2361\" data-end=\"2364\" \/>\u2022 Paikallinen tuotanto Tallinnassa<br data-start=\"2398\" data-end=\"2401\" \/>\u2022 Pitk\u00e4aikainen yhteisty\u00f6 ammattilaisten kanssa<\/p>\n<p data-start=\"2452\" data-end=\"2666\">Hairmagic yhdist\u00e4\u00e4 k\u00e4yt\u00e4nn\u00f6n kokemuksen, teknisen osaamisen ja esteettisen tarkkuuden tarjotakseen korkealaatuista slaavilaista hiusraaka-ainetta ja hiustenpidennyksi\u00e4 sek\u00e4 Viron ett\u00e4 kansainv\u00e4lisille markkinoille.<\/p>\n<hr \/>\n<p>Teemme yhteisty\u00f6t\u00e4 ammattilaisten kanssa, jotka arvostavat laatua, tasaisuutta ja l\u00e4pin\u00e4kyv\u00e4\u00e4 tuotantoa.[\/vc_column_text][vc_row_inner disable_element=&#8221;yes&#8221;][vc_column_inner width=&#8221;1\/2&#8243;]<div class=\"benefit-item icon-box-in-row benefit-item-5b30c1017d6c6  wpb_animate_when_almost_visible wpb_fadeInLeft fadeInLeft\"><div class=\"count\">280<\/div><div class=\"heading\"><div class=\"cell\">finished<br \/>\nphotosessions<\/div><\/div><\/div>[\/vc_column_inner][vc_column_inner width=&#8221;1\/2&#8243;]<div class=\"benefit-item icon-box-in-row benefit-item-5b30c11032cda  wpb_animate_when_almost_visible wpb_fadeInLeft fadeInLeft\"><div class=\"count\">132<\/div><div class=\"heading\"><div class=\"cell\">pounds<br \/>\nof equipment<\/div><\/div><\/div>[\/vc_column_inner][\/vc_row_inner][vc_row_inner disable_element=&#8221;yes&#8221;][vc_column_inner width=&#8221;1\/2&#8243;]<div class=\"benefit-item icon-box-in-row benefit-item-  wpb_animate_when_almost_visible wpb_fadeInLeft fadeInLeft\"><div class=\"count\">253<\/div><div class=\"heading\"><div class=\"cell\">happy<br \/>\nclients<\/div><\/div><\/div>[\/vc_column_inner][vc_column_inner width=&#8221;1\/2&#8243;]<div class=\"benefit-item icon-box-in-row benefit-item-  wpb_animate_when_almost_visible wpb_fadeInLeft fadeInLeft\"><div class=\"count\">192<\/div><div class=\"heading\"><div class=\"cell\">studio<br \/>\nsessions<\/div><\/div><\/div>[\/vc_column_inner][\/vc_row_inner][\/vc_column][vc_column css_animation=&#8221;fadeInRight&#8221; width=&#8221;1\/2&#8243; offset=&#8221;vc_col-lg-offset-1&#8243; el_class=&#8221;side-img&#8221; css=&#8221;.vc_custom_1728581130539{padding-bottom: 300px !important;background-image: url(https:\/\/hairmagic.ee\/wp-content\/uploads\/2024\/10\/DSC4744-scaled.jpg?id=1985) !important;background-position: center !important;background-repeat: no-repeat !important;background-size: cover !important;}&#8221;][\/vc_column][\/vc_row][vc_row disable_element=&#8221;yes&#8221; css=&#8221;.vc_custom_1728236008031{padding-bottom: 55px !important;}&#8221;][vc_column]<div class=\"categories-grid row gap-on  wpb_animate_when_almost_visible wpb_fadeInUp fadeInUp\"><div class=\"categories-grid-item col-xs-12 col-sm-4 col-md-3\"><a href=\"#\" style=\"background-image: url(https:\/\/hairmagic.ee\/wp-content\/uploads\/2024\/10\/Example-hair-1-1024x1024.jpg);\" target=\"_self\"><span>make up<\/span><\/a><\/div><div class=\"categories-grid-item col-xs-12 col-sm-4 col-md-3\"><a href=\"#\" style=\"background-image: url(https:\/\/hairmagic.ee\/wp-content\/uploads\/2018\/06\/portrait2.jpg);\" target=\"_self\"><span>photography<\/span><\/a><\/div><div class=\"categories-grid-item col-xs-12 col-sm-4 col-md-3\"><a href=\"#\" style=\"background-image: url(https:\/\/hairmagic.ee\/wp-content\/uploads\/2018\/06\/portrait3.jpg);\" target=\"_self\"><span>hairstyling<\/span><\/a><\/div><div class=\"categories-grid-item col-xs-12 col-sm-4 col-md-3\"><a href=\"#\" style=\"background-image: url(https:\/\/hairmagic.ee\/wp-content\/uploads\/2018\/06\/portrait4.jpg);\" target=\"_self\"><span>screenwriting<\/span><\/a><\/div><\/div>[\/vc_column][\/vc_row][vc_row][vc_column]        <div class=\"project-grid-page\">\r\n            <div class=\"post-gallery-grid row popup-gallery\">\r\n                                                        \r\n                                                    <div class=\"col-xs-12 col-sm-4 col-md-3 grid popup-item\"><a href=\"https:\/\/hairmagic.ee\/wp-content\/uploads\/2024\/10\/DSC4780-scaled.jpg\" data-size=\"2560x1707\" style=\"background-image: url(https:\/\/hairmagic.ee\/wp-content\/uploads\/2024\/10\/DSC4780-scaled.jpg)\"><\/a><\/div>\r\n                        \r\n                                                        \r\n                                                    <div class=\"col-xs-12 col-sm-4 col-md-3 grid popup-item\"><a href=\"https:\/\/hairmagic.ee\/wp-content\/uploads\/2024\/10\/DSC4766-scaled.jpg\" data-size=\"2560x1707\" style=\"background-image: url(https:\/\/hairmagic.ee\/wp-content\/uploads\/2024\/10\/DSC4766-scaled.jpg)\"><\/a><\/div>\r\n                        \r\n                            <\/div>\r\n                    <\/div>\r\n        [\/vc_column][\/vc_row][vc_row css=&#8221;.vc_custom_1529927522457{padding-bottom: 30px !important;}&#8221;][vc_column css_animation=&#8221;fadeInLeft&#8221;]<div class=\"pt-special-heading pt-special-heading-5b30cbf95e9be  tal decor-line-on-bottom\"><h6 class=\"sub-heading\">Meie kliendid meist<\/h6><h2 class=\"heading\">Soovitused<\/h2><\/div><div class=\"testimonials-type2 testimonials-5b30cc0a6026a style2 \"><div class=\"testimonial-item-type2\"><div class=\"h-i\"><span><\/span><span><\/span><span><\/span><span><\/span><\/div><div class=\"avatar\"><div style=\"background-image: url(https:\/\/hairmagic.ee\/wp-content\/uploads\/2026\/02\/Screenshot_20260213_231404_Instagram-241x300.jpg);\"><\/div><\/div><div class=\"quote\">Juuksurina on minu jaoks oluline, et materjal oleks kvaliteetne ja vastupidav. Paigaldades tean, et kliendid on Hairmagicu pikendustega rahul ka pikema aja p\u00e4rast \ud83d\ude42<\/div><div class=\"bottom\"><h6>Maria Kanter<\/h6><div class=\"post\">Juuksepikenduste spetsialist<\/div><\/div><\/div><div class=\"testimonial-item-type2\"><div class=\"h-i\"><span><\/span><span><\/span><span><\/span><span><\/span><\/div><div class=\"avatar\"><div style=\"background-image: url(https:\/\/hairmagic.ee\/wp-content\/uploads\/2026\/02\/Screenshot_20260213_231634_Facebook-300x200.jpg);\"><\/div><\/div><div class=\"quote\">Paigaldades on kohe tunda, et tegemist on kvaliteetse slaavi materjaliga - juuksed on siidised ning t\u00f6\u00f6 tulemus j\u00e4\u00e4b loomulik.<\/div><div class=\"bottom\"><h6>Annely Nimmer<\/h6><div class=\"post\">Juuksur, kolorist<\/div><\/div><\/div><div class=\"testimonial-item-type2\"><div class=\"h-i\"><span><\/span><span><\/span><span><\/span><span><\/span><\/div><div class=\"avatar\"><div style=\"background-image: url(https:\/\/hairmagic.ee\/wp-content\/uploads\/2026\/02\/Screenshot_20260213_231520_Instagram-240x300.jpg);\"><\/div><\/div><div class=\"quote\">Hairmagicuga on hea koost\u00f6\u00f6d teha, Tressid valmistatakse alati kvaliteetselt ning v\u00e4ga v\u00e4ikese ooteajaga.<\/div><div class=\"bottom\"><h6>Mariliis J\u00f5geva<\/h6><div class=\"post\">Laulja, juuksur, juuksepikenduste spetsialist<\/div><\/div><\/div><div class=\"testimonial-item-type2\"><div class=\"h-i\"><span><\/span><span><\/span><span><\/span><span><\/span><\/div><div class=\"avatar\"><div style=\"background-image: url(https:\/\/hairmagic.ee\/wp-content\/uploads\/2024\/10\/generic-4-300x275.png);\"><\/div><\/div><div class=\"quote\">Tellisin Eesti juustest halopikendused ja need on t\u00e4pselt nii, nagu soovisin - kerged ja mugavad. Kannan igap\u00e4evaselt \ud83d\ude42<\/div><div class=\"bottom\"><h6>Keidi Hein<\/h6><div class=\"post\">Disainer<\/div><\/div><\/div><\/div>[\/vc_column][\/vc_row]<\/p>\n<\/div>","protected":false},"excerpt":{"rendered":"<p>[vc_row full_width=&#8221;stretch_row_content_no_spaces&#8221;][vc_column][\/vc_column][\/vc_row][vc_row equal_height=&#8221;yes&#8221; css=&#8221;.vc_custom_1529923143630{padding-top: 85px !important;padding-bottom: 75px !important;}&#8221;][vc_column width=&#8221;1\/2&#8243; offset=&#8221;vc_col-lg-5&#8243; css=&#8221;.vc_custom_1529923170878{padding-top: 40px !important;padding-bottom: 10px !important;}&#8221;][vc_column_text css_animation=&#8221;fadeInLeft&#8221; css=&#8221;&#8221;] Tervetuloa Tallinnassa toimivan slaavilaisten hiusten tuotantolaitoksen verkkosivuille. Hairmagic on Virossa toimiva slaavilaisten hiusten k\u00e4sittelyyn ja hiustenpidennysten valmistukseen erikoistunut tuotantoyritys, jossa koko valmistusprosessi tapahtuu paikan p\u00e4\u00e4ll\u00e4 Tallinnassa. K\u00e4sittelemme 100 % luonnollista, Remy-laatuista single donor -slaavilaista hiusta ja valmistamme niist\u00e4 [&hellip;]<\/p>\n","protected":false},"author":1,"featured_media":0,"parent":0,"menu_order":0,"comment_status":"closed","ping_status":"closed","template":"template-landing.php","meta":{"_acf_changed":false,"_monsterinsights_skip_tracking":false,"_monsterinsights_sitenote_active":false,"_monsterinsights_sitenote_note":"","_monsterinsights_sitenote_category":0,"footnotes":""},"class_list":["post-13292","page","type-page","status-publish","hentry"],"acf":[],"_links":{"self":[{"href":"https:\/\/hairmagic.ee\/fi\/wp-json\/wp\/v2\/pages\/13292","targetHints":{"allow":["GET"]}}],"collection":[{"href":"https:\/\/hairmagic.ee\/fi\/wp-json\/wp\/v2\/pages"}],"about":[{"href":"https:\/\/hairmagic.ee\/fi\/wp-json\/wp\/v2\/types\/page"}],"author":[{"embeddable":true,"href":"https:\/\/hairmagic.ee\/fi\/wp-json\/wp\/v2\/users\/1"}],"replies":[{"embeddable":true,"href":"https:\/\/hairmagic.ee\/fi\/wp-json\/wp\/v2\/comments?post=13292"}],"version-history":[{"count":15,"href":"https:\/\/hairmagic.ee\/fi\/wp-json\/wp\/v2\/pages\/13292\/revisions"}],"predecessor-version":[{"id":13705,"href":"https:\/\/hairmagic.ee\/fi\/wp-json\/wp\/v2\/pages\/13292\/revisions\/13705"}],"wp:attachment":[{"href":"https:\/\/hairmagic.ee\/fi\/wp-json\/wp\/v2\/media?parent=13292"}],"curies":[{"name":"wp","href":"https:\/\/api.w.org\/{rel}","templated":true}]}}